{"id":7634,"date":"2021-04-14T20:52:43","date_gmt":"2021-04-14T19:52:43","guid":{"rendered":"https:\/\/m5j0n6nk9p.onrocket.site\/?p=7634"},"modified":"2023-02-28T10:37:12","modified_gmt":"2023-02-28T10:37:12","slug":"protetor-de-flange-sure-band","status":"publish","type":"page","link":"https:\/\/klinger.pt\/es\/produtos\/outros-equipamentos-tecnicos\/protetor-de-flange-sure-band\/","title":{"rendered":"PROTETOR DE FLANGE SURE BAND"},"content":{"rendered":"\t\t<div data-elementor-type=\"wp-post\" data-elementor-id=\"7634\" class=\"elementor elementor-7634\">\n\t\t\t\t\t\t<section class=\"elementor-section elementor-top-section elementor-element elementor-element-215b724 elementor-section-stretched elementor-section-boxed elementor-section-height-default elementor-section-height-default\" data-id=\"215b724\" data-element_type=\"section\" data-e-type=\"section\" data-settings=\"{&quot;stretch_section&quot;:&quot;section-stretched&quot;}\">\n\t\t\t\t\t\t<div class=\"elementor-container elementor-column-gap-default\">\n\t\t\t\t\t<div class=\"elementor-column elementor-col-50 elementor-top-column elementor-element elementor-element-3a6beb6\" data-id=\"3a6beb6\" data-element_type=\"column\" data-e-type=\"column\">\n\t\t\t<div class=\"elementor-widget-wrap elementor-element-populated\">\n\t\t\t\t\t\t<div class=\"elementor-element elementor-element-21a153b elementor-widget elementor-widget-heading\" data-id=\"21a153b\" data-element_type=\"widget\" data-e-type=\"widget\" data-widget_type=\"heading.default\">\n\t\t\t\t<div class=\"elementor-widget-container\">\n\t\t\t\t\t<h1 class=\"elementor-heading-title elementor-size-default\">Flange Guards<\/h1>\t\t\t\t<\/div>\n\t\t\t\t<\/div>\n\t\t\t\t<div class=\"elementor-element elementor-element-f0a0a2e elementor-widget elementor-widget-text-editor\" data-id=\"f0a0a2e\" data-element_type=\"widget\" data-e-type=\"widget\" data-widget_type=\"text-editor.default\">\n\t\t\t\t<div class=\"elementor-widget-container\">\n\t\t\t\t\t\t\t\t\t<p>are the latest leak protection technology in flanged connections. Especially designed to avoid: SPRAY-OUT \/ SPLASHING, and to prevent FIRE, EXPLOSION, PERSONAL ACCIDENTS.<\/p>\t\t\t\t\t\t\t\t<\/div>\n\t\t\t\t<\/div>\n\t\t\t\t<div class=\"elementor-element elementor-element-aaef817 elementor-widget elementor-widget-text-editor\" data-id=\"aaef817\" data-element_type=\"widget\" data-e-type=\"widget\" data-widget_type=\"text-editor.default\">\n\t\t\t\t<div class=\"elementor-widget-container\">\n\t\t\t\t\t\t\t\t\t<h3>Features\u00a0<\/h3>\t\t\t\t\t\t\t\t<\/div>\n\t\t\t\t<\/div>\n\t\t\t\t<div class=\"elementor-element elementor-element-1a12029 elementor-align-start elementor-icon-list--layout-traditional elementor-list-item-link-full_width elementor-widget elementor-widget-icon-list\" data-id=\"1a12029\" data-element_type=\"widget\" data-e-type=\"widget\" data-widget_type=\"icon-list.default\">\n\t\t\t\t<div class=\"elementor-widget-container\">\n\t\t\t\t\t\t\t<ul class=\"elementor-icon-list-items\">\n\t\t\t\t\t\t\t<li class=\"elementor-icon-list-item\">\n\t\t\t\t\t\t\t\t\t\t\t<span class=\"elementor-icon-list-icon\">\n\t\t\t\t\t\t\t<svg xmlns=\"http:\/\/www.w3.org\/2000\/svg\" width=\"41.293\" height=\"42.117\" viewBox=\"0 0 41.293 42.117\"><g id=\"Group_639\" data-name=\"Group 639\" transform=\"translate(0 0)\"><path id=\"Path_695\" data-name=\"Path 695\" d=\"M0,0,13.176,21.058,0,42.117H8.236L21.411,21.058,8.237,0Z\" fill=\"#002847\"><\/path><path id=\"Path_696\" data-name=\"Path 696\" d=\"M19.882,0,33.058,21.058,19.881,42.117h8.236L41.293,21.058,28.118,0Z\" fill=\"#002847\"><\/path><\/g><\/svg>\t\t\t\t\t\t<\/span>\n\t\t\t\t\t\t\t\t\t\t<span class=\"elementor-icon-list-text\">Safe and reliable sealing<\/span>\n\t\t\t\t\t\t\t\t\t<\/li>\n\t\t\t\t\t\t\t\t<li class=\"elementor-icon-list-item\">\n\t\t\t\t\t\t\t\t\t\t\t<span class=\"elementor-icon-list-icon\">\n\t\t\t\t\t\t\t<svg xmlns=\"http:\/\/www.w3.org\/2000\/svg\" width=\"41.293\" height=\"42.117\" viewBox=\"0 0 41.293 42.117\"><g id=\"Group_639\" data-name=\"Group 639\" transform=\"translate(0 0)\"><path id=\"Path_695\" data-name=\"Path 695\" d=\"M0,0,13.176,21.058,0,42.117H8.236L21.411,21.058,8.237,0Z\" fill=\"#002847\"><\/path><path id=\"Path_696\" data-name=\"Path 696\" d=\"M19.882,0,33.058,21.058,19.881,42.117h8.236L41.293,21.058,28.118,0Z\" fill=\"#002847\"><\/path><\/g><\/svg>\t\t\t\t\t\t<\/span>\n\t\t\t\t\t\t\t\t\t\t<span class=\"elementor-icon-list-text\">Suitable for High pressures (up to 335 bar - Sureband Steel)<\/span>\n\t\t\t\t\t\t\t\t\t<\/li>\n\t\t\t\t\t\t\t\t<li class=\"elementor-icon-list-item\">\n\t\t\t\t\t\t\t\t\t\t\t<span class=\"elementor-icon-list-icon\">\n\t\t\t\t\t\t\t<svg xmlns=\"http:\/\/www.w3.org\/2000\/svg\" width=\"41.293\" height=\"42.117\" viewBox=\"0 0 41.293 42.117\"><g id=\"Group_639\" data-name=\"Group 639\" transform=\"translate(0 0)\"><path id=\"Path_695\" data-name=\"Path 695\" d=\"M0,0,13.176,21.058,0,42.117H8.236L21.411,21.058,8.237,0Z\" fill=\"#002847\"><\/path><path id=\"Path_696\" data-name=\"Path 696\" d=\"M19.882,0,33.058,21.058,19.881,42.117h8.236L41.293,21.058,28.118,0Z\" fill=\"#002847\"><\/path><\/g><\/svg>\t\t\t\t\t\t<\/span>\n\t\t\t\t\t\t\t\t\t\t<span class=\"elementor-icon-list-text\">For standard or custom made flanges<\/span>\n\t\t\t\t\t\t\t\t\t<\/li>\n\t\t\t\t\t\t\t\t<li class=\"elementor-icon-list-item\">\n\t\t\t\t\t\t\t\t\t\t\t<span class=\"elementor-icon-list-icon\">\n\t\t\t\t\t\t\t<svg xmlns=\"http:\/\/www.w3.org\/2000\/svg\" width=\"41.293\" height=\"42.117\" viewBox=\"0 0 41.293 42.117\"><g id=\"Group_639\" data-name=\"Group 639\" transform=\"translate(0 0)\"><path id=\"Path_695\" data-name=\"Path 695\" d=\"M0,0,13.176,21.058,0,42.117H8.236L21.411,21.058,8.237,0Z\" fill=\"#002847\"><\/path><path id=\"Path_696\" data-name=\"Path 696\" d=\"M19.882,0,33.058,21.058,19.881,42.117h8.236L41.293,21.058,28.118,0Z\" fill=\"#002847\"><\/path><\/g><\/svg>\t\t\t\t\t\t<\/span>\n\t\t\t\t\t\t\t\t\t\t<span class=\"elementor-icon-list-text\">UV resistant<\/span>\n\t\t\t\t\t\t\t\t\t<\/li>\n\t\t\t\t\t\t\t\t<li class=\"elementor-icon-list-item\">\n\t\t\t\t\t\t\t\t\t\t\t<span class=\"elementor-icon-list-icon\">\n\t\t\t\t\t\t\t<svg xmlns=\"http:\/\/www.w3.org\/2000\/svg\" width=\"41.293\" height=\"42.117\" viewBox=\"0 0 41.293 42.117\"><g id=\"Group_639\" data-name=\"Group 639\" transform=\"translate(0 0)\"><path id=\"Path_695\" data-name=\"Path 695\" d=\"M0,0,13.176,21.058,0,42.117H8.236L21.411,21.058,8.237,0Z\" fill=\"#002847\"><\/path><path id=\"Path_696\" data-name=\"Path 696\" d=\"M19.882,0,33.058,21.058,19.881,42.117h8.236L41.293,21.058,28.118,0Z\" fill=\"#002847\"><\/path><\/g><\/svg>\t\t\t\t\t\t<\/span>\n\t\t\t\t\t\t\t\t\t\t<span class=\"elementor-icon-list-text\">Prevents Spray \/ Splashing: Acid mist, caustic, EL15 oil and diesel.<\/span>\n\t\t\t\t\t\t\t\t\t<\/li>\n\t\t\t\t\t\t<\/ul>\n\t\t\t\t\t\t<\/div>\n\t\t\t\t<\/div>\n\t\t\t\t<div class=\"elementor-element elementor-element-d75a2ee elementor-widget elementor-widget-text-editor\" data-id=\"d75a2ee\" data-element_type=\"widget\" data-e-type=\"widget\" data-widget_type=\"text-editor.default\">\n\t\t\t\t<div class=\"elementor-widget-container\">\n\t\t\t\t\t\t\t\t\t<h3>Advantages<\/h3>\t\t\t\t\t\t\t\t<\/div>\n\t\t\t\t<\/div>\n\t\t\t\t<div class=\"elementor-element elementor-element-4e36ef2 elementor-align-start elementor-icon-list--layout-traditional elementor-list-item-link-full_width elementor-widget elementor-widget-icon-list\" data-id=\"4e36ef2\" data-element_type=\"widget\" data-e-type=\"widget\" data-widget_type=\"icon-list.default\">\n\t\t\t\t<div class=\"elementor-widget-container\">\n\t\t\t\t\t\t\t<ul class=\"elementor-icon-list-items\">\n\t\t\t\t\t\t\t<li class=\"elementor-icon-list-item\">\n\t\t\t\t\t\t\t\t\t\t\t<span class=\"elementor-icon-list-icon\">\n\t\t\t\t\t\t\t<svg xmlns=\"http:\/\/www.w3.org\/2000\/svg\" width=\"41.293\" height=\"42.117\" viewBox=\"0 0 41.293 42.117\"><g id=\"Group_639\" data-name=\"Group 639\" transform=\"translate(0 0)\"><path id=\"Path_695\" data-name=\"Path 695\" d=\"M0,0,13.176,21.058,0,42.117H8.236L21.411,21.058,8.237,0Z\" fill=\"#002847\"><\/path><path id=\"Path_696\" data-name=\"Path 696\" d=\"M19.882,0,33.058,21.058,19.881,42.117h8.236L41.293,21.058,28.118,0Z\" fill=\"#002847\"><\/path><\/g><\/svg>\t\t\t\t\t\t<\/span>\n\t\t\t\t\t\t\t\t\t\t<span class=\"elementor-icon-list-text\">Can be re-used (Sureband)<\/span>\n\t\t\t\t\t\t\t\t\t<\/li>\n\t\t\t\t\t\t\t\t<li class=\"elementor-icon-list-item\">\n\t\t\t\t\t\t\t\t\t\t\t<span class=\"elementor-icon-list-icon\">\n\t\t\t\t\t\t\t<svg xmlns=\"http:\/\/www.w3.org\/2000\/svg\" width=\"41.293\" height=\"42.117\" viewBox=\"0 0 41.293 42.117\"><g id=\"Group_639\" data-name=\"Group 639\" transform=\"translate(0 0)\"><path id=\"Path_695\" data-name=\"Path 695\" d=\"M0,0,13.176,21.058,0,42.117H8.236L21.411,21.058,8.237,0Z\" fill=\"#002847\"><\/path><path id=\"Path_696\" data-name=\"Path 696\" d=\"M19.882,0,33.058,21.058,19.881,42.117h8.236L41.293,21.058,28.118,0Z\" fill=\"#002847\"><\/path><\/g><\/svg>\t\t\t\t\t\t<\/span>\n\t\t\t\t\t\t\t\t\t\t<span class=\"elementor-icon-list-text\">Available in multiple materials<\/span>\n\t\t\t\t\t\t\t\t\t<\/li>\n\t\t\t\t\t\t\t\t<li class=\"elementor-icon-list-item\">\n\t\t\t\t\t\t\t\t\t\t\t<span class=\"elementor-icon-list-icon\">\n\t\t\t\t\t\t\t<svg xmlns=\"http:\/\/www.w3.org\/2000\/svg\" width=\"41.293\" height=\"42.117\" viewBox=\"0 0 41.293 42.117\"><g id=\"Group_639\" data-name=\"Group 639\" transform=\"translate(0 0)\"><path id=\"Path_695\" data-name=\"Path 695\" d=\"M0,0,13.176,21.058,0,42.117H8.236L21.411,21.058,8.237,0Z\" fill=\"#002847\"><\/path><path id=\"Path_696\" data-name=\"Path 696\" d=\"M19.882,0,33.058,21.058,19.881,42.117h8.236L41.293,21.058,28.118,0Z\" fill=\"#002847\"><\/path><\/g><\/svg>\t\t\t\t\t\t<\/span>\n\t\t\t\t\t\t\t\t\t\t<span class=\"elementor-icon-list-text\">Allow visual inspection of the leak<\/span>\n\t\t\t\t\t\t\t\t\t<\/li>\n\t\t\t\t\t\t\t\t<li class=\"elementor-icon-list-item\">\n\t\t\t\t\t\t\t\t\t\t\t<span class=\"elementor-icon-list-icon\">\n\t\t\t\t\t\t\t<svg xmlns=\"http:\/\/www.w3.org\/2000\/svg\" width=\"41.293\" height=\"42.117\" viewBox=\"0 0 41.293 42.117\"><g id=\"Group_639\" data-name=\"Group 639\" transform=\"translate(0 0)\"><path id=\"Path_695\" data-name=\"Path 695\" d=\"M0,0,13.176,21.058,0,42.117H8.236L21.411,21.058,8.237,0Z\" fill=\"#002847\"><\/path><path id=\"Path_696\" data-name=\"Path 696\" d=\"M19.882,0,33.058,21.058,19.881,42.117h8.236L41.293,21.058,28.118,0Z\" fill=\"#002847\"><\/path><\/g><\/svg>\t\t\t\t\t\t<\/span>\n\t\t\t\t\t\t\t\t\t\t<span class=\"elementor-icon-list-text\">Fast and Easy installation<\/span>\n\t\t\t\t\t\t\t\t\t<\/li>\n\t\t\t\t\t\t<\/ul>\n\t\t\t\t\t\t<\/div>\n\t\t\t\t<\/div>\n\t\t\t\t<div class=\"elementor-element elementor-element-697b8e0 elementor-widget elementor-widget-text-editor\" data-id=\"697b8e0\" data-element_type=\"widget\" data-e-type=\"widget\" data-widget_type=\"text-editor.default\">\n\t\t\t\t<div class=\"elementor-widget-container\">\n\t\t\t\t\t\t\t\t\t<h3>Downloads<\/h3><div>Below you can find more product-related Information.<\/div>\t\t\t\t\t\t\t\t<\/div>\n\t\t\t\t<\/div>\n\t\t\t\t<div class=\"elementor-element elementor-element-4089b53 elementor-widget elementor-widget-text-editor\" data-id=\"4089b53\" data-element_type=\"widget\" data-e-type=\"widget\" data-widget_type=\"text-editor.default\">\n\t\t\t\t<div class=\"elementor-widget-container\">\n\t\t\t\t\t\t\t\t\t<div class=\"ce_download block\"><a class=\"gtm-download\" href=\"https:\/\/klinger.pt\/wp-content\/uploads\/2021\/05\/SUREBAND-Spray-Shields-EN.pdf\" target=\"_blank\" rel=\"noopener\">Flange Guard SUREBAND catalog (pdf)\u00a0<\/a><\/div>\t\t\t\t\t\t\t\t<\/div>\n\t\t\t\t<\/div>\n\t\t\t\t<div class=\"elementor-element elementor-element-3bd6737 elementor-widget elementor-widget-text-editor\" data-id=\"3bd6737\" data-element_type=\"widget\" data-e-type=\"widget\" data-widget_type=\"text-editor.default\">\n\t\t\t\t<div class=\"elementor-widget-container\">\n\t\t\t\t\t\t\t\t\t<div class=\"ce_download block\"><a class=\"gtm-download\" href=\"https:\/\/klinger.pt\/wp-content\/uploads\/2021\/04\/Catalogo-Flange-Guard-PVC.pdf\" target=\"_blank\" rel=\"noopener\">Flange Guard PVC Catalog (pdf)<\/a><\/div>\t\t\t\t\t\t\t\t<\/div>\n\t\t\t\t<\/div>\n\t\t\t\t<div class=\"elementor-element elementor-element-3c3dc4f elementor-widget elementor-widget-text-editor\" data-id=\"3c3dc4f\" data-element_type=\"widget\" data-e-type=\"widget\" data-widget_type=\"text-editor.default\">\n\t\t\t\t<div class=\"elementor-widget-container\">\n\t\t\t\t\t\t\t\t\t<div class=\"ce_download block\"><a class=\"gtm-download\" href=\"https:\/\/klinger.pt\/wp-content\/uploads\/2021\/05\/Catalogo-Flange-Guard-PTFE.pdf\" target=\"_blank\" rel=\"noopener\">Flange Guard PTFE catalog (pdf)<\/a><\/div>\t\t\t\t\t\t\t\t<\/div>\n\t\t\t\t<\/div>\n\t\t\t\t<div class=\"elementor-element elementor-element-88235a9 elementor-widget elementor-widget-text-editor\" data-id=\"88235a9\" data-element_type=\"widget\" data-e-type=\"widget\" data-widget_type=\"text-editor.default\">\n\t\t\t\t<div class=\"elementor-widget-container\">\n\t\t\t\t\t\t\t\t\t<div class=\"ce_download block\"><a class=\"gtm-download\" href=\"https:\/\/klinger.pt\/wp-content\/uploads\/2021\/05\/Catalogo-Flange-Guard-PTFE-Clear.pdf\" target=\"_blank\" rel=\"noopener\">Flange Guard PTFE Clear catalog (pdf)<\/a><\/div>\t\t\t\t\t\t\t\t<\/div>\n\t\t\t\t<\/div>\n\t\t\t\t\t<\/div>\n\t\t<\/div>\n\t\t\t\t<div class=\"elementor-column elementor-col-50 elementor-top-column elementor-element elementor-element-b87d2f4\" data-id=\"b87d2f4\" data-element_type=\"column\" data-e-type=\"column\">\n\t\t\t<div class=\"elementor-widget-wrap elementor-element-populated\">\n\t\t\t\t\t\t<div class=\"elementor-element elementor-element-b3545df elementor-widget elementor-widget-image\" data-id=\"b3545df\" data-element_type=\"widget\" data-e-type=\"widget\" data-widget_type=\"image.default\">\n\t\t\t\t<div class=\"elementor-widget-container\">\n\t\t\t\t\t\t\t\t\t\t\t\t\t\t\t<img fetchpriority=\"high\" decoding=\"async\" width=\"500\" height=\"500\" src=\"https:\/\/klinger.pt\/wp-content\/uploads\/2021\/04\/Flange-Guard-Sureband-Clear.png\" class=\"attachment-full size-full wp-image-7554\" alt=\"Flange-Guard-Sureband-Clear\" srcset=\"https:\/\/klinger.pt\/wp-content\/uploads\/2021\/04\/Flange-Guard-Sureband-Clear.png 500w, https:\/\/klinger.pt\/wp-content\/uploads\/2021\/04\/Flange-Guard-Sureband-Clear-300x300.png 300w, https:\/\/klinger.pt\/wp-content\/uploads\/2021\/04\/Flange-Guard-Sureband-Clear-150x150.png 150w\" sizes=\"(max-width: 500px) 100vw, 500px\" \/>\t\t\t\t\t\t\t\t\t\t\t\t\t\t\t<\/div>\n\t\t\t\t<\/div>\n\t\t\t\t<div class=\"elementor-element elementor-element-debe162 elementor-widget elementor-widget-heading\" data-id=\"debe162\" data-element_type=\"widget\" data-e-type=\"widget\" data-widget_type=\"heading.default\">\n\t\t\t\t<div class=\"elementor-widget-container\">\n\t\t\t\t\t<h3 class=\"elementor-heading-title elementor-size-default\">Sureband CLEAR<\/h3>\t\t\t\t<\/div>\n\t\t\t\t<\/div>\n\t\t\t\t<div class=\"elementor-element elementor-element-1fe8c71 elementor-widget elementor-widget-image\" data-id=\"1fe8c71\" data-element_type=\"widget\" data-e-type=\"widget\" data-widget_type=\"image.default\">\n\t\t\t\t<div class=\"elementor-widget-container\">\n\t\t\t\t\t\t\t\t\t\t\t\t\t\t\t<img decoding=\"async\" width=\"500\" height=\"500\" src=\"https:\/\/klinger.pt\/wp-content\/uploads\/2021\/04\/Flange-Guard-Sureband-Steel.png\" class=\"attachment-full size-full wp-image-7555\" alt=\"Flange-Guard-Sureband-Steel\" srcset=\"https:\/\/klinger.pt\/wp-content\/uploads\/2021\/04\/Flange-Guard-Sureband-Steel.png 500w, https:\/\/klinger.pt\/wp-content\/uploads\/2021\/04\/Flange-Guard-Sureband-Steel-300x300.png 300w, https:\/\/klinger.pt\/wp-content\/uploads\/2021\/04\/Flange-Guard-Sureband-Steel-150x150.png 150w\" sizes=\"(max-width: 500px) 100vw, 500px\" \/>\t\t\t\t\t\t\t\t\t\t\t\t\t\t\t<\/div>\n\t\t\t\t<\/div>\n\t\t\t\t<div class=\"elementor-element elementor-element-087426f elementor-widget elementor-widget-heading\" data-id=\"087426f\" data-element_type=\"widget\" data-e-type=\"widget\" data-widget_type=\"heading.default\">\n\t\t\t\t<div class=\"elementor-widget-container\">\n\t\t\t\t\t<h2 class=\"elementor-heading-title elementor-size-default\">Sureband STEEL<\/h2>\t\t\t\t<\/div>\n\t\t\t\t<\/div>\n\t\t\t\t<div class=\"elementor-element elementor-element-5ba5b11 elementor-widget elementor-widget-image\" data-id=\"5ba5b11\" data-element_type=\"widget\" data-e-type=\"widget\" data-widget_type=\"image.default\">\n\t\t\t\t<div class=\"elementor-widget-container\">\n\t\t\t\t\t\t\t\t\t\t\t\t\t\t\t<img decoding=\"async\" width=\"500\" height=\"500\" src=\"https:\/\/klinger.pt\/wp-content\/uploads\/2021\/04\/Flange-Guard-PVC.png\" class=\"attachment-large size-large wp-image-7558\" alt=\"Flange-Guard-PVC\" srcset=\"https:\/\/klinger.pt\/wp-content\/uploads\/2021\/04\/Flange-Guard-PVC.png 500w, https:\/\/klinger.pt\/wp-content\/uploads\/2021\/04\/Flange-Guard-PVC-300x300.png 300w, https:\/\/klinger.pt\/wp-content\/uploads\/2021\/04\/Flange-Guard-PVC-150x150.png 150w\" sizes=\"(max-width: 500px) 100vw, 500px\" \/>\t\t\t\t\t\t\t\t\t\t\t\t\t\t\t<\/div>\n\t\t\t\t<\/div>\n\t\t\t\t<div class=\"elementor-element elementor-element-55822b8 elementor-widget elementor-widget-heading\" data-id=\"55822b8\" data-element_type=\"widget\" data-e-type=\"widget\" data-widget_type=\"heading.default\">\n\t\t\t\t<div class=\"elementor-widget-container\">\n\t\t\t\t\t<h2 class=\"elementor-heading-title elementor-size-default\">PVC Flange Guard<\/h2>\t\t\t\t<\/div>\n\t\t\t\t<\/div>\n\t\t\t\t<div class=\"elementor-element elementor-element-9e4e6d9 elementor-widget elementor-widget-image\" data-id=\"9e4e6d9\" data-element_type=\"widget\" data-e-type=\"widget\" data-widget_type=\"image.default\">\n\t\t\t\t<div class=\"elementor-widget-container\">\n\t\t\t\t\t\t\t\t\t\t\t\t\t\t\t<img loading=\"lazy\" decoding=\"async\" width=\"500\" height=\"500\" src=\"https:\/\/klinger.pt\/wp-content\/uploads\/2021\/04\/Flange-Guard-PTFE.png\" class=\"attachment-large size-large wp-image-7556\" alt=\"Flange-Guard-PTFE\" srcset=\"https:\/\/klinger.pt\/wp-content\/uploads\/2021\/04\/Flange-Guard-PTFE.png 500w, https:\/\/klinger.pt\/wp-content\/uploads\/2021\/04\/Flange-Guard-PTFE-300x300.png 300w, https:\/\/klinger.pt\/wp-content\/uploads\/2021\/04\/Flange-Guard-PTFE-150x150.png 150w\" sizes=\"(max-width: 500px) 100vw, 500px\" \/>\t\t\t\t\t\t\t\t\t\t\t\t\t\t\t<\/div>\n\t\t\t\t<\/div>\n\t\t\t\t<div class=\"elementor-element elementor-element-729165f elementor-widget elementor-widget-heading\" data-id=\"729165f\" data-element_type=\"widget\" data-e-type=\"widget\" data-widget_type=\"heading.default\">\n\t\t\t\t<div class=\"elementor-widget-container\">\n\t\t\t\t\t<h2 class=\"elementor-heading-title elementor-size-default\">Flange Guard PTFE<\/h2>\t\t\t\t<\/div>\n\t\t\t\t<\/div>\n\t\t\t\t<div class=\"elementor-element elementor-element-cdc56e5 elementor-widget elementor-widget-image\" data-id=\"cdc56e5\" data-element_type=\"widget\" data-e-type=\"widget\" data-widget_type=\"image.default\">\n\t\t\t\t<div class=\"elementor-widget-container\">\n\t\t\t\t\t\t\t\t\t\t\t\t\t\t\t<img loading=\"lazy\" decoding=\"async\" width=\"500\" height=\"500\" src=\"https:\/\/klinger.pt\/wp-content\/uploads\/2021\/04\/Flange-Guard-PTFE-Clear.png\" class=\"attachment-large size-large wp-image-7557\" alt=\"Flange-Guard-PTFE-Clear\" srcset=\"https:\/\/klinger.pt\/wp-content\/uploads\/2021\/04\/Flange-Guard-PTFE-Clear.png 500w, https:\/\/klinger.pt\/wp-content\/uploads\/2021\/04\/Flange-Guard-PTFE-Clear-300x300.png 300w, https:\/\/klinger.pt\/wp-content\/uploads\/2021\/04\/Flange-Guard-PTFE-Clear-150x150.png 150w\" sizes=\"(max-width: 500px) 100vw, 500px\" \/>\t\t\t\t\t\t\t\t\t\t\t\t\t\t\t<\/div>\n\t\t\t\t<\/div>\n\t\t\t\t<div class=\"elementor-element elementor-element-cf7b7b4 elementor-widget elementor-widget-heading\" data-id=\"cf7b7b4\" data-element_type=\"widget\" data-e-type=\"widget\" data-widget_type=\"heading.default\">\n\t\t\t\t<div class=\"elementor-widget-container\">\n\t\t\t\t\t<h3 class=\"elementor-heading-title elementor-size-default\">Flange Guard PTFE Clear<\/h3>\t\t\t\t<\/div>\n\t\t\t\t<\/div>\n\t\t\t\t\t<\/div>\n\t\t<\/div>\n\t\t\t\t\t<\/div>\n\t\t<\/section>\n\t\t\t\t<\/div>\n\t\t","protected":false},"excerpt":{"rendered":"<p>PROTETOR DE FLANGE SURE BAND O Protetor de Flange Sure Band \u00e9 a mais recente tecnologia em prote\u00e7\u00e3o contra fugas em liga\u00e7\u00f5es flangeadas. Especialmente pensadas para evitar: SPRAY-OUT \/ SPLASHING, e prevenir INC\u00caNDIO, EXPLOS\u00c3O, ACIDENTES PESSOAIS. Caracter\u00edsticas Vantagens FICHA T\u00c9CNICA_EN SUREBAND (pdf) FICHA T\u00c9CNICA_PT PVC (pdf) FICHA T\u00c9CNICA_EN PVC (pdf) FICHA T\u00c9CNICA_PT PTFE (pdf) FICHA [&hellip;]<\/p>\n","protected":false},"author":1,"featured_media":0,"parent":28635,"menu_order":177,"comment_status":"closed","ping_status":"closed","template":"page-templates\/servicios.php","meta":{"_eb_attr":"","footnotes":""},"class_list":["post-7634","page","type-page","status-publish","hentry"],"aioseo_notices":[],"_links":{"self":[{"href":"https:\/\/klinger.pt\/es\/wp-json\/wp\/v2\/pages\/7634","targetHints":{"allow":["GET"]}}],"collection":[{"href":"https:\/\/klinger.pt\/es\/wp-json\/wp\/v2\/pages"}],"about":[{"href":"https:\/\/klinger.pt\/es\/wp-json\/wp\/v2\/types\/page"}],"author":[{"embeddable":true,"href":"https:\/\/klinger.pt\/es\/wp-json\/wp\/v2\/users\/1"}],"replies":[{"embeddable":true,"href":"https:\/\/klinger.pt\/es\/wp-json\/wp\/v2\/comments?post=7634"}],"version-history":[{"count":3,"href":"https:\/\/klinger.pt\/es\/wp-json\/wp\/v2\/pages\/7634\/revisions"}],"predecessor-version":[{"id":38539,"href":"https:\/\/klinger.pt\/es\/wp-json\/wp\/v2\/pages\/7634\/revisions\/38539"}],"up":[{"embeddable":true,"href":"https:\/\/klinger.pt\/es\/wp-json\/wp\/v2\/pages\/28635"}],"wp:attachment":[{"href":"https:\/\/klinger.pt\/es\/wp-json\/wp\/v2\/media?parent=7634"}],"curies":[{"name":"wp","href":"https:\/\/api.w.org\/{rel}","templated":true}]}}