{"id":6637,"date":"2021-01-12T08:26:42","date_gmt":"2021-01-12T08:26:42","guid":{"rendered":"https:\/\/m5j0n6nk9p.onrocket.site\/?p=6637"},"modified":"2023-02-28T11:12:07","modified_gmt":"2023-02-28T11:12:07","slug":"skids","status":"publish","type":"page","link":"https:\/\/klinger.pt\/es\/produtos\/outros-equipamentos-tecnicos\/skids\/","title":{"rendered":"SKIDS"},"content":{"rendered":"\t\t<div data-elementor-type=\"wp-post\" data-elementor-id=\"6637\" class=\"elementor elementor-6637\">\n\t\t\t\t\t\t<section class=\"elementor-section elementor-top-section elementor-element elementor-element-c818d79 elementor-section-boxed elementor-section-height-default elementor-section-height-default\" data-id=\"c818d79\" data-element_type=\"section\" data-e-type=\"section\">\n\t\t\t\t\t\t<div class=\"elementor-container elementor-column-gap-default\">\n\t\t\t\t\t<div class=\"elementor-column elementor-col-100 elementor-top-column elementor-element elementor-element-2e3d217\" data-id=\"2e3d217\" data-element_type=\"column\" data-e-type=\"column\">\n\t\t\t<div class=\"elementor-widget-wrap elementor-element-populated\">\n\t\t\t\t\t\t<div class=\"elementor-element elementor-element-93e638e elementor-widget elementor-widget-breadcrumbs\" data-id=\"93e638e\" data-element_type=\"widget\" data-e-type=\"widget\" data-widget_type=\"breadcrumbs.default\">\n\t\t\t\t<div class=\"elementor-widget-container\">\n\t\t\t\t\t \t\t\t\t<\/div>\n\t\t\t\t<\/div>\n\t\t\t\t\t<\/div>\n\t\t<\/div>\n\t\t\t\t\t<\/div>\n\t\t<\/section>\n\t\t\t\t<section class=\"elementor-section elementor-top-section elementor-element elementor-element-215b724 elementor-section-stretched elementor-section-boxed elementor-section-height-default elementor-section-height-default\" data-id=\"215b724\" data-element_type=\"section\" data-e-type=\"section\" data-settings=\"{&quot;stretch_section&quot;:&quot;section-stretched&quot;}\">\n\t\t\t\t\t\t<div class=\"elementor-container elementor-column-gap-default\">\n\t\t\t\t\t<div class=\"elementor-column elementor-col-50 elementor-top-column elementor-element elementor-element-3a6beb6\" data-id=\"3a6beb6\" data-element_type=\"column\" data-e-type=\"column\">\n\t\t\t<div class=\"elementor-widget-wrap elementor-element-populated\">\n\t\t\t\t\t\t<div class=\"elementor-element elementor-element-b589ee8 elementor-widget elementor-widget-heading\" data-id=\"b589ee8\" data-element_type=\"widget\" data-e-type=\"widget\" data-widget_type=\"heading.default\">\n\t\t\t\t<div class=\"elementor-widget-container\">\n\t\t\t\t\t<h1 class=\"elementor-heading-title elementor-size-default\">Skids de Dosagem<\/h1>\t\t\t\t<\/div>\n\t\t\t\t<\/div>\n\t\t\t\t<div class=\"elementor-element elementor-element-f0a0a2e elementor-widget elementor-widget-text-editor\" data-id=\"f0a0a2e\" data-element_type=\"widget\" data-e-type=\"widget\" data-widget_type=\"text-editor.default\">\n\t\t\t\t<div class=\"elementor-widget-container\">\n\t\t\t\t\t\t\t\t\t<p><span style=\"font-weight: 400;\">s\u00e3o unidades compactas para doseamento de produtos qu\u00edmicos. Os Skids de Dosagem s\u00e3o ideais para dosear de maneira \u00f3tima e eficaz todo o tipo de reativos tanto no tratamento de \u00e1guas municipais como na Ind\u00fastria Qu\u00edmica, Petr\u00f3leo e G\u00e1s, Papel, Alimentar, Petroqu\u00edmica e outras. Garantia de seguran\u00e7a e facilidade de instala\u00e7\u00e3o, simplicidade de manuten\u00e7\u00e3o e elevada precis\u00e3o no doseamento.<\/span><\/p>\t\t\t\t\t\t\t\t<\/div>\n\t\t\t\t<\/div>\n\t\t\t\t<div class=\"elementor-element elementor-element-aaef817 elementor-widget elementor-widget-text-editor\" data-id=\"aaef817\" data-element_type=\"widget\" data-e-type=\"widget\" data-widget_type=\"text-editor.default\">\n\t\t\t\t<div class=\"elementor-widget-container\">\n\t\t\t\t\t\t\t\t\t<h3>Caracter\u00edsticas<\/h3>\t\t\t\t\t\t\t\t<\/div>\n\t\t\t\t<\/div>\n\t\t\t\t<div class=\"elementor-element elementor-element-c92aeb1 elementor-align-start elementor-icon-list--layout-traditional elementor-list-item-link-full_width elementor-widget elementor-widget-icon-list\" data-id=\"c92aeb1\" data-element_type=\"widget\" data-e-type=\"widget\" data-widget_type=\"icon-list.default\">\n\t\t\t\t<div class=\"elementor-widget-container\">\n\t\t\t\t\t\t\t<ul class=\"elementor-icon-list-items\">\n\t\t\t\t\t\t\t<li class=\"elementor-icon-list-item\">\n\t\t\t\t\t\t\t\t\t\t\t<span class=\"elementor-icon-list-icon\">\n\t\t\t\t\t\t\t<svg xmlns=\"http:\/\/www.w3.org\/2000\/svg\" width=\"41.293\" height=\"42.117\" viewBox=\"0 0 41.293 42.117\"><g id=\"Group_639\" data-name=\"Group 639\" transform=\"translate(0 0)\"><path id=\"Path_695\" data-name=\"Path 695\" d=\"M0,0,13.176,21.058,0,42.117H8.236L21.411,21.058,8.237,0Z\" fill=\"#002847\"><\/path><path id=\"Path_696\" data-name=\"Path 696\" d=\"M19.882,0,33.058,21.058,19.881,42.117h8.236L41.293,21.058,28.118,0Z\" fill=\"#002847\"><\/path><\/g><\/svg>\t\t\t\t\t\t<\/span>\n\t\t\t\t\t\t\t\t\t\t<span class=\"elementor-icon-list-text\">Configur\u00e1vel em diferentes tipos de materiais<\/span>\n\t\t\t\t\t\t\t\t\t<\/li>\n\t\t\t\t\t\t\t\t<li class=\"elementor-icon-list-item\">\n\t\t\t\t\t\t\t\t\t\t\t<span class=\"elementor-icon-list-icon\">\n\t\t\t\t\t\t\t<svg xmlns=\"http:\/\/www.w3.org\/2000\/svg\" width=\"41.293\" height=\"42.117\" viewBox=\"0 0 41.293 42.117\"><g id=\"Group_639\" data-name=\"Group 639\" transform=\"translate(0 0)\"><path id=\"Path_695\" data-name=\"Path 695\" d=\"M0,0,13.176,21.058,0,42.117H8.236L21.411,21.058,8.237,0Z\" fill=\"#002847\"><\/path><path id=\"Path_696\" data-name=\"Path 696\" d=\"M19.882,0,33.058,21.058,19.881,42.117h8.236L41.293,21.058,28.118,0Z\" fill=\"#002847\"><\/path><\/g><\/svg>\t\t\t\t\t\t<\/span>\n\t\t\t\t\t\t\t\t\t\t<span class=\"elementor-icon-list-text\">PVC<\/span>\n\t\t\t\t\t\t\t\t\t<\/li>\n\t\t\t\t\t\t\t\t<li class=\"elementor-icon-list-item\">\n\t\t\t\t\t\t\t\t\t\t\t<span class=\"elementor-icon-list-icon\">\n\t\t\t\t\t\t\t<svg xmlns=\"http:\/\/www.w3.org\/2000\/svg\" width=\"41.293\" height=\"42.117\" viewBox=\"0 0 41.293 42.117\"><g id=\"Group_639\" data-name=\"Group 639\" transform=\"translate(0 0)\"><path id=\"Path_695\" data-name=\"Path 695\" d=\"M0,0,13.176,21.058,0,42.117H8.236L21.411,21.058,8.237,0Z\" fill=\"#002847\"><\/path><path id=\"Path_696\" data-name=\"Path 696\" d=\"M19.882,0,33.058,21.058,19.881,42.117h8.236L41.293,21.058,28.118,0Z\" fill=\"#002847\"><\/path><\/g><\/svg>\t\t\t\t\t\t<\/span>\n\t\t\t\t\t\t\t\t\t\t<span class=\"elementor-icon-list-text\">Polipropileno<\/span>\n\t\t\t\t\t\t\t\t\t<\/li>\n\t\t\t\t\t\t\t\t<li class=\"elementor-icon-list-item\">\n\t\t\t\t\t\t\t\t\t\t\t<span class=\"elementor-icon-list-icon\">\n\t\t\t\t\t\t\t<svg xmlns=\"http:\/\/www.w3.org\/2000\/svg\" width=\"41.293\" height=\"42.117\" viewBox=\"0 0 41.293 42.117\"><g id=\"Group_639\" data-name=\"Group 639\" transform=\"translate(0 0)\"><path id=\"Path_695\" data-name=\"Path 695\" d=\"M0,0,13.176,21.058,0,42.117H8.236L21.411,21.058,8.237,0Z\" fill=\"#002847\"><\/path><path id=\"Path_696\" data-name=\"Path 696\" d=\"M19.882,0,33.058,21.058,19.881,42.117h8.236L41.293,21.058,28.118,0Z\" fill=\"#002847\"><\/path><\/g><\/svg>\t\t\t\t\t\t<\/span>\n\t\t\t\t\t\t\t\t\t\t<span class=\"elementor-icon-list-text\">A\u00e7o inoxid\u00e1vel<\/span>\n\t\t\t\t\t\t\t\t\t<\/li>\n\t\t\t\t\t\t\t\t<li class=\"elementor-icon-list-item\">\n\t\t\t\t\t\t\t\t\t\t\t<span class=\"elementor-icon-list-icon\">\n\t\t\t\t\t\t\t<svg xmlns=\"http:\/\/www.w3.org\/2000\/svg\" width=\"41.293\" height=\"42.117\" viewBox=\"0 0 41.293 42.117\"><g id=\"Group_639\" data-name=\"Group 639\" transform=\"translate(0 0)\"><path id=\"Path_695\" data-name=\"Path 695\" d=\"M0,0,13.176,21.058,0,42.117H8.236L21.411,21.058,8.237,0Z\" fill=\"#002847\"><\/path><path id=\"Path_696\" data-name=\"Path 696\" d=\"M19.882,0,33.058,21.058,19.881,42.117h8.236L41.293,21.058,28.118,0Z\" fill=\"#002847\"><\/path><\/g><\/svg>\t\t\t\t\t\t<\/span>\n\t\t\t\t\t\t\t\t\t\t<span class=\"elementor-icon-list-text\">Configur\u00e1vel em diferentes capacidades e dimens\u00f5es<\/span>\n\t\t\t\t\t\t\t\t\t<\/li>\n\t\t\t\t\t\t<\/ul>\n\t\t\t\t\t\t<\/div>\n\t\t\t\t<\/div>\n\t\t\t\t<div class=\"elementor-element elementor-element-e3b2fb0 elementor-widget elementor-widget-text-editor\" data-id=\"e3b2fb0\" data-element_type=\"widget\" data-e-type=\"widget\" data-widget_type=\"text-editor.default\">\n\t\t\t\t<div class=\"elementor-widget-container\">\n\t\t\t\t\t\t\t\t\t<h3>Vantagens<\/h3>\t\t\t\t\t\t\t\t<\/div>\n\t\t\t\t<\/div>\n\t\t\t\t<div class=\"elementor-element elementor-element-1a12029 elementor-align-start elementor-icon-list--layout-traditional elementor-list-item-link-full_width elementor-widget elementor-widget-icon-list\" data-id=\"1a12029\" data-element_type=\"widget\" data-e-type=\"widget\" data-widget_type=\"icon-list.default\">\n\t\t\t\t<div class=\"elementor-widget-container\">\n\t\t\t\t\t\t\t<ul class=\"elementor-icon-list-items\">\n\t\t\t\t\t\t\t<li class=\"elementor-icon-list-item\">\n\t\t\t\t\t\t\t\t\t\t\t<span class=\"elementor-icon-list-icon\">\n\t\t\t\t\t\t\t<svg xmlns=\"http:\/\/www.w3.org\/2000\/svg\" width=\"41.293\" height=\"42.117\" viewBox=\"0 0 41.293 42.117\"><g id=\"Group_639\" data-name=\"Group 639\" transform=\"translate(0 0)\"><path id=\"Path_695\" data-name=\"Path 695\" d=\"M0,0,13.176,21.058,0,42.117H8.236L21.411,21.058,8.237,0Z\" fill=\"#002847\"><\/path><path id=\"Path_696\" data-name=\"Path 696\" d=\"M19.882,0,33.058,21.058,19.881,42.117h8.236L41.293,21.058,28.118,0Z\" fill=\"#002847\"><\/path><\/g><\/svg>\t\t\t\t\t\t<\/span>\n\t\t\t\t\t\t\t\t\t\t<span class=\"elementor-icon-list-text\">Componentes das principais marcas do mundo<\/span>\n\t\t\t\t\t\t\t\t\t<\/li>\n\t\t\t\t\t\t\t\t<li class=\"elementor-icon-list-item\">\n\t\t\t\t\t\t\t\t\t\t\t<span class=\"elementor-icon-list-icon\">\n\t\t\t\t\t\t\t<svg xmlns=\"http:\/\/www.w3.org\/2000\/svg\" width=\"41.293\" height=\"42.117\" viewBox=\"0 0 41.293 42.117\"><g id=\"Group_639\" data-name=\"Group 639\" transform=\"translate(0 0)\"><path id=\"Path_695\" data-name=\"Path 695\" d=\"M0,0,13.176,21.058,0,42.117H8.236L21.411,21.058,8.237,0Z\" fill=\"#002847\"><\/path><path id=\"Path_696\" data-name=\"Path 696\" d=\"M19.882,0,33.058,21.058,19.881,42.117h8.236L41.293,21.058,28.118,0Z\" fill=\"#002847\"><\/path><\/g><\/svg>\t\t\t\t\t\t<\/span>\n\t\t\t\t\t\t\t\t\t\t<span class=\"elementor-icon-list-text\">Garantia de funcionamento<\/span>\n\t\t\t\t\t\t\t\t\t<\/li>\n\t\t\t\t\t\t\t\t<li class=\"elementor-icon-list-item\">\n\t\t\t\t\t\t\t\t\t\t\t<span class=\"elementor-icon-list-icon\">\n\t\t\t\t\t\t\t<svg xmlns=\"http:\/\/www.w3.org\/2000\/svg\" width=\"41.293\" height=\"42.117\" viewBox=\"0 0 41.293 42.117\"><g id=\"Group_639\" data-name=\"Group 639\" transform=\"translate(0 0)\"><path id=\"Path_695\" data-name=\"Path 695\" d=\"M0,0,13.176,21.058,0,42.117H8.236L21.411,21.058,8.237,0Z\" fill=\"#002847\"><\/path><path id=\"Path_696\" data-name=\"Path 696\" d=\"M19.882,0,33.058,21.058,19.881,42.117h8.236L41.293,21.058,28.118,0Z\" fill=\"#002847\"><\/path><\/g><\/svg>\t\t\t\t\t\t<\/span>\n\t\t\t\t\t\t\t\t\t\t<span class=\"elementor-icon-list-text\">Compacto e transport\u00e1vel<\/span>\n\t\t\t\t\t\t\t\t\t<\/li>\n\t\t\t\t\t\t<\/ul>\n\t\t\t\t\t\t<\/div>\n\t\t\t\t<\/div>\n\t\t\t\t<div class=\"elementor-element elementor-element-8a1454d elementor-widget elementor-widget-text-editor\" data-id=\"8a1454d\" data-element_type=\"widget\" data-e-type=\"widget\" data-widget_type=\"text-editor.default\">\n\t\t\t\t<div class=\"elementor-widget-container\">\n\t\t\t\t\t\t\t\t\t<h3>Downloads<\/h3>\n<div><span style=\"color: #3d3d3d; font-family: 'Open Sans', sans-serif;\">Abaixo, pode encontrar mais informa\u00e7\u00f5es relacionadas com o produto.<\/span><\/div>\t\t\t\t\t\t\t\t<\/div>\n\t\t\t\t<\/div>\n\t\t\t\t<div class=\"elementor-element elementor-element-14b22d8 elementor-widget elementor-widget-text-editor\" data-id=\"14b22d8\" data-element_type=\"widget\" data-e-type=\"widget\" data-widget_type=\"text-editor.default\">\n\t\t\t\t<div class=\"elementor-widget-container\">\n\t\t\t\t\t\t\t\t\t<div class=\"ce_download block\"><a class=\"gtm-download\" href=\"https:\/\/klinger.pt\/wp-content\/uploads\/2020\/07\/catalogo-skid-dosagem-klinger.pdf\" target=\"_blank\">Cat\u00e1logo Skids de Dosagem (pdf)<\/a><\/div>\t\t\t\t\t\t\t\t<\/div>\n\t\t\t\t<\/div>\n\t\t\t\t\t<\/div>\n\t\t<\/div>\n\t\t\t\t<div class=\"elementor-column elementor-col-50 elementor-top-column elementor-element elementor-element-b87d2f4\" data-id=\"b87d2f4\" data-element_type=\"column\" data-e-type=\"column\">\n\t\t\t<div class=\"elementor-widget-wrap elementor-element-populated\">\n\t\t\t\t\t\t<div class=\"elementor-element elementor-element-b3545df elementor-widget elementor-widget-image\" data-id=\"b3545df\" data-element_type=\"widget\" data-e-type=\"widget\" data-widget_type=\"image.default\">\n\t\t\t\t<div class=\"elementor-widget-container\">\n\t\t\t\t\t\t\t\t\t\t\t\t\t\t\t<img fetchpriority=\"high\" decoding=\"async\" width=\"1057\" height=\"1407\" src=\"https:\/\/klinger.pt\/wp-content\/uploads\/2021\/11\/Skids-de-Dosagem-KLINGER-Portugal.webp\" class=\"attachment-full size-full wp-image-11672\" alt=\"Skids de Dosagem - KLINGER Portugal\" srcset=\"https:\/\/klinger.pt\/wp-content\/uploads\/2021\/11\/Skids-de-Dosagem-KLINGER-Portugal.webp 1057w, https:\/\/klinger.pt\/wp-content\/uploads\/2021\/11\/Skids-de-Dosagem-KLINGER-Portugal-225x300.webp 225w, https:\/\/klinger.pt\/wp-content\/uploads\/2021\/11\/Skids-de-Dosagem-KLINGER-Portugal-769x1024.webp 769w, https:\/\/klinger.pt\/wp-content\/uploads\/2021\/11\/Skids-de-Dosagem-KLINGER-Portugal-768x1022.webp 768w\" sizes=\"(max-width: 1057px) 100vw, 1057px\" \/>\t\t\t\t\t\t\t\t\t\t\t\t\t\t\t<\/div>\n\t\t\t\t<\/div>\n\t\t\t\t\t<\/div>\n\t\t<\/div>\n\t\t\t\t\t<\/div>\n\t\t<\/section>\n\t\t\t\t<\/div>\n\t\t","protected":false},"excerpt":{"rendered":"<p>SKIDS Skid de doseamento para produtos qu\u00edmicos garante uma implanta\u00e7\u00e3o eficaz e segura do sistema de dosagem. Caracter\u00edsticas Vantagens FICHA T\u00c9CNICA_EN (pdf)<\/p>\n","protected":false},"author":1,"featured_media":0,"parent":28635,"menu_order":214,"comment_status":"closed","ping_status":"closed","template":"page-templates\/servicios.php","meta":{"_eb_attr":"","footnotes":""},"class_list":["post-6637","page","type-page","status-publish","hentry"],"aioseo_notices":[],"_links":{"self":[{"href":"https:\/\/klinger.pt\/es\/wp-json\/wp\/v2\/pages\/6637","targetHints":{"allow":["GET"]}}],"collection":[{"href":"https:\/\/klinger.pt\/es\/wp-json\/wp\/v2\/pages"}],"about":[{"href":"https:\/\/klinger.pt\/es\/wp-json\/wp\/v2\/types\/page"}],"author":[{"embeddable":true,"href":"https:\/\/klinger.pt\/es\/wp-json\/wp\/v2\/users\/1"}],"replies":[{"embeddable":true,"href":"https:\/\/klinger.pt\/es\/wp-json\/wp\/v2\/comments?post=6637"}],"version-history":[{"count":3,"href":"https:\/\/klinger.pt\/es\/wp-json\/wp\/v2\/pages\/6637\/revisions"}],"predecessor-version":[{"id":38596,"href":"https:\/\/klinger.pt\/es\/wp-json\/wp\/v2\/pages\/6637\/revisions\/38596"}],"up":[{"embeddable":true,"href":"https:\/\/klinger.pt\/es\/wp-json\/wp\/v2\/pages\/28635"}],"wp:attachment":[{"href":"https:\/\/klinger.pt\/es\/wp-json\/wp\/v2\/media?parent=6637"}],"curies":[{"name":"wp","href":"https:\/\/api.w.org\/{rel}","templated":true}]}}