{"id":6441,"date":"2020-11-09T10:15:44","date_gmt":"2020-11-09T10:15:44","guid":{"rendered":"https:\/\/m5j0n6nk9p.onrocket.site\/?p=6441"},"modified":"2023-02-27T09:26:58","modified_gmt":"2023-02-27T09:26:58","slug":"indicador-de-nivel-transparente","status":"publish","type":"page","link":"https:\/\/klinger.pt\/es\/produtos\/instrumentacao\/medicao-de-nivel\/indicador-de-nivel-transparente\/","title":{"rendered":"INDICADOR DE N\u00cdVEL TRANSPARENTE"},"content":{"rendered":"\t\t<div data-elementor-type=\"wp-post\" data-elementor-id=\"6441\" class=\"elementor elementor-6441\">\n\t\t\t\t\t\t<section class=\"elementor-section elementor-top-section elementor-element elementor-element-6949f52 elementor-section-boxed elementor-section-height-default elementor-section-height-default\" data-id=\"6949f52\" data-element_type=\"section\" data-e-type=\"section\">\n\t\t\t\t\t\t<div class=\"elementor-container elementor-column-gap-default\">\n\t\t\t\t\t<div class=\"elementor-column elementor-col-100 elementor-top-column elementor-element elementor-element-1d74f0d\" data-id=\"1d74f0d\" data-element_type=\"column\" data-e-type=\"column\">\n\t\t\t<div class=\"elementor-widget-wrap elementor-element-populated\">\n\t\t\t\t\t\t<div class=\"elementor-element elementor-element-932bfdc elementor-widget elementor-widget-breadcrumbs\" data-id=\"932bfdc\" data-element_type=\"widget\" data-e-type=\"widget\" data-widget_type=\"breadcrumbs.default\">\n\t\t\t\t<div class=\"elementor-widget-container\">\n\t\t\t\t\t \t\t\t\t<\/div>\n\t\t\t\t<\/div>\n\t\t\t\t\t<\/div>\n\t\t<\/div>\n\t\t\t\t\t<\/div>\n\t\t<\/section>\n\t\t\t\t<section class=\"elementor-section elementor-top-section elementor-element elementor-element-215b724 elementor-section-stretched elementor-section-boxed elementor-section-height-default elementor-section-height-default\" data-id=\"215b724\" data-element_type=\"section\" data-e-type=\"section\" data-settings=\"{&quot;stretch_section&quot;:&quot;section-stretched&quot;}\">\n\t\t\t\t\t\t<div class=\"elementor-container elementor-column-gap-default\">\n\t\t\t\t\t<div class=\"elementor-column elementor-col-50 elementor-top-column elementor-element elementor-element-3a6beb6\" data-id=\"3a6beb6\" data-element_type=\"column\" data-e-type=\"column\">\n\t\t\t<div class=\"elementor-widget-wrap elementor-element-populated\">\n\t\t\t\t\t\t<div class=\"elementor-element elementor-element-648314a elementor-widget elementor-widget-heading\" data-id=\"648314a\" data-element_type=\"widget\" data-e-type=\"widget\" data-widget_type=\"heading.default\">\n\t\t\t\t<div class=\"elementor-widget-container\">\n\t\t\t\t\t<h1 class=\"elementor-heading-title elementor-size-default\">Indicador de N\u00edvel Transparente<\/h1>\t\t\t\t<\/div>\n\t\t\t\t<\/div>\n\t\t\t\t<div class=\"elementor-element elementor-element-f0a0a2e elementor-widget elementor-widget-text-editor\" data-id=\"f0a0a2e\" data-element_type=\"widget\" data-e-type=\"widget\" data-widget_type=\"text-editor.default\">\n\t\t\t\t<div class=\"elementor-widget-container\">\n\t\t\t\t\t\t\t\t\t<p>Nos medidores de n\u00edvel transparentes, o meio est\u00e1 contido em dois copos com superf\u00edcies lisas. O n\u00edvel do n\u00edvel m\u00e9dio pode ser facilmente observado atrav\u00e9s do vidro. Gra\u00e7as \u00e0 resist\u00eancia dos materiais utilizados, esse medidor de n\u00edvel \u00e9 particularmente adequado para uso com meios agressivos ou vapor. Escudos protetores de mica podem opcionalmente ser instalados entre o meio e o vidro.<\/p>\t\t\t\t\t\t\t\t<\/div>\n\t\t\t\t<\/div>\n\t\t\t\t\t<\/div>\n\t\t<\/div>\n\t\t\t\t<div class=\"elementor-column elementor-col-50 elementor-top-column elementor-element elementor-element-b87d2f4\" data-id=\"b87d2f4\" data-element_type=\"column\" data-e-type=\"column\">\n\t\t\t<div class=\"elementor-widget-wrap elementor-element-populated\">\n\t\t\t\t\t\t<div class=\"elementor-element elementor-element-b3545df elementor-widget elementor-widget-image\" data-id=\"b3545df\" data-element_type=\"widget\" data-e-type=\"widget\" data-widget_type=\"image.default\">\n\t\t\t\t<div class=\"elementor-widget-container\">\n\t\t\t\t\t\t\t\t\t\t\t\t\t\t\t<img fetchpriority=\"high\" decoding=\"async\" width=\"500\" height=\"500\" src=\"https:\/\/klinger.pt\/wp-content\/uploads\/2020\/11\/indicador-nivel-transparente.png\" class=\"attachment-full size-full wp-image-6444\" alt=\"\" srcset=\"https:\/\/klinger.pt\/wp-content\/uploads\/2020\/11\/indicador-nivel-transparente.png 500w, https:\/\/klinger.pt\/wp-content\/uploads\/2020\/11\/indicador-nivel-transparente-300x300.png 300w, https:\/\/klinger.pt\/wp-content\/uploads\/2020\/11\/indicador-nivel-transparente-150x150.png 150w\" sizes=\"(max-width: 500px) 100vw, 500px\" \/>\t\t\t\t\t\t\t\t\t\t\t\t\t\t\t<\/div>\n\t\t\t\t<\/div>\n\t\t\t\t\t<\/div>\n\t\t<\/div>\n\t\t\t\t\t<\/div>\n\t\t<\/section>\n\t\t\t\t<\/div>\n\t\t","protected":false},"excerpt":{"rendered":"<p>INDICADOR DE N\u00cdVEL TRANSPARENTE Nos medidores de n\u00edvel transparentes, o meio est\u00e1 contido em dois copos com superf\u00edcies lisas. O n\u00edvel do n\u00edvel m\u00e9dio pode ser facilmente observado atrav\u00e9s do vidro. Gra\u00e7as \u00e0 resist\u00eancia dos materiais utilizados, esse medidor de n\u00edvel \u00e9 particularmente adequado para uso com meios agressivos ou vapor. Escudos protetores de mica [&hellip;]<\/p>\n","protected":false},"author":1,"featured_media":0,"parent":28333,"menu_order":100,"comment_status":"closed","ping_status":"closed","template":"page-templates\/servicios.php","meta":{"_eb_attr":"","footnotes":""},"class_list":["post-6441","page","type-page","status-publish","hentry"],"aioseo_notices":[],"_links":{"self":[{"href":"https:\/\/klinger.pt\/es\/wp-json\/wp\/v2\/pages\/6441","targetHints":{"allow":["GET"]}}],"collection":[{"href":"https:\/\/klinger.pt\/es\/wp-json\/wp\/v2\/pages"}],"about":[{"href":"https:\/\/klinger.pt\/es\/wp-json\/wp\/v2\/types\/page"}],"author":[{"embeddable":true,"href":"https:\/\/klinger.pt\/es\/wp-json\/wp\/v2\/users\/1"}],"replies":[{"embeddable":true,"href":"https:\/\/klinger.pt\/es\/wp-json\/wp\/v2\/comments?post=6441"}],"version-history":[{"count":2,"href":"https:\/\/klinger.pt\/es\/wp-json\/wp\/v2\/pages\/6441\/revisions"}],"predecessor-version":[{"id":38279,"href":"https:\/\/klinger.pt\/es\/wp-json\/wp\/v2\/pages\/6441\/revisions\/38279"}],"up":[{"embeddable":true,"href":"https:\/\/klinger.pt\/es\/wp-json\/wp\/v2\/pages\/28333"}],"wp:attachment":[{"href":"https:\/\/klinger.pt\/es\/wp-json\/wp\/v2\/media?parent=6441"}],"curies":[{"name":"wp","href":"https:\/\/api.w.org\/{rel}","templated":true}]}}