{"id":6430,"date":"2020-11-09T10:08:53","date_gmt":"2020-11-09T10:08:53","guid":{"rendered":"https:\/\/m5j0n6nk9p.onrocket.site\/?p=6430"},"modified":"2023-02-27T09:26:50","modified_gmt":"2023-02-27T09:26:50","slug":"indicador-de-nivel-de-reflexao","status":"publish","type":"page","link":"https:\/\/klinger.pt\/es\/produtos\/instrumentacao\/medicao-de-nivel\/indicador-de-nivel-de-reflexao\/","title":{"rendered":"INDICADOR DE N\u00cdVEL DE REFLEX\u00c3O"},"content":{"rendered":"\t\t<div data-elementor-type=\"wp-post\" data-elementor-id=\"6430\" class=\"elementor elementor-6430\">\n\t\t\t\t\t\t<section class=\"elementor-section elementor-top-section elementor-element elementor-element-5a97e16 elementor-section-boxed elementor-section-height-default elementor-section-height-default\" data-id=\"5a97e16\" data-element_type=\"section\" data-e-type=\"section\">\n\t\t\t\t\t\t<div class=\"elementor-container elementor-column-gap-default\">\n\t\t\t\t\t<div class=\"elementor-column elementor-col-100 elementor-top-column elementor-element elementor-element-1cc19ff\" data-id=\"1cc19ff\" data-element_type=\"column\" data-e-type=\"column\">\n\t\t\t<div class=\"elementor-widget-wrap elementor-element-populated\">\n\t\t\t\t\t\t<div class=\"elementor-element elementor-element-2fed6ed elementor-widget elementor-widget-breadcrumbs\" data-id=\"2fed6ed\" data-element_type=\"widget\" data-e-type=\"widget\" data-widget_type=\"breadcrumbs.default\">\n\t\t\t\t<div class=\"elementor-widget-container\">\n\t\t\t\t\t \t\t\t\t<\/div>\n\t\t\t\t<\/div>\n\t\t\t\t\t<\/div>\n\t\t<\/div>\n\t\t\t\t\t<\/div>\n\t\t<\/section>\n\t\t\t\t<section class=\"elementor-section elementor-top-section elementor-element elementor-element-215b724 elementor-section-stretched elementor-section-boxed elementor-section-height-default elementor-section-height-default\" data-id=\"215b724\" data-element_type=\"section\" data-e-type=\"section\" data-settings=\"{&quot;stretch_section&quot;:&quot;section-stretched&quot;}\">\n\t\t\t\t\t\t<div class=\"elementor-container elementor-column-gap-default\">\n\t\t\t\t\t<div class=\"elementor-column elementor-col-50 elementor-top-column elementor-element elementor-element-3a6beb6\" data-id=\"3a6beb6\" data-element_type=\"column\" data-e-type=\"column\">\n\t\t\t<div class=\"elementor-widget-wrap elementor-element-populated\">\n\t\t\t\t\t\t<div class=\"elementor-element elementor-element-3c31bfa elementor-widget elementor-widget-heading\" data-id=\"3c31bfa\" data-element_type=\"widget\" data-e-type=\"widget\" data-widget_type=\"heading.default\">\n\t\t\t\t<div class=\"elementor-widget-container\">\n\t\t\t\t\t<h1 class=\"elementor-heading-title elementor-size-default\">Indicador de N\u00edvel por Reflex\u00e3o<\/h1>\t\t\t\t<\/div>\n\t\t\t\t<\/div>\n\t\t\t\t<div class=\"elementor-element elementor-element-f0a0a2e elementor-widget elementor-widget-text-editor\" data-id=\"f0a0a2e\" data-element_type=\"widget\" data-e-type=\"widget\" data-widget_type=\"text-editor.default\">\n\t\t\t\t<div class=\"elementor-widget-container\">\n\t\t\t\t\t\t\t\t\t<p>Os indicadores de n\u00edvel por reflex\u00e3o oferecem grandes vantagens em termos de econ\u00f3micos e manuten\u00e7\u00e3o, bem como em rela\u00e7\u00e3o \u00e0 leitura f\u00e1cil do n\u00edvel. No entanto, n\u00e3o podem ser usados em certos casos, por exemplo, quando o n\u00edvel de separa\u00e7\u00e3o entre dois l\u00edquidos deve ser lido, quando \u00e9 necess\u00e1rio discernir a cor do l\u00edquido ou quando o vapor de \u00e1gua sob alta press\u00e3o deve ser medido.<\/p>\t\t\t\t\t\t\t\t<\/div>\n\t\t\t\t<\/div>\n\t\t\t\t\t<\/div>\n\t\t<\/div>\n\t\t\t\t<div class=\"elementor-column elementor-col-50 elementor-top-column elementor-element elementor-element-b87d2f4\" data-id=\"b87d2f4\" data-element_type=\"column\" data-e-type=\"column\">\n\t\t\t<div class=\"elementor-widget-wrap elementor-element-populated\">\n\t\t\t\t\t\t<div class=\"elementor-element elementor-element-b3545df elementor-widget elementor-widget-image\" data-id=\"b3545df\" data-element_type=\"widget\" data-e-type=\"widget\" data-widget_type=\"image.default\">\n\t\t\t\t<div class=\"elementor-widget-container\">\n\t\t\t\t\t\t\t\t\t\t\t\t\t\t\t<img fetchpriority=\"high\" decoding=\"async\" width=\"500\" height=\"500\" src=\"https:\/\/klinger.pt\/wp-content\/uploads\/2020\/11\/indicador-nivel-reflexao-1.png\" class=\"attachment-full size-full wp-image-6435\" alt=\"\" srcset=\"https:\/\/klinger.pt\/wp-content\/uploads\/2020\/11\/indicador-nivel-reflexao-1.png 500w, https:\/\/klinger.pt\/wp-content\/uploads\/2020\/11\/indicador-nivel-reflexao-1-300x300.png 300w, https:\/\/klinger.pt\/wp-content\/uploads\/2020\/11\/indicador-nivel-reflexao-1-150x150.png 150w\" sizes=\"(max-width: 500px) 100vw, 500px\" \/>\t\t\t\t\t\t\t\t\t\t\t\t\t\t\t<\/div>\n\t\t\t\t<\/div>\n\t\t\t\t\t<\/div>\n\t\t<\/div>\n\t\t\t\t\t<\/div>\n\t\t<\/section>\n\t\t\t\t<\/div>\n\t\t","protected":false},"excerpt":{"rendered":"<p>INDICADOR DE N\u00cdVEL DE REFLEX\u00c3O Os indicadores de n\u00edvel por reflex\u00e3o oferecem grandes vantagens em termos de econ\u00f3micos e manuten\u00e7\u00e3o, bem como em rela\u00e7\u00e3o \u00e0 leitura f\u00e1cil do n\u00edvel. No entanto, n\u00e3o podem ser usados em certos casos, por exemplo, quando o n\u00edvel de separa\u00e7\u00e3o entre dois l\u00edquidos deve ser lido, quando \u00e9 necess\u00e1rio discernir [&hellip;]<\/p>\n","protected":false},"author":1,"featured_media":0,"parent":28333,"menu_order":101,"comment_status":"closed","ping_status":"closed","template":"page-templates\/servicios.php","meta":{"_eb_attr":"","footnotes":""},"class_list":["post-6430","page","type-page","status-publish","hentry"],"aioseo_notices":[],"_links":{"self":[{"href":"https:\/\/klinger.pt\/es\/wp-json\/wp\/v2\/pages\/6430","targetHints":{"allow":["GET"]}}],"collection":[{"href":"https:\/\/klinger.pt\/es\/wp-json\/wp\/v2\/pages"}],"about":[{"href":"https:\/\/klinger.pt\/es\/wp-json\/wp\/v2\/types\/page"}],"author":[{"embeddable":true,"href":"https:\/\/klinger.pt\/es\/wp-json\/wp\/v2\/users\/1"}],"replies":[{"embeddable":true,"href":"https:\/\/klinger.pt\/es\/wp-json\/wp\/v2\/comments?post=6430"}],"version-history":[{"count":2,"href":"https:\/\/klinger.pt\/es\/wp-json\/wp\/v2\/pages\/6430\/revisions"}],"predecessor-version":[{"id":38278,"href":"https:\/\/klinger.pt\/es\/wp-json\/wp\/v2\/pages\/6430\/revisions\/38278"}],"up":[{"embeddable":true,"href":"https:\/\/klinger.pt\/es\/wp-json\/wp\/v2\/pages\/28333"}],"wp:attachment":[{"href":"https:\/\/klinger.pt\/es\/wp-json\/wp\/v2\/media?parent=6430"}],"curies":[{"name":"wp","href":"https:\/\/api.w.org\/{rel}","templated":true}]}}