{"id":6417,"date":"2020-11-09T10:05:01","date_gmt":"2020-11-09T10:05:01","guid":{"rendered":"https:\/\/m5j0n6nk9p.onrocket.site\/?p=6417"},"modified":"2023-03-14T10:06:31","modified_gmt":"2023-03-14T10:06:31","slug":"indicadores-de-nivel-magnetico","status":"publish","type":"page","link":"https:\/\/klinger.pt\/es\/produtos\/instrumentacao\/medicao-de-nivel\/indicadores-de-nivel-magnetico\/","title":{"rendered":"INDICADORES DE N\u00cdVEL MAGN\u00c9TICO"},"content":{"rendered":"\t\t<div data-elementor-type=\"wp-post\" data-elementor-id=\"6417\" class=\"elementor elementor-6417\">\n\t\t\t\t\t\t<section class=\"elementor-section elementor-top-section elementor-element elementor-element-de8e157 elementor-section-boxed elementor-section-height-default elementor-section-height-default\" data-id=\"de8e157\" data-element_type=\"section\" data-e-type=\"section\">\n\t\t\t\t\t\t<div class=\"elementor-container elementor-column-gap-default\">\n\t\t\t\t\t<div class=\"elementor-column elementor-col-100 elementor-top-column elementor-element elementor-element-91dae22\" data-id=\"91dae22\" data-element_type=\"column\" data-e-type=\"column\">\n\t\t\t<div class=\"elementor-widget-wrap elementor-element-populated\">\n\t\t\t\t\t\t<div class=\"elementor-element elementor-element-33277ef elementor-widget elementor-widget-breadcrumbs\" data-id=\"33277ef\" data-element_type=\"widget\" data-e-type=\"widget\" data-widget_type=\"breadcrumbs.default\">\n\t\t\t\t<div class=\"elementor-widget-container\">\n\t\t\t\t\t \t\t\t\t<\/div>\n\t\t\t\t<\/div>\n\t\t\t\t\t<\/div>\n\t\t<\/div>\n\t\t\t\t\t<\/div>\n\t\t<\/section>\n\t\t\t\t<section class=\"elementor-section elementor-top-section elementor-element elementor-element-215b724 elementor-section-stretched elementor-section-boxed elementor-section-height-default elementor-section-height-default\" data-id=\"215b724\" data-element_type=\"section\" data-e-type=\"section\" data-settings=\"{&quot;stretch_section&quot;:&quot;section-stretched&quot;}\">\n\t\t\t\t\t\t<div class=\"elementor-container elementor-column-gap-default\">\n\t\t\t\t\t<div class=\"elementor-column elementor-col-50 elementor-top-column elementor-element elementor-element-3a6beb6\" data-id=\"3a6beb6\" data-element_type=\"column\" data-e-type=\"column\">\n\t\t\t<div class=\"elementor-widget-wrap elementor-element-populated\">\n\t\t\t\t\t\t<div class=\"elementor-element elementor-element-c09727f elementor-widget elementor-widget-heading\" data-id=\"c09727f\" data-element_type=\"widget\" data-e-type=\"widget\" data-widget_type=\"heading.default\">\n\t\t\t\t<div class=\"elementor-widget-container\">\n\t\t\t\t\t<h1 class=\"elementor-heading-title elementor-size-default\">Indicador de N\u00edvel Magn\u00e9tico<\/h1>\t\t\t\t<\/div>\n\t\t\t\t<\/div>\n\t\t\t\t<div class=\"elementor-element elementor-element-f0a0a2e elementor-widget elementor-widget-text-editor\" data-id=\"f0a0a2e\" data-element_type=\"widget\" data-e-type=\"widget\" data-widget_type=\"text-editor.default\">\n\t\t\t\t<div class=\"elementor-widget-container\">\n\t\t\t\t\t\t\t\t\t<p>O indicador de n\u00edvel magn\u00e9tico KLINGER\u00ae \u00e9 particularmente adequado para aplica\u00e7\u00f5es com l\u00edquidos, gases t\u00f3xicos e\/ou perigosos.<\/p>\nPodem tamb\u00e9m ser utilizados sempre que \u00e9 necess\u00e1ria uma resposta imediata e segura a uma altera\u00e7\u00e3o de n\u00edvel.\n<br>Os medidores de n\u00edvel magn\u00e9ticos fornecem visibilidade perfeita e uma indica\u00e7\u00e3o cont\u00ednua do n\u00edvel do meio.<\/br>\n\nAssim, as leituras podem ser feitas localmente num monitor ou remotamente.\t\t\t\t\t\t\t\t<\/div>\n\t\t\t\t<\/div>\n\t\t\t\t\t<\/div>\n\t\t<\/div>\n\t\t\t\t<div class=\"elementor-column elementor-col-50 elementor-top-column elementor-element elementor-element-b87d2f4\" data-id=\"b87d2f4\" data-element_type=\"column\" data-e-type=\"column\">\n\t\t\t<div class=\"elementor-widget-wrap elementor-element-populated\">\n\t\t\t\t\t\t<div class=\"elementor-element elementor-element-b3545df elementor-widget elementor-widget-image\" data-id=\"b3545df\" data-element_type=\"widget\" data-e-type=\"widget\" data-widget_type=\"image.default\">\n\t\t\t\t<div class=\"elementor-widget-container\">\n\t\t\t\t\t\t\t\t\t\t\t\t\t\t\t<img fetchpriority=\"high\" decoding=\"async\" width=\"500\" height=\"500\" src=\"https:\/\/klinger.pt\/wp-content\/uploads\/2020\/11\/indicador-nivel-magnetico.png\" class=\"attachment-full size-full wp-image-6401\" alt=\"Indicador de N\u00edvel Magn\u00e9tico KLINGER\" srcset=\"https:\/\/klinger.pt\/wp-content\/uploads\/2020\/11\/indicador-nivel-magnetico.png 500w, https:\/\/klinger.pt\/wp-content\/uploads\/2020\/11\/indicador-nivel-magnetico-300x300.png 300w, https:\/\/klinger.pt\/wp-content\/uploads\/2020\/11\/indicador-nivel-magnetico-150x150.png 150w\" sizes=\"(max-width: 500px) 100vw, 500px\" \/>\t\t\t\t\t\t\t\t\t\t\t\t\t\t\t<\/div>\n\t\t\t\t<\/div>\n\t\t\t\t\t<\/div>\n\t\t<\/div>\n\t\t\t\t\t<\/div>\n\t\t<\/section>\n\t\t\t\t<\/div>\n\t\t","protected":false},"excerpt":{"rendered":"<p>INDICADORES DE N\u00cdVEL MAGN\u00c9TICO Os Indicadores de N\u00edvel Magn\u00e9tico KLINGER s\u00e3o particularmente adequados para aplica\u00e7\u00f5es com l\u00edquidos t\u00f3xicos, perigosos, gases ou sempre que seja necess\u00e1ria uma resposta imediata e segura a uma mudan\u00e7a de n\u00edvel. Os indicadores de n\u00edvel magn\u00e9tico proporcionam uma visibilidade perfeita e uma indica\u00e7\u00e3o cont\u00ednua do n\u00edvel do meio. As leituras podem [&hellip;]<\/p>\n","protected":false},"author":1,"featured_media":0,"parent":28333,"menu_order":102,"comment_status":"closed","ping_status":"closed","template":"page-templates\/servicios.php","meta":{"_eb_attr":"","footnotes":""},"class_list":["post-6417","page","type-page","status-publish","hentry"],"aioseo_notices":[],"_links":{"self":[{"href":"https:\/\/klinger.pt\/es\/wp-json\/wp\/v2\/pages\/6417","targetHints":{"allow":["GET"]}}],"collection":[{"href":"https:\/\/klinger.pt\/es\/wp-json\/wp\/v2\/pages"}],"about":[{"href":"https:\/\/klinger.pt\/es\/wp-json\/wp\/v2\/types\/page"}],"author":[{"embeddable":true,"href":"https:\/\/klinger.pt\/es\/wp-json\/wp\/v2\/users\/1"}],"replies":[{"embeddable":true,"href":"https:\/\/klinger.pt\/es\/wp-json\/wp\/v2\/comments?post=6417"}],"version-history":[{"count":7,"href":"https:\/\/klinger.pt\/es\/wp-json\/wp\/v2\/pages\/6417\/revisions"}],"predecessor-version":[{"id":39265,"href":"https:\/\/klinger.pt\/es\/wp-json\/wp\/v2\/pages\/6417\/revisions\/39265"}],"up":[{"embeddable":true,"href":"https:\/\/klinger.pt\/es\/wp-json\/wp\/v2\/pages\/28333"}],"wp:attachment":[{"href":"https:\/\/klinger.pt\/es\/wp-json\/wp\/v2\/media?parent=6417"}],"curies":[{"name":"wp","href":"https:\/\/api.w.org\/{rel}","templated":true}]}}