{"id":6411,"date":"2020-11-09T09:57:56","date_gmt":"2020-11-09T09:57:56","guid":{"rendered":"https:\/\/m5j0n6nk9p.onrocket.site\/?p=6411"},"modified":"2023-02-27T08:45:55","modified_gmt":"2023-02-27T08:45:55","slug":"controlo-de-nivel-hidrostatico","status":"publish","type":"page","link":"https:\/\/klinger.pt\/es\/produtos\/instrumentacao\/medicao-de-nivel\/controlo-de-nivel-hidrostatico\/","title":{"rendered":"CONTROLE DE N\u00cdVEL HIDROST\u00c1TICO"},"content":{"rendered":"\t\t<div data-elementor-type=\"wp-post\" data-elementor-id=\"6411\" class=\"elementor elementor-6411\">\n\t\t\t\t\t\t<section class=\"elementor-section elementor-top-section elementor-element elementor-element-f0e8443 elementor-section-boxed elementor-section-height-default elementor-section-height-default\" data-id=\"f0e8443\" data-element_type=\"section\" data-e-type=\"section\">\n\t\t\t\t\t\t<div class=\"elementor-container elementor-column-gap-default\">\n\t\t\t\t\t<div class=\"elementor-column elementor-col-100 elementor-top-column elementor-element elementor-element-8e62d8b\" data-id=\"8e62d8b\" data-element_type=\"column\" data-e-type=\"column\">\n\t\t\t<div class=\"elementor-widget-wrap elementor-element-populated\">\n\t\t\t\t\t\t<div class=\"elementor-element elementor-element-6f7e222 elementor-widget elementor-widget-breadcrumbs\" data-id=\"6f7e222\" data-element_type=\"widget\" data-e-type=\"widget\" data-widget_type=\"breadcrumbs.default\">\n\t\t\t\t<div class=\"elementor-widget-container\">\n\t\t\t\t\t \t\t\t\t<\/div>\n\t\t\t\t<\/div>\n\t\t\t\t\t<\/div>\n\t\t<\/div>\n\t\t\t\t\t<\/div>\n\t\t<\/section>\n\t\t\t\t<section class=\"elementor-section elementor-top-section elementor-element elementor-element-215b724 elementor-section-stretched elementor-section-boxed elementor-section-height-default elementor-section-height-default\" data-id=\"215b724\" data-element_type=\"section\" data-e-type=\"section\" data-settings=\"{&quot;stretch_section&quot;:&quot;section-stretched&quot;}\">\n\t\t\t\t\t\t<div class=\"elementor-container elementor-column-gap-default\">\n\t\t\t\t\t<div class=\"elementor-column elementor-col-50 elementor-top-column elementor-element elementor-element-3a6beb6\" data-id=\"3a6beb6\" data-element_type=\"column\" data-e-type=\"column\">\n\t\t\t<div class=\"elementor-widget-wrap elementor-element-populated\">\n\t\t\t\t\t\t<div class=\"elementor-element elementor-element-f6df481 elementor-widget elementor-widget-heading\" data-id=\"f6df481\" data-element_type=\"widget\" data-e-type=\"widget\" data-widget_type=\"heading.default\">\n\t\t\t\t<div class=\"elementor-widget-container\">\n\t\t\t\t\t<h1 class=\"elementor-heading-title elementor-size-default\">Controlo de N\u00edvel Hidrost\u00e1tico<\/h1>\t\t\t\t<\/div>\n\t\t\t\t<\/div>\n\t\t\t\t<div class=\"elementor-element elementor-element-f0a0a2e elementor-widget elementor-widget-text-editor\" data-id=\"f0a0a2e\" data-element_type=\"widget\" data-e-type=\"widget\" data-widget_type=\"text-editor.default\">\n\t\t\t\t<div class=\"elementor-widget-container\">\n\t\t\t\t\t\t\t\t\t<p>Medi\u00e7\u00e3o cont\u00ednua de n\u00edvel por m\u00e9todo intrusivo. Adequado para medi\u00e7\u00e3o cont\u00ednua do n\u00edvel de l\u00edquidos. Aplica\u00e7\u00f5es t\u00edpicas s\u00e3o \u00e1guas residuais e po\u00e7os profundos. As op\u00e7\u00f5es de configura\u00e7\u00e3o do transmissor de n\u00edvel KPL tornam-no adequado para a maioria dos sectores industriais (petr\u00f3leo, produtos qu\u00edmicos, energia, metalurgia, farmac\u00eautica e alimentar) e em diferentes condi\u00e7\u00f5es operacionais.<\/p>\t\t\t\t\t\t\t\t<\/div>\n\t\t\t\t<\/div>\n\t\t\t\t\t<\/div>\n\t\t<\/div>\n\t\t\t\t<div class=\"elementor-column elementor-col-50 elementor-top-column elementor-element elementor-element-b87d2f4\" data-id=\"b87d2f4\" data-element_type=\"column\" data-e-type=\"column\">\n\t\t\t<div class=\"elementor-widget-wrap elementor-element-populated\">\n\t\t\t\t\t\t<div class=\"elementor-element elementor-element-b3545df elementor-widget elementor-widget-image\" data-id=\"b3545df\" data-element_type=\"widget\" data-e-type=\"widget\" data-widget_type=\"image.default\">\n\t\t\t\t<div class=\"elementor-widget-container\">\n\t\t\t\t\t\t\t\t\t\t\t\t\t\t\t<img fetchpriority=\"high\" decoding=\"async\" width=\"500\" height=\"500\" src=\"https:\/\/klinger.pt\/wp-content\/uploads\/2020\/11\/controlo-nivel-hidroestatico-1.png\" class=\"attachment-full size-full wp-image-6375\" alt=\"\" srcset=\"https:\/\/klinger.pt\/wp-content\/uploads\/2020\/11\/controlo-nivel-hidroestatico-1.png 500w, https:\/\/klinger.pt\/wp-content\/uploads\/2020\/11\/controlo-nivel-hidroestatico-1-300x300.png 300w, https:\/\/klinger.pt\/wp-content\/uploads\/2020\/11\/controlo-nivel-hidroestatico-1-150x150.png 150w\" sizes=\"(max-width: 500px) 100vw, 500px\" \/>\t\t\t\t\t\t\t\t\t\t\t\t\t\t\t<\/div>\n\t\t\t\t<\/div>\n\t\t\t\t\t<\/div>\n\t\t<\/div>\n\t\t\t\t\t<\/div>\n\t\t<\/section>\n\t\t\t\t<\/div>\n\t\t","protected":false},"excerpt":{"rendered":"<p>CONTROLO DE N\u00cdVEL HIDROST\u00c1TICO Adequado para medi\u00e7\u00e3o continua do n\u00edvel de l\u00edquidos. As aplica\u00e7\u00f5es t\u00edpicas s\u00e3o as \u00e1guas residuais e po\u00e7os profundos. As op\u00e7\u00f5es de configura\u00e7\u00e3o do transmissor de n\u00edvel KPL tornam-no adequado para a maioria dos setores industriais (petr\u00f3leo, produtos qu\u00edmicos, energia, metal\u00fargica, farmac\u00eautica e alimentar) e em diferentes condi\u00e7\u00f5es operacionais.<\/p>\n","protected":false},"author":1,"featured_media":0,"parent":28333,"menu_order":106,"comment_status":"closed","ping_status":"closed","template":"page-templates\/servicios.php","meta":{"_eb_attr":"","footnotes":""},"class_list":["post-6411","page","type-page","status-publish","hentry"],"aioseo_notices":[],"_links":{"self":[{"href":"https:\/\/klinger.pt\/es\/wp-json\/wp\/v2\/pages\/6411","targetHints":{"allow":["GET"]}}],"collection":[{"href":"https:\/\/klinger.pt\/es\/wp-json\/wp\/v2\/pages"}],"about":[{"href":"https:\/\/klinger.pt\/es\/wp-json\/wp\/v2\/types\/page"}],"author":[{"embeddable":true,"href":"https:\/\/klinger.pt\/es\/wp-json\/wp\/v2\/users\/1"}],"replies":[{"embeddable":true,"href":"https:\/\/klinger.pt\/es\/wp-json\/wp\/v2\/comments?post=6411"}],"version-history":[{"count":2,"href":"https:\/\/klinger.pt\/es\/wp-json\/wp\/v2\/pages\/6411\/revisions"}],"predecessor-version":[{"id":38224,"href":"https:\/\/klinger.pt\/es\/wp-json\/wp\/v2\/pages\/6411\/revisions\/38224"}],"up":[{"embeddable":true,"href":"https:\/\/klinger.pt\/es\/wp-json\/wp\/v2\/pages\/28333"}],"wp:attachment":[{"href":"https:\/\/klinger.pt\/es\/wp-json\/wp\/v2\/media?parent=6411"}],"curies":[{"name":"wp","href":"https:\/\/api.w.org\/{rel}","templated":true}]}}