{"id":6409,"date":"2020-11-09T09:56:10","date_gmt":"2020-11-09T09:56:10","guid":{"rendered":"https:\/\/m5j0n6nk9p.onrocket.site\/?p=6409"},"modified":"2023-02-27T08:46:14","modified_gmt":"2023-02-27T08:46:14","slug":"controlo-de-nivel-condutivo","status":"publish","type":"page","link":"https:\/\/klinger.pt\/es\/produtos\/instrumentacao\/medicao-de-nivel\/controlo-de-nivel-condutivo\/","title":{"rendered":"CONTROLO DE N\u00cdVEL CONDUTIVO"},"content":{"rendered":"\t\t<div data-elementor-type=\"wp-post\" data-elementor-id=\"6409\" class=\"elementor elementor-6409\">\n\t\t\t\t\t\t<section class=\"elementor-section elementor-top-section elementor-element elementor-element-215b724 elementor-section-stretched elementor-section-boxed elementor-section-height-default elementor-section-height-default\" data-id=\"215b724\" data-element_type=\"section\" data-e-type=\"section\" data-settings=\"{&quot;stretch_section&quot;:&quot;section-stretched&quot;}\">\n\t\t\t\t\t\t<div class=\"elementor-container elementor-column-gap-default\">\n\t\t\t\t\t<div class=\"elementor-column elementor-col-50 elementor-top-column elementor-element elementor-element-3a6beb6\" data-id=\"3a6beb6\" data-element_type=\"column\" data-e-type=\"column\">\n\t\t\t<div class=\"elementor-widget-wrap elementor-element-populated\">\n\t\t\t\t\t\t<div class=\"elementor-element elementor-element-631178c elementor-widget elementor-widget-heading\" data-id=\"631178c\" data-element_type=\"widget\" data-e-type=\"widget\" data-widget_type=\"heading.default\">\n\t\t\t\t<div class=\"elementor-widget-container\">\n\t\t\t\t\t<h1 class=\"elementor-heading-title elementor-size-default\">Controlo de N\u00edvel Condutivo<\/h1>\t\t\t\t<\/div>\n\t\t\t\t<\/div>\n\t\t\t\t<div class=\"elementor-element elementor-element-f0a0a2e elementor-widget elementor-widget-text-editor\" data-id=\"f0a0a2e\" data-element_type=\"widget\" data-e-type=\"widget\" data-widget_type=\"text-editor.default\">\n\t\t\t\t<div class=\"elementor-widget-container\">\n\t\t\t\t\t\t\t\t\t<p>O controlo de n\u00edvel condutivo disp\u00f5em de sensor de indica\u00e7\u00e3o de n\u00edvel por contacto com o l\u00edquido. <br \/><br \/>Utilizado no controlo de n\u00edvel em processos alimentares, farmac\u00eauticos ou ind\u00fastrias em geral.<br \/><br \/>De aplica\u00e7\u00e3o simples e fi\u00e1vel para detec\u00e7\u00e3o de l\u00edquidos.<\/p>\t\t\t\t\t\t\t\t<\/div>\n\t\t\t\t<\/div>\n\t\t\t\t\t<\/div>\n\t\t<\/div>\n\t\t\t\t<div class=\"elementor-column elementor-col-50 elementor-top-column elementor-element elementor-element-b87d2f4\" data-id=\"b87d2f4\" data-element_type=\"column\" data-e-type=\"column\">\n\t\t\t<div class=\"elementor-widget-wrap elementor-element-populated\">\n\t\t\t\t\t\t<div class=\"elementor-element elementor-element-b3545df elementor-widget elementor-widget-image\" data-id=\"b3545df\" data-element_type=\"widget\" data-e-type=\"widget\" data-widget_type=\"image.default\">\n\t\t\t\t<div class=\"elementor-widget-container\">\n\t\t\t\t\t\t\t\t\t\t\t\t\t\t\t<img fetchpriority=\"high\" decoding=\"async\" width=\"500\" height=\"500\" src=\"https:\/\/klinger.pt\/wp-content\/uploads\/2020\/11\/controlo-nivel-condutivo-1.png\" class=\"attachment-full size-full wp-image-6365\" alt=\"Controlo de n\u00edvel condutivo KLINGER\" srcset=\"https:\/\/klinger.pt\/wp-content\/uploads\/2020\/11\/controlo-nivel-condutivo-1.png 500w, https:\/\/klinger.pt\/wp-content\/uploads\/2020\/11\/controlo-nivel-condutivo-1-300x300.png 300w, https:\/\/klinger.pt\/wp-content\/uploads\/2020\/11\/controlo-nivel-condutivo-1-150x150.png 150w\" sizes=\"(max-width: 500px) 100vw, 500px\" \/>\t\t\t\t\t\t\t\t\t\t\t\t\t\t\t<\/div>\n\t\t\t\t<\/div>\n\t\t\t\t\t<\/div>\n\t\t<\/div>\n\t\t\t\t\t<\/div>\n\t\t<\/section>\n\t\t\t\t<\/div>\n\t\t","protected":false},"excerpt":{"rendered":"<p>CONTROLO DE N\u00cdVEL CONDUTIVO O controlo de n\u00edvel condutivo tem um sensor de indica\u00e7\u00e3o de n\u00edvel de liquido que pode ser aplicado em processos alimentares, farmac\u00eauticos ou industriais em geral. Aplica\u00e7\u00e3o simples e fi\u00e1vel para a dete\u00e7\u00e3o de l\u00edquidos.<\/p>\n","protected":false},"author":1,"featured_media":0,"parent":28333,"menu_order":108,"comment_status":"closed","ping_status":"closed","template":"page-templates\/servicios.php","meta":{"_eb_attr":"","footnotes":""},"class_list":["post-6409","page","type-page","status-publish","hentry"],"aioseo_notices":[],"_links":{"self":[{"href":"https:\/\/klinger.pt\/es\/wp-json\/wp\/v2\/pages\/6409","targetHints":{"allow":["GET"]}}],"collection":[{"href":"https:\/\/klinger.pt\/es\/wp-json\/wp\/v2\/pages"}],"about":[{"href":"https:\/\/klinger.pt\/es\/wp-json\/wp\/v2\/types\/page"}],"author":[{"embeddable":true,"href":"https:\/\/klinger.pt\/es\/wp-json\/wp\/v2\/users\/1"}],"replies":[{"embeddable":true,"href":"https:\/\/klinger.pt\/es\/wp-json\/wp\/v2\/comments?post=6409"}],"version-history":[{"count":2,"href":"https:\/\/klinger.pt\/es\/wp-json\/wp\/v2\/pages\/6409\/revisions"}],"predecessor-version":[{"id":38226,"href":"https:\/\/klinger.pt\/es\/wp-json\/wp\/v2\/pages\/6409\/revisions\/38226"}],"up":[{"embeddable":true,"href":"https:\/\/klinger.pt\/es\/wp-json\/wp\/v2\/pages\/28333"}],"wp:attachment":[{"href":"https:\/\/klinger.pt\/es\/wp-json\/wp\/v2\/media?parent=6409"}],"curies":[{"name":"wp","href":"https:\/\/api.w.org\/{rel}","templated":true}]}}