{"id":6406,"date":"2020-11-09T09:54:07","date_gmt":"2020-11-09T09:54:07","guid":{"rendered":"https:\/\/m5j0n6nk9p.onrocket.site\/?p=6406"},"modified":"2023-02-27T08:46:04","modified_gmt":"2023-02-27T08:46:04","slug":"controlo-de-nivel-capacitivo","status":"publish","type":"page","link":"https:\/\/klinger.pt\/es\/produtos\/instrumentacao\/medicao-de-nivel\/controlo-de-nivel-capacitivo\/","title":{"rendered":"CONTROLO DE N\u00cdVEL CAPACITIVO"},"content":{"rendered":"\t\t<div data-elementor-type=\"wp-post\" data-elementor-id=\"6406\" class=\"elementor elementor-6406\">\n\t\t\t\t\t\t<section class=\"elementor-section elementor-top-section elementor-element elementor-element-a036f2a elementor-section-boxed elementor-section-height-default elementor-section-height-default\" data-id=\"a036f2a\" data-element_type=\"section\" data-e-type=\"section\">\n\t\t\t\t\t\t<div class=\"elementor-container elementor-column-gap-default\">\n\t\t\t\t\t<div class=\"elementor-column elementor-col-100 elementor-top-column elementor-element elementor-element-86bc47a\" data-id=\"86bc47a\" data-element_type=\"column\" data-e-type=\"column\">\n\t\t\t<div class=\"elementor-widget-wrap elementor-element-populated\">\n\t\t\t\t\t\t<div class=\"elementor-element elementor-element-ca6e17d elementor-widget elementor-widget-breadcrumbs\" data-id=\"ca6e17d\" data-element_type=\"widget\" data-e-type=\"widget\" data-widget_type=\"breadcrumbs.default\">\n\t\t\t\t<div class=\"elementor-widget-container\">\n\t\t\t\t\t \t\t\t\t<\/div>\n\t\t\t\t<\/div>\n\t\t\t\t\t<\/div>\n\t\t<\/div>\n\t\t\t\t\t<\/div>\n\t\t<\/section>\n\t\t\t\t<section class=\"elementor-section elementor-top-section elementor-element elementor-element-215b724 elementor-section-stretched elementor-section-boxed elementor-section-height-default elementor-section-height-default\" data-id=\"215b724\" data-element_type=\"section\" data-e-type=\"section\" data-settings=\"{&quot;stretch_section&quot;:&quot;section-stretched&quot;}\">\n\t\t\t\t\t\t<div class=\"elementor-container elementor-column-gap-default\">\n\t\t\t\t\t<div class=\"elementor-column elementor-col-50 elementor-top-column elementor-element elementor-element-3a6beb6\" data-id=\"3a6beb6\" data-element_type=\"column\" data-e-type=\"column\">\n\t\t\t<div class=\"elementor-widget-wrap elementor-element-populated\">\n\t\t\t\t\t\t<div class=\"elementor-element elementor-element-6d8d04b elementor-widget elementor-widget-heading\" data-id=\"6d8d04b\" data-element_type=\"widget\" data-e-type=\"widget\" data-widget_type=\"heading.default\">\n\t\t\t\t<div class=\"elementor-widget-container\">\n\t\t\t\t\t<h1 class=\"elementor-heading-title elementor-size-default\">Controlo de N\u00edvel Capacitivo<\/h1>\t\t\t\t<\/div>\n\t\t\t\t<\/div>\n\t\t\t\t<div class=\"elementor-element elementor-element-f0a0a2e elementor-widget elementor-widget-text-editor\" data-id=\"f0a0a2e\" data-element_type=\"widget\" data-e-type=\"widget\" data-widget_type=\"text-editor.default\">\n\t\t\t\t<div class=\"elementor-widget-container\">\n\t\t\t\t\t\t\t\t\t<p>O controlo de n\u00edvel capacitivo tem sonda de haste apropriada para aplica\u00e7\u00f5es gerais ou qu\u00edmico-farmac\u00eauticas.<\/p>\nEst\u00e1 especialmente indicado para a medi\u00e7\u00e3o de n\u00edvel de l\u00edquidos ou gr\u00e2nulos condutores e n\u00e3o condutivos.\nA sua instala\u00e7\u00e3o dever\u00e1 ser realizada no topo de tanques de metal.\t\t\t\t\t\t\t\t<\/div>\n\t\t\t\t<\/div>\n\t\t\t\t\t<\/div>\n\t\t<\/div>\n\t\t\t\t<div class=\"elementor-column elementor-col-50 elementor-top-column elementor-element elementor-element-b87d2f4\" data-id=\"b87d2f4\" data-element_type=\"column\" data-e-type=\"column\">\n\t\t\t<div class=\"elementor-widget-wrap elementor-element-populated\">\n\t\t\t\t\t\t<div class=\"elementor-element elementor-element-b3545df elementor-widget elementor-widget-image\" data-id=\"b3545df\" data-element_type=\"widget\" data-e-type=\"widget\" data-widget_type=\"image.default\">\n\t\t\t\t<div class=\"elementor-widget-container\">\n\t\t\t\t\t\t\t\t\t\t\t\t\t\t\t<img fetchpriority=\"high\" decoding=\"async\" width=\"500\" height=\"500\" src=\"https:\/\/klinger.pt\/wp-content\/uploads\/2020\/11\/controlo-nivel-capacitivo.png\" class=\"attachment-full size-full wp-image-6355\" alt=\"\" srcset=\"https:\/\/klinger.pt\/wp-content\/uploads\/2020\/11\/controlo-nivel-capacitivo.png 500w, https:\/\/klinger.pt\/wp-content\/uploads\/2020\/11\/controlo-nivel-capacitivo-300x300.png 300w, https:\/\/klinger.pt\/wp-content\/uploads\/2020\/11\/controlo-nivel-capacitivo-150x150.png 150w\" sizes=\"(max-width: 500px) 100vw, 500px\" \/>\t\t\t\t\t\t\t\t\t\t\t\t\t\t\t<\/div>\n\t\t\t\t<\/div>\n\t\t\t\t\t<\/div>\n\t\t<\/div>\n\t\t\t\t\t<\/div>\n\t\t<\/section>\n\t\t\t\t<\/div>\n\t\t","protected":false},"excerpt":{"rendered":"<p>CONTROLO DE N\u00cdVEL CAPACITIVO Controlo de N\u00edvel de Capacitivo, sonda de haste adequada para aplica\u00e7\u00f5es gen\u00e9ricas ou qu\u00edmico-farmac\u00eauticas. Utilizado para medi\u00e7\u00e3o do n\u00edvel de l\u00edquidos ou granulados. Instala\u00e7\u00e3o no topo de tanques met\u00e1licos.<\/p>\n","protected":false},"author":1,"featured_media":0,"parent":28333,"menu_order":109,"comment_status":"closed","ping_status":"closed","template":"page-templates\/servicios.php","meta":{"_eb_attr":"","footnotes":""},"class_list":["post-6406","page","type-page","status-publish","hentry"],"aioseo_notices":[],"_links":{"self":[{"href":"https:\/\/klinger.pt\/es\/wp-json\/wp\/v2\/pages\/6406","targetHints":{"allow":["GET"]}}],"collection":[{"href":"https:\/\/klinger.pt\/es\/wp-json\/wp\/v2\/pages"}],"about":[{"href":"https:\/\/klinger.pt\/es\/wp-json\/wp\/v2\/types\/page"}],"author":[{"embeddable":true,"href":"https:\/\/klinger.pt\/es\/wp-json\/wp\/v2\/users\/1"}],"replies":[{"embeddable":true,"href":"https:\/\/klinger.pt\/es\/wp-json\/wp\/v2\/comments?post=6406"}],"version-history":[{"count":2,"href":"https:\/\/klinger.pt\/es\/wp-json\/wp\/v2\/pages\/6406\/revisions"}],"predecessor-version":[{"id":38225,"href":"https:\/\/klinger.pt\/es\/wp-json\/wp\/v2\/pages\/6406\/revisions\/38225"}],"up":[{"embeddable":true,"href":"https:\/\/klinger.pt\/es\/wp-json\/wp\/v2\/pages\/28333"}],"wp:attachment":[{"href":"https:\/\/klinger.pt\/es\/wp-json\/wp\/v2\/media?parent=6406"}],"curies":[{"name":"wp","href":"https:\/\/api.w.org\/{rel}","templated":true}]}}