{"id":6345,"date":"2020-11-09T08:48:33","date_gmt":"2020-11-09T08:48:33","guid":{"rendered":"https:\/\/m5j0n6nk9p.onrocket.site\/?p=6345"},"modified":"2023-04-04T14:36:17","modified_gmt":"2023-04-04T13:36:17","slug":"caudalimetro-electromagneticos","status":"publish","type":"page","link":"https:\/\/klinger.pt\/es\/produtos\/instrumentacao\/medicao-de-caudal\/caudalimetro-electromagneticos\/","title":{"rendered":"CAUDAL\u00cdMETRO ELECTROMAGN\u00c9TICO"},"content":{"rendered":"\t\t<div data-elementor-type=\"wp-post\" data-elementor-id=\"6345\" class=\"elementor elementor-6345\">\n\t\t\t\t\t\t<section class=\"elementor-section elementor-top-section elementor-element elementor-element-75b0c8a elementor-section-boxed elementor-section-height-default elementor-section-height-default\" data-id=\"75b0c8a\" data-element_type=\"section\" data-e-type=\"section\">\n\t\t\t\t\t\t<div class=\"elementor-container elementor-column-gap-default\">\n\t\t\t\t\t<div class=\"elementor-column elementor-col-100 elementor-top-column elementor-element elementor-element-c3a15bc\" data-id=\"c3a15bc\" data-element_type=\"column\" data-e-type=\"column\">\n\t\t\t<div class=\"elementor-widget-wrap elementor-element-populated\">\n\t\t\t\t\t\t<div class=\"elementor-element elementor-element-fe1e909 elementor-widget elementor-widget-breadcrumbs\" data-id=\"fe1e909\" data-element_type=\"widget\" data-e-type=\"widget\" data-widget_type=\"breadcrumbs.default\">\n\t\t\t\t<div class=\"elementor-widget-container\">\n\t\t\t\t\t \t\t\t\t<\/div>\n\t\t\t\t<\/div>\n\t\t\t\t\t<\/div>\n\t\t<\/div>\n\t\t\t\t\t<\/div>\n\t\t<\/section>\n\t\t\t\t<section class=\"elementor-section elementor-top-section elementor-element elementor-element-215b724 elementor-section-stretched elementor-section-boxed elementor-section-height-default elementor-section-height-default\" data-id=\"215b724\" data-element_type=\"section\" data-e-type=\"section\" data-settings=\"{&quot;stretch_section&quot;:&quot;section-stretched&quot;}\">\n\t\t\t\t\t\t<div class=\"elementor-container elementor-column-gap-default\">\n\t\t\t\t\t<div class=\"elementor-column elementor-col-50 elementor-top-column elementor-element elementor-element-3a6beb6\" data-id=\"3a6beb6\" data-element_type=\"column\" data-e-type=\"column\">\n\t\t\t<div class=\"elementor-widget-wrap elementor-element-populated\">\n\t\t\t\t\t\t<div class=\"elementor-element elementor-element-1f372f0 elementor-widget elementor-widget-heading\" data-id=\"1f372f0\" data-element_type=\"widget\" data-e-type=\"widget\" data-widget_type=\"heading.default\">\n\t\t\t\t<div class=\"elementor-widget-container\">\n\t\t\t\t\t<h1 class=\"elementor-heading-title elementor-size-default\">Eletromagn\u00e9tico<\/h1>\t\t\t\t<\/div>\n\t\t\t\t<\/div>\n\t\t\t\t<div class=\"elementor-element elementor-element-f0a0a2e elementor-widget elementor-widget-text-editor\" data-id=\"f0a0a2e\" data-element_type=\"widget\" data-e-type=\"widget\" data-widget_type=\"text-editor.default\">\n\t\t\t\t<div class=\"elementor-widget-container\">\n\t\t\t\t\t\t\t\t\t<p>Ideal para a medi\u00e7\u00e3o de caudal em canal com sensores eletromagn\u00e9tico para l\u00edquidos n\u00e3o condutivos. Possibilidade de sele\u00e7\u00e3o de v\u00e1rios materiais de constru\u00e7\u00e3o e configura\u00e7\u00e3o do sistema \u00e0 medida.<\/p>\t\t\t\t\t\t\t\t<\/div>\n\t\t\t\t<\/div>\n\t\t\t\t\t<\/div>\n\t\t<\/div>\n\t\t\t\t<div class=\"elementor-column elementor-col-50 elementor-top-column elementor-element elementor-element-b87d2f4\" data-id=\"b87d2f4\" data-element_type=\"column\" data-e-type=\"column\">\n\t\t\t<div class=\"elementor-widget-wrap elementor-element-populated\">\n\t\t\t\t\t\t<div class=\"elementor-element elementor-element-b3545df elementor-widget elementor-widget-image\" data-id=\"b3545df\" data-element_type=\"widget\" data-e-type=\"widget\" data-widget_type=\"image.default\">\n\t\t\t\t<div class=\"elementor-widget-container\">\n\t\t\t\t\t\t\t\t\t\t\t\t\t\t\t<img fetchpriority=\"high\" decoding=\"async\" width=\"500\" height=\"500\" src=\"https:\/\/klinger.pt\/wp-content\/uploads\/2020\/11\/controlo-caudal-electromagnetico-1.png\" class=\"attachment-full size-full wp-image-6329\" alt=\"\" srcset=\"https:\/\/klinger.pt\/wp-content\/uploads\/2020\/11\/controlo-caudal-electromagnetico-1.png 500w, https:\/\/klinger.pt\/wp-content\/uploads\/2020\/11\/controlo-caudal-electromagnetico-1-300x300.png 300w, https:\/\/klinger.pt\/wp-content\/uploads\/2020\/11\/controlo-caudal-electromagnetico-1-150x150.png 150w\" sizes=\"(max-width: 500px) 100vw, 500px\" \/>\t\t\t\t\t\t\t\t\t\t\t\t\t\t\t<\/div>\n\t\t\t\t<\/div>\n\t\t\t\t\t<\/div>\n\t\t<\/div>\n\t\t\t\t\t<\/div>\n\t\t<\/section>\n\t\t\t\t<\/div>\n\t\t","protected":false},"excerpt":{"rendered":"<p>CAUDAL\u00cdMETRO ELECTROMAGN\u00c9TICO O KLINGER LDG \u00e9 um caudal\u00edmetro electromagn\u00e9tico para medi\u00e7\u00e3o de caudal em l\u00edquidos com condutividade el\u00e9ctrica. O principio de medi\u00e7\u00e3o \u00e9 baseado na Lei de Faraday sobre indu\u00e7\u00e3o magn\u00e9tica. Esta lei diz que uma tens\u00e3o el\u00e9ctrica ser\u00e1 induzida, quando um condutor passar por um campo magn\u00e9tico. No Caudalimetro electromagn\u00e9tico, \u00e9 o l\u00edquido o [&hellip;]<\/p>\n","protected":false},"author":1,"featured_media":0,"parent":28322,"menu_order":111,"comment_status":"closed","ping_status":"closed","template":"page-templates\/servicios.php","meta":{"_eb_attr":"","footnotes":""},"class_list":["post-6345","page","type-page","status-publish","hentry"],"aioseo_notices":[],"_links":{"self":[{"href":"https:\/\/klinger.pt\/es\/wp-json\/wp\/v2\/pages\/6345","targetHints":{"allow":["GET"]}}],"collection":[{"href":"https:\/\/klinger.pt\/es\/wp-json\/wp\/v2\/pages"}],"about":[{"href":"https:\/\/klinger.pt\/es\/wp-json\/wp\/v2\/types\/page"}],"author":[{"embeddable":true,"href":"https:\/\/klinger.pt\/es\/wp-json\/wp\/v2\/users\/1"}],"replies":[{"embeddable":true,"href":"https:\/\/klinger.pt\/es\/wp-json\/wp\/v2\/comments?post=6345"}],"version-history":[{"count":11,"href":"https:\/\/klinger.pt\/es\/wp-json\/wp\/v2\/pages\/6345\/revisions"}],"predecessor-version":[{"id":40776,"href":"https:\/\/klinger.pt\/es\/wp-json\/wp\/v2\/pages\/6345\/revisions\/40776"}],"up":[{"embeddable":true,"href":"https:\/\/klinger.pt\/es\/wp-json\/wp\/v2\/pages\/28322"}],"wp:attachment":[{"href":"https:\/\/klinger.pt\/es\/wp-json\/wp\/v2\/media?parent=6345"}],"curies":[{"name":"wp","href":"https:\/\/api.w.org\/{rel}","templated":true}]}}