{"id":6273,"date":"2020-11-05T08:32:07","date_gmt":"2020-11-05T08:32:07","guid":{"rendered":"https:\/\/m5j0n6nk9p.onrocket.site\/?p=6273"},"modified":"2023-02-27T09:51:50","modified_gmt":"2023-02-27T09:51:50","slug":"medicao-de-temperatura","status":"publish","type":"page","link":"https:\/\/klinger.pt\/es\/produtos\/instrumentacao\/medicao-de-temperatura\/","title":{"rendered":"MEDI\u00c7\u00c3O DE TEMPERATURA"},"content":{"rendered":"\t\t<div data-elementor-type=\"wp-post\" data-elementor-id=\"6273\" class=\"elementor elementor-6273\">\n\t\t\t\t\t\t<section class=\"elementor-section elementor-top-section elementor-element elementor-element-04d6743 elementor-section-boxed elementor-section-height-default elementor-section-height-default\" data-id=\"04d6743\" data-element_type=\"section\" data-e-type=\"section\">\n\t\t\t\t\t\t<div class=\"elementor-container elementor-column-gap-default\">\n\t\t\t\t\t<div class=\"elementor-column elementor-col-100 elementor-top-column elementor-element elementor-element-76e1164\" data-id=\"76e1164\" data-element_type=\"column\" data-e-type=\"column\">\n\t\t\t<div class=\"elementor-widget-wrap elementor-element-populated\">\n\t\t\t\t\t\t<div class=\"elementor-element elementor-element-af6ff3b elementor-widget elementor-widget-breadcrumbs\" data-id=\"af6ff3b\" data-element_type=\"widget\" data-e-type=\"widget\" data-widget_type=\"breadcrumbs.default\">\n\t\t\t\t<div class=\"elementor-widget-container\">\n\t\t\t\t\t \t\t\t\t<\/div>\n\t\t\t\t<\/div>\n\t\t\t\t\t<\/div>\n\t\t<\/div>\n\t\t\t\t\t<\/div>\n\t\t<\/section>\n\t\t\t\t<section class=\"elementor-section elementor-top-section elementor-element elementor-element-215b724 elementor-section-stretched elementor-section-boxed elementor-section-height-default elementor-section-height-default\" data-id=\"215b724\" data-element_type=\"section\" data-e-type=\"section\" data-settings=\"{&quot;stretch_section&quot;:&quot;section-stretched&quot;}\">\n\t\t\t\t\t\t<div class=\"elementor-container elementor-column-gap-default\">\n\t\t\t\t\t<div class=\"elementor-column elementor-col-50 elementor-top-column elementor-element elementor-element-3a6beb6\" data-id=\"3a6beb6\" data-element_type=\"column\" data-e-type=\"column\">\n\t\t\t<div class=\"elementor-widget-wrap elementor-element-populated\">\n\t\t\t\t\t\t<div class=\"elementor-element elementor-element-0fa71be elementor-widget elementor-widget-heading\" data-id=\"0fa71be\" data-element_type=\"widget\" data-e-type=\"widget\" data-widget_type=\"heading.default\">\n\t\t\t\t<div class=\"elementor-widget-container\">\n\t\t\t\t\t<h1 class=\"elementor-heading-title elementor-size-default\">Controlo de Temperatura<\/h1>\t\t\t\t<\/div>\n\t\t\t\t<\/div>\n\t\t\t\t<div class=\"elementor-element elementor-element-f0a0a2e elementor-widget elementor-widget-text-editor\" data-id=\"f0a0a2e\" data-element_type=\"widget\" data-e-type=\"widget\" data-widget_type=\"text-editor.default\">\n\t\t\t\t<div class=\"elementor-widget-container\">\n\t\t\t\t\t\t\t\t\t<p>As sondas de controlo de temperatura t\u00eam uma alta velocidade de resposta devido \u00e0 combina\u00e7\u00e3o ideal de materiais.<\/p>\n\nAl\u00e9m disso apresentam uma alta condutividade t\u00e9rmica. Podem ser aplicadas em v\u00e1rias situa\u00e7\u00f5es como:\n<ul> \u2022 monitorizar processos industriais;<\/ul>\n<ul>\u2022 tratamento de \u00e1guas;<\/ul>\n\n<ul>\u2022 assim como, servirem como alarme em situa\u00e7\u00f5es de perigo, nomeadamente em silos de armazenamento de cereais.<\/ul>\t\t\t\t\t\t\t\t<\/div>\n\t\t\t\t<\/div>\n\t\t\t\t\t<\/div>\n\t\t<\/div>\n\t\t\t\t<div class=\"elementor-column elementor-col-50 elementor-top-column elementor-element elementor-element-b87d2f4\" data-id=\"b87d2f4\" data-element_type=\"column\" data-e-type=\"column\">\n\t\t\t<div class=\"elementor-widget-wrap elementor-element-populated\">\n\t\t\t\t\t\t<div class=\"elementor-element elementor-element-b3545df elementor-widget elementor-widget-image\" data-id=\"b3545df\" data-element_type=\"widget\" data-e-type=\"widget\" data-widget_type=\"image.default\">\n\t\t\t\t<div class=\"elementor-widget-container\">\n\t\t\t\t\t\t\t\t\t\t\t\t\t\t\t<img fetchpriority=\"high\" decoding=\"async\" width=\"252\" height=\"252\" src=\"https:\/\/klinger.pt\/wp-content\/uploads\/2020\/07\/temperatura-thumbnail.jpg\" class=\"attachment-full size-full wp-image-4210\" alt=\"\" srcset=\"https:\/\/klinger.pt\/wp-content\/uploads\/2020\/07\/temperatura-thumbnail.jpg 252w, https:\/\/klinger.pt\/wp-content\/uploads\/2020\/07\/temperatura-thumbnail-150x150.jpg 150w\" sizes=\"(max-width: 252px) 100vw, 252px\" \/>\t\t\t\t\t\t\t\t\t\t\t\t\t\t\t<\/div>\n\t\t\t\t<\/div>\n\t\t\t\t\t<\/div>\n\t\t<\/div>\n\t\t\t\t\t<\/div>\n\t\t<\/section>\n\t\t\t\t<\/div>\n\t\t","protected":false},"excerpt":{"rendered":"<p>MEDI\u00c7\u00c3O DE TEMPERATURA Equipamentos de medi\u00e7\u00e3o e solu\u00e7\u00f5es para medi\u00e7\u00f5es de temperatura para aplica\u00e7\u00e3o em diferentes ramos da ind\u00fastria. Estes incluem a ind\u00fastria sider\u00fargica, fundi\u00e7\u00f5es e as ind\u00fastrias de vidro, cimento, cer\u00e2mica e qu\u00edmica.<\/p>\n","protected":false},"author":1,"featured_media":0,"parent":28316,"menu_order":159,"comment_status":"closed","ping_status":"closed","template":"page-templates\/servicios.php","meta":{"_eb_attr":"","footnotes":""},"class_list":["post-6273","page","type-page","status-publish","hentry"],"aioseo_notices":[],"_links":{"self":[{"href":"https:\/\/klinger.pt\/es\/wp-json\/wp\/v2\/pages\/6273","targetHints":{"allow":["GET"]}}],"collection":[{"href":"https:\/\/klinger.pt\/es\/wp-json\/wp\/v2\/pages"}],"about":[{"href":"https:\/\/klinger.pt\/es\/wp-json\/wp\/v2\/types\/page"}],"author":[{"embeddable":true,"href":"https:\/\/klinger.pt\/es\/wp-json\/wp\/v2\/users\/1"}],"replies":[{"embeddable":true,"href":"https:\/\/klinger.pt\/es\/wp-json\/wp\/v2\/comments?post=6273"}],"version-history":[{"count":3,"href":"https:\/\/klinger.pt\/es\/wp-json\/wp\/v2\/pages\/6273\/revisions"}],"predecessor-version":[{"id":38324,"href":"https:\/\/klinger.pt\/es\/wp-json\/wp\/v2\/pages\/6273\/revisions\/38324"}],"up":[{"embeddable":true,"href":"https:\/\/klinger.pt\/es\/wp-json\/wp\/v2\/pages\/28316"}],"wp:attachment":[{"href":"https:\/\/klinger.pt\/es\/wp-json\/wp\/v2\/media?parent=6273"}],"curies":[{"name":"wp","href":"https:\/\/api.w.org\/{rel}","templated":true}]}}