{"id":6156,"date":"2020-10-28T09:55:10","date_gmt":"2020-10-28T09:55:10","guid":{"rendered":"https:\/\/m5j0n6nk9p.onrocket.site\/?p=6156"},"modified":"2023-06-13T11:55:15","modified_gmt":"2023-06-13T10:55:15","slug":"bombas-termoplasticas","status":"publish","type":"page","link":"https:\/\/klinger.pt\/es\/produtos\/bombas-e-agitacao\/bombas\/bombas-termoplasticas\/","title":{"rendered":"BOMBAS TERMOPL\u00c1STICAS"},"content":{"rendered":"\t\t<div data-elementor-type=\"wp-post\" data-elementor-id=\"6156\" class=\"elementor elementor-6156\">\n\t\t\t\t\t\t<section class=\"elementor-section elementor-top-section elementor-element elementor-element-45844eb elementor-section-boxed elementor-section-height-default elementor-section-height-default\" data-id=\"45844eb\" data-element_type=\"section\" data-e-type=\"section\">\n\t\t\t\t\t\t<div class=\"elementor-container elementor-column-gap-default\">\n\t\t\t\t\t<div class=\"elementor-column elementor-col-100 elementor-top-column elementor-element elementor-element-463b928\" data-id=\"463b928\" data-element_type=\"column\" data-e-type=\"column\">\n\t\t\t<div class=\"elementor-widget-wrap elementor-element-populated\">\n\t\t\t\t\t\t<div class=\"elementor-element elementor-element-fbadddf elementor-widget elementor-widget-breadcrumbs\" data-id=\"fbadddf\" data-element_type=\"widget\" data-e-type=\"widget\" data-widget_type=\"breadcrumbs.default\">\n\t\t\t\t<div class=\"elementor-widget-container\">\n\t\t\t\t\t \t\t\t\t<\/div>\n\t\t\t\t<\/div>\n\t\t\t\t\t<\/div>\n\t\t<\/div>\n\t\t\t\t\t<\/div>\n\t\t<\/section>\n\t\t\t\t<section class=\"elementor-section elementor-top-section elementor-element elementor-element-215b724 elementor-section-stretched elementor-section-boxed elementor-section-height-default elementor-section-height-default\" data-id=\"215b724\" data-element_type=\"section\" data-e-type=\"section\" data-settings=\"{&quot;stretch_section&quot;:&quot;section-stretched&quot;}\">\n\t\t\t\t\t\t<div class=\"elementor-container elementor-column-gap-default\">\n\t\t\t\t\t<div class=\"elementor-column elementor-col-50 elementor-top-column elementor-element elementor-element-3a6beb6\" data-id=\"3a6beb6\" data-element_type=\"column\" data-e-type=\"column\">\n\t\t\t<div class=\"elementor-widget-wrap elementor-element-populated\">\n\t\t\t\t\t\t<div class=\"elementor-element elementor-element-8af5ac5 elementor-widget elementor-widget-heading\" data-id=\"8af5ac5\" data-element_type=\"widget\" data-e-type=\"widget\" data-widget_type=\"heading.default\">\n\t\t\t\t<div class=\"elementor-widget-container\">\n\t\t\t\t\t<h1 class=\"elementor-heading-title elementor-size-default\">Bombas Termopl\u00e1sticas<\/h1>\t\t\t\t<\/div>\n\t\t\t\t<\/div>\n\t\t\t\t<div class=\"elementor-element elementor-element-f0a0a2e elementor-widget elementor-widget-text-editor\" data-id=\"f0a0a2e\" data-element_type=\"widget\" data-e-type=\"widget\" data-widget_type=\"text-editor.default\">\n\t\t\t\t<div class=\"elementor-widget-container\">\n\t\t\t\t\t\t\t\t\t<p>As bombas termopl\u00e1sticas s\u00e3o\u00a0 constru\u00eddas em material tais como PVC, PP, PVDF, com acionamento magn\u00e9tico e direto.<\/p><p>Foram projetadas para suportar condi\u00e7\u00f5es de trabalho quimicamente exigentes. Para \u00e1cidos e bases concentradas, solu\u00e7\u00f5es alcalinas ou \u00e1gua do mar.<\/p>\t\t\t\t\t\t\t\t<\/div>\n\t\t\t\t<\/div>\n\t\t\t\t\t<\/div>\n\t\t<\/div>\n\t\t\t\t<div class=\"elementor-column elementor-col-50 elementor-top-column elementor-element elementor-element-b87d2f4\" data-id=\"b87d2f4\" data-element_type=\"column\" data-e-type=\"column\">\n\t\t\t<div class=\"elementor-widget-wrap elementor-element-populated\">\n\t\t\t\t\t\t<div class=\"elementor-element elementor-element-b3545df elementor-widget elementor-widget-image\" data-id=\"b3545df\" data-element_type=\"widget\" data-e-type=\"widget\" data-widget_type=\"image.default\">\n\t\t\t\t<div class=\"elementor-widget-container\">\n\t\t\t\t\t\t\t\t\t\t\t\t\t\t\t<img fetchpriority=\"high\" decoding=\"async\" width=\"885\" height=\"575\" src=\"https:\/\/klinger.pt\/wp-content\/uploads\/2020\/10\/Bombas-Termoplasticas-KLINGER-Portugal.webp\" class=\"attachment-full size-full wp-image-12387\" alt=\"Bombas-Termopl\u00e1sticas-KLINGER-Portugal\" srcset=\"https:\/\/klinger.pt\/wp-content\/uploads\/2020\/10\/Bombas-Termoplasticas-KLINGER-Portugal.webp 885w, https:\/\/klinger.pt\/wp-content\/uploads\/2020\/10\/Bombas-Termoplasticas-KLINGER-Portugal-300x195.webp 300w, https:\/\/klinger.pt\/wp-content\/uploads\/2020\/10\/Bombas-Termoplasticas-KLINGER-Portugal-768x499.webp 768w\" sizes=\"(max-width: 885px) 100vw, 885px\" \/>\t\t\t\t\t\t\t\t\t\t\t\t\t\t\t<\/div>\n\t\t\t\t<\/div>\n\t\t\t\t\t<\/div>\n\t\t<\/div>\n\t\t\t\t\t<\/div>\n\t\t<\/section>\n\t\t\t\t<\/div>\n\t\t","protected":false},"excerpt":{"rendered":"<p>BOMBAS TERMOPL\u00c1STICAS As bombas termopl\u00e1sticas s\u00e3o&nbsp; constru\u00eddas em material tais como PVC, PP, PVDF, com acionamento magn\u00e9tico e direto. Foram projetadas para suportar condi\u00e7\u00f5es de trabalho quimicamente exigentes. Para \u00e1cidos e bases concentradas, solu\u00e7\u00f5es alcalinas ou \u00e1gua do mar.<\/p>\n","protected":false},"author":1,"featured_media":0,"parent":24675,"menu_order":188,"comment_status":"closed","ping_status":"closed","template":"page-templates\/servicios.php","meta":{"_eb_attr":"","footnotes":""},"class_list":["post-6156","page","type-page","status-publish","hentry"],"aioseo_notices":[],"_links":{"self":[{"href":"https:\/\/klinger.pt\/es\/wp-json\/wp\/v2\/pages\/6156","targetHints":{"allow":["GET"]}}],"collection":[{"href":"https:\/\/klinger.pt\/es\/wp-json\/wp\/v2\/pages"}],"about":[{"href":"https:\/\/klinger.pt\/es\/wp-json\/wp\/v2\/types\/page"}],"author":[{"embeddable":true,"href":"https:\/\/klinger.pt\/es\/wp-json\/wp\/v2\/users\/1"}],"replies":[{"embeddable":true,"href":"https:\/\/klinger.pt\/es\/wp-json\/wp\/v2\/comments?post=6156"}],"version-history":[{"count":2,"href":"https:\/\/klinger.pt\/es\/wp-json\/wp\/v2\/pages\/6156\/revisions"}],"predecessor-version":[{"id":43408,"href":"https:\/\/klinger.pt\/es\/wp-json\/wp\/v2\/pages\/6156\/revisions\/43408"}],"up":[{"embeddable":true,"href":"https:\/\/klinger.pt\/es\/wp-json\/wp\/v2\/pages\/24675"}],"wp:attachment":[{"href":"https:\/\/klinger.pt\/es\/wp-json\/wp\/v2\/media?parent=6156"}],"curies":[{"name":"wp","href":"https:\/\/api.w.org\/{rel}","templated":true}]}}