{"id":48275,"date":"2022-11-22T13:56:06","date_gmt":"2022-11-22T13:56:06","guid":{"rendered":"https:\/\/klinger.pt\/inicio\/"},"modified":"2026-04-06T15:36:32","modified_gmt":"2026-04-06T14:36:32","slug":"inicio","status":"publish","type":"page","link":"https:\/\/klinger.pt\/es\/inicio\/","title":{"rendered":"In\u00edcio"},"content":{"rendered":"\n<div class=\"wp-block-columns has-2-columns is-layout-flex wp-container-core-columns-is-layout-9d6595d7 wp-block-columns-is-layout-flex\">\n<div class=\"wp-block-column has-white-background-color has-background is-layout-flow wp-block-column-is-layout-flow\">\n<h1 class=\"hometitle has-text-color wp-block-heading\" style=\"color:#003a67;font-size:50px\">KLINGER PORTUGAL<\/h1>\n\n\n\n<p class=\"homesubtitle has-text-color\" style=\"color:#1068b4;font-size:32px\">Refer\u00eancia no setor industrial e tratamento de \u00e1gua<\/p>\n<\/div>\n\n\n\n<div class=\"wp-block-column has-white-background-color has-background is-layout-flow wp-block-column-is-layout-flow\">\n<p><\/p>\n\n\n\n<p style=\"font-size:22px\">E-Mail: <a href=\"mailto:geral@klinger.pt\">geral@klinger.pt<\/a><\/p>\n\n\n\n<p>\u2713 V\u00e1lvulas \u2713 Equipamentos t\u00e9cnicos \u2713 Veda\u00e7\u00e3o \u2713 Compensadores e Mangueiras Met\u00e1licas \u2713 Tratamento de \u00c1guas e Lamas \u2713 Bombas \u2713 Aplica\u00e7\u00f5es de Engenharia \u2713 Instrumenta\u00e7\u00e3o<\/p>\n<\/div>\n<\/div>\n\n<div class=\"wp-block-columns has-2-columns is-layout-flex wp-container-core-columns-is-layout-9d6595d7 wp-block-columns-is-layout-flex\">\n<div class=\"wp-block-column is-layout-flow wp-block-column-is-layout-flow\">\n<figure class=\"wp-block-table flecha\"><table><tbody><tr><td><a href=\"https:\/\/klinger.pt\/sobre-nos-2\/historia-klinger-portugal\/\" data-type=\"page\" data-id=\"12454\"><img fetchpriority=\"high\" decoding=\"async\" class=\"wp-image-16201\" width=\"270\" height=\"203\" style=\"width: 270px;\" src=\"https:\/\/klinger.pt\/wp-content\/uploads\/2023\/01\/Fachada-Instalacoes-KLINGER-Portugal-Vila-do-Conde-600-comp.jpg\" alt=\"Fachada KLINGER Portugal - Vila do Conde\"\/><\/a><\/td><td><a href=\"https:\/\/klinger.pt\/sobre-nos-2\/historia-klinger-portugal\/\" data-type=\"page\" data-id=\"12454\"><h2 style=\"margin: 0;\"><strong>KLINGER PORTUGAL<br\/><\/strong><\/h2><h3 style=\"font-size: 22px;margin: 0;\"><em>Sobre nosotros.<\/em><\/h3><br\/>El Grupo KLINGER es reconocido como un socio de confianza para soluciones globales de estanquidad y control de fluidos.<\/a><br\/><a href=\"https:\/\/klinger.pt\/sobre-nos-2\/historia-klinger-portugal\/\" aria-label=\"Saiba mais sobre n&#xF3;s\" data-type=\"page\" data-id=\"12454\"><img decoding=\"async\" class=\"wp-image-2704\" width=\"18\" height=\"18\" style=\"width: 18px;\" src=\"https:\/\/www.klinger.es\/wp-content\/uploads\/2019\/11\/icon-arrow-blue-double.png\" alt=\"M&#xE1;s\"\/><\/a><\/td><\/tr><\/tbody><\/table><\/figure>\n<\/div>\n\n\n\n<div class=\"wp-block-column is-layout-flow wp-block-column-is-layout-flow\">\n<figure class=\"wp-block-table flecha\"><table><tbody><tr><td><a href=\"https:\/\/klinger.pt\/produtos\/\" title=\"PRODUCTOS\"><img decoding=\"async\" class=\"wp-image-16202\" width=\"270\" height=\"226\" style=\"width: 270px;\" src=\"https:\/\/klinger.pt\/wp-content\/uploads\/2023\/01\/6-min-scaled-1-600-comp.jpg\" alt=\"Productos y Soluciones KLINGER PORTUGAL\"\/><\/a><\/td><td><a href=\"https:\/\/klinger.pt\/produtos\/\" title=\"PRODUCTOS\"><h2 style=\"margin: 0;\"><strong>PRODUCTOS Y SOLUCIONES<br\/><\/strong><\/h2><h3 style=\"font-size: 22px;margin: 0;\"><em>Experiencia, servicios y productos de alta calidad.<\/em><\/h3><br\/>Nuestra exclusiva l\u00ednea de productos ofrece diversas soluciones para casos \u00fanicos.<\/a><br\/><a href=\"https:\/\/klinger.pt\/produtos\/\" aria-label=\"Saiba mais acerca dos nossos produtos\" title=\"PRODUCTOS\"><img decoding=\"async\" class=\"wp-image-2704\" width=\"18\" height=\"18\" style=\"width: 18px;\" src=\"https:\/\/www.klinger.es\/wp-content\/uploads\/2019\/11\/icon-arrow-blue-double.png\" alt=\"M&#xE1;s\"\/><\/a><\/td><\/tr><\/tbody><\/table><\/figure>\n<\/div>\n<\/div>\n\n<div style=\"height:50px\" aria-hidden=\"true\" class=\"wp-block-spacer\"><\/div>\n\n<div class=\"wp-block-columns has-2-columns is-layout-flex wp-container-core-columns-is-layout-9d6595d7 wp-block-columns-is-layout-flex\">\n<div class=\"wp-block-column is-layout-flow wp-block-column-is-layout-flow\">\n<figure class=\"wp-block-image size-full\"><img loading=\"lazy\" decoding=\"async\" width=\"700\" height=\"400\" src=\"https:\/\/klinger.pt\/wp-content\/uploads\/2022\/11\/breaking-news.jpg\" alt=\"\" class=\"wp-image-33143\" srcset=\"https:\/\/klinger.pt\/wp-content\/uploads\/2022\/11\/breaking-news.jpg 700w, https:\/\/klinger.pt\/wp-content\/uploads\/2022\/11\/breaking-news-300x171.jpg 300w\" sizes=\"(max-width: 700px) 100vw, 700px\" \/><\/figure>\n<\/div>\n\n\n\n<div class=\"wp-block-column is-layout-flow wp-block-column-is-layout-flow\"><ul class=\"wp-block-latest-posts__list wp-block-latest-posts\"><li><a class=\"wp-block-latest-posts__post-title\" href=\"https:\/\/klinger.pt\/es\/skids-liberaqua-solucoes-compactas-moveis-e-plug-play\/\">SKIDS LiberAqua: Solu\u00e7\u00f5es Compactas, M\u00f3veis e Plug &amp; Play<\/a><div class=\"wp-block-latest-posts__post-excerpt\">O tratamento de \u00e1guas residuais enfrenta desafios crescentes, tanto ao n\u00edvel da efici\u00eancia dos processos como da flexibilidade operacional. Neste contexto, os skids da LiberAqua afirmam-se como uma solu\u00e7\u00e3o compacta,&#8230; <a class=\"wp-block-latest-posts__read-more\" href=\"https:\/\/klinger.pt\/es\/skids-liberaqua-solucoes-compactas-moveis-e-plug-play\/\" rel=\"noopener noreferrer\">Lee m\u00e1s<span class=\"screen-reader-text\">: SKIDS LiberAqua: Solu\u00e7\u00f5es Compactas, M\u00f3veis e Plug &amp; Play<\/span><\/a><\/div><\/li>\n<li><a class=\"wp-block-latest-posts__post-title\" href=\"https:\/\/klinger.pt\/es\/wave-separator-eficiencia-na-separacao-solido-liquido\/\">Espessador de Discos Ovais: Efici\u00eancia na Separa\u00e7\u00e3o S\u00f3lido-L\u00edquido<\/a><div class=\"wp-block-latest-posts__post-excerpt\">O Espessador de Discos Ovais \u00e9 um equipamento autolimpante de nova gera\u00e7\u00e3o, desenvolvido para processos de tamisagem, espessamento e desidrata\u00e7\u00e3o com elevada efici\u00eancia e baixas necessidades de manuten\u00e7\u00e3o. A sua&#8230; <a class=\"wp-block-latest-posts__read-more\" href=\"https:\/\/klinger.pt\/es\/wave-separator-eficiencia-na-separacao-solido-liquido\/\" rel=\"noopener noreferrer\">Lee m\u00e1s<span class=\"screen-reader-text\">: Espessador de Discos Ovais: Efici\u00eancia na Separa\u00e7\u00e3o S\u00f3lido-L\u00edquido<\/span><\/a><\/div><\/li>\n<\/ul><\/div>\n<\/div>\n\n<div style=\"height:50px\" aria-hidden=\"true\" class=\"wp-block-spacer\"><\/div>\n","protected":false},"excerpt":{"rendered":"<p>KLINGER PORTUGAL Refer\u00eancia no setor industrial e tratamento de \u00e1gua E-Mail: geral@klinger.pt \u2713 V\u00e1lvulas \u2713 Equipamentos t\u00e9cnicos \u2713 Veda\u00e7\u00e3o \u2713 Compensadores e Mangueiras Met\u00e1licas \u2713 Tratamento de \u00c1guas e Lamas \u2713 Bombas \u2713 Aplica\u00e7\u00f5es de Engenharia \u2713 Instrumenta\u00e7\u00e3o KLINGER PORTUGAL Sobre nosotros. El Grupo KLINGER es reconocido como un socio de confianza para soluciones globales [&hellip;]<\/p>\n","protected":false},"author":1,"featured_media":0,"parent":0,"menu_order":0,"comment_status":"closed","ping_status":"closed","template":"page-templates\/front-page.php","meta":{"_eb_attr":"","footnotes":""},"class_list":["post-48275","page","type-page","status-publish","hentry"],"aioseo_notices":[],"_links":{"self":[{"href":"https:\/\/klinger.pt\/es\/wp-json\/wp\/v2\/pages\/48275","targetHints":{"allow":["GET"]}}],"collection":[{"href":"https:\/\/klinger.pt\/es\/wp-json\/wp\/v2\/pages"}],"about":[{"href":"https:\/\/klinger.pt\/es\/wp-json\/wp\/v2\/types\/page"}],"author":[{"embeddable":true,"href":"https:\/\/klinger.pt\/es\/wp-json\/wp\/v2\/users\/1"}],"replies":[{"embeddable":true,"href":"https:\/\/klinger.pt\/es\/wp-json\/wp\/v2\/comments?post=48275"}],"version-history":[{"count":1,"href":"https:\/\/klinger.pt\/es\/wp-json\/wp\/v2\/pages\/48275\/revisions"}],"predecessor-version":[{"id":48277,"href":"https:\/\/klinger.pt\/es\/wp-json\/wp\/v2\/pages\/48275\/revisions\/48277"}],"wp:attachment":[{"href":"https:\/\/klinger.pt\/es\/wp-json\/wp\/v2\/media?parent=48275"}],"curies":[{"name":"wp","href":"https:\/\/api.w.org\/{rel}","templated":true}]}}