{"id":47048,"date":"2025-06-27T16:15:34","date_gmt":"2025-06-27T15:15:34","guid":{"rendered":"https:\/\/m5j0n6nk9p.onrocket.site\/?page_id=47048"},"modified":"2025-06-27T16:59:43","modified_gmt":"2025-06-27T15:59:43","slug":"klinger-expert-software","status":"publish","type":"page","link":"https:\/\/klinger.pt\/es\/produtos\/vedacao\/klinger-expert-software\/","title":{"rendered":"KLINGER EXPERT SOFTWARE"},"content":{"rendered":"\n<h1 class=\"wp-block-heading\">KLINGER EXPERT &#8211; SOFTWARE PARA C\u00c1LCULOS DE JUNTAS DE VEDA\u00c7\u00c3O <\/h1>\n\n\n\n<div class=\"wp-block-group is-layout-grid wp-container-core-group-is-layout-baef362d wp-block-group-is-layout-grid\">\n<div class=\"wp-block-group\"><div class=\"wp-block-group__inner-container is-layout-constrained wp-block-group-is-layout-constrained\">\n<div class=\"wp-block-group\"><div class=\"wp-block-group__inner-container is-layout-constrained wp-block-group-is-layout-constrained\">\n<div class=\"wp-block-columns is-layout-flex wp-container-core-columns-is-layout-9d6595d7 wp-block-columns-is-layout-flex\">\n<div class=\"wp-block-column is-layout-flow wp-block-column-is-layout-flow\" style=\"flex-basis:100%\">\n<div class=\"wp-block-group\"><div class=\"wp-block-group__inner-container is-layout-constrained wp-block-group-is-layout-constrained\">\n<div class=\"wp-block-group\"><div class=\"wp-block-group__inner-container is-layout-constrained wp-block-group-is-layout-constrained\">\n<div class=\"wp-block-columns is-layout-flex wp-container-core-columns-is-layout-9d6595d7 wp-block-columns-is-layout-flex\">\n<div class=\"wp-block-column is-layout-flow wp-block-column-is-layout-flow\" style=\"flex-basis:700px\">\n<p>O KLINGER Expert \u00e9 um software vers\u00e1til desenvolvido para o c\u00e1lculo e sele\u00e7\u00e3o de juntas de veda\u00e7\u00e3o. O objetivo principal \u00e9 de eliminar erros na sele\u00e7\u00e3o do Cart\u00e3o e na aplica\u00e7\u00e3o do torque.<\/p>\n\n\n\n<p>Desenvolvido pela KLINGER, na \u00c1ustria, especifica qual o produto mais adequado para cada aplica\u00e7\u00e3o, considerando dados de equipamento, condi\u00e7\u00f5es de opera\u00e7\u00e3o e a intera\u00e7\u00e3o de diversos modelos de cart\u00e3o nas condi\u00e7\u00f5es de servi\u00e7o indicadas.<\/p>\n\n\n\n<p>Com base em informa\u00e7\u00f5es previamente definidas pelo utilizador, o software faz uma pesquisa e apresenta como resultado o tipo do Cart\u00e3o mais adequado. \u00c9 tamb\u00e9m poss\u00edvel avaliar a necessidade de alterar o material dos parafusos, o torque de aperto ou as condi\u00e7\u00f5es de servi\u00e7o.<\/p>\n\n\n\n<p>Desta forma, \u00e9 poss\u00edvel selecionar, entre as v\u00e1rias op\u00e7\u00f5es de Juntas de veda\u00e7\u00e3o, o material mais indicado para cada necessidade com elevada precis\u00e3o.<\/p>\n\n\n\n<h3 class=\"wp-block-heading\">Fun\u00e7\u00f5es oferecidas:<\/h3>\n\n\n\n<ul class=\"wp-block-list\">\n<li>Identifica\u00e7\u00e3o do melhor material para aplica\u00e7\u00f5es espec\u00edficas;<\/li>\n\n\n\n<li>Verifica\u00e7\u00f5es de adequa\u00e7\u00e3o qu\u00edmica e de temperatura;<\/li>\n\n\n\n<li>C\u00e1lculo dos requisitos de torque dos parafusos;<\/li>\n\n\n\n<li>Ilustra\u00e7\u00e3o gr\u00e1fica da dispers\u00e3o dos v\u00e1rios m\u00e9todos de fixa\u00e7\u00e3o;<\/li>\n\n\n\n<li>Sele\u00e7\u00e3o de aprova\u00e7\u00f5es e certificados de produtos necess\u00e1rios.<\/li>\n<\/ul>\n\n\n\n<p><\/p>\n\n\n\n<figure class=\"wp-block-image size-full is-resized\"><a href=\"https:\/\/ked.klinger.co.at\/kd\/index_en.xhtml\" target=\"_blank\" rel=\" noreferrer noopener\"><img fetchpriority=\"high\" decoding=\"async\" width=\"526\" height=\"150\" src=\"https:\/\/klinger.pt\/wp-content\/uploads\/2025\/06\/Faca-download-do-KLINGER-Expert.png\" alt=\"\" class=\"wp-image-47051\" style=\"width:341px;height:auto\" srcset=\"https:\/\/klinger.pt\/wp-content\/uploads\/2025\/06\/Faca-download-do-KLINGER-Expert.png 526w, https:\/\/klinger.pt\/wp-content\/uploads\/2025\/06\/Faca-download-do-KLINGER-Expert-300x86.png 300w\" sizes=\"(max-width: 526px) 100vw, 526px\" \/><\/a><\/figure>\n<\/div>\n<\/div>\n<\/div><\/div>\n<\/div><\/div>\n<\/div>\n<\/div>\n<\/div><\/div>\n<\/div><\/div>\n\n\n\n<figure class=\"wp-block-image size-full\"><img decoding=\"async\" src=\"https:\/\/klinger.pt\/wp-content\/uploads\/2025\/06\/ac87803c-40f5-4130-8669-f2081bc834f8.webp\" alt=\"\" class=\"wp-image-47043\"\/><\/figure>\n<\/div>\n\n\n\n<p><\/p>\n","protected":false},"excerpt":{"rendered":"<p>KLINGER EXPERT &#8211; SOFTWARE PARA C\u00c1LCULOS DE JUNTAS DE VEDA\u00c7\u00c3O O KLINGER Expert \u00e9 um software vers\u00e1til desenvolvido para o c\u00e1lculo e sele\u00e7\u00e3o de juntas de veda\u00e7\u00e3o. O objetivo principal \u00e9 de eliminar erros na sele\u00e7\u00e3o do Cart\u00e3o e na aplica\u00e7\u00e3o do torque. Desenvolvido pela KLINGER, na \u00c1ustria, especifica qual o produto mais adequado para [&hellip;]<\/p>\n","protected":false},"author":21,"featured_media":47059,"parent":28724,"menu_order":0,"comment_status":"closed","ping_status":"closed","template":"page-templates\/servicios.php","meta":{"_eb_attr":"","footnotes":""},"class_list":["post-47048","page","type-page","status-publish","has-post-thumbnail","hentry"],"aioseo_notices":[],"_links":{"self":[{"href":"https:\/\/klinger.pt\/es\/wp-json\/wp\/v2\/pages\/47048","targetHints":{"allow":["GET"]}}],"collection":[{"href":"https:\/\/klinger.pt\/es\/wp-json\/wp\/v2\/pages"}],"about":[{"href":"https:\/\/klinger.pt\/es\/wp-json\/wp\/v2\/types\/page"}],"author":[{"embeddable":true,"href":"https:\/\/klinger.pt\/es\/wp-json\/wp\/v2\/users\/21"}],"replies":[{"embeddable":true,"href":"https:\/\/klinger.pt\/es\/wp-json\/wp\/v2\/comments?post=47048"}],"version-history":[{"count":8,"href":"https:\/\/klinger.pt\/es\/wp-json\/wp\/v2\/pages\/47048\/revisions"}],"predecessor-version":[{"id":47074,"href":"https:\/\/klinger.pt\/es\/wp-json\/wp\/v2\/pages\/47048\/revisions\/47074"}],"up":[{"embeddable":true,"href":"https:\/\/klinger.pt\/es\/wp-json\/wp\/v2\/pages\/28724"}],"wp:featuredmedia":[{"embeddable":true,"href":"https:\/\/klinger.pt\/es\/wp-json\/wp\/v2\/media\/47059"}],"wp:attachment":[{"href":"https:\/\/klinger.pt\/es\/wp-json\/wp\/v2\/media?parent=47048"}],"curies":[{"name":"wp","href":"https:\/\/api.w.org\/{rel}","templated":true}]}}