{"id":46753,"date":"2025-05-05T15:55:01","date_gmt":"2025-05-05T14:55:01","guid":{"rendered":"https:\/\/m5j0n6nk9p.onrocket.site\/?page_id=46753"},"modified":"2025-06-06T16:38:09","modified_gmt":"2025-06-06T15:38:09","slug":"empanques-mecanicos","status":"publish","type":"page","link":"https:\/\/klinger.pt\/es\/produtos\/vedacao\/empanques\/empanques-mecanicos\/","title":{"rendered":"EMPANQUES MEC\u00c2NICOS"},"content":{"rendered":"\n<h1 class=\"wp-block-heading has-large-font-size\">EMPANQUES MEC\u00c2NICOS<\/h1>\n\n\n\n<div class=\"wp-block-columns is-layout-flex wp-container-core-columns-is-layout-9d6595d7 wp-block-columns-is-layout-flex\">\n<div class=\"wp-block-column is-layout-flow wp-block-column-is-layout-flow\">\n<figure class=\"wp-block-image size-full\"><img fetchpriority=\"high\" decoding=\"async\" width=\"1080\" height=\"720\" src=\"https:\/\/klinger.pt\/wp-content\/uploads\/2025\/05\/1310CARTsealB24610.jpg\" alt=\"\" class=\"wp-image-46825\" srcset=\"https:\/\/klinger.pt\/wp-content\/uploads\/2025\/05\/1310CARTsealB24610.jpg 1080w, https:\/\/klinger.pt\/wp-content\/uploads\/2025\/05\/1310CARTsealB24610-300x200.jpg 300w, https:\/\/klinger.pt\/wp-content\/uploads\/2025\/05\/1310CARTsealB24610-1024x683.jpg 1024w, https:\/\/klinger.pt\/wp-content\/uploads\/2025\/05\/1310CARTsealB24610-768x512.jpg 768w\" sizes=\"(max-width: 1080px) 100vw, 1080px\" \/><\/figure>\n<\/div>\n\n\n\n<div class=\"wp-block-column is-layout-flow wp-block-column-is-layout-flow\">\n<figure class=\"wp-block-image size-full\"><img decoding=\"async\" width=\"1348\" height=\"899\" src=\"https:\/\/klinger.pt\/wp-content\/uploads\/2025\/05\/LATTYseal_B17210_B_U6U6V_MECHANICAL_SEAL.jpg\" alt=\"\" class=\"wp-image-46837\" srcset=\"https:\/\/klinger.pt\/wp-content\/uploads\/2025\/05\/LATTYseal_B17210_B_U6U6V_MECHANICAL_SEAL.jpg 1348w, https:\/\/klinger.pt\/wp-content\/uploads\/2025\/05\/LATTYseal_B17210_B_U6U6V_MECHANICAL_SEAL-300x200.jpg 300w, https:\/\/klinger.pt\/wp-content\/uploads\/2025\/05\/LATTYseal_B17210_B_U6U6V_MECHANICAL_SEAL-1024x683.jpg 1024w, https:\/\/klinger.pt\/wp-content\/uploads\/2025\/05\/LATTYseal_B17210_B_U6U6V_MECHANICAL_SEAL-768x512.jpg 768w\" sizes=\"(max-width: 1348px) 100vw, 1348px\" \/><\/figure>\n<\/div>\n\n\n\n<div class=\"wp-block-column is-layout-flow wp-block-column-is-layout-flow\">\n<figure class=\"wp-block-image size-full\"><img decoding=\"async\" width=\"1348\" height=\"899\" src=\"https:\/\/klinger.pt\/wp-content\/uploads\/2025\/05\/LATTYseal_U1212_R_U6U6V_MECHANICAL_SEAL.jpg\" alt=\"\" class=\"wp-image-46843\" srcset=\"https:\/\/klinger.pt\/wp-content\/uploads\/2025\/05\/LATTYseal_U1212_R_U6U6V_MECHANICAL_SEAL.jpg 1348w, https:\/\/klinger.pt\/wp-content\/uploads\/2025\/05\/LATTYseal_U1212_R_U6U6V_MECHANICAL_SEAL-300x200.jpg 300w, https:\/\/klinger.pt\/wp-content\/uploads\/2025\/05\/LATTYseal_U1212_R_U6U6V_MECHANICAL_SEAL-1024x683.jpg 1024w, https:\/\/klinger.pt\/wp-content\/uploads\/2025\/05\/LATTYseal_U1212_R_U6U6V_MECHANICAL_SEAL-768x512.jpg 768w\" sizes=\"(max-width: 1348px) 100vw, 1348px\" \/><\/figure>\n<\/div>\n<\/div>\n\n\n\n<div style=\"height:51px\" aria-hidden=\"true\" class=\"wp-block-spacer\"><\/div>\n\n\n\n<p>Veda\u00e7\u00f5es eficazes e dur\u00e1veis ajudam a reduzir os custos operacionais e a melhorar a fiabilidade do sistema.<\/p>\n\n\n\n<p>Os empanques mec\u00e2nicos oferecem muitas vantagens em aplica\u00e7\u00f5es de veda\u00e7\u00e3o de flu\u00eddos industriais, tornando-os a escolha preferida para garantir opera\u00e7\u00f5es sem fugas.<\/p>\n\n\n\n<p>Estes equipamentos proporcionam excelente desempenho, durabilidade, fiabilidade e efici\u00eancia. Com isto, garantem a integridade da veda\u00e7\u00e3o, baixo risco de fuga de fluido e diminui\u00e7\u00e3o do impacto ambiental<\/p>\n\n\n\n<div class=\"wp-block-columns is-layout-flex wp-container-core-columns-is-layout-9d6595d7 wp-block-columns-is-layout-flex\">\n<div class=\"wp-block-column is-layout-flow wp-block-column-is-layout-flow\">\n<div class=\"wp-block-buttons is-content-justification-space-between is-layout-flex wp-container-core-buttons-is-layout-3d213aab wp-block-buttons-is-layout-flex\">\n<div class=\"wp-block-button is-style-fill\"><a class=\"wp-block-button__link has-white-color has-text-color has-background wp-element-button\" style=\"border-radius:0px;background-color:#003a68\">Empanques Mec\u00e2nicos Cartuchos\u3164\u3164\u3164\u3164\u3164\u3164<\/a><\/div>\n<\/div>\n\n\n\n<div style=\"height:10px\" aria-hidden=\"true\" class=\"wp-block-spacer\"><\/div>\n\n\n\n<figure class=\"wp-block-image size-full\"><img fetchpriority=\"high\" decoding=\"async\" width=\"1080\" height=\"720\" src=\"https:\/\/klinger.pt\/wp-content\/uploads\/2025\/05\/1310CARTsealB24610.jpg\" alt=\"\" class=\"wp-image-46825\" srcset=\"https:\/\/klinger.pt\/wp-content\/uploads\/2025\/05\/1310CARTsealB24610.jpg 1080w, https:\/\/klinger.pt\/wp-content\/uploads\/2025\/05\/1310CARTsealB24610-300x200.jpg 300w, https:\/\/klinger.pt\/wp-content\/uploads\/2025\/05\/1310CARTsealB24610-1024x683.jpg 1024w, https:\/\/klinger.pt\/wp-content\/uploads\/2025\/05\/1310CARTsealB24610-768x512.jpg 768w\" sizes=\"(max-width: 1080px) 100vw, 1080px\" \/><\/figure>\n\n\n\n<p><strong>Par\u00e2metros<\/strong>:<br>\u2022 Press\u00f5es: 0 to 25 bar<br>\u2022 Temperatura: -20 to 220 \u00b0C<br>\u2022 Velocidade: 20.0 m\/s<br><strong>Certifica\u00e7\u00f5es<\/strong>:<br>\u2022 FDA, CE 1935\/2004, ATEX, ACS (sob pedido)<\/p>\n<\/div>\n\n\n\n<div class=\"wp-block-column is-layout-flow wp-block-column-is-layout-flow\">\n<div class=\"wp-block-buttons is-content-justification-space-between is-layout-flex wp-container-core-buttons-is-layout-3d213aab wp-block-buttons-is-layout-flex\">\n<div class=\"wp-block-button is-style-fill\"><a class=\"wp-block-button__link has-white-color has-text-color has-background wp-element-button\" style=\"border-radius:0px;background-color:#003a68\">Empanques Mec\u00e2nicos Componentes\u3164\u3164\u3164\u3164\u205f<\/a><\/div>\n<\/div>\n\n\n\n<div style=\"height:10px\" aria-hidden=\"true\" class=\"wp-block-spacer\"><\/div>\n\n\n\n<figure class=\"wp-block-image size-full\"><img decoding=\"async\" width=\"1348\" height=\"899\" src=\"https:\/\/klinger.pt\/wp-content\/uploads\/2025\/05\/LATTYseal_B17210_B_U6U6V_MECHANICAL_SEAL.jpg\" alt=\"\" class=\"wp-image-46837\" srcset=\"https:\/\/klinger.pt\/wp-content\/uploads\/2025\/05\/LATTYseal_B17210_B_U6U6V_MECHANICAL_SEAL.jpg 1348w, https:\/\/klinger.pt\/wp-content\/uploads\/2025\/05\/LATTYseal_B17210_B_U6U6V_MECHANICAL_SEAL-300x200.jpg 300w, https:\/\/klinger.pt\/wp-content\/uploads\/2025\/05\/LATTYseal_B17210_B_U6U6V_MECHANICAL_SEAL-1024x683.jpg 1024w, https:\/\/klinger.pt\/wp-content\/uploads\/2025\/05\/LATTYseal_B17210_B_U6U6V_MECHANICAL_SEAL-768x512.jpg 768w\" sizes=\"(max-width: 1348px) 100vw, 1348px\" \/><\/figure>\n\n\n\n<p><strong>Par\u00e2metros<\/strong>:<br>\u2022 Press\u00f5es: 0 to 25 bar<br>\u2022 Temperatura: -20 to 220 \u00b0C<br>\u2022 Velocidade: 20.0 m\/s<br><strong>Certifica\u00e7\u00f5es<\/strong>:<br>\u2022 FDA, CE 1935\/2004, ATEX, ACS (sob pedido)<\/p>\n<\/div>\n\n\n\n<div class=\"wp-block-column is-layout-flow wp-block-column-is-layout-flow\">\n<div class=\"wp-block-buttons is-layout-flex wp-block-buttons-is-layout-flex\">\n<div class=\"wp-block-button is-style-fill\"><a class=\"wp-block-button__link has-white-color has-text-color has-background wp-element-button\" style=\"border-radius:0px;background-color:#003a68\">Empanques Mec\u00e2nicos Bipartidos\u205f\u205f\u205f\u205f\u205f\u205f\u205f\u205f\u205f\u205f\u205f\u205f\u205f\u205f\u205f\u205f\u205f\u205f\u205f\u205f\u205f\u205f\u205f\u205f\u205f\u205f\u205f<\/a><\/div>\n<\/div>\n\n\n\n<div style=\"height:10px\" aria-hidden=\"true\" class=\"wp-block-spacer\"><\/div>\n\n\n\n<figure class=\"wp-block-image size-full\"><img loading=\"lazy\" decoding=\"async\" width=\"1080\" height=\"720\" src=\"https:\/\/klinger.pt\/wp-content\/uploads\/2025\/05\/1300CARTsealB25.jpg\" alt=\"\" class=\"wp-image-46823\" srcset=\"https:\/\/klinger.pt\/wp-content\/uploads\/2025\/05\/1300CARTsealB25.jpg 1080w, https:\/\/klinger.pt\/wp-content\/uploads\/2025\/05\/1300CARTsealB25-300x200.jpg 300w, https:\/\/klinger.pt\/wp-content\/uploads\/2025\/05\/1300CARTsealB25-1024x683.jpg 1024w, https:\/\/klinger.pt\/wp-content\/uploads\/2025\/05\/1300CARTsealB25-768x512.jpg 768w\" sizes=\"(max-width: 1080px) 100vw, 1080px\" \/><\/figure>\n\n\n\n<p><strong>Par\u00e2metros<\/strong>:<br>\u2022 Press\u00f5es: 0 to 25 bar<br>\u2022 Temperatura: -20 to 220 \u00b0C<br>\u2022 Velocidade: 20.0 m\/s<br><strong>Certifica\u00e7\u00f5es<\/strong>:<br>\u2022 FDA, CE 1935\/2004, ATEX, ACS (sob pedido)<\/p>\n<\/div>\n<\/div>\n\n\n\n<div class=\"wp-block-columns is-layout-flex wp-container-core-columns-is-layout-9d6595d7 wp-block-columns-is-layout-flex\">\n<div class=\"wp-block-column is-layout-flow wp-block-column-is-layout-flow\" style=\"font-size:14px\">\n<div style=\"height:61px\" aria-hidden=\"true\" class=\"wp-block-spacer\"><\/div>\n<\/div>\n<\/div>\n\n\n\n<div class=\"wp-block-columns is-layout-flex wp-container-core-columns-is-layout-9d6595d7 wp-block-columns-is-layout-flex\">\n<div class=\"wp-block-column is-layout-flow wp-block-column-is-layout-flow\">\n<div class=\"wp-block-buttons is-layout-flex wp-block-buttons-is-layout-flex\">\n<div class=\"wp-block-button is-style-fill\"><a class=\"wp-block-button__link has-white-color has-text-color has-background wp-element-button\" style=\"border-radius:0px;background-color:#003a68\">Empanques Mec\u00e2nicos para bombas de processo OEM<\/a><\/div>\n<\/div>\n\n\n\n<div style=\"height:12px\" aria-hidden=\"true\" class=\"wp-block-spacer\"><\/div>\n\n\n\n<div style=\"height:10px\" aria-hidden=\"true\" class=\"wp-block-spacer\"><\/div>\n\n\n\n<figure class=\"wp-block-image size-full\"><img loading=\"lazy\" decoding=\"async\" width=\"1486\" height=\"906\" src=\"https:\/\/klinger.pt\/wp-content\/uploads\/2025\/05\/LATTY-MECHANICAL-SEAL-OEM.jpg\" alt=\"\" class=\"wp-image-46829\" srcset=\"https:\/\/klinger.pt\/wp-content\/uploads\/2025\/05\/LATTY-MECHANICAL-SEAL-OEM.jpg 1486w, https:\/\/klinger.pt\/wp-content\/uploads\/2025\/05\/LATTY-MECHANICAL-SEAL-OEM-300x183.jpg 300w, https:\/\/klinger.pt\/wp-content\/uploads\/2025\/05\/LATTY-MECHANICAL-SEAL-OEM-1024x624.jpg 1024w, https:\/\/klinger.pt\/wp-content\/uploads\/2025\/05\/LATTY-MECHANICAL-SEAL-OEM-768x468.jpg 768w, https:\/\/klinger.pt\/wp-content\/uploads\/2025\/05\/LATTY-MECHANICAL-SEAL-OEM-1400x854.jpg 1400w\" sizes=\"(max-width: 1486px) 100vw, 1486px\" \/><\/figure>\n\n\n\n<p><strong>Par\u00e2metros<\/strong>:<br>\u2022 Press\u00f5es: 0 to 25 bar<br>\u2022 Temperatura: -20 to 220 \u00b0C<br>\u2022 Velocidade: 20.0 m\/s<br><strong>Certifica\u00e7\u00f5es<\/strong>:<br>\u2022 FDA, CE 1935\/2004, ATEX, ACS (sob pedido)<\/p>\n<\/div>\n\n\n\n<div class=\"wp-block-column is-layout-flow wp-block-column-is-layout-flow\">\n<div class=\"wp-block-buttons is-layout-flex wp-block-buttons-is-layout-flex\">\n<div class=\"wp-block-button is-style-fill\"><a class=\"wp-block-button__link has-white-color has-text-color has-background wp-element-button\" style=\"border-radius:0px;background-color:#003a68\">Empanques Mec\u00e2nicos Cartuchos para Agitadores<\/a><\/div>\n<\/div>\n\n\n\n<div style=\"height:12px\" aria-hidden=\"true\" class=\"wp-block-spacer\"><\/div>\n\n\n\n<figure class=\"wp-block-image size-full\"><img loading=\"lazy\" decoding=\"async\" width=\"1080\" height=\"720\" src=\"https:\/\/klinger.pt\/wp-content\/uploads\/2025\/05\/1740LATTYmix.jpg\" alt=\"\" class=\"wp-image-46827\" srcset=\"https:\/\/klinger.pt\/wp-content\/uploads\/2025\/05\/1740LATTYmix.jpg 1080w, https:\/\/klinger.pt\/wp-content\/uploads\/2025\/05\/1740LATTYmix-300x200.jpg 300w, https:\/\/klinger.pt\/wp-content\/uploads\/2025\/05\/1740LATTYmix-1024x683.jpg 1024w, https:\/\/klinger.pt\/wp-content\/uploads\/2025\/05\/1740LATTYmix-768x512.jpg 768w\" sizes=\"(max-width: 1080px) 100vw, 1080px\" \/><\/figure>\n\n\n\n<p><strong>Par\u00e2metros<\/strong>:<br>\u2022 Press\u00f5es: 0 to 25 bar<br>\u2022 Temperatura: -20 to 220 \u00b0C<br>\u2022 Velocidade: 20.0 m\/s<br><strong>Certifica\u00e7\u00f5es<\/strong>:<br>\u2022 FDA, CE 1935\/2004, ATEX, ACS (sob pedido)<\/p>\n<\/div>\n\n\n\n<div class=\"wp-block-column is-layout-flow wp-block-column-is-layout-flow\">\n<div class=\"wp-block-buttons is-layout-flex wp-block-buttons-is-layout-flex\">\n<div class=\"wp-block-button is-style-fill\"><a class=\"wp-block-button__link has-white-color has-text-color has-background wp-element-button\" style=\"border-radius:0px;background-color:#003a68\">Sistemas Auxiliares de Veda\u00e7\u00e3o\u205f\u205f\u205f\u205f\u205f\u205f\u205f\u205f\u205f\u205f\u205f\u205f\u205f\u205f\u205f\u205f\u205f\u205f\u205f\u205f\u205f\u205f\u205f\u205f\u205f\u205f\u205f\u205f\u205f\u205f\u205f<\/a><\/div>\n<\/div>\n\n\n\n<div style=\"height:12px\" aria-hidden=\"true\" class=\"wp-block-spacer\"><\/div>\n\n\n\n<figure class=\"wp-block-image size-full\"><img loading=\"lazy\" decoding=\"async\" width=\"345\" height=\"526\" src=\"https:\/\/klinger.pt\/wp-content\/uploads\/2025\/05\/LATTYlub-Flowcontrol.png\" alt=\"\" class=\"wp-image-46831\" srcset=\"https:\/\/klinger.pt\/wp-content\/uploads\/2025\/05\/LATTYlub-Flowcontrol.png 345w, https:\/\/klinger.pt\/wp-content\/uploads\/2025\/05\/LATTYlub-Flowcontrol-197x300.png 197w\" sizes=\"(max-width: 345px) 100vw, 345px\" \/><\/figure>\n\n\n\n<p><\/p>\n<\/div>\n<\/div>\n\n\n\n<div class=\"wp-block-buttons is-layout-flex wp-block-buttons-is-layout-flex\">\n<div class=\"wp-block-button is-style-outline is-style-outline--1\"><a class=\"wp-block-button__link wp-element-button\" href=\"https:\/\/klinger.pt\/wp-content\/uploads\/2025\/06\/Catalogo_Empanques_Mecanicos_Latty.pdf\">Cat\u00e1logo [PT]<\/a><\/div>\n<\/div>\n","protected":false},"excerpt":{"rendered":"<p>EMPANQUES MEC\u00c2NICOS Veda\u00e7\u00f5es eficazes e dur\u00e1veis ajudam a reduzir os custos operacionais e a melhorar a fiabilidade do sistema. Os empanques mec\u00e2nicos oferecem muitas vantagens em aplica\u00e7\u00f5es de veda\u00e7\u00e3o de flu\u00eddos industriais, tornando-os a escolha preferida para garantir opera\u00e7\u00f5es sem fugas. Estes equipamentos proporcionam excelente desempenho, durabilidade, fiabilidade e efici\u00eancia. Com isto, garantem a integridade [&hellip;]<\/p>\n","protected":false},"author":1,"featured_media":0,"parent":29507,"menu_order":0,"comment_status":"closed","ping_status":"closed","template":"page-templates\/servicios.php","meta":{"_eb_attr":"","footnotes":""},"class_list":["post-46753","page","type-page","status-publish","hentry"],"aioseo_notices":[],"_links":{"self":[{"href":"https:\/\/klinger.pt\/es\/wp-json\/wp\/v2\/pages\/46753","targetHints":{"allow":["GET"]}}],"collection":[{"href":"https:\/\/klinger.pt\/es\/wp-json\/wp\/v2\/pages"}],"about":[{"href":"https:\/\/klinger.pt\/es\/wp-json\/wp\/v2\/types\/page"}],"author":[{"embeddable":true,"href":"https:\/\/klinger.pt\/es\/wp-json\/wp\/v2\/users\/1"}],"replies":[{"embeddable":true,"href":"https:\/\/klinger.pt\/es\/wp-json\/wp\/v2\/comments?post=46753"}],"version-history":[{"count":60,"href":"https:\/\/klinger.pt\/es\/wp-json\/wp\/v2\/pages\/46753\/revisions"}],"predecessor-version":[{"id":46950,"href":"https:\/\/klinger.pt\/es\/wp-json\/wp\/v2\/pages\/46753\/revisions\/46950"}],"up":[{"embeddable":true,"href":"https:\/\/klinger.pt\/es\/wp-json\/wp\/v2\/pages\/29507"}],"wp:attachment":[{"href":"https:\/\/klinger.pt\/es\/wp-json\/wp\/v2\/media?parent=46753"}],"curies":[{"name":"wp","href":"https:\/\/api.w.org\/{rel}","templated":true}]}}