{"id":46494,"date":"2024-11-27T10:12:37","date_gmt":"2024-11-27T10:12:37","guid":{"rendered":"https:\/\/m5j0n6nk9p.onrocket.site\/?page_id=46494"},"modified":"2025-03-19T16:41:00","modified_gmt":"2025-03-19T16:41:00","slug":"equipamentos-liberaqua","status":"publish","type":"page","link":"https:\/\/klinger.pt\/es\/klinger-water-solutions\/equipamentos-liberaqua\/","title":{"rendered":"EQUIPAMENTOS LiberAqua"},"content":{"rendered":"\n<h1 class=\"wp-block-heading\">EQUIPAMENTOS LiberAqua<\/h1>\n\n\n\n<figure class=\"wp-block-image size-full is-resized\"><img fetchpriority=\"high\" decoding=\"async\" width=\"550\" height=\"111\" src=\"https:\/\/klinger.pt\/wp-content\/uploads\/2023\/09\/Logo-LiberAqua-blue.png\" alt=\"\" class=\"wp-image-45265\" style=\"width:298px;height:60px\" srcset=\"https:\/\/klinger.pt\/wp-content\/uploads\/2023\/09\/Logo-LiberAqua-blue.png 550w, https:\/\/klinger.pt\/wp-content\/uploads\/2023\/09\/Logo-LiberAqua-blue-300x61.png 300w\" sizes=\"(max-width: 550px) 100vw, 550px\" \/><\/figure>\n\n\n\n<p class=\"has-text-color\" style=\"color:#003a68;font-size:15px\">Tratamento de \u00c1guas da KLINGER Portugal<\/p>\n\n\n\n<p>Inova\u00e7\u00e3o que faz a diferen\u00e7a.<br>Entendemos que cada problema \u00e9 \u00fanico e requer abordagens comprometidas com os resultados. \u00c9 por isso que projetamos e fabricamos equipamentos espec\u00edficos, adaptados a cada desafio. A nossa vasta experi\u00eancia, permite combinar tecnologias de ponta com materiais de alta qualidade, de forma a garantir que as nossas solu\u00e7\u00f5es operem de forma eficiente e duradoura.<\/p>\n\n\n\n<div class=\"wp-block-columns is-layout-flex wp-container-core-columns-is-layout-9d6595d7 wp-block-columns-is-layout-flex\">\n<div class=\"wp-block-column is-layout-flow wp-block-column-is-layout-flow\">\n<figure class=\"wp-block-table\"><table><tbody><tr><td><img decoding=\"async\" width=\"270\" height=\"270\" class=\"wp-image-45098\" style=\"width: 270px;\" src=\"https:\/\/klinger.pt\/wp-content\/uploads\/2023\/08\/Flotadores-DAF-mini-1.webp\" alt=\"\" srcset=\"https:\/\/klinger.pt\/wp-content\/uploads\/2023\/08\/Flotadores-DAF-mini-1.webp 270w, https:\/\/klinger.pt\/wp-content\/uploads\/2023\/08\/Flotadores-DAF-mini-1-150x150.webp 150w\" sizes=\"(max-width: 270px) 100vw, 270px\" \/><\/td><td><br><a href=\"https:\/\/klinger.pt\/klinger-water-solutions\/equipamentos\/sistemas-daf\/\" title=\"\"><strong>SISTEMAS DAF<\/strong><\/a><br><br><a href=\"https:\/\/klinger.pt\/klinger-water-solutions\/equipamentos\/sistemas-daf\/\" title=\"\ufffc\"><img decoding=\"async\" width=\"18\" height=\"18\" class=\"wp-image-16262\" style=\"width: 18px;\" src=\"https:\/\/klinger.pt\/wp-content\/uploads\/2022\/06\/icon-arrow-blue-double.png\" alt=\"\"><\/a><\/td><\/tr><\/tbody><\/table><\/figure>\n<\/div>\n\n\n\n<div class=\"wp-block-column is-layout-flow wp-block-column-is-layout-flow\">\n<figure class=\"wp-block-table alignleft\"><table><tbody><tr><td><img loading=\"lazy\" decoding=\"async\" width=\"270\" height=\"270\" class=\"wp-image-45104\" style=\"width: 270px;\" src=\"https:\/\/klinger.pt\/wp-content\/uploads\/2023\/08\/Screw-Press-Sludge-Liberaqua-mini-28.08.23.webp\" alt=\"\" srcset=\"https:\/\/klinger.pt\/wp-content\/uploads\/2023\/08\/Screw-Press-Sludge-Liberaqua-mini-28.08.23.webp 270w, https:\/\/klinger.pt\/wp-content\/uploads\/2023\/08\/Screw-Press-Sludge-Liberaqua-mini-28.08.23-150x150.webp 150w\" sizes=\"(max-width: 270px) 100vw, 270px\" \/><\/td><td><br><strong><a href=\"https:\/\/klinger.pt\/klinger-water-solutions\/equipamentos\/desidratacao-e-espessamento-de-lamas\/\" title=\"\">DESIDRATA\u00c7\u00c3O E ESPESSAMENTO DE LAMAS<\/a><\/strong><br><br><a href=\"https:\/\/klinger.pt\/klinger-water-solutions\/equipamentos\/desidratacao-e-espessamento-de-lamas\/\" title=\"\ufffc\"><img decoding=\"async\" class=\"wp-image-2704\" style=\"width: 18px;\" src=\"https:\/\/www.klinger.es\/wp-content\/uploads\/2019\/11\/icon-arrow-blue-double.png\" alt=\"\"><\/a><br><a href=\"https:\/\/klinger.pt\/category\/instrumentacao\/\"><\/a><\/td><\/tr><\/tbody><\/table><\/figure>\n<\/div>\n<\/div>\n\n\n\n<div class=\"wp-block-columns is-layout-flex wp-container-core-columns-is-layout-9d6595d7 wp-block-columns-is-layout-flex\">\n<div class=\"wp-block-column is-layout-flow wp-block-column-is-layout-flow\">\n<figure class=\"wp-block-table alignleft\"><table><tbody><tr><td><img loading=\"lazy\" decoding=\"async\" width=\"250\" height=\"331\" class=\"wp-image-45374\" style=\"width: 250px;\" src=\"https:\/\/klinger.pt\/wp-content\/uploads\/2023\/11\/Skid-2.png\" alt=\"\" srcset=\"https:\/\/klinger.pt\/wp-content\/uploads\/2023\/11\/Skid-2.png 368w, https:\/\/klinger.pt\/wp-content\/uploads\/2023\/11\/Skid-2-227x300.png 227w\" sizes=\"(max-width: 250px) 100vw, 250px\" \/><\/td><td><br><strong><a href=\"#\" title=\"\">FABRICO SKID <\/a><\/strong><br><br><a href=\"#\" title=\"\ufffc\"><img decoding=\"async\" class=\"wp-image-2704\" style=\"width: 18px;\" src=\"https:\/\/www.klinger.es\/wp-content\/uploads\/2019\/11\/icon-arrow-blue-double.png\" alt=\"\"><\/a><br><a href=\"https:\/\/klinger.pt\/category\/instrumentacao\/\"><\/a><\/td><\/tr><\/tbody><\/table><\/figure>\n<\/div>\n\n\n\n<div class=\"wp-block-column is-layout-flow wp-block-column-is-layout-flow\">\n<figure class=\"wp-block-table alignleft\"><table><tbody><tr><td><img loading=\"lazy\" decoding=\"async\" width=\"250\" height=\"333\" class=\"wp-image-46588\" style=\"width: 250px;\" src=\"https:\/\/klinger.pt\/wp-content\/uploads\/2024\/11\/IMG_1812-copiar.png\" alt=\"\" srcset=\"https:\/\/klinger.pt\/wp-content\/uploads\/2024\/11\/IMG_1812-copiar.png 1440w, https:\/\/klinger.pt\/wp-content\/uploads\/2024\/11\/IMG_1812-copiar-225x300.png 225w, https:\/\/klinger.pt\/wp-content\/uploads\/2024\/11\/IMG_1812-copiar-768x1024.png 768w, https:\/\/klinger.pt\/wp-content\/uploads\/2024\/11\/IMG_1812-copiar-1152x1536.png 1152w, https:\/\/klinger.pt\/wp-content\/uploads\/2024\/11\/IMG_1812-copiar-1400x1867.png 1400w\" sizes=\"(max-width: 250px) 100vw, 250px\" \/><\/td><td><br><a href=\"https:\/\/klinger.pt\/klinger-water-solutions\/equipamentos-liberaqua\/preparadores-de-polimero\/\" title=\"\"><strong>PREPARADORES DE POLIMERO<\/strong><\/a><br><br><a href=\"https:\/\/klinger.pt\/klinger-water-solutions\/equipamentos-liberaqua\/preparadores-de-polimero\/\" title=\"\ufffc\"><img decoding=\"async\" width=\"18\" height=\"18\" class=\"wp-image-16262\" style=\"width: 18px;\" src=\"https:\/\/klinger.pt\/wp-content\/uploads\/2022\/06\/icon-arrow-blue-double.png\" alt=\"\"><\/a><\/td><\/tr><\/tbody><\/table><\/figure>\n<\/div>\n<\/div>\n\n\n\n<div class=\"wp-block-columns is-layout-flex wp-container-core-columns-is-layout-9d6595d7 wp-block-columns-is-layout-flex\">\n<div class=\"wp-block-column is-layout-flow wp-block-column-is-layout-flow\">\n<figure class=\"wp-block-table\"><table class=\"has-fixed-layout\"><tbody><tr><td><img loading=\"lazy\" decoding=\"async\" width=\"250\" height=\"250\" class=\"wp-image-46465\" style=\"width: 250px;\" src=\"https:\/\/klinger.pt\/wp-content\/uploads\/2024\/11\/Secagem-termica.png\" alt=\"SECAGEM T\u00c9RMICA\" srcset=\"https:\/\/klinger.pt\/wp-content\/uploads\/2024\/11\/Secagem-termica.png 250w, https:\/\/klinger.pt\/wp-content\/uploads\/2024\/11\/Secagem-termica-150x150.png 150w\" sizes=\"(max-width: 250px) 100vw, 250px\" \/><\/td><td><strong><a href=\"https:\/\/klinger.pt\/klinger-water-solutions\/tratamento-lamas\/sistemas-de-secagem-termica-de-lamas\/\" title=\"\">SECAGEM T\u00c9RMICA DE LAMAS<\/a><\/strong><br><br><a href=\"https:\/\/klinger.pt\/klinger-water-solutions\/tratamento-lamas\/sistemas-de-secagem-termica-de-lamas\/\" title=\"\ufffc\"><img decoding=\"async\" class=\"wp-image-2704\" style=\"width: 18px;\" src=\"https:\/\/www.klinger.es\/wp-content\/uploads\/2019\/11\/icon-arrow-blue-double.png\" alt=\"\"><\/a><\/td><\/tr><\/tbody><\/table><\/figure>\n<\/div>\n\n\n\n<div class=\"wp-block-column is-layout-flow wp-block-column-is-layout-flow\">\n<figure class=\"wp-block-table alignleft\"><table><tbody><tr><td><img loading=\"lazy\" decoding=\"async\" width=\"250\" height=\"250\" class=\"wp-image-27215\" style=\"width: 250px;\" src=\"https:\/\/klinger.pt\/wp-content\/uploads\/2022\/08\/grade-convencinais-thumbnail.png\" alt=\"\" srcset=\"https:\/\/klinger.pt\/wp-content\/uploads\/2022\/08\/grade-convencinais-thumbnail.png 250w, https:\/\/klinger.pt\/wp-content\/uploads\/2022\/08\/grade-convencinais-thumbnail-150x150.png 150w\" sizes=\"(max-width: 250px) 100vw, 250px\" \/><\/td><td><br><strong><a href=\"https:\/\/klinger.pt\/klinger-water-solutions\/equipamentos\/pre-tratamento-e-tratamento-secundario\/\" title=\"\">PRE-TRATAMENTO E TRATAMENTO SECUND\u00c1RIO<\/a><\/strong><br><br><a href=\"#\" title=\"\ufffc\"><img decoding=\"async\" class=\"wp-image-2704\" style=\"width: 18px;\" src=\"https:\/\/www.klinger.es\/wp-content\/uploads\/2019\/11\/icon-arrow-blue-double.png\" alt=\"\"><\/a><br><a href=\"https:\/\/klinger.pt\/category\/instrumentacao\/\"><\/a><\/td><\/tr><\/tbody><\/table><\/figure>\n<\/div>\n<\/div>\n\n\n\n<p><\/p>\n","protected":false},"excerpt":{"rendered":"<p>EQUIPAMENTOS LiberAqua Tratamento de \u00c1guas da KLINGER Portugal Inova\u00e7\u00e3o que faz a diferen\u00e7a.Entendemos que cada problema \u00e9 \u00fanico e requer abordagens comprometidas com os resultados. \u00c9 por isso que projetamos e fabricamos equipamentos espec\u00edficos, adaptados a cada desafio. A nossa vasta experi\u00eancia, permite combinar tecnologias de ponta com materiais de alta qualidade, de forma a [&hellip;]<\/p>\n","protected":false},"author":1,"featured_media":0,"parent":43881,"menu_order":3,"comment_status":"closed","ping_status":"closed","template":"page-templates\/secciones-principales.php","meta":{"_eb_attr":"","footnotes":""},"class_list":["post-46494","page","type-page","status-publish","hentry"],"aioseo_notices":[],"_links":{"self":[{"href":"https:\/\/klinger.pt\/es\/wp-json\/wp\/v2\/pages\/46494","targetHints":{"allow":["GET"]}}],"collection":[{"href":"https:\/\/klinger.pt\/es\/wp-json\/wp\/v2\/pages"}],"about":[{"href":"https:\/\/klinger.pt\/es\/wp-json\/wp\/v2\/types\/page"}],"author":[{"embeddable":true,"href":"https:\/\/klinger.pt\/es\/wp-json\/wp\/v2\/users\/1"}],"replies":[{"embeddable":true,"href":"https:\/\/klinger.pt\/es\/wp-json\/wp\/v2\/comments?post=46494"}],"version-history":[{"count":22,"href":"https:\/\/klinger.pt\/es\/wp-json\/wp\/v2\/pages\/46494\/revisions"}],"predecessor-version":[{"id":46718,"href":"https:\/\/klinger.pt\/es\/wp-json\/wp\/v2\/pages\/46494\/revisions\/46718"}],"up":[{"embeddable":true,"href":"https:\/\/klinger.pt\/es\/wp-json\/wp\/v2\/pages\/43881"}],"wp:attachment":[{"href":"https:\/\/klinger.pt\/es\/wp-json\/wp\/v2\/media?parent=46494"}],"curies":[{"name":"wp","href":"https:\/\/api.w.org\/{rel}","templated":true}]}}