{"id":46004,"date":"2024-05-29T09:55:42","date_gmt":"2024-05-29T08:55:42","guid":{"rendered":"https:\/\/m5j0n6nk9p.onrocket.site\/?page_id=46004"},"modified":"2025-01-23T14:05:00","modified_gmt":"2025-01-23T14:05:00","slug":"tecnologia-de-hidrolise-termica","status":"publish","type":"page","link":"https:\/\/klinger.pt\/es\/klinger-water-solutions\/tratamento-lamas\/tecnologia-de-hidrolise-termica\/","title":{"rendered":"Tecnologia de hidrolise t\u00e9rmica"},"content":{"rendered":"\n<figure class=\"wp-block-image size-full is-resized\"><img fetchpriority=\"high\" decoding=\"async\" width=\"550\" height=\"111\" src=\"https:\/\/klinger.pt\/wp-content\/uploads\/2023\/09\/image-1.png\" alt=\"\" class=\"wp-image-45316\" style=\"width:301px;height:auto\" srcset=\"https:\/\/klinger.pt\/wp-content\/uploads\/2023\/09\/image-1.png 550w, https:\/\/klinger.pt\/wp-content\/uploads\/2023\/09\/image-1-300x61.png 300w\" sizes=\"(max-width: 550px) 100vw, 550px\" \/><\/figure>\n\n\n\n<p class=\"has-text-color\" style=\"color:#003a68;font-size:15px\">Tratamento de \u00c1guas da KLINGER Portugal<\/p>\n\n\n\n<p>Buscamos entender as necessidades dos nossos clientes dentro do mercado de \u00e1guas residuais para apresentar as melhores solu\u00e7\u00f5es.<\/p>\n\n\n\n<div style=\"height:30px\" aria-hidden=\"true\" class=\"wp-block-spacer\"><\/div>\n\n\n\n<div class=\"wp-block-group\"><div class=\"wp-block-group__inner-container is-layout-constrained wp-block-group-is-layout-constrained\">\n<div class=\"wp-block-columns is-layout-flex wp-container-core-columns-is-layout-9d6595d7 wp-block-columns-is-layout-flex\">\n<div class=\"wp-block-column is-layout-flow wp-block-column-is-layout-flow\" style=\"flex-basis:300px\">\n<figure class=\"wp-block-image size-full\"><img decoding=\"async\" width=\"1024\" height=\"620\" src=\"https:\/\/klinger.pt\/wp-content\/uploads\/2023\/07\/image-13-1.jpg\" alt=\"\" class=\"wp-image-44685\" srcset=\"https:\/\/klinger.pt\/wp-content\/uploads\/2023\/07\/image-13-1.jpg 1024w, https:\/\/klinger.pt\/wp-content\/uploads\/2023\/07\/image-13-1-300x182.jpg 300w, https:\/\/klinger.pt\/wp-content\/uploads\/2023\/07\/image-13-1-768x465.jpg 768w\" sizes=\"(max-width: 1024px) 100vw, 1024px\" \/><\/figure>\n\n\n\n<div style=\"height:214px\" aria-hidden=\"true\" class=\"wp-block-spacer\"><\/div>\n<\/div>\n\n\n\n<div class=\"wp-block-column is-layout-flow wp-block-column-is-layout-flow\" style=\"flex-basis:700px\">\n<h1 class=\"wp-block-heading\">Tecnologia de hidrolise t\u00e9rmica<\/h1>\n\n\n\n<p>A KLINGER Portugal, colabora em Portugal, com a <a href=\"https:\/\/www.cambi.com\/\" title=\"CAMBI Group SA\">CAMBI Group SA<\/a>, l\u00edder mundial no fornecimento da tecnologia de hidr\u00f3lise t\u00e9rmica para tratamento de lamas residuais e digest\u00e3o anaer\u00f3bia avan\u00e7ada. A tecnologia de hidr\u00f3lise t\u00e9rmica \u00e9 um processo aplicado em ETAR, com digest\u00e3o anaer\u00f3bia. A hidr\u00f3lise t\u00e9rmica exp\u00f5e a lama residual ou outros tipos de res\u00edduos org\u00e2nicos espessados a alta temperatura e press\u00e3o. \u00c9 um processo similar \u00e0 utiliza\u00e7\u00e3o de vapor para a prepara\u00e7\u00e3o de refei\u00e7\u00f5es, em nossas casas.<\/p>\n\n\n\n<p>As principais vantagens deste sistema s\u00e3o as seguintes:<\/p>\n\n\n\n<ul class=\"wp-block-list\">\n<li>Aumento da produ\u00e7\u00e3o de Biog\u00e1s<\/li>\n\n\n\n<li>Redu\u00e7\u00e3o de volume<\/li>\n\n\n\n<li>Elimina\u00e7\u00e3o de pat\u00f3genos<\/li>\n\n\n\n<li>Efici\u00eancia energ\u00e9tica<\/li>\n\n\n\n<li>Melhoria de qualidade do Lodo.<\/li>\n<\/ul>\n\n\n\n<div style=\"height:34px\" aria-hidden=\"true\" class=\"wp-block-spacer\"><\/div>\n\n\n\n<details class=\"wp-block-details is-layout-flow wp-block-details-is-layout-flow\"><summary>\u21dd ???????????????????????????????????????? ????\u0301???????????????? ???????? ????????????????????????????\u0327????\u0303????<\/summary>\n<p>Tratamento de Esgoto Municipal<\/p>\n\n\n\n<p>Ind\u00fastrias de Alimentos e Bebidas<\/p>\n\n\n\n<p>Digest\u00e3o Anaer\u00f3bica Avan\u00e7ada<\/p>\n\n\n\n<p><\/p>\n<\/details>\n\n\n\n<div style=\"height:34px\" aria-hidden=\"true\" class=\"wp-block-spacer\"><\/div>\n\n\n\n<p>Gostaria de saber mais?<\/p>\n\n\n\n<div class=\"wp-block-buttons is-layout-flex wp-block-buttons-is-layout-flex\">\n<div class=\"wp-block-button is-style-outline is-style-outline--1\"><a class=\"wp-block-button__link wp-element-button\" href=\"https:\/\/klinger.pt\/contactos\/\">Fale connosco!<\/a><\/div>\n<\/div>\n<\/div>\n<\/div>\n<\/div><\/div>\n","protected":false},"excerpt":{"rendered":"<p>Tratamento de \u00c1guas da KLINGER Portugal Buscamos entender as necessidades dos nossos clientes dentro do mercado de \u00e1guas residuais para apresentar as melhores solu\u00e7\u00f5es. Tecnologia de hidrolise t\u00e9rmica A KLINGER Portugal, colabora em Portugal, com a CAMBI Group SA, l\u00edder mundial no fornecimento da tecnologia de hidr\u00f3lise t\u00e9rmica para tratamento de lamas residuais e digest\u00e3o [&hellip;]<\/p>\n","protected":false},"author":1,"featured_media":0,"parent":45961,"menu_order":1,"comment_status":"closed","ping_status":"closed","template":"page-templates\/servicios.php","meta":{"_eb_attr":"","footnotes":""},"class_list":["post-46004","page","type-page","status-publish","hentry"],"aioseo_notices":[],"_links":{"self":[{"href":"https:\/\/klinger.pt\/es\/wp-json\/wp\/v2\/pages\/46004","targetHints":{"allow":["GET"]}}],"collection":[{"href":"https:\/\/klinger.pt\/es\/wp-json\/wp\/v2\/pages"}],"about":[{"href":"https:\/\/klinger.pt\/es\/wp-json\/wp\/v2\/types\/page"}],"author":[{"embeddable":true,"href":"https:\/\/klinger.pt\/es\/wp-json\/wp\/v2\/users\/1"}],"replies":[{"embeddable":true,"href":"https:\/\/klinger.pt\/es\/wp-json\/wp\/v2\/comments?post=46004"}],"version-history":[{"count":4,"href":"https:\/\/klinger.pt\/es\/wp-json\/wp\/v2\/pages\/46004\/revisions"}],"predecessor-version":[{"id":46615,"href":"https:\/\/klinger.pt\/es\/wp-json\/wp\/v2\/pages\/46004\/revisions\/46615"}],"up":[{"embeddable":true,"href":"https:\/\/klinger.pt\/es\/wp-json\/wp\/v2\/pages\/45961"}],"wp:attachment":[{"href":"https:\/\/klinger.pt\/es\/wp-json\/wp\/v2\/media?parent=46004"}],"curies":[{"name":"wp","href":"https:\/\/api.w.org\/{rel}","templated":true}]}}