{"id":45895,"date":"2024-05-28T15:43:09","date_gmt":"2024-05-28T14:43:09","guid":{"rendered":"https:\/\/m5j0n6nk9p.onrocket.site\/?page_id=45895"},"modified":"2025-01-24T01:06:23","modified_gmt":"2025-01-24T01:06:23","slug":"fornecimentoetar","status":"publish","type":"page","link":"https:\/\/klinger.pt\/es\/klinger-water-solutions\/fornecimentoetar\/","title":{"rendered":"FORNECIMENTO ETAR"},"content":{"rendered":"\n<h1 class=\"wp-block-heading\" id=\"aioseo-engenharia-servicos\">FORNECIMENTO ETAR<\/h1>\n\n\n\n<figure class=\"wp-block-image size-full is-resized\"><img fetchpriority=\"high\" decoding=\"async\" width=\"550\" height=\"111\" src=\"https:\/\/klinger.pt\/wp-content\/uploads\/2023\/09\/Logo-LiberAqua-blue.png\" alt=\"\" class=\"wp-image-45265\" style=\"width:298px;height:60px\" srcset=\"https:\/\/klinger.pt\/wp-content\/uploads\/2023\/09\/Logo-LiberAqua-blue.png 550w, https:\/\/klinger.pt\/wp-content\/uploads\/2023\/09\/Logo-LiberAqua-blue-300x61.png 300w\" sizes=\"(max-width: 550px) 100vw, 550px\" \/><\/figure>\n\n\n\n<p class=\"has-text-color\" style=\"color:#003a68;font-size:15px\">Tratamento de \u00c1guas da KLINGER Portugal<\/p>\n\n\n\n<p>Buscamos entender as necessidades dos nossos clientes dentro do mercado de \u00e1guas residuais para apresentar as melhores solu\u00e7\u00f5es.<\/p>\n\n\n\n<div style=\"height:30px\" aria-hidden=\"true\" class=\"wp-block-spacer\"><\/div>\n\n\n\n<div class=\"wp-block-group\"><div class=\"wp-block-group__inner-container is-layout-constrained wp-block-group-is-layout-constrained\">\n<div class=\"wp-block-columns is-layout-flex wp-container-core-columns-is-layout-9d6595d7 wp-block-columns-is-layout-flex\">\n<div class=\"wp-block-column is-layout-flow wp-block-column-is-layout-flow\" style=\"flex-basis:300px\">\n<figure class=\"wp-block-image size-large\"><img decoding=\"async\" width=\"1024\" height=\"766\" src=\"https:\/\/klinger.pt\/wp-content\/uploads\/2024\/05\/15-VISTA-3D-5-1024x766.jpg\" alt=\"\" class=\"wp-image-45830\" srcset=\"https:\/\/klinger.pt\/wp-content\/uploads\/2024\/05\/15-VISTA-3D-5-1024x766.jpg 1024w, https:\/\/klinger.pt\/wp-content\/uploads\/2024\/05\/15-VISTA-3D-5-300x224.jpg 300w, https:\/\/klinger.pt\/wp-content\/uploads\/2024\/05\/15-VISTA-3D-5-768x574.jpg 768w, https:\/\/klinger.pt\/wp-content\/uploads\/2024\/05\/15-VISTA-3D-5-1400x1047.jpg 1400w, https:\/\/klinger.pt\/wp-content\/uploads\/2024\/05\/15-VISTA-3D-5.jpg 1403w\" sizes=\"(max-width: 1024px) 100vw, 1024px\" \/><\/figure>\n\n\n\n<div style=\"height:165px\" aria-hidden=\"true\" class=\"wp-block-spacer\"><\/div>\n\n\n\n<figure class=\"wp-block-image size-large\"><img decoding=\"async\" width=\"1024\" height=\"478\" src=\"https:\/\/klinger.pt\/wp-content\/uploads\/2024\/05\/20210625_134810-1024x478.jpg\" alt=\"\" class=\"wp-image-45832\" style=\"aspect-ratio:4\/3;object-fit:cover\" srcset=\"https:\/\/klinger.pt\/wp-content\/uploads\/2024\/05\/20210625_134810-1024x478.jpg 1024w, https:\/\/klinger.pt\/wp-content\/uploads\/2024\/05\/20210625_134810-300x140.jpg 300w, https:\/\/klinger.pt\/wp-content\/uploads\/2024\/05\/20210625_134810-768x359.jpg 768w, https:\/\/klinger.pt\/wp-content\/uploads\/2024\/05\/20210625_134810-1536x718.jpg 1536w, https:\/\/klinger.pt\/wp-content\/uploads\/2024\/05\/20210625_134810-1400x654.jpg 1400w, https:\/\/klinger.pt\/wp-content\/uploads\/2024\/05\/20210625_134810.jpg 1920w\" sizes=\"(max-width: 1024px) 100vw, 1024px\" \/><\/figure>\n<\/div>\n\n\n\n<div class=\"wp-block-column is-layout-flow wp-block-column-is-layout-flow\" style=\"flex-basis:700px\">\n<h2 class=\"wp-block-heading\">Fornecimento global de ETAR, projeto e constru\u00e7\u00e3o<\/h2>\n\n\n\n<p>A KLINGER considera que o tratamento de efluentes industriais \u00e9 constru\u00eddo com base na sinergia ideal entre efici\u00eancia, inova\u00e7\u00e3o e responsabilidade ambiental.<\/p>\n\n\n\n<p>Ambicionamos ser uma empresa l\u00edder no setor, dedicada a fornecer solu\u00e7\u00f5es personalizadas e inovadoras para responder \u00e0s necessidades exclusivas dos nossos clientes.<\/p>\n\n\n\n<p>\u00c1reas de atividade:<\/p>\n\n\n\n<ul class=\"wp-block-list\">\n<li>Ind\u00fastria l\u00e1ctea<\/li>\n\n\n\n<li>Centros de abate<\/li>\n\n\n\n<li>Ind\u00fastria de reciclagem<\/li>\n\n\n\n<li>Ind\u00fastria T\u00eaxtil<\/li>\n\n\n\n<li>Etc\u2026<\/li>\n<\/ul>\n\n\n\n<p>Incluindo aplica\u00e7\u00f5es qu\u00edmicas, manuten\u00e7\u00e3o, gest\u00e3o de energia, gest\u00e3o de lamas, gest\u00e3o de an\u00e1lises, consultoria em engenharia.<\/p>\n<\/div>\n<\/div>\n<\/div><\/div>\n\n\n\n<div style=\"height:131px\" aria-hidden=\"true\" class=\"wp-block-spacer\"><\/div>\n\n\n\n<figure class=\"wp-block-gallery has-nested-images columns-default is-cropped wp-block-gallery-1 is-layout-flex wp-block-gallery-is-layout-flex\">\n<figure class=\"wp-block-image size-large\"><img loading=\"lazy\" decoding=\"async\" width=\"1593\" height=\"897\" data-id=\"45908\" src=\"https:\/\/klinger.pt\/wp-content\/uploads\/2024\/05\/20230405_153037-2-edited.jpg\" alt=\"\" class=\"wp-image-45908\" srcset=\"https:\/\/klinger.pt\/wp-content\/uploads\/2024\/05\/20230405_153037-2-edited.jpg 1593w, https:\/\/klinger.pt\/wp-content\/uploads\/2024\/05\/20230405_153037-2-edited-300x169.jpg 300w, https:\/\/klinger.pt\/wp-content\/uploads\/2024\/05\/20230405_153037-2-edited-1024x577.jpg 1024w, https:\/\/klinger.pt\/wp-content\/uploads\/2024\/05\/20230405_153037-2-edited-768x432.jpg 768w, https:\/\/klinger.pt\/wp-content\/uploads\/2024\/05\/20230405_153037-2-edited-1536x865.jpg 1536w, https:\/\/klinger.pt\/wp-content\/uploads\/2024\/05\/20230405_153037-2-edited-1400x788.jpg 1400w\" sizes=\"(max-width: 1593px) 100vw, 1593px\" \/><\/figure>\n\n\n\n<figure class=\"wp-block-image size-large\"><img loading=\"lazy\" decoding=\"async\" width=\"1024\" height=\"478\" data-id=\"45913\" src=\"https:\/\/klinger.pt\/wp-content\/uploads\/2024\/05\/20230406_081241-1024x478.jpg\" alt=\"\" class=\"wp-image-45913\" srcset=\"https:\/\/klinger.pt\/wp-content\/uploads\/2024\/05\/20230406_081241-1024x478.jpg 1024w, https:\/\/klinger.pt\/wp-content\/uploads\/2024\/05\/20230406_081241-300x140.jpg 300w, https:\/\/klinger.pt\/wp-content\/uploads\/2024\/05\/20230406_081241-768x359.jpg 768w, https:\/\/klinger.pt\/wp-content\/uploads\/2024\/05\/20230406_081241-1536x718.jpg 1536w, https:\/\/klinger.pt\/wp-content\/uploads\/2024\/05\/20230406_081241-1400x654.jpg 1400w, https:\/\/klinger.pt\/wp-content\/uploads\/2024\/05\/20230406_081241.jpg 1920w\" sizes=\"(max-width: 1024px) 100vw, 1024px\" \/><\/figure>\n\n\n\n<figure class=\"wp-block-image size-large\"><img loading=\"lazy\" decoding=\"async\" width=\"1024\" height=\"649\" data-id=\"45840\" src=\"https:\/\/klinger.pt\/wp-content\/uploads\/2024\/05\/20210625_134915-1024x649.jpg\" alt=\"\" class=\"wp-image-45840\" srcset=\"https:\/\/klinger.pt\/wp-content\/uploads\/2024\/05\/20210625_134915-1024x649.jpg 1024w, https:\/\/klinger.pt\/wp-content\/uploads\/2024\/05\/20210625_134915-300x190.jpg 300w, https:\/\/klinger.pt\/wp-content\/uploads\/2024\/05\/20210625_134915-768x486.jpg 768w, https:\/\/klinger.pt\/wp-content\/uploads\/2024\/05\/20210625_134915-1536x973.jpg 1536w, https:\/\/klinger.pt\/wp-content\/uploads\/2024\/05\/20210625_134915-1400x887.jpg 1400w, https:\/\/klinger.pt\/wp-content\/uploads\/2024\/05\/20210625_134915.jpg 1920w\" sizes=\"(max-width: 1024px) 100vw, 1024px\" \/><\/figure>\n<\/figure>\n","protected":false},"excerpt":{"rendered":"<p>FORNECIMENTO ETAR Tratamento de \u00c1guas da KLINGER Portugal Buscamos entender as necessidades dos nossos clientes dentro do mercado de \u00e1guas residuais para apresentar as melhores solu\u00e7\u00f5es. Fornecimento global de ETAR, projeto e constru\u00e7\u00e3o A KLINGER considera que o tratamento de efluentes industriais \u00e9 constru\u00eddo com base na sinergia ideal entre efici\u00eancia, inova\u00e7\u00e3o e responsabilidade ambiental. [&hellip;]<\/p>\n","protected":false},"author":1,"featured_media":0,"parent":43881,"menu_order":1,"comment_status":"closed","ping_status":"closed","template":"page-templates\/servicios.php","meta":{"_eb_attr":"","footnotes":""},"class_list":["post-45895","page","type-page","status-publish","hentry"],"aioseo_notices":[],"_links":{"self":[{"href":"https:\/\/klinger.pt\/es\/wp-json\/wp\/v2\/pages\/45895","targetHints":{"allow":["GET"]}}],"collection":[{"href":"https:\/\/klinger.pt\/es\/wp-json\/wp\/v2\/pages"}],"about":[{"href":"https:\/\/klinger.pt\/es\/wp-json\/wp\/v2\/types\/page"}],"author":[{"embeddable":true,"href":"https:\/\/klinger.pt\/es\/wp-json\/wp\/v2\/users\/1"}],"replies":[{"embeddable":true,"href":"https:\/\/klinger.pt\/es\/wp-json\/wp\/v2\/comments?post=45895"}],"version-history":[{"count":12,"href":"https:\/\/klinger.pt\/es\/wp-json\/wp\/v2\/pages\/45895\/revisions"}],"predecessor-version":[{"id":46621,"href":"https:\/\/klinger.pt\/es\/wp-json\/wp\/v2\/pages\/45895\/revisions\/46621"}],"up":[{"embeddable":true,"href":"https:\/\/klinger.pt\/es\/wp-json\/wp\/v2\/pages\/43881"}],"wp:attachment":[{"href":"https:\/\/klinger.pt\/es\/wp-json\/wp\/v2\/media?parent=45895"}],"curies":[{"name":"wp","href":"https:\/\/api.w.org\/{rel}","templated":true}]}}