{"id":44820,"date":"2023-08-02T15:43:36","date_gmt":"2023-08-02T14:43:36","guid":{"rendered":"https:\/\/m5j0n6nk9p.onrocket.site\/?page_id=44820"},"modified":"2023-08-02T16:39:12","modified_gmt":"2023-08-02T15:39:12","slug":"medicao-de-nivel-para-aguas","status":"publish","type":"page","link":"https:\/\/klinger.pt\/es\/klinger-water-solutions\/equipamentos\/instrumentacao-para-aguas\/medicao-de-nivel-para-aguas\/","title":{"rendered":"MEDI\u00c7\u00c3O DE N\u00cdVEL PARA \u00c1GUAS"},"content":{"rendered":"\n<h1 class=\"wp-block-heading\">MEDI\u00c7\u00c3O DE N\u00cdVEL PARA \u00c1GUAS<\/h1>\n\n\n\n<div style=\"height:25px\" aria-hidden=\"true\" class=\"wp-block-spacer\"><\/div>\n\n\n\n<div class=\"wp-block-columns is-layout-flex wp-container-core-columns-is-layout-9d6595d7 wp-block-columns-is-layout-flex\">\n<div class=\"wp-block-column is-layout-flow wp-block-column-is-layout-flow\">\n<figure class=\"wp-block-table\"><table><tbody><tr><td><img decoding=\"async\" width=\"220\" height=\"220\" class=\"wp-image-38040\" style=\"width: 220px;\" src=\"https:\/\/klinger.pt\/wp-content\/uploads\/2023\/02\/Indicador-de-nivel-magnetico-mini.webp\" alt=\"Indicador de nivel magnetico\" srcset=\"https:\/\/klinger.pt\/wp-content\/uploads\/2023\/02\/Indicador-de-nivel-magnetico-mini.webp 270w, https:\/\/klinger.pt\/wp-content\/uploads\/2023\/02\/Indicador-de-nivel-magnetico-mini-150x150.webp 150w\" sizes=\"(max-width: 220px) 100vw, 220px\" \/><\/td><td><strong><a href=\"https:\/\/klinger.pt\/produtos\/instrumentacao\/medicao-de-nivel\/indicadores-de-nivel-magnetico\/\" title=\"\">MAGN\u00c9TICO<\/a><\/strong><br><br><a href=\"https:\/\/klinger.pt\/produtos\/instrumentacao\/medicao-de-nivel\/indicadores-de-nivel-magnetico\/\" title=\"\ufffc\"><img decoding=\"async\" class=\"wp-image-2704\" style=\"width: 18px;\" src=\"https:\/\/www.klinger.es\/wp-content\/uploads\/2019\/11\/icon-arrow-blue-double.png\" alt=\"\"><\/a><\/td><\/tr><\/tbody><\/table><\/figure>\n<\/div>\n\n\n\n<div class=\"wp-block-column is-layout-flow wp-block-column-is-layout-flow\">\n<figure class=\"wp-block-table\"><table><tbody><tr><td><img decoding=\"async\" width=\"220\" height=\"220\" class=\"wp-image-28650\" style=\"width: 220px;\" src=\"https:\/\/klinger.pt\/wp-content\/uploads\/2022\/09\/hidroestatico-thumbnail.png\" alt=\"\" srcset=\"https:\/\/klinger.pt\/wp-content\/uploads\/2022\/09\/hidroestatico-thumbnail.png 252w, https:\/\/klinger.pt\/wp-content\/uploads\/2022\/09\/hidroestatico-thumbnail-150x150.png 150w\" sizes=\"(max-width: 220px) 100vw, 220px\" \/><\/td><td><strong><a href=\"https:\/\/klinger.pt\/produtos\/instrumentacao\/medicao-de-nivel\/controlo-de-nivel-hidrostatico\/\" title=\"\">HIDROST\u00c1TICO<\/a><\/strong><br><br><a href=\"https:\/\/klinger.pt\/produtos\/instrumentacao\/medicao-de-nivel\/controlo-de-nivel-hidrostatico\/\" title=\"\ufffc\"><img decoding=\"async\" class=\"wp-image-2704\" style=\"width: 18px;\" src=\"https:\/\/www.klinger.es\/wp-content\/uploads\/2019\/11\/icon-arrow-blue-double.png\" alt=\"\"><\/a><\/td><\/tr><\/tbody><\/table><\/figure>\n<\/div>\n<\/div>\n\n\n\n<div class=\"wp-block-columns has-2-columns is-layout-flex wp-container-core-columns-is-layout-9d6595d7 wp-block-columns-is-layout-flex\">\n<div class=\"wp-block-column is-layout-flow wp-block-column-is-layout-flow\">\n<figure class=\"wp-block-table flecha\"><table><tbody><tr><td class=\"has-text-align-center\" data-align=\"center\"><img decoding=\"async\" width=\"220\" height=\"220\" class=\"wp-image-28645\" style=\"width: 220px;\" src=\"https:\/\/klinger.pt\/wp-content\/uploads\/2022\/09\/capacitivo-thumbnail.png\" alt=\"\" srcset=\"https:\/\/klinger.pt\/wp-content\/uploads\/2022\/09\/capacitivo-thumbnail.png 252w, https:\/\/klinger.pt\/wp-content\/uploads\/2022\/09\/capacitivo-thumbnail-150x150.png 150w\" sizes=\"(max-width: 220px) 100vw, 220px\" \/><\/td><td><strong><a href=\"https:\/\/klinger.pt\/produtos\/instrumentacao\/medicao-de-nivel\/controlo-de-nivel-capacitivo\/\" title=\"\">CAPACITIVO<\/a><\/strong><br><br><a href=\"https:\/\/klinger.pt\/produtos\/instrumentacao\/medicao-de-nivel\/controlo-de-nivel-capacitivo\/\" title=\"\ufffc\"><img decoding=\"async\" class=\"wp-image-2704\" style=\"width: 18px;\" src=\"https:\/\/www.klinger.es\/wp-content\/uploads\/2019\/11\/icon-arrow-blue-double.png\" alt=\"\"><\/a><\/td><\/tr><\/tbody><\/table><\/figure>\n<\/div>\n\n\n\n<div class=\"wp-block-column is-layout-flow wp-block-column-is-layout-flow\">\n<figure class=\"wp-block-table flecha\"><table><tbody><tr><td class=\"has-text-align-center\" data-align=\"center\"><img loading=\"lazy\" decoding=\"async\" width=\"220\" height=\"220\" class=\"wp-image-28647\" style=\"width: 220px;\" src=\"https:\/\/klinger.pt\/wp-content\/uploads\/2022\/09\/condutivo-thumbnail.png\" alt=\"\" srcset=\"https:\/\/klinger.pt\/wp-content\/uploads\/2022\/09\/condutivo-thumbnail.png 252w, https:\/\/klinger.pt\/wp-content\/uploads\/2022\/09\/condutivo-thumbnail-150x150.png 150w\" sizes=\"(max-width: 220px) 100vw, 220px\" \/><\/td><td><strong><a href=\"https:\/\/klinger.pt\/produtos\/instrumentacao\/medicao-de-nivel\/controlo-de-nivel-condutivo\/\" title=\"\">CONDUTIVO<\/a><\/strong><br><br><a href=\"https:\/\/klinger.pt\/produtos\/instrumentacao\/medicao-de-nivel\/controlo-de-nivel-condutivo\/\" title=\"\ufffc\"><img decoding=\"async\" class=\"wp-image-2704\" style=\"width: 18px;\" src=\"https:\/\/www.klinger.es\/wp-content\/uploads\/2019\/11\/icon-arrow-blue-double.png\" alt=\"\"><\/a><\/td><\/tr><\/tbody><\/table><\/figure>\n<\/div>\n<\/div>\n","protected":false},"excerpt":{"rendered":"<p>MEDI\u00c7\u00c3O DE N\u00cdVEL PARA \u00c1GUAS MAGN\u00c9TICO HIDROST\u00c1TICO CAPACITIVO CONDUTIVO<\/p>\n","protected":false},"author":4,"featured_media":0,"parent":44817,"menu_order":0,"comment_status":"closed","ping_status":"closed","template":"page-templates\/secciones-principales.php","meta":{"_eb_attr":"","footnotes":""},"class_list":["post-44820","page","type-page","status-publish","hentry"],"aioseo_notices":[],"_links":{"self":[{"href":"https:\/\/klinger.pt\/es\/wp-json\/wp\/v2\/pages\/44820","targetHints":{"allow":["GET"]}}],"collection":[{"href":"https:\/\/klinger.pt\/es\/wp-json\/wp\/v2\/pages"}],"about":[{"href":"https:\/\/klinger.pt\/es\/wp-json\/wp\/v2\/types\/page"}],"author":[{"embeddable":true,"href":"https:\/\/klinger.pt\/es\/wp-json\/wp\/v2\/users\/4"}],"replies":[{"embeddable":true,"href":"https:\/\/klinger.pt\/es\/wp-json\/wp\/v2\/comments?post=44820"}],"version-history":[{"count":1,"href":"https:\/\/klinger.pt\/es\/wp-json\/wp\/v2\/pages\/44820\/revisions"}],"predecessor-version":[{"id":44821,"href":"https:\/\/klinger.pt\/es\/wp-json\/wp\/v2\/pages\/44820\/revisions\/44821"}],"up":[{"embeddable":true,"href":"https:\/\/klinger.pt\/es\/wp-json\/wp\/v2\/pages\/44817"}],"wp:attachment":[{"href":"https:\/\/klinger.pt\/es\/wp-json\/wp\/v2\/media?parent=44820"}],"curies":[{"name":"wp","href":"https:\/\/api.w.org\/{rel}","templated":true}]}}