{"id":44817,"date":"2023-08-02T15:35:04","date_gmt":"2023-08-02T14:35:04","guid":{"rendered":"https:\/\/m5j0n6nk9p.onrocket.site\/?page_id=44817"},"modified":"2023-08-03T11:24:43","modified_gmt":"2023-08-03T10:24:43","slug":"instrumentacao-para-aguas","status":"publish","type":"page","link":"https:\/\/klinger.pt\/es\/klinger-water-solutions\/equipamentos\/instrumentacao-para-aguas\/","title":{"rendered":"INSTRUMENTA\u00c7\u00c3O PARA \u00c1GUAS"},"content":{"rendered":"\n<h1 class=\"wp-block-heading\">INSTRUMENTA\u00c7\u00c3O PARA \u00c1GUAS<\/h1>\n\n\n\n<div style=\"height:25px\" aria-hidden=\"true\" class=\"wp-block-spacer\"><\/div>\n\n\n\n<div class=\"wp-block-columns has-2-columns is-layout-flex wp-container-core-columns-is-layout-9d6595d7 wp-block-columns-is-layout-flex\">\n<div class=\"wp-block-column is-layout-flow wp-block-column-is-layout-flow\">\n<figure class=\"wp-block-table flecha\"><table><tbody><tr><td class=\"has-text-align-center\" data-align=\"center\"><img fetchpriority=\"high\" decoding=\"async\" width=\"270\" height=\"270\" class=\"wp-image-30202\" style=\"width: 270px;\" src=\"https:\/\/klinger.pt\/wp-content\/uploads\/2022\/09\/caudal-thumbnail-1.png\" alt=\"\" srcset=\"https:\/\/klinger.pt\/wp-content\/uploads\/2022\/09\/caudal-thumbnail-1.png 252w, https:\/\/klinger.pt\/wp-content\/uploads\/2022\/09\/caudal-thumbnail-1-150x150.png 150w\" sizes=\"(max-width: 270px) 100vw, 270px\" \/><\/td><td><strong><a href=\"https:\/\/klinger.pt\/produtos\/instrumentacao\/medicao-de-caudal\/\" title=\"\">MEDI\u00c7\u00c3O DE CAUDAL<\/a><\/strong><br><br><a href=\"https:\/\/klinger.pt\/produtos\/instrumentacao\/medicao-de-caudal\/\" title=\"\ufffc\"><img decoding=\"async\" class=\"wp-image-2704\" style=\"width: 18px;\" src=\"https:\/\/www.klinger.es\/wp-content\/uploads\/2019\/11\/icon-arrow-blue-double.png\" alt=\"\"><\/a><\/td><\/tr><\/tbody><\/table><\/figure>\n<\/div>\n\n\n\n<div class=\"wp-block-column is-layout-flow wp-block-column-is-layout-flow\">\n<figure class=\"wp-block-table flecha\"><table><tbody><tr><td class=\"has-text-align-center\" data-align=\"center\"><img decoding=\"async\" width=\"270\" height=\"270\" class=\"wp-image-38040\" style=\"width: 270px;\" src=\"https:\/\/klinger.pt\/wp-content\/uploads\/2023\/02\/Indicador-de-nivel-magnetico-mini.webp\" alt=\"Indicador de nivel magnetico\" srcset=\"https:\/\/klinger.pt\/wp-content\/uploads\/2023\/02\/Indicador-de-nivel-magnetico-mini.webp 270w, https:\/\/klinger.pt\/wp-content\/uploads\/2023\/02\/Indicador-de-nivel-magnetico-mini-150x150.webp 150w\" sizes=\"(max-width: 270px) 100vw, 270px\" \/><\/td><td><strong><a href=\"https:\/\/klinger.pt\/klinger-water-solutions\/equipamentos\/instrumentacao-para-aguas\/medicao-de-nivel-para-aguas\/\" title=\"MEDI\u00c7\u00c3O DE N\u00cdVEL\">MEDI\u00c7\u00c3O DE N\u00cdVEL<\/a><\/strong><br><br><a href=\"https:\/\/klinger.pt\/klinger-water-solutions\/equipamentos\/instrumentacao-para-aguas\/medicao-de-nivel-para-aguas\/\" title=\"\ufffc\"><img decoding=\"async\" class=\"wp-image-2704\" style=\"width: 18px;\" src=\"https:\/\/www.klinger.es\/wp-content\/uploads\/2019\/11\/icon-arrow-blue-double.png\" alt=\"\"><\/a><\/td><\/tr><\/tbody><\/table><\/figure>\n<\/div>\n<\/div>\n\n\n\n<div class=\"wp-block-columns has-2-columns is-layout-flex wp-container-core-columns-is-layout-9d6595d7 wp-block-columns-is-layout-flex\">\n<div class=\"wp-block-column is-layout-flow wp-block-column-is-layout-flow\">\n<figure class=\"wp-block-table flecha\"><table><tbody><tr><td class=\"has-text-align-center\" data-align=\"center\"><img decoding=\"async\" width=\"270\" height=\"270\" class=\"wp-image-28796\" style=\"width: 270px;\" src=\"https:\/\/klinger.pt\/wp-content\/uploads\/2022\/09\/analisadores-thumbnail.png\" alt=\"\" srcset=\"https:\/\/klinger.pt\/wp-content\/uploads\/2022\/09\/analisadores-thumbnail.png 252w, https:\/\/klinger.pt\/wp-content\/uploads\/2022\/09\/analisadores-thumbnail-150x150.png 150w\" sizes=\"(max-width: 270px) 100vw, 270px\" \/><\/td><td><strong><a href=\"https:\/\/klinger.pt\/produtos\/instrumentacao\/controladores\/\" title=\"\">CONTROLADORES<\/a><\/strong><br><br><a href=\"https:\/\/klinger.pt\/produtos\/instrumentacao\/controladores\/\" title=\"\ufffc\"><img decoding=\"async\" class=\"wp-image-2704\" style=\"width: 18px;\" src=\"https:\/\/www.klinger.es\/wp-content\/uploads\/2019\/11\/icon-arrow-blue-double.png\" alt=\"\"><\/a><\/td><\/tr><\/tbody><\/table><\/figure>\n<\/div>\n\n\n\n<div class=\"wp-block-column is-layout-flow wp-block-column-is-layout-flow\">\n<figure class=\"wp-block-table flecha\"><table><tbody><tr><td class=\"has-text-align-center\" data-align=\"center\"><img loading=\"lazy\" decoding=\"async\" width=\"270\" height=\"270\" class=\"wp-image-28799\" style=\"width: 270px;\" src=\"https:\/\/klinger.pt\/wp-content\/uploads\/2022\/09\/deteccao-thumbnail.png\" alt=\"\" srcset=\"https:\/\/klinger.pt\/wp-content\/uploads\/2022\/09\/deteccao-thumbnail.png 252w, https:\/\/klinger.pt\/wp-content\/uploads\/2022\/09\/deteccao-thumbnail-150x150.png 150w\" sizes=\"(max-width: 270px) 100vw, 270px\" \/><\/td><td><strong><a href=\"https:\/\/klinger.pt\/produtos\/instrumentacao\/detecao-de-gas\/\" title=\"\">DETE\u00c7\u00c3O DE G\u00c1S<\/a><\/strong><br><br><a href=\"https:\/\/klinger.pt\/produtos\/instrumentacao\/detecao-de-gas\/\" title=\"\ufffc\"><img decoding=\"async\" class=\"wp-image-2704\" style=\"width: 18px;\" src=\"https:\/\/www.klinger.es\/wp-content\/uploads\/2019\/11\/icon-arrow-blue-double.png\" alt=\"\"><\/a><\/td><\/tr><\/tbody><\/table><\/figure>\n<\/div>\n<\/div>\n\n\n\n<div class=\"wp-block-columns has-2-columns is-layout-flex wp-container-core-columns-is-layout-9d6595d7 wp-block-columns-is-layout-flex\">\n<div class=\"wp-block-column is-layout-flow wp-block-column-is-layout-flow\">\n<figure class=\"wp-block-table flecha\"><table><tbody><tr><td class=\"has-text-align-center\" data-align=\"center\"><img loading=\"lazy\" decoding=\"async\" width=\"270\" height=\"270\" class=\"wp-image-30218\" style=\"width: 270px;\" src=\"https:\/\/klinger.pt\/wp-content\/uploads\/2022\/09\/SONDAS.png\" alt=\"\" srcset=\"https:\/\/klinger.pt\/wp-content\/uploads\/2022\/09\/SONDAS.png 252w, https:\/\/klinger.pt\/wp-content\/uploads\/2022\/09\/SONDAS-150x150.png 150w\" sizes=\"(max-width: 270px) 100vw, 270px\" \/><\/td><td><strong><a href=\"https:\/\/klinger.pt\/produtos\/instrumentacao\/medicao-analitica\/\" title=\"\">MEDI\u00c7\u00c3O ANAL\u00cdTICA<\/a><\/strong><br><br><a href=\"https:\/\/klinger.pt\/produtos\/instrumentacao\/medicao-analitica\/\" title=\"\ufffc\"><img decoding=\"async\" class=\"wp-image-2704\" style=\"width: 18px;\" src=\"https:\/\/www.klinger.es\/wp-content\/uploads\/2019\/11\/icon-arrow-blue-double.png\" alt=\"\"><\/a><\/td><\/tr><\/tbody><\/table><\/figure>\n<\/div>\n\n\n\n<div class=\"wp-block-column is-layout-flow wp-block-column-is-layout-flow\">\n<figure class=\"wp-block-table flecha\"><table><tbody><tr><td class=\"has-text-align-center\" data-align=\"center\"><img loading=\"lazy\" decoding=\"async\" width=\"270\" height=\"270\" class=\"wp-image-28803\" style=\"width: 270px;\" src=\"https:\/\/klinger.pt\/wp-content\/uploads\/2022\/09\/pressao-thumbnail.png\" alt=\"\" srcset=\"https:\/\/klinger.pt\/wp-content\/uploads\/2022\/09\/pressao-thumbnail.png 252w, https:\/\/klinger.pt\/wp-content\/uploads\/2022\/09\/pressao-thumbnail-150x150.png 150w\" sizes=\"(max-width: 270px) 100vw, 270px\" \/><\/td><td><strong><a href=\"https:\/\/klinger.pt\/produtos\/instrumentacao\/medicao-de-pressao\/\" title=\"\">MEDI\u00c7\u00c3O DE PRESS\u00c3O<\/a><\/strong><br><br><a href=\"https:\/\/klinger.pt\/produtos\/instrumentacao\/medicao-de-pressao\/\" title=\"\ufffc\"><img decoding=\"async\" class=\"wp-image-2704\" style=\"width: 18px;\" src=\"https:\/\/www.klinger.es\/wp-content\/uploads\/2019\/11\/icon-arrow-blue-double.png\" alt=\"\"><\/a><\/td><\/tr><\/tbody><\/table><\/figure>\n<\/div>\n<\/div>\n","protected":false},"excerpt":{"rendered":"<p>INSTRUMENTA\u00c7\u00c3O PARA \u00c1GUAS MEDI\u00c7\u00c3O DE CAUDAL MEDI\u00c7\u00c3O DE N\u00cdVEL CONTROLADORES DETE\u00c7\u00c3O DE G\u00c1S MEDI\u00c7\u00c3O ANAL\u00cdTICA MEDI\u00c7\u00c3O DE PRESS\u00c3O<\/p>\n","protected":false},"author":4,"featured_media":0,"parent":43898,"menu_order":0,"comment_status":"closed","ping_status":"closed","template":"page-templates\/secciones-principales.php","meta":{"_eb_attr":"","footnotes":""},"class_list":["post-44817","page","type-page","status-publish","hentry"],"aioseo_notices":[],"_links":{"self":[{"href":"https:\/\/klinger.pt\/es\/wp-json\/wp\/v2\/pages\/44817","targetHints":{"allow":["GET"]}}],"collection":[{"href":"https:\/\/klinger.pt\/es\/wp-json\/wp\/v2\/pages"}],"about":[{"href":"https:\/\/klinger.pt\/es\/wp-json\/wp\/v2\/types\/page"}],"author":[{"embeddable":true,"href":"https:\/\/klinger.pt\/es\/wp-json\/wp\/v2\/users\/4"}],"replies":[{"embeddable":true,"href":"https:\/\/klinger.pt\/es\/wp-json\/wp\/v2\/comments?post=44817"}],"version-history":[{"count":5,"href":"https:\/\/klinger.pt\/es\/wp-json\/wp\/v2\/pages\/44817\/revisions"}],"predecessor-version":[{"id":44908,"href":"https:\/\/klinger.pt\/es\/wp-json\/wp\/v2\/pages\/44817\/revisions\/44908"}],"up":[{"embeddable":true,"href":"https:\/\/klinger.pt\/es\/wp-json\/wp\/v2\/pages\/43898"}],"wp:attachment":[{"href":"https:\/\/klinger.pt\/es\/wp-json\/wp\/v2\/media?parent=44817"}],"curies":[{"name":"wp","href":"https:\/\/api.w.org\/{rel}","templated":true}]}}