{"id":4471,"date":"2020-10-28T09:03:32","date_gmt":"2020-10-28T09:03:32","guid":{"rendered":"https:\/\/m5j0n6nk9p.onrocket.site\/?p=4471"},"modified":"2023-06-13T11:54:40","modified_gmt":"2023-06-13T10:54:40","slug":"bomba-processo","status":"publish","type":"page","link":"https:\/\/klinger.pt\/es\/produtos\/bombas-e-agitacao\/bombas\/bomba-processo\/","title":{"rendered":"BOMBAS DE PROCESSO"},"content":{"rendered":"\t\t<div data-elementor-type=\"wp-post\" data-elementor-id=\"4471\" class=\"elementor elementor-4471\">\n\t\t\t\t\t\t<section class=\"elementor-section elementor-top-section elementor-element elementor-element-cac61fa elementor-section-boxed elementor-section-height-default elementor-section-height-default\" data-id=\"cac61fa\" data-element_type=\"section\" data-e-type=\"section\">\n\t\t\t\t\t\t<div class=\"elementor-container elementor-column-gap-default\">\n\t\t\t\t\t<div class=\"elementor-column elementor-col-100 elementor-top-column elementor-element elementor-element-1dacc6d\" data-id=\"1dacc6d\" data-element_type=\"column\" data-e-type=\"column\">\n\t\t\t<div class=\"elementor-widget-wrap elementor-element-populated\">\n\t\t\t\t\t\t<div class=\"elementor-element elementor-element-02bb4da elementor-widget elementor-widget-breadcrumbs\" data-id=\"02bb4da\" data-element_type=\"widget\" data-e-type=\"widget\" data-widget_type=\"breadcrumbs.default\">\n\t\t\t\t<div class=\"elementor-widget-container\">\n\t\t\t\t\t \t\t\t\t<\/div>\n\t\t\t\t<\/div>\n\t\t\t\t\t<\/div>\n\t\t<\/div>\n\t\t\t\t\t<\/div>\n\t\t<\/section>\n\t\t\t\t<section class=\"elementor-section elementor-top-section elementor-element elementor-element-215b724 elementor-section-stretched elementor-section-boxed elementor-section-height-default elementor-section-height-default\" data-id=\"215b724\" data-element_type=\"section\" data-e-type=\"section\" data-settings=\"{&quot;stretch_section&quot;:&quot;section-stretched&quot;}\">\n\t\t\t\t\t\t<div class=\"elementor-container elementor-column-gap-default\">\n\t\t\t\t\t<div class=\"elementor-column elementor-col-50 elementor-top-column elementor-element elementor-element-3a6beb6\" data-id=\"3a6beb6\" data-element_type=\"column\" data-e-type=\"column\">\n\t\t\t<div class=\"elementor-widget-wrap elementor-element-populated\">\n\t\t\t\t\t\t<div class=\"elementor-element elementor-element-3a1d37a elementor-widget elementor-widget-heading\" data-id=\"3a1d37a\" data-element_type=\"widget\" data-e-type=\"widget\" data-widget_type=\"heading.default\">\n\t\t\t\t<div class=\"elementor-widget-container\">\n\t\t\t\t\t<h1 class=\"elementor-heading-title elementor-size-default\">Bombas de Processo<\/h1>\t\t\t\t<\/div>\n\t\t\t\t<\/div>\n\t\t\t\t<div class=\"elementor-element elementor-element-f0a0a2e elementor-widget elementor-widget-text-editor\" data-id=\"f0a0a2e\" data-element_type=\"widget\" data-e-type=\"widget\" data-widget_type=\"text-editor.default\">\n\t\t\t\t<div class=\"elementor-widget-container\">\n\t\t\t\t\t\t\t\t\t<p>S\u00e3o bombas centr\u00edfugas verticais customizadas para processos industriais aplicadas em condi\u00e7\u00f5es exigentes, poder\u00e3o ser de empanque\u00a0 mec\u00e2nico ou accionamento magn\u00e9tico.<\/p>\t\t\t\t\t\t\t\t<\/div>\n\t\t\t\t<\/div>\n\t\t\t\t\t<\/div>\n\t\t<\/div>\n\t\t\t\t<div class=\"elementor-column elementor-col-50 elementor-top-column elementor-element elementor-element-b87d2f4\" data-id=\"b87d2f4\" data-element_type=\"column\" data-e-type=\"column\">\n\t\t\t<div class=\"elementor-widget-wrap elementor-element-populated\">\n\t\t\t\t\t\t<div class=\"elementor-element elementor-element-b3545df elementor-widget elementor-widget-image\" data-id=\"b3545df\" data-element_type=\"widget\" data-e-type=\"widget\" data-widget_type=\"image.default\">\n\t\t\t\t<div class=\"elementor-widget-container\">\n\t\t\t\t\t\t\t\t\t\t\t\t\t\t\t<img fetchpriority=\"high\" decoding=\"async\" width=\"252\" height=\"252\" src=\"https:\/\/klinger.pt\/wp-content\/uploads\/2019\/12\/processo-thumbnail.jpg\" class=\"attachment-full size-full wp-image-2631\" alt=\"\" srcset=\"https:\/\/klinger.pt\/wp-content\/uploads\/2019\/12\/processo-thumbnail.jpg 252w, https:\/\/klinger.pt\/wp-content\/uploads\/2019\/12\/processo-thumbnail-150x150.jpg 150w\" sizes=\"(max-width: 252px) 100vw, 252px\" \/>\t\t\t\t\t\t\t\t\t\t\t\t\t\t\t<\/div>\n\t\t\t\t<\/div>\n\t\t\t\t\t<\/div>\n\t\t<\/div>\n\t\t\t\t\t<\/div>\n\t\t<\/section>\n\t\t\t\t<\/div>\n\t\t","protected":false},"excerpt":{"rendered":"<p>BOMBAS DE PROCESSO S\u00e3o bombas centr\u00edfugas verticais customizadas para processos industriais aplicadas em condi\u00e7\u00f5es exigentes, poder\u00e3o ser de empanque&nbsp; mec\u00e2nico ou acionamento magn\u00e9tico.<\/p>\n","protected":false},"author":1,"featured_media":0,"parent":24675,"menu_order":190,"comment_status":"closed","ping_status":"closed","template":"page-templates\/servicios.php","meta":{"_eb_attr":"","footnotes":""},"class_list":["post-4471","page","type-page","status-publish","hentry"],"aioseo_notices":[],"_links":{"self":[{"href":"https:\/\/klinger.pt\/es\/wp-json\/wp\/v2\/pages\/4471","targetHints":{"allow":["GET"]}}],"collection":[{"href":"https:\/\/klinger.pt\/es\/wp-json\/wp\/v2\/pages"}],"about":[{"href":"https:\/\/klinger.pt\/es\/wp-json\/wp\/v2\/types\/page"}],"author":[{"embeddable":true,"href":"https:\/\/klinger.pt\/es\/wp-json\/wp\/v2\/users\/1"}],"replies":[{"embeddable":true,"href":"https:\/\/klinger.pt\/es\/wp-json\/wp\/v2\/comments?post=4471"}],"version-history":[{"count":2,"href":"https:\/\/klinger.pt\/es\/wp-json\/wp\/v2\/pages\/4471\/revisions"}],"predecessor-version":[{"id":43406,"href":"https:\/\/klinger.pt\/es\/wp-json\/wp\/v2\/pages\/4471\/revisions\/43406"}],"up":[{"embeddable":true,"href":"https:\/\/klinger.pt\/es\/wp-json\/wp\/v2\/pages\/24675"}],"wp:attachment":[{"href":"https:\/\/klinger.pt\/es\/wp-json\/wp\/v2\/media?parent=4471"}],"curies":[{"name":"wp","href":"https:\/\/api.w.org\/{rel}","templated":true}]}}