{"id":4450,"date":"2020-10-28T08:56:30","date_gmt":"2020-10-28T08:56:30","guid":{"rendered":"https:\/\/m5j0n6nk9p.onrocket.site\/?p=4450"},"modified":"2023-06-12T14:10:05","modified_gmt":"2023-06-12T13:10:05","slug":"bombas-pneumaticas","status":"publish","type":"page","link":"https:\/\/klinger.pt\/es\/produtos\/bombas-e-agitacao\/bombas\/bombas-pneumaticas\/","title":{"rendered":"BOMBAS PNEUM\u00c1TICAS"},"content":{"rendered":"\t\t<div data-elementor-type=\"wp-post\" data-elementor-id=\"4450\" class=\"elementor elementor-4450\">\n\t\t\t\t\t\t<section class=\"elementor-section elementor-top-section elementor-element elementor-element-e923d07 elementor-section-boxed elementor-section-height-default elementor-section-height-default\" data-id=\"e923d07\" data-element_type=\"section\" data-e-type=\"section\">\n\t\t\t\t\t\t<div class=\"elementor-container elementor-column-gap-default\">\n\t\t\t\t\t<div class=\"elementor-column elementor-col-100 elementor-top-column elementor-element elementor-element-4ccaae6\" data-id=\"4ccaae6\" data-element_type=\"column\" data-e-type=\"column\">\n\t\t\t<div class=\"elementor-widget-wrap elementor-element-populated\">\n\t\t\t\t\t\t<div class=\"elementor-element elementor-element-9db6b47 elementor-widget elementor-widget-breadcrumbs\" data-id=\"9db6b47\" data-element_type=\"widget\" data-e-type=\"widget\" data-widget_type=\"breadcrumbs.default\">\n\t\t\t\t<div class=\"elementor-widget-container\">\n\t\t\t\t\t \t\t\t\t<\/div>\n\t\t\t\t<\/div>\n\t\t\t\t\t<\/div>\n\t\t<\/div>\n\t\t\t\t\t<\/div>\n\t\t<\/section>\n\t\t\t\t<section class=\"elementor-section elementor-top-section elementor-element elementor-element-215b724 elementor-section-stretched elementor-section-boxed elementor-section-height-default elementor-section-height-default\" data-id=\"215b724\" data-element_type=\"section\" data-e-type=\"section\" data-settings=\"{&quot;stretch_section&quot;:&quot;section-stretched&quot;}\">\n\t\t\t\t\t\t<div class=\"elementor-container elementor-column-gap-default\">\n\t\t\t\t\t<div class=\"elementor-column elementor-col-50 elementor-top-column elementor-element elementor-element-3a6beb6\" data-id=\"3a6beb6\" data-element_type=\"column\" data-e-type=\"column\">\n\t\t\t<div class=\"elementor-widget-wrap elementor-element-populated\">\n\t\t\t\t\t\t<div class=\"elementor-element elementor-element-3942bf3 elementor-widget elementor-widget-heading\" data-id=\"3942bf3\" data-element_type=\"widget\" data-e-type=\"widget\" data-widget_type=\"heading.default\">\n\t\t\t\t<div class=\"elementor-widget-container\">\n\t\t\t\t\t<h1 class=\"elementor-heading-title elementor-size-default\">Bombas Pneum\u00e1ticas<\/h1>\t\t\t\t<\/div>\n\t\t\t\t<\/div>\n\t\t\t\t<div class=\"elementor-element elementor-element-f0a0a2e elementor-widget elementor-widget-text-editor\" data-id=\"f0a0a2e\" data-element_type=\"widget\" data-e-type=\"widget\" data-widget_type=\"text-editor.default\">\n\t\t\t\t<div class=\"elementor-widget-container\">\n\t\t\t\t\t\t\t\t\t<p>As bombas pneum\u00e1ticas s\u00e3o desenvolvidas principalmente em torno do sistema de distribui\u00e7\u00e3o de ar, da alta tecnologia do diafragma, da geometria das c\u00e2maras de bombeamento e do sistema de v\u00e1lvulas.<\/p><p>A principal aplica\u00e7\u00e3o a que se destinam \u00e9 bombeamento de produtos com viscosidades elevadas, sendo que podem tamb\u00e9m transportar pastas.<\/p>\t\t\t\t\t\t\t\t<\/div>\n\t\t\t\t<\/div>\n\t\t\t\t<div class=\"elementor-element elementor-element-81cb435 elementor-widget elementor-widget-text-editor\" data-id=\"81cb435\" data-element_type=\"widget\" data-e-type=\"widget\" data-widget_type=\"text-editor.default\">\n\t\t\t\t<div class=\"elementor-widget-container\">\n\t\t\t\t\t\t\t\t\t<p>Conhe\u00e7a toda a nossa gama de\u00a0<span style=\"text-decoration: underline;\"><a href=\"https:\/\/klinger.pt\/produtos\/bombas\/\" target=\"_blank\" rel=\"noopener\">Bombas Industriais<\/a><\/span><\/p>\t\t\t\t\t\t\t\t<\/div>\n\t\t\t\t<\/div>\n\t\t\t\t\t<\/div>\n\t\t<\/div>\n\t\t\t\t<div class=\"elementor-column elementor-col-50 elementor-top-column elementor-element elementor-element-b87d2f4\" data-id=\"b87d2f4\" data-element_type=\"column\" data-e-type=\"column\">\n\t\t\t<div class=\"elementor-widget-wrap elementor-element-populated\">\n\t\t\t\t\t\t<div class=\"elementor-element elementor-element-b3545df elementor-widget elementor-widget-image\" data-id=\"b3545df\" data-element_type=\"widget\" data-e-type=\"widget\" data-widget_type=\"image.default\">\n\t\t\t\t<div class=\"elementor-widget-container\">\n\t\t\t\t\t\t\t\t\t\t\t\t\t\t\t<img fetchpriority=\"high\" decoding=\"async\" width=\"252\" height=\"252\" src=\"https:\/\/klinger.pt\/wp-content\/uploads\/2020\/10\/Bombas-Pneumaticas-KLINGER-Portugal.webp\" class=\"attachment-full size-full wp-image-10489\" alt=\"Bombas Pneum\u00e1ticas - KLINGER Portugal\" srcset=\"https:\/\/klinger.pt\/wp-content\/uploads\/2020\/10\/Bombas-Pneumaticas-KLINGER-Portugal.webp 252w, https:\/\/klinger.pt\/wp-content\/uploads\/2020\/10\/Bombas-Pneumaticas-KLINGER-Portugal-150x150.webp 150w\" sizes=\"(max-width: 252px) 100vw, 252px\" \/>\t\t\t\t\t\t\t\t\t\t\t\t\t\t\t<\/div>\n\t\t\t\t<\/div>\n\t\t\t\t\t<\/div>\n\t\t<\/div>\n\t\t\t\t\t<\/div>\n\t\t<\/section>\n\t\t\t\t<\/div>\n\t\t","protected":false},"excerpt":{"rendered":"<p>BOMBAS PNEUM\u00c1TICAS As bombas pneum\u00e1ticas s\u00e3o desenvolvidas principalmente em torno do sistema de distribui\u00e7\u00e3o de ar, da alta tecnologia do diafragma, da geometria das c\u00e2maras de bombeamento e do sistema de v\u00e1lvulas. A principal aplica\u00e7\u00e3o a que se destinam \u00e9 bombeamento de produtos com viscosidades elevadas, sendo que podem tamb\u00e9m transportar pastas.<\/p>\n","protected":false},"author":1,"featured_media":0,"parent":24675,"menu_order":194,"comment_status":"closed","ping_status":"closed","template":"page-templates\/servicios.php","meta":{"_eb_attr":"","footnotes":""},"class_list":["post-4450","page","type-page","status-publish","hentry"],"aioseo_notices":[],"_links":{"self":[{"href":"https:\/\/klinger.pt\/es\/wp-json\/wp\/v2\/pages\/4450","targetHints":{"allow":["GET"]}}],"collection":[{"href":"https:\/\/klinger.pt\/es\/wp-json\/wp\/v2\/pages"}],"about":[{"href":"https:\/\/klinger.pt\/es\/wp-json\/wp\/v2\/types\/page"}],"author":[{"embeddable":true,"href":"https:\/\/klinger.pt\/es\/wp-json\/wp\/v2\/users\/1"}],"replies":[{"embeddable":true,"href":"https:\/\/klinger.pt\/es\/wp-json\/wp\/v2\/comments?post=4450"}],"version-history":[{"count":2,"href":"https:\/\/klinger.pt\/es\/wp-json\/wp\/v2\/pages\/4450\/revisions"}],"predecessor-version":[{"id":43339,"href":"https:\/\/klinger.pt\/es\/wp-json\/wp\/v2\/pages\/4450\/revisions\/43339"}],"up":[{"embeddable":true,"href":"https:\/\/klinger.pt\/es\/wp-json\/wp\/v2\/pages\/24675"}],"wp:attachment":[{"href":"https:\/\/klinger.pt\/es\/wp-json\/wp\/v2\/media?parent=4450"}],"curies":[{"name":"wp","href":"https:\/\/api.w.org\/{rel}","templated":true}]}}