{"id":44316,"date":"2023-07-24T09:49:01","date_gmt":"2023-07-24T08:49:01","guid":{"rendered":"https:\/\/m5j0n6nk9p.onrocket.site\/?page_id=44316"},"modified":"2023-07-25T08:26:36","modified_gmt":"2023-07-25T07:26:36","slug":"empanques-para-aplicacoes-em-aguas","status":"publish","type":"page","link":"https:\/\/klinger.pt\/es\/klinger-water-solutions\/equipamentos\/vedacoes-para-aguas\/empanques-para-aplicacoes-em-aguas\/","title":{"rendered":"EMPANQUES PARA APLICA\u00c7\u00d5ES EM \u00c1GUAS"},"content":{"rendered":"\n<h1 class=\"wp-block-heading\">EMPANQUES PARA APLICA\u00c7\u00d5ES EM \u00c1GUAS<\/h1>\n\n\n\n<p>Os empanques s\u00e3o usados com a fun\u00e7\u00e3o de veda\u00e7\u00e3o eficaz em aplica\u00e7\u00f5es de v\u00e1lvulas, bombas rotativas e alternativas.<\/p>\n\n\n\n<p>Produzidos com mat\u00e9rias-primas da mais alta qualidade, os Empanques KLINGER est\u00e3o dispon\u00edveis em uma ampla gama de combina\u00e7\u00f5es para atender a diversas aplica\u00e7\u00f5es de servi\u00e7o. Variam desde os empanques econ\u00f4micos tradicionais, at\u00e9 os graus de PTFE de alta especifica\u00e7\u00e3o, que utilizam a tecnologia mais recente para produzir um produto que atenda \u00e0s demandas mais exigentes de um sistema moderno de manuseio de fluidos.<\/p>\n\n\n\n<div style=\"height:25px\" aria-hidden=\"true\" class=\"wp-block-spacer\"><\/div>\n\n\n\n<div class=\"wp-block-columns has-2-columns is-layout-flex wp-container-core-columns-is-layout-9d6595d7 wp-block-columns-is-layout-flex\">\n<div class=\"wp-block-column is-layout-flow wp-block-column-is-layout-flow\">\n<figure class=\"wp-block-table flecha\"><table><tbody><tr><td class=\"has-text-align-center\" data-align=\"center\"><img decoding=\"async\" width=\"150\" height=\"150\" class=\"wp-image-29988\" style=\"width: 150px;\" src=\"https:\/\/klinger.pt\/wp-content\/uploads\/2022\/09\/Empanques-PTFE-KLINGER-Portugal.png\" alt=\"\" srcset=\"https:\/\/klinger.pt\/wp-content\/uploads\/2022\/09\/Empanques-PTFE-KLINGER-Portugal.png 250w, https:\/\/klinger.pt\/wp-content\/uploads\/2022\/09\/Empanques-PTFE-KLINGER-Portugal-150x150.png 150w\" sizes=\"(max-width: 150px) 100vw, 150px\" \/><\/td><td><strong><a href=\"https:\/\/klinger.pt\/produtos\/vedacao\/empanques\/empanques-de-ptfe\/\" title=\"EMPANQUES PTFE\">EMPANQUES DE PTFE<\/a><\/strong><br><br><a href=\"https:\/\/klinger.pt\/produtos\/vedacao\/empanques\/empanques-de-ptfe\/\" title=\"\ufffc\"><img decoding=\"async\" class=\"wp-image-2704\" style=\"width: 18px;\" src=\"https:\/\/www.klinger.es\/wp-content\/uploads\/2019\/11\/icon-arrow-blue-double.png\" alt=\"\"><\/a><\/td><\/tr><\/tbody><\/table><\/figure>\n<\/div>\n\n\n\n<div class=\"wp-block-column is-layout-flow wp-block-column-is-layout-flow\">\n<figure class=\"wp-block-table flecha\"><table><tbody><tr><td class=\"has-text-align-center\" data-align=\"center\"><img decoding=\"async\" width=\"150\" height=\"150\" class=\"wp-image-29990\" style=\"width: 150px;\" src=\"https:\/\/klinger.pt\/wp-content\/uploads\/2022\/09\/Empanque-Fibra-Sintetica-Klinger-Portugal.png\" alt=\"\" srcset=\"https:\/\/klinger.pt\/wp-content\/uploads\/2022\/09\/Empanque-Fibra-Sintetica-Klinger-Portugal.png 250w, https:\/\/klinger.pt\/wp-content\/uploads\/2022\/09\/Empanque-Fibra-Sintetica-Klinger-Portugal-150x150.png 150w\" sizes=\"(max-width: 150px) 100vw, 150px\" \/><\/td><td><strong><a href=\"https:\/\/klinger.pt\/produtos\/vedacao\/empanques\/empanques-de-fibra-sintetica\/\" title=\"\">EMPANQUES DE FIBRA SINT\u00c9TICA<\/a><\/strong><br><br><a href=\"https:\/\/klinger.pt\/produtos\/vedacao\/empanques\/empanques-de-fibra-sintetica\/\" title=\"\ufffc\"><img decoding=\"async\" class=\"wp-image-2704\" style=\"width: 18px;\" src=\"https:\/\/www.klinger.es\/wp-content\/uploads\/2019\/11\/icon-arrow-blue-double.png\" alt=\"\"><\/a><\/td><\/tr><\/tbody><\/table><\/figure>\n<\/div>\n<\/div>\n","protected":false},"excerpt":{"rendered":"<p>EMPANQUES PARA APLICA\u00c7\u00d5ES EM \u00c1GUAS Os empanques s\u00e3o usados com a fun\u00e7\u00e3o de veda\u00e7\u00e3o eficaz em aplica\u00e7\u00f5es de v\u00e1lvulas, bombas rotativas e alternativas. Produzidos com mat\u00e9rias-primas da mais alta qualidade, os Empanques KLINGER est\u00e3o dispon\u00edveis em uma ampla gama de combina\u00e7\u00f5es para atender a diversas aplica\u00e7\u00f5es de servi\u00e7o. Variam desde os empanques econ\u00f4micos tradicionais, at\u00e9 [&hellip;]<\/p>\n","protected":false},"author":4,"featured_media":0,"parent":44286,"menu_order":0,"comment_status":"closed","ping_status":"closed","template":"page-templates\/secciones-principales.php","meta":{"_eb_attr":"","footnotes":""},"class_list":["post-44316","page","type-page","status-publish","hentry"],"aioseo_notices":[],"_links":{"self":[{"href":"https:\/\/klinger.pt\/es\/wp-json\/wp\/v2\/pages\/44316","targetHints":{"allow":["GET"]}}],"collection":[{"href":"https:\/\/klinger.pt\/es\/wp-json\/wp\/v2\/pages"}],"about":[{"href":"https:\/\/klinger.pt\/es\/wp-json\/wp\/v2\/types\/page"}],"author":[{"embeddable":true,"href":"https:\/\/klinger.pt\/es\/wp-json\/wp\/v2\/users\/4"}],"replies":[{"embeddable":true,"href":"https:\/\/klinger.pt\/es\/wp-json\/wp\/v2\/comments?post=44316"}],"version-history":[{"count":1,"href":"https:\/\/klinger.pt\/es\/wp-json\/wp\/v2\/pages\/44316\/revisions"}],"predecessor-version":[{"id":44317,"href":"https:\/\/klinger.pt\/es\/wp-json\/wp\/v2\/pages\/44316\/revisions\/44317"}],"up":[{"embeddable":true,"href":"https:\/\/klinger.pt\/es\/wp-json\/wp\/v2\/pages\/44286"}],"wp:attachment":[{"href":"https:\/\/klinger.pt\/es\/wp-json\/wp\/v2\/media?parent=44316"}],"curies":[{"name":"wp","href":"https:\/\/api.w.org\/{rel}","templated":true}]}}