{"id":44267,"date":"2023-07-20T11:41:13","date_gmt":"2023-07-20T10:41:13","guid":{"rendered":"https:\/\/m5j0n6nk9p.onrocket.site\/?page_id=44267"},"modified":"2024-01-12T14:31:32","modified_gmt":"2024-01-12T14:31:32","slug":"impulsao-e-agitacao","status":"publish","type":"page","link":"https:\/\/klinger.pt\/es\/klinger-water-solutions\/equipamentos\/impulsao-e-agitacao\/","title":{"rendered":"BOMBAS &#038; AGITA\u00c7\u00c3O PARA \u00c1GUAS"},"content":{"rendered":"\n<h1 class=\"wp-block-heading\">BOMBAS &amp; AGITA\u00c7\u00c3O PARA \u00c1GUAS<\/h1>\n\n\n\n<div style=\"height:25px\" aria-hidden=\"true\" class=\"wp-block-spacer\"><\/div>\n\n\n\n<div class=\"wp-block-columns is-layout-flex wp-container-core-columns-is-layout-9d6595d7 wp-block-columns-is-layout-flex\">\n<div class=\"wp-block-column is-vertically-aligned-center is-layout-flow wp-block-column-is-layout-flow\">\n<figure class=\"wp-block-table\"><table><tbody><tr><td>  <img decoding=\"async\" width=\"220\" height=\"217\" class=\"wp-image-27049\" style=\"width: 220px;\" src=\"https:\/\/klinger.pt\/wp-content\/uploads\/2022\/08\/categoria-tsurumi-pumps-1.png\" alt=\"\" srcset=\"https:\/\/klinger.pt\/wp-content\/uploads\/2022\/08\/categoria-tsurumi-pumps-1.png 1099w, https:\/\/klinger.pt\/wp-content\/uploads\/2022\/08\/categoria-tsurumi-pumps-1-300x296.png 300w, https:\/\/klinger.pt\/wp-content\/uploads\/2022\/08\/categoria-tsurumi-pumps-1-1024x1011.png 1024w, https:\/\/klinger.pt\/wp-content\/uploads\/2022\/08\/categoria-tsurumi-pumps-1-768x758.png 768w\" sizes=\"(max-width: 220px) 100vw, 220px\" \/><\/td><td><strong><a href=\"https:\/\/klinger.pt\/klinger-water-solutions\/equipamentos\/impulsao-e-agitacao\/bombas-para-aguas\/\" title=\"\">BOMBAS <\/a><\/strong><br><br><a href=\"https:\/\/klinger.pt\/klinger-water-solutions\/equipamentos\/impulsao-e-agitacao\/bombas-para-aguas\/\" title=\"\ufffc\"><img decoding=\"async\" width=\"18\" height=\"18\" class=\"wp-image-16262\" style=\"width: 18px;\" src=\"https:\/\/klinger.pt\/wp-content\/uploads\/2022\/06\/icon-arrow-blue-double.png\" alt=\"\"><\/a><\/td><\/tr><\/tbody><\/table><\/figure>\n<\/div>\n\n\n\n<div class=\"wp-block-column is-vertically-aligned-center is-layout-flow wp-block-column-is-layout-flow\">\n<figure class=\"wp-block-table\"><table><tbody><tr><td><img decoding=\"async\" width=\"220\" height=\"227\" class=\"wp-image-31929\" style=\"width: 220px;\" src=\"https:\/\/klinger.pt\/wp-content\/uploads\/2022\/09\/AGITACAO-E-MISTURA-1.png\" alt=\"AGITA\u00c7\u00c3O E MISTURA\" srcset=\"https:\/\/klinger.pt\/wp-content\/uploads\/2022\/09\/AGITACAO-E-MISTURA-1.png 333w, https:\/\/klinger.pt\/wp-content\/uploads\/2022\/09\/AGITACAO-E-MISTURA-1-291x300.png 291w\" sizes=\"(max-width: 220px) 100vw, 220px\" \/><\/td><td><strong><a href=\"https:\/\/klinger.pt\/produtos\/bombas-e-agitacao\/agitacao-mistura\/\" title=\"\">AGITA\u00c7\u00c3O &amp; MISTURA<\/a><\/strong><br><br><a href=\"https:\/\/klinger.pt\/produtos\/bombas-e-agitacao\/agitacao-mistura\/\" title=\"\ufffc\"><img decoding=\"async\" width=\"18\" height=\"18\" class=\"wp-image-16262\" style=\"width: 18px;\" src=\"https:\/\/klinger.pt\/wp-content\/uploads\/2022\/06\/icon-arrow-blue-double.png\" alt=\"\"><\/a><\/td><\/tr><\/tbody><\/table><\/figure>\n<\/div>\n<\/div>\n\n\n\n<div class=\"wp-block-columns is-layout-flex wp-container-core-columns-is-layout-9d6595d7 wp-block-columns-is-layout-flex\">\n<div class=\"wp-block-column is-vertically-aligned-center is-layout-flow wp-block-column-is-layout-flow\">\n<figure class=\"wp-block-table\"><table><tbody><tr><td><img loading=\"lazy\" decoding=\"async\" width=\"150\" height=\"207\" class=\"wp-image-27501\" style=\"width: 150px;\" src=\"https:\/\/klinger.pt\/wp-content\/uploads\/2022\/08\/arejadores-1.png\" alt=\"AREJADORES\"><\/td><td><strong><a href=\"https:\/\/klinger.pt\/produtos\/bombas-e-agitacao\/arejadores\/\" title=\"\">AREJADORES<\/a><\/strong><br><br><a href=\"https:\/\/klinger.pt\/produtos\/bombas-e-agitacao\/arejadores\/\" title=\"\ufffc\"><img decoding=\"async\" width=\"18\" height=\"18\" class=\"wp-image-16262\" style=\"width: 18px;\" src=\"https:\/\/klinger.pt\/wp-content\/uploads\/2022\/06\/icon-arrow-blue-double.png\" alt=\"\"><\/a><\/td><\/tr><\/tbody><\/table><\/figure>\n<\/div>\n\n\n\n<div class=\"wp-block-column is-vertically-aligned-center transparente is-layout-flow wp-block-column-is-layout-flow\"><\/div>\n<\/div>\n","protected":false},"excerpt":{"rendered":"<p>BOMBAS &amp; AGITA\u00c7\u00c3O PARA \u00c1GUAS BOMBAS AGITA\u00c7\u00c3O &amp; MISTURA AREJADORES<\/p>\n","protected":false},"author":4,"featured_media":0,"parent":43898,"menu_order":0,"comment_status":"closed","ping_status":"closed","template":"page-templates\/secciones-principales.php","meta":{"_eb_attr":"","footnotes":""},"class_list":["post-44267","page","type-page","status-publish","hentry"],"aioseo_notices":[],"_links":{"self":[{"href":"https:\/\/klinger.pt\/es\/wp-json\/wp\/v2\/pages\/44267","targetHints":{"allow":["GET"]}}],"collection":[{"href":"https:\/\/klinger.pt\/es\/wp-json\/wp\/v2\/pages"}],"about":[{"href":"https:\/\/klinger.pt\/es\/wp-json\/wp\/v2\/types\/page"}],"author":[{"embeddable":true,"href":"https:\/\/klinger.pt\/es\/wp-json\/wp\/v2\/users\/4"}],"replies":[{"embeddable":true,"href":"https:\/\/klinger.pt\/es\/wp-json\/wp\/v2\/comments?post=44267"}],"version-history":[{"count":8,"href":"https:\/\/klinger.pt\/es\/wp-json\/wp\/v2\/pages\/44267\/revisions"}],"predecessor-version":[{"id":45462,"href":"https:\/\/klinger.pt\/es\/wp-json\/wp\/v2\/pages\/44267\/revisions\/45462"}],"up":[{"embeddable":true,"href":"https:\/\/klinger.pt\/es\/wp-json\/wp\/v2\/pages\/43898"}],"wp:attachment":[{"href":"https:\/\/klinger.pt\/es\/wp-json\/wp\/v2\/media?parent=44267"}],"curies":[{"name":"wp","href":"https:\/\/api.w.org\/{rel}","templated":true}]}}