{"id":44247,"date":"2023-07-20T11:20:51","date_gmt":"2023-07-20T10:20:51","guid":{"rendered":"https:\/\/m5j0n6nk9p.onrocket.site\/?page_id=44247"},"modified":"2023-07-25T08:11:55","modified_gmt":"2023-07-25T07:11:55","slug":"valvulas-macho-esferico-para-aguas","status":"publish","type":"page","link":"https:\/\/klinger.pt\/es\/klinger-water-solutions\/equipamentos\/valvulas-e-equipamentos-hidromecanicos\/valvulas-macho-esferico-para-aguas\/","title":{"rendered":"V\u00c1LVULAS MACHO ESF\u00c9RICO PARA \u00c1GUAS"},"content":{"rendered":"\n<h1 class=\"wp-block-heading\">V\u00c1LVULAS MACHO ESF\u00c9RICO PARA \u00c1GUAS<\/h1>\n\n\n\n<div style=\"height:50px\" aria-hidden=\"true\" class=\"wp-block-spacer\"><\/div>\n\n\n\n<div class=\"wp-block-columns is-layout-flex wp-container-core-columns-is-layout-9d6595d7 wp-block-columns-is-layout-flex\">\n<div class=\"wp-block-column is-layout-flow wp-block-column-is-layout-flow\" style=\"flex-basis:300px\"><div class=\"wp-block-image\">\n<figure class=\"aligncenter size-full\"><img fetchpriority=\"high\" decoding=\"async\" width=\"480\" height=\"483\" src=\"https:\/\/klinger.pt\/wp-content\/uploads\/2023\/04\/KHD-FSB2D-pag.webp\" alt=\"\" class=\"wp-image-41738\" srcset=\"https:\/\/klinger.pt\/wp-content\/uploads\/2023\/04\/KHD-FSB2D-pag.webp 480w, https:\/\/klinger.pt\/wp-content\/uploads\/2023\/04\/KHD-FSB2D-pag-298x300.webp 298w, https:\/\/klinger.pt\/wp-content\/uploads\/2023\/04\/KHD-FSB2D-pag-150x150.webp 150w\" sizes=\"(max-width: 480px) 100vw, 480px\" \/><\/figure>\n<\/div>\n\n\n<figure class=\"wp-block-gallery has-nested-images columns-default is-cropped wp-block-gallery-1 is-layout-flex wp-block-gallery-is-layout-flex\">\n<figure class=\"wp-block-image size-full\"><img decoding=\"async\" width=\"834\" height=\"420\" data-id=\"41740\" src=\"https:\/\/klinger.pt\/wp-content\/uploads\/2023\/04\/QUADRO-KHD-ESFERA-FLANGEADA.webp\" alt=\"\" class=\"wp-image-41740\" srcset=\"https:\/\/klinger.pt\/wp-content\/uploads\/2023\/04\/QUADRO-KHD-ESFERA-FLANGEADA.webp 834w, https:\/\/klinger.pt\/wp-content\/uploads\/2023\/04\/QUADRO-KHD-ESFERA-FLANGEADA-300x151.webp 300w, https:\/\/klinger.pt\/wp-content\/uploads\/2023\/04\/QUADRO-KHD-ESFERA-FLANGEADA-768x387.webp 768w\" sizes=\"(max-width: 834px) 100vw, 834px\" \/><\/figure>\n<\/figure>\n<\/div>\n\n\n\n<div class=\"wp-block-column is-layout-flow wp-block-column-is-layout-flow\" style=\"flex-basis:700px\">\n<h2 class=\"wp-block-heading\">V\u00e1lvulas de Esfera Flangeadas KHD<\/h2>\n\n\n\n<p>As v\u00e1lvulas de esfera flangeadas KHD proporcionam um controlo eficaz das opera\u00e7\u00f5es de petr\u00f3leo e g\u00e1s. A sua caracter\u00edstica s\u00e3o as extremidades flangeadas que s\u00e3o aparafusadas \u00e0 tubagem de petr\u00f3leo e g\u00e1s.<\/p>\n\n\n\n<p>Em geral, as sedes met\u00e1licas incorporam uma veda\u00e7\u00e3o metal-metal entre as sedes e a esfera do conjunto de v\u00e1lvulas. Na pr\u00e1tica geral, as sedes met\u00e1licas podem resistir a um piscar extremo, choque hidr\u00e1ulico, fluido de processo abrasivo, e altas temperaturas. S\u00e3o tamb\u00e9m ideais para aplica\u00e7\u00f5es de alta eros\u00e3o ou corros\u00e3o.<\/p>\n\n\n\n<p>J\u00e1 os assentos macios s\u00e3o feitos de materiais termopl\u00e1sticos como o PTFE. S\u00e3o ideais para aplica\u00e7\u00f5es onde a compatibilidade qu\u00edmica \u00e9 importante e onde a veda\u00e7\u00e3o o mais apertada poss\u00edvel \u00e9 essencial.<br>Contudo, os assentos macios n\u00e3o s\u00e3o recomendados para fluidos de processo sujos ou abrasivos. As sedes macias podem partir-se sob estas condi\u00e7\u00f5es, causando fugas na v\u00e1lvula.<\/p>\n<\/div>\n<\/div>\n\n\n\n<h5 class=\"wp-block-heading\"><a href=\"https:\/\/klinger.pt\/wp-content\/uploads\/2023\/04\/Ball-Valve_KHD-1DF_Data-Sheet.pdf\" target=\"_blank\" rel=\"noopener\" title=\"FICHA T\u00c9CNICA V\u00c1LVULA DE ESFERA FLANGEADA KHD-1DF (EN)\">FICHA T\u00c9CNICA V\u00c1LVULA DE ESFERA FLANGEADA KHD-1DF (EN)<\/a><\/h5>\n\n\n\n<h5 class=\"wp-block-heading\"><a href=\"https:\/\/klinger.pt\/wp-content\/uploads\/2023\/04\/Ball-Valve_KHD-1F_Data-Sheet.pdf\" target=\"_blank\" rel=\"noopener\" title=\"FICHA T\u00c9CNICA V\u00c1LVULA DE ESFERA FLANGEADA KHD-1F (EN)\">FICHA T\u00c9CNICA V\u00c1LVULA DE ESFERA FLANGEADA KHD-1F (EN)<\/a> <\/h5>\n\n\n\n<h5 class=\"wp-block-heading\"><a href=\"https:\/\/klinger.pt\/wp-content\/uploads\/2023\/04\/Ball-Valve_KHD-2D_Data-Sheet_compressed.pdf\" target=\"_blank\" rel=\"noopener\" title=\"FICHA T\u00c9CNICA V\u00c1LVULA DE ESFERA FLANGEADA KHD-2D (EN)\">FICHA T\u00c9CNICA V\u00c1LVULA DE ESFERA FLANGEADA KHD-2D (EN)<\/a><\/h5>\n\n\n\n<h5 class=\"wp-block-heading\"><a href=\"https:\/\/klinger.pt\/wp-content\/uploads\/2023\/04\/Ball-Valve_KHD-2E_Data-Sheet.pdf\" target=\"_blank\" rel=\"noopener\" title=\"FICHA T\u00c9CNICA V\u00c1LVULA DE ESFERA FLANGEADA KHD-2E (EN)\">FICHA T\u00c9CNICA V\u00c1LVULA DE ESFERA FLANGEADA KHD-2E (EN)<\/a><\/h5>\n\n\n\n<h5 class=\"wp-block-heading\"><a href=\"https:\/\/klinger.pt\/wp-content\/uploads\/2023\/04\/Ball-Valve_KHD-2F_Data-Sheet_compressed.pdf\" target=\"_blank\" rel=\"noopener\" title=\"FICHA T\u00c9CNICA V\u00c1LVULA DE ESFERA FLANGEADA KHD-2F (EN)\">FICHA T\u00c9CNICA V\u00c1LVULA DE ESFERA FLANGEADA KHD-2F (EN)<\/a><\/h5>\n\n\n\n<h5 class=\"wp-block-heading\"><a href=\"https:\/\/klinger.pt\/wp-content\/uploads\/2023\/04\/Ball-Valve_KHD-FSB_Data-Sheet-1_compressed.pdf\" target=\"_blank\" rel=\"noopener\" title=\"FICHA T\u00c9CNICA V\u00c1LVULA DE ESFERA FLANGEADA KHD-FSB2D (EN)\">FICHA T\u00c9CNICA V\u00c1LVULA DE ESFERA FLANGEADA KHD-FSB2D (EN)<\/a><\/h5>\n\n\n\n<h5 class=\"wp-block-heading\"><a href=\"https:\/\/klinger.pt\/wp-content\/uploads\/2023\/04\/Ball-Valve_KHD-M4F_Data-Sheet_compressed.pdf\" target=\"_blank\" rel=\"noopener\" title=\"FICHA T\u00c9CNICA V\u00c1LVULA DE ESFERA FLANGEADA KHD-M4F (EN)\">FICHA T\u00c9CNICA V\u00c1LVULA DE ESFERA FLANGEADA KHD-M4F (EN)<\/a><\/h5>\n\n\n\n<h5 class=\"wp-block-heading\"><a href=\"https:\/\/klinger.pt\/wp-content\/uploads\/2023\/04\/Ball-Valve_KHD-MS2D_Data-Sheet_compressed.pdf\" target=\"_blank\" rel=\"noopener\" title=\"FICHA T\u00c9CNICA V\u00c1LVULA DE ESFERA FLANGEADA KHD-MS2D (EN)\">FICHA T\u00c9CNICA V\u00c1LVULA DE ESFERA FLANGEADA KHD-MS2D (EN)<\/a><\/h5>\n\n\n\n<div style=\"height:100px\" aria-hidden=\"true\" class=\"wp-block-spacer\"><\/div>\n\n\n\n<div class=\"wp-block-columns is-layout-flex wp-container-core-columns-is-layout-9d6595d7 wp-block-columns-is-layout-flex\">\n<div class=\"wp-block-column is-layout-flow wp-block-column-is-layout-flow\" style=\"flex-basis:300px\">\n<figure class=\"wp-block-image size-full\"><img decoding=\"async\" width=\"500\" height=\"483\" src=\"https:\/\/klinger.pt\/wp-content\/uploads\/2023\/04\/Roscada-soldada-pag.webp\" alt=\"\" class=\"wp-image-41658\" srcset=\"https:\/\/klinger.pt\/wp-content\/uploads\/2023\/04\/Roscada-soldada-pag.webp 500w, https:\/\/klinger.pt\/wp-content\/uploads\/2023\/04\/Roscada-soldada-pag-300x290.webp 300w\" sizes=\"(max-width: 500px) 100vw, 500px\" \/><\/figure>\n\n\n\n<figure class=\"wp-block-image size-full\"><img loading=\"lazy\" decoding=\"async\" width=\"834\" height=\"420\" src=\"https:\/\/klinger.pt\/wp-content\/uploads\/2023\/04\/Roscada-soldada-opcoes-pag.webp\" alt=\"\" class=\"wp-image-41660\" srcset=\"https:\/\/klinger.pt\/wp-content\/uploads\/2023\/04\/Roscada-soldada-opcoes-pag.webp 834w, https:\/\/klinger.pt\/wp-content\/uploads\/2023\/04\/Roscada-soldada-opcoes-pag-300x151.webp 300w, https:\/\/klinger.pt\/wp-content\/uploads\/2023\/04\/Roscada-soldada-opcoes-pag-768x387.webp 768w\" sizes=\"(max-width: 834px) 100vw, 834px\" \/><\/figure>\n<\/div>\n\n\n\n<div class=\"wp-block-column is-layout-flow wp-block-column-is-layout-flow\" style=\"flex-basis:700px\">\n<h2 class=\"wp-block-heading\">V\u00e1lvulas de Esfera Roscadas\/Soldadas KHD<\/h2>\n\n\n\n<p>Uma v\u00e1lvula de esfera de soldadura topo a topo cont\u00e9m uma conex\u00e3o do tamanho de uma soldadura topo a topo para conex\u00e3o de entrada e sa\u00edda. A v\u00e1lvula com conex\u00e3o de extremidade de soldadura topo a topo assegura a aus\u00eancia de fugas acidentais.<\/p>\n\n\n\n<p>As v\u00e1lvulas de esfera roscadas cont\u00eam roscas internas e externas para facilitar as conex\u00f5es de entrada e sa\u00edda. <\/p>\n\n\n\n<p>Em geral, as sedes macias s\u00e3o feitas de materiais termopl\u00e1sticos, tais como PTFE. S\u00e3o ideais para aplica\u00e7\u00f5es onde a compatibilidade qu\u00edmica \u00e9 importante e onde \u00e9 essencial uma veda\u00e7\u00e3o o mais apertada poss\u00edvel. Contudo, os assentos macios n\u00e3o s\u00e3o recomendados para fluidos de processo sujos ou abrasivos. As sedes macias podem partir-se sob estas condi\u00e7\u00f5es, causando fugas na v\u00e1lvula.<\/p>\n\n\n\n<p>Uma v\u00e1lvula de tipo bloco tem a capacidade de bloquear o movimento em uma ou mais dire\u00e7\u00f5es. Na pr\u00e1tica, uma v\u00e1lvula de bloco pode impedir o movimento ou permitir que o movimento aconte\u00e7a sem restri\u00e7\u00f5es.<\/p>\n\n\n\n<p>As v\u00e1lvulas de esfera com seguran\u00e7a contra inc\u00eandio s\u00e3o concebidas para minimizar emiss\u00f5es fugitivas e fugas a jusante quando expostas a altas temperaturas durante os inc\u00eandios. Diferenciam-se de outras v\u00e1lvulas de esfera industriais por permanecerem operacionais, ou pelo menos falharem de forma previs\u00edvel, quando expostas a temperaturas elevadas.<\/p>\n<\/div>\n<\/div>\n\n\n\n<h5 class=\"wp-block-heading\"><a href=\"https:\/\/klinger.pt\/wp-content\/uploads\/2023\/04\/Ball-Valve_KHD-11_Data-Sheet.pdf\" target=\"_blank\" rel=\"noopener\" title=\"FICHA T\u00c9CNICA V\u00c1LVULA DE ESFERA ROSCADA\/SOLDADA KHD-11 (EN)\">FICHA T\u00c9CNICA V\u00c1LVULA DE ESFERA ROSCADA\/SOLDADA KHD-11 (EN)<\/a><\/h5>\n\n\n\n<h5 class=\"wp-block-heading\"><a href=\"https:\/\/klinger.pt\/wp-content\/uploads\/2023\/04\/Ball-Valve_KHD-15_Data-Sheet.pdf\" target=\"_blank\" rel=\"noopener\" title=\"FICHA T\u00c9CNICA V\u00c1LVULA DE ESFERA ROSCADA\/SOLDADA KHD-15 (EN)\">FICHA T\u00c9CNICA V\u00c1LVULA DE ESFERA ROSCADA\/SOLDADA KHD-15 (EN)<\/a><\/h5>\n\n\n\n<h5 class=\"wp-block-heading\"><a href=\"https:\/\/klinger.pt\/wp-content\/uploads\/2023\/04\/Ball-Valve_KHD-21E_Data-Sheet.pdf\" target=\"_blank\" rel=\"noopener\" title=\"FICHA T\u00c9CNICA V\u00c1LVULA DE ESFERA ROSCADA\/SOLDADA KHD-21E (EN)\">FICHA T\u00c9CNICA V\u00c1LVULA DE ESFERA ROSCADA\/SOLDADA KHD-21E (EN)<\/a><\/h5>\n\n\n\n<h5 class=\"wp-block-heading\"><a href=\"https:\/\/klinger.pt\/wp-content\/uploads\/2023\/04\/Ball-Valve_KHD-25_Data-Sheet.pdf\" target=\"_blank\" rel=\"noopener\" title=\"FICHA T\u00c9CNICA V\u00c1LVULA DE ESFERA ROSCADA\/SOLDADA KHD-25 (EN)\">FICHA T\u00c9CNICA V\u00c1LVULA DE ESFERA ROSCADA\/SOLDADA KHD-25 (EN)<\/a><\/h5>\n\n\n\n<h5 class=\"wp-block-heading\"><a href=\"https:\/\/klinger.pt\/wp-content\/uploads\/2023\/04\/Ball-Valve_KHD-31_Data-Sheet_compressed.pdf\" target=\"_blank\" rel=\"noopener\" title=\"FICHA T\u00c9CNICA V\u00c1LVULA DE ESFERA ROSCADA\/SOLDADA KHD-31 (EN)\">FICHA T\u00c9CNICA V\u00c1LVULA DE ESFERA ROSCADA\/SOLDADA KHD-31 (EN)<\/a><\/h5>\n\n\n\n<h5 class=\"wp-block-heading\"><a href=\"https:\/\/klinger.pt\/wp-content\/uploads\/2023\/04\/Ball-Valve_KHD-35_Data-Sheet_compressed.pdf\" target=\"_blank\" rel=\"noopener\" title=\"FICHA T\u00c9CNICA V\u00c1LVULA DE ESFERA ROSCADA\/SOLDADA KHD-35 (EN)\">FICHA T\u00c9CNICA V\u00c1LVULA DE ESFERA ROSCADA\/SOLDADA KHD-35 (EN)<\/a><\/h5>\n\n\n\n<h5 class=\"wp-block-heading\"><a href=\"https:\/\/klinger.pt\/wp-content\/uploads\/2023\/04\/Ball-Valve_KHD-FSB_Data-Sheet-1_compressed-1.pdf\" target=\"_blank\" rel=\"noopener\" title=\"FICHAS T\u00c9CNICAS V\u00c1LVULAS DE ESFERA ROSCADA\/SOLDADA KHD-FSB (EN)\">FICHAS T\u00c9CNICAS V\u00c1LVULAS DE ESFERA ROSCADA\/SOLDADA KHD-FSB (EN)<\/a><\/h5>\n\n\n\n<h5 class=\"wp-block-heading\"><a href=\"https:\/\/klinger.pt\/wp-content\/uploads\/2023\/04\/Ball-Valve_KHD-M4_Data-Sheet_compressed.pdf\" target=\"_blank\" rel=\"noopener\" title=\"FICHA T\u00c9CNICA V\u00c1LVULA DE ESFERA ROSCADA\/SOLDADA KHD-M4 (EN)\">FICHA T\u00c9CNICA V\u00c1LVULA DE ESFERA ROSCADA\/SOLDADA KHD-M4 (EN)<\/a><\/h5>\n","protected":false},"excerpt":{"rendered":"<p>V\u00c1LVULAS MACHO ESF\u00c9RICO PARA \u00c1GUAS V\u00e1lvulas de Esfera Flangeadas KHD As v\u00e1lvulas de esfera flangeadas KHD proporcionam um controlo eficaz das opera\u00e7\u00f5es de petr\u00f3leo e g\u00e1s. A sua caracter\u00edstica s\u00e3o as extremidades flangeadas que s\u00e3o aparafusadas \u00e0 tubagem de petr\u00f3leo e g\u00e1s. Em geral, as sedes met\u00e1licas incorporam uma veda\u00e7\u00e3o metal-metal entre as sedes e [&hellip;]<\/p>\n","protected":false},"author":4,"featured_media":0,"parent":44239,"menu_order":0,"comment_status":"closed","ping_status":"closed","template":"page-templates\/servicios.php","meta":{"_eb_attr":"","footnotes":""},"class_list":["post-44247","page","type-page","status-publish","hentry"],"aioseo_notices":[],"_links":{"self":[{"href":"https:\/\/klinger.pt\/es\/wp-json\/wp\/v2\/pages\/44247","targetHints":{"allow":["GET"]}}],"collection":[{"href":"https:\/\/klinger.pt\/es\/wp-json\/wp\/v2\/pages"}],"about":[{"href":"https:\/\/klinger.pt\/es\/wp-json\/wp\/v2\/types\/page"}],"author":[{"embeddable":true,"href":"https:\/\/klinger.pt\/es\/wp-json\/wp\/v2\/users\/4"}],"replies":[{"embeddable":true,"href":"https:\/\/klinger.pt\/es\/wp-json\/wp\/v2\/comments?post=44247"}],"version-history":[{"count":5,"href":"https:\/\/klinger.pt\/es\/wp-json\/wp\/v2\/pages\/44247\/revisions"}],"predecessor-version":[{"id":44391,"href":"https:\/\/klinger.pt\/es\/wp-json\/wp\/v2\/pages\/44247\/revisions\/44391"}],"up":[{"embeddable":true,"href":"https:\/\/klinger.pt\/es\/wp-json\/wp\/v2\/pages\/44239"}],"wp:attachment":[{"href":"https:\/\/klinger.pt\/es\/wp-json\/wp\/v2\/media?parent=44247"}],"curies":[{"name":"wp","href":"https:\/\/api.w.org\/{rel}","templated":true}]}}