{"id":44241,"date":"2023-07-20T11:01:52","date_gmt":"2023-07-20T10:01:52","guid":{"rendered":"https:\/\/m5j0n6nk9p.onrocket.site\/?page_id=44241"},"modified":"2023-07-25T08:10:18","modified_gmt":"2023-07-25T07:10:18","slug":"valvulas-guilhotina-para-aguas","status":"publish","type":"page","link":"https:\/\/klinger.pt\/es\/klinger-water-solutions\/equipamentos\/valvulas-e-equipamentos-hidromecanicos\/valvulas-guilhotina-para-aguas\/","title":{"rendered":"V\u00c1LVULAS GUILHOTINA PARA \u00c1GUAS"},"content":{"rendered":"\n<h1 class=\"wp-block-heading\">V\u00c1LVULAS GUILHOTINA PARA \u00c1GUAS<\/h1>\n\n\n\n<div class=\"wp-block-group\"><div class=\"wp-block-group__inner-container is-layout-constrained wp-block-group-is-layout-constrained\">\n<div class=\"wp-block-columns is-layout-flex wp-container-core-columns-is-layout-9d6595d7 wp-block-columns-is-layout-flex\">\n<div class=\"wp-block-column is-layout-flow wp-block-column-is-layout-flow\" style=\"flex-basis:300px\"><div class=\"wp-block-image\">\n<figure class=\"aligncenter size-full\"><img fetchpriority=\"high\" decoding=\"async\" width=\"150\" height=\"483\" src=\"https:\/\/klinger.pt\/wp-content\/uploads\/2023\/04\/EX-pag.webp\" alt=\"V\u00c1LVULAS GUILHOTINA UNIDIRECIONAIS\" class=\"wp-image-40913\" srcset=\"https:\/\/klinger.pt\/wp-content\/uploads\/2023\/04\/EX-pag.webp 150w, https:\/\/klinger.pt\/wp-content\/uploads\/2023\/04\/EX-pag-93x300.webp 93w\" sizes=\"(max-width: 150px) 100vw, 150px\" \/><\/figure>\n<\/div><\/div>\n\n\n\n<div class=\"wp-block-column is-layout-flow wp-block-column-is-layout-flow\" style=\"flex-basis:700px\">\n<h2 class=\"wp-block-heading\">Modelo EX<\/h2>\n\n\n\n<p class=\"intro-text\">V\u00e1lvula guilhotina unidirecional tipo wafer de uso geral.<\/p>\n\n\n\n<p>O modelo EX \u00e9 uma v\u00e1lvula de uso geral para flu\u00eddos carregados com s\u00f3lidos em suspens\u00e3o, de aplica\u00e7\u00e3o principal nos setores:<\/p>\n\n\n\n<ul class=\"wp-block-list\">\n<li>Papel e celulose<\/li>\n\n\n\n<li>Tratamento de \u00e1guas<\/li>\n\n\n\n<li>Energ\u00e9tico<\/li>\n\n\n\n<li>Agroaliment\u00edcio<\/li>\n\n\n\n<li>Explora\u00e7\u00e3o mineira<\/li>\n\n\n\n<li>Qu\u00edmico<\/li>\n\n\n\n<li>etc.<\/li>\n<\/ul>\n\n\n\n<h3 class=\"wp-block-heading\">Dimens\u00f5es:<\/h3>\n\n\n\n<p>DN 50 a DN 1200 (DN superiores&nbsp;sob consulta)<\/p>\n\n\n\n<h3 class=\"wp-block-heading\">Press\u00f5es:<\/h3>\n\n\n\n<ul class=\"wp-block-list\">\n<li>DN 50 a DN 250: 10 bar<\/li>\n\n\n\n<li>DN 300 a DN 400: 6 bar<\/li>\n\n\n\n<li>DN 450: 5 bar<\/li>\n\n\n\n<li>DN 500 a DN 600: 4 bar<\/li>\n\n\n\n<li>DN 700 a DN 1200: 2 bar<\/li>\n<\/ul>\n\n\n\n<h3 class=\"wp-block-heading\">Flanges padr\u00e3o:<\/h3>\n\n\n\n<p>EN1092 PN10<br>ASME B16.5 (classe 150)<\/p>\n\n\n\n<h3 class=\"wp-block-heading\">Outras flanges (sob consulta):<\/h3>\n\n\n\n<p>EN1092 PN6\/16\/25<br>BS \u201cD\u201d&nbsp;e \u201cE\u201d ASME 125 Outras&nbsp;sob consulta<\/p>\n\n\n\n<h5 class=\"wp-block-heading\"><a href=\"https:\/\/klinger.pt\/wp-content\/uploads\/2023\/04\/EX-VALVULA-GUILHOTINA-PT_compressed-1.pdf\" target=\"_blank\" rel=\"noopener\" title=\"\">FICHA T\u00c9CNICA MODELO EX (PT)<\/a><\/h5>\n<\/div>\n<\/div>\n<\/div><\/div>\n\n\n\n<div style=\"height:100px\" aria-hidden=\"true\" class=\"wp-block-spacer\"><\/div>\n\n\n\n<div class=\"wp-block-group\"><div class=\"wp-block-group__inner-container is-layout-constrained wp-block-group-is-layout-constrained\">\n<div class=\"wp-block-columns is-layout-flex wp-container-core-columns-is-layout-9d6595d7 wp-block-columns-is-layout-flex\">\n<div class=\"wp-block-column is-layout-flow wp-block-column-is-layout-flow\" style=\"flex-basis:300px\"><div class=\"wp-block-image\">\n<figure class=\"aligncenter size-full\"><img decoding=\"async\" width=\"150\" height=\"483\" src=\"https:\/\/klinger.pt\/wp-content\/uploads\/2023\/04\/EB-pag.webp\" alt=\"V\u00c1LVULAS GUILHOTINA BIDIRECIONAIS\" class=\"wp-image-40964\" srcset=\"https:\/\/klinger.pt\/wp-content\/uploads\/2023\/04\/EB-pag.webp 150w, https:\/\/klinger.pt\/wp-content\/uploads\/2023\/04\/EB-pag-93x300.webp 93w\" sizes=\"(max-width: 150px) 100vw, 150px\" \/><\/figure>\n<\/div><\/div>\n\n\n\n<div class=\"wp-block-column is-layout-flow wp-block-column-is-layout-flow\" style=\"flex-basis:700px\">\n<h2 class=\"wp-block-heading\">Modelo EB<\/h2>\n\n\n\n<p class=\"intro-text\">V\u00e1lvula guilhotina bidirecional tipo wafer de uso geral.<\/p>\n\n\n\n<p>O modelo EB \u00e9 uma v\u00e1lvula bidirecional de uso geral para flu\u00eddos carregados com s\u00f3lidos em suspens\u00e3o, de aplica\u00e7\u00e3o principal nos setores:<\/p>\n\n\n\n<ul class=\"wp-block-list\">\n<li>Tratamento de \u00e1guas<\/li>\n\n\n\n<li>Agroalimentar<\/li>\n\n\n\n<li>Qu\u00edmico<\/li>\n\n\n\n<li>etc.<\/li>\n<\/ul>\n\n\n\n<p>Equipada de an\u00e9is de EPDM em ambos os lados e assento de elast\u00f3mero encaixado no corpo.<\/p>\n\n\n\n<h3 class=\"wp-block-heading\">Dimens\u00f5es:<\/h3>\n\n\n\n<p>DN 50 a DN 1200 (DN superiores&nbsp;sob consulta)<\/p>\n\n\n\n<h3 class=\"wp-block-heading\">Press\u00f5es:<\/h3>\n\n\n\n<ul class=\"wp-block-list\">\n<li>DN 50 a DN 125: 16 bar<\/li>\n\n\n\n<li>DN 150 a DN 250: 10 bar<\/li>\n\n\n\n<li>DN 300 a DN 400: 6 bar<\/li>\n\n\n\n<li>DN 450: 5 bar<\/li>\n\n\n\n<li>DN 500 a DN 600: 4 bar<\/li>\n\n\n\n<li>DN 700 a DN 1200: 2 bar<\/li>\n<\/ul>\n\n\n\n<h3 class=\"wp-block-heading\">Flanges padr\u00e3o:<\/h3>\n\n\n\n<p>EN1092 PN10<\/p>\n\n\n\n<h3 class=\"wp-block-heading\">Outras flanges (sob consulta):<\/h3>\n\n\n\n<p>Face a face s\/EN558-1 s\u00e9rie20 (DIN3202 K1) at\u00e9 DN 500<\/p>\n\n\n\n<h5 class=\"wp-block-heading\"><a href=\"https:\/\/klinger.pt\/wp-content\/uploads\/2023\/04\/EB-VALVULA-DE-GUILHOTINA-PT_compressed.pdf\" target=\"_blank\" rel=\"noopener\" title=\"\">FICHA T\u00c9CNICA MODELO EB (PT)<\/a><\/h5>\n<\/div>\n<\/div>\n<\/div><\/div>\n\n\n\n<div style=\"height:100px\" aria-hidden=\"true\" class=\"wp-block-spacer\"><\/div>\n\n\n\n<div class=\"wp-block-group\"><div class=\"wp-block-group__inner-container is-layout-constrained wp-block-group-is-layout-constrained\">\n<div class=\"wp-block-columns is-layout-flex wp-container-core-columns-is-layout-9d6595d7 wp-block-columns-is-layout-flex\">\n<div class=\"wp-block-column is-layout-flow wp-block-column-is-layout-flow\" style=\"flex-basis:300px\"><div class=\"wp-block-image\">\n<figure class=\"aligncenter size-full\"><img decoding=\"async\" width=\"150\" height=\"483\" src=\"https:\/\/klinger.pt\/wp-content\/uploads\/2023\/04\/HB-pag.webp\" alt=\"V\u00c1LVULAS GUILHOTINA BIDIRECIONAIS\" class=\"wp-image-40970\" srcset=\"https:\/\/klinger.pt\/wp-content\/uploads\/2023\/04\/HB-pag.webp 150w, https:\/\/klinger.pt\/wp-content\/uploads\/2023\/04\/HB-pag-93x300.webp 93w\" sizes=\"(max-width: 150px) 100vw, 150px\" \/><\/figure>\n<\/div><\/div>\n\n\n\n<div class=\"wp-block-column is-layout-flow wp-block-column-is-layout-flow\" style=\"flex-basis:700px\">\n<h2 class=\"wp-block-heading\">Modelo HB<\/h2>\n\n\n\n<p class=\"intro-text\">V\u00e1lvula guilhotina bidirecional tipo wafer de alta press\u00e3o de uso geral.<\/p>\n\n\n\n<p>O modelo HB \u00e9 uma v\u00e1lvula bidirecional de uso geral para flu\u00eddos carregados com s\u00f3lidos em suspens\u00e3o, de aplica\u00e7\u00e3o principal nos setores:<\/p>\n\n\n\n<ul class=\"wp-block-list\">\n<li>Tratamento de \u00e1guas<\/li>\n\n\n\n<li>Agroalimentar<\/li>\n\n\n\n<li>Qu\u00edmico<\/li>\n\n\n\n<li>Etc.<\/li>\n<\/ul>\n\n\n\n<h3 class=\"wp-block-heading\">Dimens\u00f5es:<\/h3>\n\n\n\n<p>DN 80 a DN 600 (DN superiores sob&nbsp;consulta)<\/p>\n\n\n\n<h3 class=\"wp-block-heading\">Press\u00f5es:<\/h3>\n\n\n\n<p>DN 80 a DN 600: 16 \/ 20 bar<\/p>\n\n\n\n<h3 class=\"wp-block-heading\">Flanges padr\u00e3o:<\/h3>\n\n\n\n<p>EN 1092 PN 16 e ASME B16.5 (classe 150)<br>Outras flanges sob consulta<\/p>\n\n\n\n<h3 class=\"wp-block-heading\">Intervalos:<\/h3>\n\n\n\n<p>s\/EN558-1 s\u00e9rie20 (DIN3202 K1)<\/p>\n\n\n\n<h5 class=\"wp-block-heading\"><a href=\"https:\/\/klinger.pt\/wp-content\/uploads\/2023\/04\/HB-VALVULA-GUILHOTINA-PT_compressed.pdf\" target=\"_blank\" rel=\"noopener\" title=\"\">FICHA T\u00c9CNICA MODELO HB (PT)<\/a><\/h5>\n<\/div>\n<\/div>\n<\/div><\/div>\n","protected":false},"excerpt":{"rendered":"<p>V\u00c1LVULAS GUILHOTINA PARA \u00c1GUAS Modelo EX V\u00e1lvula guilhotina unidirecional tipo wafer de uso geral. O modelo EX \u00e9 uma v\u00e1lvula de uso geral para flu\u00eddos carregados com s\u00f3lidos em suspens\u00e3o, de aplica\u00e7\u00e3o principal nos setores: Dimens\u00f5es: DN 50 a DN 1200 (DN superiores&nbsp;sob consulta) Press\u00f5es: Flanges padr\u00e3o: EN1092 PN10ASME B16.5 (classe 150) Outras flanges (sob [&hellip;]<\/p>\n","protected":false},"author":4,"featured_media":0,"parent":44239,"menu_order":0,"comment_status":"closed","ping_status":"closed","template":"page-templates\/servicios.php","meta":{"_eb_attr":"","footnotes":""},"class_list":["post-44241","page","type-page","status-publish","hentry"],"aioseo_notices":[],"_links":{"self":[{"href":"https:\/\/klinger.pt\/es\/wp-json\/wp\/v2\/pages\/44241","targetHints":{"allow":["GET"]}}],"collection":[{"href":"https:\/\/klinger.pt\/es\/wp-json\/wp\/v2\/pages"}],"about":[{"href":"https:\/\/klinger.pt\/es\/wp-json\/wp\/v2\/types\/page"}],"author":[{"embeddable":true,"href":"https:\/\/klinger.pt\/es\/wp-json\/wp\/v2\/users\/4"}],"replies":[{"embeddable":true,"href":"https:\/\/klinger.pt\/es\/wp-json\/wp\/v2\/comments?post=44241"}],"version-history":[{"count":2,"href":"https:\/\/klinger.pt\/es\/wp-json\/wp\/v2\/pages\/44241\/revisions"}],"predecessor-version":[{"id":44244,"href":"https:\/\/klinger.pt\/es\/wp-json\/wp\/v2\/pages\/44241\/revisions\/44244"}],"up":[{"embeddable":true,"href":"https:\/\/klinger.pt\/es\/wp-json\/wp\/v2\/pages\/44239"}],"wp:attachment":[{"href":"https:\/\/klinger.pt\/es\/wp-json\/wp\/v2\/media?parent=44241"}],"curies":[{"name":"wp","href":"https:\/\/api.w.org\/{rel}","templated":true}]}}