{"id":44138,"date":"2023-07-11T16:16:12","date_gmt":"2023-07-11T15:16:12","guid":{"rendered":"https:\/\/m5j0n6nk9p.onrocket.site\/?page_id=44138"},"modified":"2023-09-05T15:47:06","modified_gmt":"2023-09-05T14:47:06","slug":"servicos","status":"publish","type":"page","link":"https:\/\/klinger.pt\/es\/klinger-water-solutions\/servicos\/","title":{"rendered":"SERVI\u00c7OS"},"content":{"rendered":"\n<h1 class=\"wp-block-heading\" id=\"aioseo-engenharia-servicos\">SERVI\u00c7OS<\/h1>\n\n\n\n<figure class=\"wp-block-image size-full is-resized\"><img decoding=\"async\" src=\"https:\/\/klinger.pt\/wp-content\/uploads\/2023\/09\/Logo-LiberAqua-blue.png\" alt=\"\" class=\"wp-image-45265\" style=\"width:298px;height:60px\" width=\"298\" height=\"60\" srcset=\"https:\/\/klinger.pt\/wp-content\/uploads\/2023\/09\/Logo-LiberAqua-blue.png 550w, https:\/\/klinger.pt\/wp-content\/uploads\/2023\/09\/Logo-LiberAqua-blue-300x61.png 300w\" sizes=\"(max-width: 298px) 100vw, 298px\" \/><\/figure>\n\n\n\n<p class=\"has-text-color\" style=\"color:#003a68;font-size:15px\">Tratamento de \u00c1guas da KLINGER Portugal<\/p>\n\n\n\n<p>A sustentabilidade \u00e9 o nosso pilar fundamental. Acreditamos que \u00e9 nossa responsabilidade proteger o meio ambiente e contribuir para um futuro sustent\u00e1vel.<\/p>\n\n\n\n<div style=\"height:30px\" aria-hidden=\"true\" class=\"wp-block-spacer\"><\/div>\n\n\n\n<div class=\"wp-block-group\"><div class=\"wp-block-group__inner-container is-layout-constrained wp-block-group-is-layout-constrained\">\n<div class=\"wp-block-columns is-layout-flex wp-container-core-columns-is-layout-9d6595d7 wp-block-columns-is-layout-flex\">\n<div class=\"wp-block-column is-layout-flow wp-block-column-is-layout-flow\" style=\"flex-basis:300px\">\n<figure class=\"wp-block-image size-full\"><img fetchpriority=\"high\" decoding=\"async\" width=\"700\" height=\"483\" src=\"https:\/\/klinger.pt\/wp-content\/uploads\/2023\/07\/Exploracao-ETAR-Industrial.webp\" alt=\"\" class=\"wp-image-43688\" srcset=\"https:\/\/klinger.pt\/wp-content\/uploads\/2023\/07\/Exploracao-ETAR-Industrial.webp 700w, https:\/\/klinger.pt\/wp-content\/uploads\/2023\/07\/Exploracao-ETAR-Industrial-300x207.webp 300w\" sizes=\"(max-width: 700px) 100vw, 700px\" \/><\/figure>\n<\/div>\n\n\n\n<div class=\"wp-block-column is-layout-flow wp-block-column-is-layout-flow\" style=\"flex-basis:700px\">\n<h2 class=\"wp-block-heading\" id=\"aioseo-exploracao-etar-industrial\">Gest\u00e3o global e explora\u00e7\u00e3o de ETAR\u00b4s Industriais<\/h2>\n\n\n\n<p><strong>Vetores fundamentais da nossa gest\u00e3o:<\/strong><\/p>\n\n\n\n<p>Implementamos pr\u00e1ticas eco-friendly de forma a ajudar os nossos clientes a alcan\u00e7ar os objetivos fundamentais:<\/p>\n\n\n\n<ul class=\"wp-block-list\">\n<li>Cumprir os valores limites de emiss\u00e3o (VLE)<\/li>\n\n\n\n<li>Reduzir custos operacionais.<\/li>\n\n\n\n<li>Foco na produtividade. Implementa\u00e7\u00e3o de KPIs seguindo uma filosofia win-win com os nossos clientes.<\/li>\n<\/ul>\n<\/div>\n<\/div>\n<\/div><\/div>\n\n\n\n<div style=\"height:50px\" aria-hidden=\"true\" class=\"wp-block-spacer\"><\/div>\n\n\n\n<div class=\"wp-block-group\"><div class=\"wp-block-group__inner-container is-layout-constrained wp-block-group-is-layout-constrained\">\n<div class=\"wp-block-columns is-layout-flex wp-container-core-columns-is-layout-9d6595d7 wp-block-columns-is-layout-flex\">\n<div class=\"wp-block-column is-layout-flow wp-block-column-is-layout-flow\" style=\"flex-basis:300px\">\n<figure class=\"wp-block-image size-full\"><img decoding=\"async\" width=\"700\" height=\"483\" src=\"https:\/\/klinger.pt\/wp-content\/uploads\/2023\/07\/Manutencao-e-instalacao-Equipamento-ETAR.webp\" alt=\"\" class=\"wp-image-43692\" srcset=\"https:\/\/klinger.pt\/wp-content\/uploads\/2023\/07\/Manutencao-e-instalacao-Equipamento-ETAR.webp 700w, https:\/\/klinger.pt\/wp-content\/uploads\/2023\/07\/Manutencao-e-instalacao-Equipamento-ETAR-300x207.webp 300w\" sizes=\"(max-width: 700px) 100vw, 700px\" \/><\/figure>\n<\/div>\n\n\n\n<div class=\"wp-block-column is-layout-flow wp-block-column-is-layout-flow\" style=\"flex-basis:700px\">\n<h2 class=\"wp-block-heading\" id=\"aioseo-manutencao-instalacao-equipamento-etar\">Boas Pr\u00e1ticas de Manuten\u00e7\u00e3o: Efici\u00eancia e Durabilidade<\/h2>\n\n\n\n<p><strong>Dispomos de uma equipa especializada nas v\u00e1rias vertentes da manuten\u00e7\u00e3o<\/strong>:<\/p>\n\n\n\n<ul class=\"wp-block-list\">\n<li>Manuten\u00e7\u00e3o Preventiva: A rotina em preservar o bom funcionamento &#8211; a manuten\u00e7\u00e3o preventiva \u00e9 uma parte essencial de nossa abordagem. Realizamos inspe\u00e7\u00f5es regulares e cronogramas de manuten\u00e7\u00e3o para identificar potenciais problemas.<\/li>\n\n\n\n<li>Manuten\u00e7\u00e3o Preditiva: A monitoriza\u00e7\u00e3o para antecipar necessidades.<\/li>\n\n\n\n<li>Manuten\u00e7\u00e3o Corretiva: A vigil\u00e2ncia para corrigir os problemas de forma c\u00e9lere.<\/li>\n<\/ul>\n<\/div>\n<\/div>\n<\/div><\/div>\n\n\n\n<div style=\"height:50px\" aria-hidden=\"true\" class=\"wp-block-spacer\"><\/div>\n\n\n\n<div class=\"wp-block-group\"><div class=\"wp-block-group__inner-container is-layout-constrained wp-block-group-is-layout-constrained\">\n<div class=\"wp-block-columns is-layout-flex wp-container-core-columns-is-layout-9d6595d7 wp-block-columns-is-layout-flex\">\n<div class=\"wp-block-column is-layout-flow wp-block-column-is-layout-flow\" style=\"flex-basis:300px\">\n<figure class=\"wp-block-image size-full\"><img loading=\"lazy\" decoding=\"async\" width=\"700\" height=\"483\" src=\"https:\/\/klinger.pt\/wp-content\/uploads\/2023\/07\/Automacao-pag.webp\" alt=\"\" class=\"wp-image-44171\" srcset=\"https:\/\/klinger.pt\/wp-content\/uploads\/2023\/07\/Automacao-pag.webp 700w, https:\/\/klinger.pt\/wp-content\/uploads\/2023\/07\/Automacao-pag-300x207.webp 300w\" sizes=\"(max-width: 700px) 100vw, 700px\" \/><\/figure>\n<\/div>\n\n\n\n<div class=\"wp-block-column is-layout-flow wp-block-column-is-layout-flow\" style=\"flex-basis:700px\">\n<h2 class=\"wp-block-heading\" id=\"aioseo-manutencao-instalacao-equipamento-etar\">Automa\u00e7\u00e3o e monitoriza\u00e7\u00e3o de ETAR&#8217;s industriais<\/h2>\n\n\n\n<p><strong>Disponibilizamos de um servi\u00e7o abrangente de automa\u00e7\u00e3o e monitoriza\u00e7\u00e3o de Esta\u00e7\u00f5es de Tratamento de \u00c1guas Residuais (ETAR&#8217;s) industriais. <\/strong><\/p>\n\n\n\n<p>Compreendendo a import\u00e2ncia de processos eficientes e precisos no tratamento de \u00e1guas residuais, nossa equipe especializada em automa\u00e7\u00e3o desenvolve solu\u00e7\u00f5es personalizadas para otimizar e controlar as opera\u00e7\u00f5es das ETAR&#8217;s industriais. Atrav\u00e9s da implementa\u00e7\u00e3o de sistemas avan\u00e7ados de controle e monitoriza\u00e7\u00e3o, podemos automatizar processos-chave, como dosagem de produtos qu\u00edmicos, controle de fluxo e n\u00edveis, monitoriza\u00e7\u00e3o de par\u00e2metros de qualidade da \u00e1gua, entre outros. Al\u00e9m disso, nossa equipe oferece servi\u00e7os de integra\u00e7\u00e3o de sistemas, garantindo a comunica\u00e7\u00e3o eficaz entre os equipamentos e a gera\u00e7\u00e3o de relat\u00f3rios em tempo real. Com a automa\u00e7\u00e3o e monitoriza\u00e7\u00e3o adequadas, nossos clientes industriais podem aumentar a efici\u00eancia operacional, reduzir custos, minimizar o risco de erros e melhorar o desempenho geral de suas ETAR&#8217;s, contribuindo para a prote\u00e7\u00e3o do meio ambiente e a conformidade com os regulamentos ambientais vigentes.<\/p>\n\n\n\n<figure class=\"wp-block-image size-large\"><img loading=\"lazy\" decoding=\"async\" width=\"1024\" height=\"171\" src=\"https:\/\/klinger.pt\/wp-content\/uploads\/2023\/07\/image-1024x171.png\" alt=\"\" class=\"wp-image-43696\" srcset=\"https:\/\/klinger.pt\/wp-content\/uploads\/2023\/07\/image-1024x171.png 1024w, https:\/\/klinger.pt\/wp-content\/uploads\/2023\/07\/image-300x50.png 300w, https:\/\/klinger.pt\/wp-content\/uploads\/2023\/07\/image-768x128.png 768w, https:\/\/klinger.pt\/wp-content\/uploads\/2023\/07\/image-1536x257.png 1536w, https:\/\/klinger.pt\/wp-content\/uploads\/2023\/07\/image-1400x234.png 1400w, https:\/\/klinger.pt\/wp-content\/uploads\/2023\/07\/image.png 1920w\" sizes=\"(max-width: 1024px) 100vw, 1024px\" \/><\/figure>\n<\/div>\n<\/div>\n<\/div><\/div>\n\n\n\n<div style=\"height:50px\" aria-hidden=\"true\" class=\"wp-block-spacer\"><\/div>\n\n\n\n<div class=\"wp-block-group\"><div class=\"wp-block-group__inner-container is-layout-constrained wp-block-group-is-layout-constrained\">\n<div class=\"wp-block-columns is-layout-flex wp-container-core-columns-is-layout-9d6595d7 wp-block-columns-is-layout-flex\">\n<div class=\"wp-block-column is-layout-flow wp-block-column-is-layout-flow\" style=\"flex-basis:300px\">\n<figure class=\"wp-block-image size-full\"><img loading=\"lazy\" decoding=\"async\" width=\"525\" height=\"491\" src=\"https:\/\/klinger.pt\/wp-content\/uploads\/2023\/08\/Aluguer-29.08.23.webp\" alt=\"\" class=\"wp-image-45141\" srcset=\"https:\/\/klinger.pt\/wp-content\/uploads\/2023\/08\/Aluguer-29.08.23.webp 525w, https:\/\/klinger.pt\/wp-content\/uploads\/2023\/08\/Aluguer-29.08.23-300x281.webp 300w\" sizes=\"(max-width: 525px) 100vw, 525px\" \/><\/figure>\n<\/div>\n\n\n\n<div class=\"wp-block-column is-layout-flow wp-block-column-is-layout-flow\" style=\"flex-basis:700px\">\n<h2 class=\"wp-block-heading\" id=\"aioseo-manutencao-instalacao-equipamento-etar\">Aluguer de equipamentos<\/h2>\n\n\n\n<p><strong>Solu\u00e7\u00f5es R\u00e1pidas e Agilidade.<\/strong><\/p>\n\n\n\n<p>Dispomos de equipamentos-chave, vers\u00e1teis, que podem ser aplicados nas v\u00e1rias opera\u00e7\u00f5es unit\u00e1rias que comp\u00f5em uma ETAR.<\/p>\n\n\n\n<p>Problemas imprevistos podem surgir a qualquer momento e \u00e9 essencial uma resposta r\u00e1pida. Com nosso servi\u00e7o de aluguer de equipamentos, os nossos clientes podem obter a solu\u00e7\u00e3o necess\u00e1ria sem grande investimento, minimizando o tempo de inatividade e o impacto negativo nos resultados.<\/p>\n<\/div>\n<\/div>\n<\/div><\/div>\n\n\n\n<div style=\"height:50px\" aria-hidden=\"true\" class=\"wp-block-spacer\"><\/div>\n\n\n\n<div class=\"wp-block-group\"><div class=\"wp-block-group__inner-container is-layout-constrained wp-block-group-is-layout-constrained\">\n<div class=\"wp-block-columns is-layout-flex wp-container-core-columns-is-layout-9d6595d7 wp-block-columns-is-layout-flex\">\n<div class=\"wp-block-column is-layout-flow wp-block-column-is-layout-flow\" style=\"flex-basis:300px\">\n<figure class=\"wp-block-image size-full\"><img loading=\"lazy\" decoding=\"async\" width=\"700\" height=\"483\" src=\"https:\/\/klinger.pt\/wp-content\/uploads\/2023\/07\/Consultoria-1.webp\" alt=\"\" class=\"wp-image-44179\" srcset=\"https:\/\/klinger.pt\/wp-content\/uploads\/2023\/07\/Consultoria-1.webp 700w, https:\/\/klinger.pt\/wp-content\/uploads\/2023\/07\/Consultoria-1-300x207.webp 300w\" sizes=\"(max-width: 700px) 100vw, 700px\" \/><\/figure>\n<\/div>\n\n\n\n<div class=\"wp-block-column is-layout-flow wp-block-column-is-layout-flow\" style=\"flex-basis:700px\">\n<h2 class=\"wp-block-heading\" id=\"aioseo-manutencao-instalacao-equipamento-etar\">Consultoria<\/h2>\n\n\n\n<p><strong>Oferecemos servi\u00e7os de consultoria especializada no tratamento de \u00e1guas residuais industriais. <\/strong><\/p>\n\n\n\n<p>Com um profundo conhecimento e experi\u00eancia no setor, nossa equipe de especialistas trabalha em estreita colabora\u00e7\u00e3o com empresas industriais para entender suas necessidades espec\u00edficas e desenvolver solu\u00e7\u00f5es personalizadas de tratamento de \u00e1guas residuais. Atrav\u00e9s de uma abordagem consultiva, avaliamos os processos existentes, identificamos oportunidades de otimiza\u00e7\u00e3o e implementamos estrat\u00e9gias eficazes para melhorar a qualidade e a efici\u00eancia do tratamento de \u00e1guas residuais. Al\u00e9m disso, fornecemos orienta\u00e7\u00e3o t\u00e9cnica sobre a conformidade com regulamentos ambientais e normas de descarte, ajudando as empresas a atenderem aos requisitos legais e minimizarem seu impacto ambiental. Nossa consultoria em tratamento de \u00e1guas residuais industriais visa proporcionar solu\u00e7\u00f5es sustent\u00e1veis e econ\u00f4micas, promovendo a preserva\u00e7\u00e3o dos recursos h\u00eddricos e a sustentabilidade do setor industrial<\/p>\n<\/div>\n<\/div>\n<\/div><\/div>\n\n\n\n<div style=\"height:50px\" aria-hidden=\"true\" class=\"wp-block-spacer\"><\/div>\n\n\n\n<div class=\"wp-block-group\"><div class=\"wp-block-group__inner-container is-layout-constrained wp-block-group-is-layout-constrained\">\n<div class=\"wp-block-columns is-layout-flex wp-container-core-columns-is-layout-9d6595d7 wp-block-columns-is-layout-flex\">\n<div class=\"wp-block-column is-layout-flow wp-block-column-is-layout-flow\" style=\"flex-basis:300px\">\n<figure class=\"wp-block-image size-full\"><img loading=\"lazy\" decoding=\"async\" width=\"700\" height=\"483\" src=\"https:\/\/klinger.pt\/wp-content\/uploads\/2023\/07\/Produtos-quimicos.webp\" alt=\"\" class=\"wp-image-44205\" srcset=\"https:\/\/klinger.pt\/wp-content\/uploads\/2023\/07\/Produtos-quimicos.webp 700w, https:\/\/klinger.pt\/wp-content\/uploads\/2023\/07\/Produtos-quimicos-300x207.webp 300w\" sizes=\"(max-width: 700px) 100vw, 700px\" \/><\/figure>\n<\/div>\n\n\n\n<div class=\"wp-block-column is-layout-flow wp-block-column-is-layout-flow\" style=\"flex-basis:700px\">\n<h2 class=\"wp-block-heading\" id=\"aioseo-manutencao-instalacao-equipamento-etar\">Fornecimento ou aplica\u00e7\u00e3o de produtos qu\u00edmicos<\/h2>\n\n\n\n<p><strong>De modo a dar resposta \u00e0s necessidades dos nossos clientes, colocamos \u00e0 disposi\u00e7\u00e3o dos nossos clientes o fornecimento e\/ou aplica\u00e7\u00e3o de produtos qu\u00edmicos para controlar a qualidade do efluente.<\/strong><\/p>\n\n\n\n<h3 class=\"wp-block-heading\">Floculantes:<\/h3>\n\n\n\n<p>Floculantes ani\u00f3nicos, n\u00e3o i\u00f4nicos e cati\u00f3nicos nas formas de p\u00f3 seco, emuls\u00e3o l\u00edquida e solu\u00e7\u00e3o l\u00edquida derivados de diferentes m\u00e9todos de polimeriza\u00e7\u00e3o.<\/p>\n\n\n\n<h3 class=\"wp-block-heading\">Coagulantes:<\/h3>\n\n\n\n<p>Coagulantes org\u00e2nicos cati\u00f3nicos. Os coagulantes org\u00e2nicos geralmente est\u00e3o na forma l\u00edquida. As concentra\u00e7\u00f5es em atividade variam entre 8 e 70%, sendo as concentra\u00e7\u00f5es de atividade mais comuns entre 40 e 50%.<\/p>\n<\/div>\n<\/div>\n<\/div><\/div>\n\n\n\n<div style=\"height:50px\" aria-hidden=\"true\" class=\"wp-block-spacer\"><\/div>\n\n\n\n<div class=\"wp-block-group\"><div class=\"wp-block-group__inner-container is-layout-constrained wp-block-group-is-layout-constrained\">\n<div class=\"wp-block-columns is-layout-flex wp-container-core-columns-is-layout-9d6595d7 wp-block-columns-is-layout-flex\">\n<div class=\"wp-block-column is-layout-flow wp-block-column-is-layout-flow\" style=\"flex-basis:300px\">\n<figure class=\"wp-block-image size-full\"><img loading=\"lazy\" decoding=\"async\" width=\"700\" height=\"483\" src=\"https:\/\/klinger.pt\/wp-content\/uploads\/2023\/07\/Servicos-pag.webp\" alt=\"\" class=\"wp-image-44157\" srcset=\"https:\/\/klinger.pt\/wp-content\/uploads\/2023\/07\/Servicos-pag.webp 700w, https:\/\/klinger.pt\/wp-content\/uploads\/2023\/07\/Servicos-pag-300x207.webp 300w\" sizes=\"(max-width: 700px) 100vw, 700px\" \/><\/figure>\n<\/div>\n\n\n\n<div class=\"wp-block-column is-layout-flow wp-block-column-is-layout-flow\" style=\"flex-basis:700px\">\n<h2 class=\"wp-block-heading\" id=\"aioseo-manutencao-instalacao-equipamento-etar\">Repara\u00e7\u00e3o de equipamentos<\/h2>\n\n\n\n<p><strong>Oferecemos um servi\u00e7o abrangente de repara\u00e7\u00e3o de equipamentos para tratamento de \u00e1guas residuais industriais e municipais. <\/strong><\/p>\n\n\n\n<p>Compreendemos a import\u00e2ncia cr\u00edtica do funcionamento cont\u00ednuo e eficiente dos sistemas de tratamento de \u00e1guas residuais, e nossa equipe altamente qualificada de t\u00e9cnicos est\u00e1 pronta para diagnosticar e solucionar problemas em equipamentos de diversas marcas e modelos.<br>Atrav\u00e9s de uma abordagem \u00e1gil e eficiente, realizamos repara\u00e7\u00f5es de alta qualidade, substitui\u00e7\u00e3o de pe\u00e7as e manuten\u00e7\u00e3o preventiva para garantir que os equipamentos estejam operando com alto desempenho. Nossa expertise abrange a totalidade dos equipamentos no nosso portfolio. Estamos comprometidos em minimizar o tempo de inatividade e os custos associados, permitindo que nossos clientes mantenham seus processos de tratamento de \u00e1guas residuais em pleno funcionamento, promovendo a sustentabilidade e o cumprimento dos padr\u00f5es ambientais exigidos.<\/p>\n\n\n\n<p><\/p>\n<\/div>\n<\/div>\n<\/div><\/div>\n","protected":false},"excerpt":{"rendered":"<p>SERVI\u00c7OS Tratamento de \u00c1guas da KLINGER Portugal A sustentabilidade \u00e9 o nosso pilar fundamental. Acreditamos que \u00e9 nossa responsabilidade proteger o meio ambiente e contribuir para um futuro sustent\u00e1vel. Gest\u00e3o global e explora\u00e7\u00e3o de ETAR\u00b4s Industriais Vetores fundamentais da nossa gest\u00e3o: Implementamos pr\u00e1ticas eco-friendly de forma a ajudar os nossos clientes a alcan\u00e7ar os objetivos [&hellip;]<\/p>\n","protected":false},"author":4,"featured_media":0,"parent":43881,"menu_order":2,"comment_status":"closed","ping_status":"closed","template":"page-templates\/servicios.php","meta":{"_eb_attr":"","footnotes":""},"class_list":["post-44138","page","type-page","status-publish","hentry"],"aioseo_notices":[],"_links":{"self":[{"href":"https:\/\/klinger.pt\/es\/wp-json\/wp\/v2\/pages\/44138","targetHints":{"allow":["GET"]}}],"collection":[{"href":"https:\/\/klinger.pt\/es\/wp-json\/wp\/v2\/pages"}],"about":[{"href":"https:\/\/klinger.pt\/es\/wp-json\/wp\/v2\/types\/page"}],"author":[{"embeddable":true,"href":"https:\/\/klinger.pt\/es\/wp-json\/wp\/v2\/users\/4"}],"replies":[{"embeddable":true,"href":"https:\/\/klinger.pt\/es\/wp-json\/wp\/v2\/comments?post=44138"}],"version-history":[{"count":42,"href":"https:\/\/klinger.pt\/es\/wp-json\/wp\/v2\/pages\/44138\/revisions"}],"predecessor-version":[{"id":45309,"href":"https:\/\/klinger.pt\/es\/wp-json\/wp\/v2\/pages\/44138\/revisions\/45309"}],"up":[{"embeddable":true,"href":"https:\/\/klinger.pt\/es\/wp-json\/wp\/v2\/pages\/43881"}],"wp:attachment":[{"href":"https:\/\/klinger.pt\/es\/wp-json\/wp\/v2\/media?parent=44138"}],"curies":[{"name":"wp","href":"https:\/\/api.w.org\/{rel}","templated":true}]}}