{"id":43898,"date":"2023-07-05T11:16:42","date_gmt":"2023-07-05T10:16:42","guid":{"rendered":"https:\/\/m5j0n6nk9p.onrocket.site\/products-option-2\/"},"modified":"2024-01-12T14:42:56","modified_gmt":"2024-01-12T14:42:56","slug":"equipamentos","status":"publish","type":"page","link":"https:\/\/klinger.pt\/es\/klinger-water-solutions\/equipamentos\/","title":{"rendered":"EQUIPAMENTOS"},"content":{"rendered":"\n<h1 class=\"wp-block-heading\">EQUIPAMENTOS<\/h1>\n\n\n\n<figure class=\"wp-block-image size-full is-resized\"><img fetchpriority=\"high\" decoding=\"async\" width=\"550\" height=\"111\" src=\"https:\/\/klinger.pt\/wp-content\/uploads\/2023\/09\/Logo-LiberAqua-blue.png\" alt=\"\" class=\"wp-image-45265\" style=\"width:298px;height:60px\" srcset=\"https:\/\/klinger.pt\/wp-content\/uploads\/2023\/09\/Logo-LiberAqua-blue.png 550w, https:\/\/klinger.pt\/wp-content\/uploads\/2023\/09\/Logo-LiberAqua-blue-300x61.png 300w\" sizes=\"(max-width: 550px) 100vw, 550px\" \/><\/figure>\n\n\n\n<p class=\"has-text-color\" style=\"color:#003a68;font-size:15px\">Tratamento de \u00c1guas da KLINGER Portugal<\/p>\n\n\n\n<p>Inova\u00e7\u00e3o que faz a diferen\u00e7a.<br>Entendemos que cada problema \u00e9 \u00fanico e requer abordagens comprometidas com os resultados. \u00c9 por isso que projetamos e fabricamos equipamentos espec\u00edficos, adaptados a cada desafio. A nossa vasta experi\u00eancia, permite combinar tecnologias de ponta com materiais de alta qualidade, de forma a garantir que as nossas solu\u00e7\u00f5es operem de forma eficiente e duradoura.<\/p>\n\n\n\n<div class=\"wp-block-columns is-layout-flex wp-container-core-columns-is-layout-9d6595d7 wp-block-columns-is-layout-flex\">\n<div class=\"wp-block-column is-layout-flow wp-block-column-is-layout-flow\">\n<figure class=\"wp-block-table\"><table><tbody><tr><td><img decoding=\"async\" width=\"270\" height=\"270\" class=\"wp-image-45098\" style=\"width: 270px;\" src=\"https:\/\/klinger.pt\/wp-content\/uploads\/2023\/08\/Flotadores-DAF-mini-1.webp\" alt=\"\" srcset=\"https:\/\/klinger.pt\/wp-content\/uploads\/2023\/08\/Flotadores-DAF-mini-1.webp 270w, https:\/\/klinger.pt\/wp-content\/uploads\/2023\/08\/Flotadores-DAF-mini-1-150x150.webp 150w\" sizes=\"(max-width: 270px) 100vw, 270px\" \/><\/td><td><br><a href=\"https:\/\/klinger.pt\/klinger-water-solutions\/equipamentos\/sistemas-daf\/\" title=\"\"><strong>SISTEMAS DAF<\/strong><\/a><br><br><a href=\"https:\/\/klinger.pt\/klinger-water-solutions\/equipamentos\/sistemas-daf\/\" title=\"\ufffc\"><img decoding=\"async\" width=\"18\" height=\"18\" class=\"wp-image-16262\" style=\"width: 18px;\" src=\"https:\/\/klinger.pt\/wp-content\/uploads\/2022\/06\/icon-arrow-blue-double.png\" alt=\"\"><\/a><\/td><\/tr><\/tbody><\/table><\/figure>\n<\/div>\n\n\n\n<div class=\"wp-block-column is-layout-flow wp-block-column-is-layout-flow\">\n<figure class=\"wp-block-table alignleft\"><table><tbody><tr><td><img loading=\"lazy\" decoding=\"async\" width=\"270\" height=\"270\" class=\"wp-image-45104\" style=\"width: 270px;\" src=\"https:\/\/klinger.pt\/wp-content\/uploads\/2023\/08\/Screw-Press-Sludge-Liberaqua-mini-28.08.23.webp\" alt=\"\" srcset=\"https:\/\/klinger.pt\/wp-content\/uploads\/2023\/08\/Screw-Press-Sludge-Liberaqua-mini-28.08.23.webp 270w, https:\/\/klinger.pt\/wp-content\/uploads\/2023\/08\/Screw-Press-Sludge-Liberaqua-mini-28.08.23-150x150.webp 150w\" sizes=\"(max-width: 270px) 100vw, 270px\" \/><\/td><td><br><strong><a href=\"https:\/\/klinger.pt\/klinger-water-solutions\/equipamentos\/desidratacao-e-espessamento-de-lamas\/\" title=\"\">DESIDRATA\u00c7\u00c3O E ESPESSAMENTO DE LAMAS<\/a><\/strong><br><br><a href=\"https:\/\/klinger.pt\/klinger-water-solutions\/equipamentos\/desidratacao-e-espessamento-de-lamas\/\" title=\"\ufffc\"><img decoding=\"async\" class=\"wp-image-2704\" style=\"width: 18px;\" src=\"https:\/\/www.klinger.es\/wp-content\/uploads\/2019\/11\/icon-arrow-blue-double.png\" alt=\"\"><\/a><br><a href=\"https:\/\/klinger.pt\/category\/instrumentacao\/\"><\/a><\/td><\/tr><\/tbody><\/table><\/figure>\n<\/div>\n<\/div>\n\n\n\n<div class=\"wp-block-columns is-layout-flex wp-container-core-columns-is-layout-9d6595d7 wp-block-columns-is-layout-flex\">\n<div class=\"wp-block-column is-layout-flow wp-block-column-is-layout-flow\">\n<figure class=\"wp-block-table alignleft\"><table><tbody><tr><td><img loading=\"lazy\" decoding=\"async\" width=\"270\" height=\"270\" class=\"wp-image-27212\" style=\"width: 270px;\" src=\"https:\/\/klinger.pt\/wp-content\/uploads\/2022\/08\/grades-thumbnail.png\" alt=\"\" srcset=\"https:\/\/klinger.pt\/wp-content\/uploads\/2022\/08\/grades-thumbnail.png 252w, https:\/\/klinger.pt\/wp-content\/uploads\/2022\/08\/grades-thumbnail-150x150.png 150w\" sizes=\"(max-width: 270px) 100vw, 270px\" \/><\/td><td><br><strong><a href=\"https:\/\/klinger.pt\/klinger-water-solutions\/equipamentos\/pre-tratamento-e-tratamento-secundario\/\" title=\"\">PR\u00c9-TRATAMENTO E TRATAMENTO SECUND\u00c1RIO<\/a><\/strong><br><br><a href=\"https:\/\/klinger.pt\/klinger-water-solutions\/equipamentos\/pre-tratamento-e-tratamento-secundario\/\" title=\"\ufffc\"><img decoding=\"async\" class=\"wp-image-2704\" style=\"width: 18px;\" src=\"https:\/\/www.klinger.es\/wp-content\/uploads\/2019\/11\/icon-arrow-blue-double.png\" alt=\"\"><\/a><br><a href=\"https:\/\/klinger.pt\/category\/instrumentacao\/\"><\/a><\/td><\/tr><\/tbody><\/table><\/figure>\n<\/div>\n\n\n\n<div class=\"wp-block-column is-layout-flow wp-block-column-is-layout-flow\">\n<figure class=\"wp-block-table alignleft\"><table><tbody><tr><td><code><img loading=\"lazy\" decoding=\"async\" width=\"270\" height=\"270\" class=\"wp-image-41489\" style=\"width: 270px;\" src=\"https:\/\/klinger.pt\/wp-content\/uploads\/2023\/04\/Valvulas-Borboleta-Serie-Aguas.webp\" alt=\"\" srcset=\"https:\/\/klinger.pt\/wp-content\/uploads\/2023\/04\/Valvulas-Borboleta-Serie-Aguas.webp 270w, https:\/\/klinger.pt\/wp-content\/uploads\/2023\/04\/Valvulas-Borboleta-Serie-Aguas-150x150.webp 150w\" sizes=\"(max-width: 270px) 100vw, 270px\" \/><\/code><\/td><td><br><a href=\"https:\/\/klinger.pt\/valvulas-e-equipamentos-hidromecanicos\/\" title=\"\"><strong>V\u00c1LVULAS<\/strong><\/a><br><br><a href=\"https:\/\/klinger.pt\/valvulas-e-equipamentos-hidromecanicos\/\" title=\"\ufffc\"><img decoding=\"async\" width=\"18\" height=\"18\" class=\"wp-image-16262\" style=\"width: 18px;\" src=\"https:\/\/klinger.pt\/wp-content\/uploads\/2022\/06\/icon-arrow-blue-double.png\" alt=\"\"><\/a><\/td><\/tr><\/tbody><\/table><\/figure>\n<\/div>\n<\/div>\n\n\n\n<div class=\"wp-block-columns is-layout-flex wp-container-core-columns-is-layout-9d6595d7 wp-block-columns-is-layout-flex\">\n<div class=\"wp-block-column is-layout-flow wp-block-column-is-layout-flow\">\n<figure class=\"wp-block-table alignleft\"><table><tbody><tr><td><img loading=\"lazy\" decoding=\"async\" width=\"270\" height=\"270\" class=\"wp-image-43040\" style=\"width: 270px;\" src=\"https:\/\/klinger.pt\/wp-content\/uploads\/2023\/06\/Bomba-Tsurumi-aguas-mini.webp\" alt=\"\" srcset=\"https:\/\/klinger.pt\/wp-content\/uploads\/2023\/06\/Bomba-Tsurumi-aguas-mini.webp 270w, https:\/\/klinger.pt\/wp-content\/uploads\/2023\/06\/Bomba-Tsurumi-aguas-mini-150x150.webp 150w\" sizes=\"(max-width: 270px) 100vw, 270px\" \/><\/td><td><br><strong><a href=\"https:\/\/klinger.pt\/klinger-water-solutions\/equipamentos\/impulsao-e-agitacao\/\" title=\"\">BOMBAS &amp; AGITA\u00c7\u00c3O<\/a><\/strong><br><br><a href=\"https:\/\/klinger.pt\/klinger-water-solutions\/equipamentos\/impulsao-e-agitacao\/\" title=\"\ufffc\"><img decoding=\"async\" class=\"wp-image-2704\" style=\"width: 18px;\" src=\"https:\/\/www.klinger.es\/wp-content\/uploads\/2019\/11\/icon-arrow-blue-double.png\" alt=\"\"><\/a><br><a href=\"https:\/\/klinger.pt\/category\/instrumentacao\/\"><\/a><\/td><\/tr><\/tbody><\/table><\/figure>\n<\/div>\n\n\n\n<div class=\"wp-block-column is-layout-flow wp-block-column-is-layout-flow\">\n<figure class=\"wp-block-table\"><table><tbody><tr><td><img loading=\"lazy\" decoding=\"async\" width=\"270\" height=\"270\" class=\"wp-image-44903\" style=\"width: 270px;\" src=\"https:\/\/klinger.pt\/wp-content\/uploads\/2023\/08\/Mini-Agua-Instrumentacao-copiar.webp\" alt=\"\" srcset=\"https:\/\/klinger.pt\/wp-content\/uploads\/2023\/08\/Mini-Agua-Instrumentacao-copiar.webp 270w, https:\/\/klinger.pt\/wp-content\/uploads\/2023\/08\/Mini-Agua-Instrumentacao-copiar-150x150.webp 150w\" sizes=\"(max-width: 270px) 100vw, 270px\" \/><\/td><td><br><a href=\"https:\/\/klinger.pt\/klinger-water-solutions\/equipamentos\/instrumentacao-para-aguas\/\" title=\"\"><strong>INSTRUMENTA\u00c7\u00c3O<\/strong><\/a><br><br><a href=\"https:\/\/klinger.pt\/klinger-water-solutions\/equipamentos\/instrumentacao-para-aguas\/\" title=\"\ufffc\"><img decoding=\"async\" width=\"18\" height=\"18\" class=\"wp-image-16262\" style=\"width: 18px;\" src=\"https:\/\/klinger.pt\/wp-content\/uploads\/2022\/06\/icon-arrow-blue-double.png\" alt=\"\"><\/a><\/td><\/tr><\/tbody><\/table><\/figure>\n<\/div>\n<\/div>\n\n\n\n<div class=\"wp-block-columns is-layout-flex wp-container-core-columns-is-layout-9d6595d7 wp-block-columns-is-layout-flex\">\n<div class=\"wp-block-column is-layout-flow wp-block-column-is-layout-flow\">\n<figure class=\"wp-block-table\"><table><tbody><tr><td><img loading=\"lazy\" decoding=\"async\" width=\"270\" height=\"268\" class=\"wp-image-29849\" style=\"width: 270px;\" src=\"https:\/\/klinger.pt\/wp-content\/uploads\/2022\/09\/Compression-Packings.png\" alt=\"\" srcset=\"https:\/\/klinger.pt\/wp-content\/uploads\/2022\/09\/Compression-Packings.png 354w, https:\/\/klinger.pt\/wp-content\/uploads\/2022\/09\/Compression-Packings-300x298.png 300w, https:\/\/klinger.pt\/wp-content\/uploads\/2022\/09\/Compression-Packings-150x150.png 150w\" sizes=\"(max-width: 270px) 100vw, 270px\" \/><\/td><td><br><a href=\"https:\/\/klinger.pt\/klinger-water-solutions\/equipamentos\/vedacoes-para-aguas\/\" title=\"\"><strong>VEDA\u00c7\u00c3O<\/strong><\/a><br><br><a href=\"https:\/\/klinger.pt\/klinger-water-solutions\/equipamentos\/vedacoes-para-aguas\/\" title=\"\ufffc\"><img decoding=\"async\" width=\"18\" height=\"18\" class=\"wp-image-16262\" style=\"width: 18px;\" src=\"https:\/\/klinger.pt\/wp-content\/uploads\/2022\/06\/icon-arrow-blue-double.png\" alt=\"\"><\/a><\/td><\/tr><\/tbody><\/table><\/figure>\n<\/div>\n\n\n\n<div class=\"wp-block-column transparente is-layout-flow wp-block-column-is-layout-flow\"><\/div>\n<\/div>\n","protected":false},"excerpt":{"rendered":"<p>EQUIPAMENTOS Tratamento de \u00c1guas da KLINGER Portugal Inova\u00e7\u00e3o que faz a diferen\u00e7a.Entendemos que cada problema \u00e9 \u00fanico e requer abordagens comprometidas com os resultados. \u00c9 por isso que projetamos e fabricamos equipamentos espec\u00edficos, adaptados a cada desafio. A nossa vasta experi\u00eancia, permite combinar tecnologias de ponta com materiais de alta qualidade, de forma a garantir [&hellip;]<\/p>\n","protected":false},"author":4,"featured_media":0,"parent":43881,"menu_order":3,"comment_status":"closed","ping_status":"closed","template":"page-templates\/secciones-principales.php","meta":{"_eb_attr":"","footnotes":""},"class_list":["post-43898","page","type-page","status-publish","hentry"],"aioseo_notices":[],"_links":{"self":[{"href":"https:\/\/klinger.pt\/es\/wp-json\/wp\/v2\/pages\/43898","targetHints":{"allow":["GET"]}}],"collection":[{"href":"https:\/\/klinger.pt\/es\/wp-json\/wp\/v2\/pages"}],"about":[{"href":"https:\/\/klinger.pt\/es\/wp-json\/wp\/v2\/types\/page"}],"author":[{"embeddable":true,"href":"https:\/\/klinger.pt\/es\/wp-json\/wp\/v2\/users\/4"}],"replies":[{"embeddable":true,"href":"https:\/\/klinger.pt\/es\/wp-json\/wp\/v2\/comments?post=43898"}],"version-history":[{"count":63,"href":"https:\/\/klinger.pt\/es\/wp-json\/wp\/v2\/pages\/43898\/revisions"}],"predecessor-version":[{"id":45474,"href":"https:\/\/klinger.pt\/es\/wp-json\/wp\/v2\/pages\/43898\/revisions\/45474"}],"up":[{"embeddable":true,"href":"https:\/\/klinger.pt\/es\/wp-json\/wp\/v2\/pages\/43881"}],"wp:attachment":[{"href":"https:\/\/klinger.pt\/es\/wp-json\/wp\/v2\/media?parent=43898"}],"curies":[{"name":"wp","href":"https:\/\/api.w.org\/{rel}","templated":true}]}}