{"id":43881,"date":"2023-07-05T10:29:31","date_gmt":"2023-07-05T09:29:31","guid":{"rendered":"https:\/\/m5j0n6nk9p.onrocket.site\/water-solutions-option-2\/"},"modified":"2026-04-22T09:23:25","modified_gmt":"2026-04-22T08:23:25","slug":"klinger-water-solutions","status":"publish","type":"page","link":"https:\/\/klinger.pt\/es\/klinger-water-solutions\/","title":{"rendered":"LIBERAQUA"},"content":{"rendered":"\n<h1 class=\"wp-block-heading has-white-color has-text-color\" style=\"font-size:5px\">Liberaqua<\/h1>\n\n\n\n<figure class=\"wp-block-image size-full is-resized\"><img fetchpriority=\"high\" decoding=\"async\" width=\"550\" height=\"111\" src=\"https:\/\/klinger.pt\/wp-content\/uploads\/2023\/09\/Logo-LiberAqua-blue.png\" alt=\"\" class=\"wp-image-45265\" style=\"width:298px;height:60px\" srcset=\"https:\/\/klinger.pt\/wp-content\/uploads\/2023\/09\/Logo-LiberAqua-blue.png 550w, https:\/\/klinger.pt\/wp-content\/uploads\/2023\/09\/Logo-LiberAqua-blue-300x61.png 300w\" sizes=\"(max-width: 550px) 100vw, 550px\" \/><\/figure>\n\n\n\n<p class=\"has-text-color\" style=\"color:#003a68;font-size:15px\">Tratamento de \u00c1guas da KLINGER Portugal<\/p>\n\n\n<p>LiberAqua, Consultoria Ambiental da KLINGER Portugal foi constitu\u00edda para criar um novo paradigma na rela\u00e7\u00e3o triangular &#8211; CLIENTE\/Ambiente\/Fornecedor. O objetivo de obter solu\u00e7\u00f5es integradas para a gest\u00e3o e tratamento de efluentes, espec\u00edficas para cada CLIENTE, n\u00e3o passa por solu\u00e7\u00f5es gen\u00e9ricas, mas sim \u00fanicas e espec\u00edficas para cada caso. A satisfa\u00e7\u00e3o das necessidades e expectativas dos nossos CLIENTES s\u00f3 \u00e9 poss\u00edvel com transpar\u00eancia e apoio m\u00fatuo, criando uma rela\u00e7\u00e3o sin\u00e9rgica de confian\u00e7a e valor.<\/p>\n\n\n<div class=\"wp-block-columns is-layout-flex wp-container-core-columns-is-layout-9d6595d7 wp-block-columns-is-layout-flex\">\n<div class=\"wp-block-column is-layout-flow wp-block-column-is-layout-flow\">\n<figure class=\"wp-block-table\"><table><tbody><tr><td><img decoding=\"async\" width=\"270\" height=\"270\" class=\"wp-image-43925\" style=\"width: 270px;\" src=\"https:\/\/klinger.pt\/wp-content\/uploads\/2023\/07\/Engeharia_trat_agua.webp\" alt=\"\" srcset=\"https:\/\/klinger.pt\/wp-content\/uploads\/2023\/07\/Engeharia_trat_agua.webp 270w, https:\/\/klinger.pt\/wp-content\/uploads\/2023\/07\/Engeharia_trat_agua-150x150.webp 150w\" sizes=\"(max-width: 270px) 100vw, 270px\" \/><\/td><td><br><strong><a href=\"https:\/\/klinger.pt\/klinger-water-solutions\/engenharia\/\" title=\"\">ENGENHARIA<\/a><\/strong><br><br><a href=\"https:\/\/klinger.pt\/klinger-water-solutions\/engenharia\/\" title=\"\ufffc\"><img decoding=\"async\" class=\"wp-image-2704\" style=\"width: 18px;\" src=\"https:\/\/www.klinger.es\/wp-content\/uploads\/2019\/11\/icon-arrow-blue-double.png\" alt=\"\"><\/a><br><a href=\"https:\/\/klinger.pt\/category\/instrumentacao\/\"><\/a><\/td><\/tr><\/tbody><\/table><\/figure>\n<\/div>\n\n\n\n<div class=\"wp-block-column is-layout-flow wp-block-column-is-layout-flow\">\n<figure class=\"wp-block-table\"><table><tbody><tr><td><img decoding=\"async\" width=\"270\" height=\"270\" class=\"wp-image-44153\" style=\"width: 270px;\" src=\"https:\/\/klinger.pt\/wp-content\/uploads\/2023\/07\/Servicos-mini.webp\" alt=\"\" srcset=\"https:\/\/klinger.pt\/wp-content\/uploads\/2023\/07\/Servicos-mini.webp 270w, https:\/\/klinger.pt\/wp-content\/uploads\/2023\/07\/Servicos-mini-150x150.webp 150w\" sizes=\"(max-width: 270px) 100vw, 270px\" \/><\/td><td><br><strong><a href=\"https:\/\/klinger.pt\/klinger-water-solutions\/servicos\/\" title=\"\">SERVI\u00c7OS<\/a><\/strong><br><br><a href=\"https:\/\/klinger.pt\/klinger-water-solutions\/servicos\/\" title=\"\ufffc\"><img decoding=\"async\" class=\"wp-image-2704\" style=\"width: 18px;\" src=\"https:\/\/www.klinger.es\/wp-content\/uploads\/2019\/11\/icon-arrow-blue-double.png\" alt=\"\"><\/a><br><a href=\"https:\/\/klinger.pt\/category\/instrumentacao\/\"><\/a><\/td><\/tr><\/tbody><\/table><\/figure>\n<\/div>\n<\/div>\n\n\n\n<div class=\"wp-block-columns is-layout-flex wp-container-core-columns-is-layout-9d6595d7 wp-block-columns-is-layout-flex\">\n<div class=\"wp-block-column is-layout-flow wp-block-column-is-layout-flow\">\n<figure class=\"wp-block-table\"><table><tbody><tr><td><img loading=\"lazy\" decoding=\"async\" width=\"270\" height=\"270\" class=\"wp-image-46543\" style=\"width: 270px;\" src=\"https:\/\/klinger.pt\/wp-content\/uploads\/2024\/11\/EquipamentosLA.png\" alt=\"\" srcset=\"https:\/\/klinger.pt\/wp-content\/uploads\/2024\/11\/EquipamentosLA.png 250w, https:\/\/klinger.pt\/wp-content\/uploads\/2024\/11\/EquipamentosLA-150x150.png 150w\" sizes=\"(max-width: 270px) 100vw, 270px\" \/><\/td><td><br><strong><a href=\"https:\/\/klinger.pt\/klinger-water-solutions\/equipamentos-liberaqua\/\" title=\"\">EQUIPAMENTOS LIBERAQUA<\/a><\/strong><br><br><a href=\"https:\/\/klinger.pt\/klinger-water-solutions\/equipamentos-liberaqua\/\" title=\"\ufffc\"><img decoding=\"async\" class=\"wp-image-2704\" style=\"width: 18px;\" src=\"https:\/\/www.klinger.es\/wp-content\/uploads\/2019\/11\/icon-arrow-blue-double.png\" alt=\"\"><\/a><br><a href=\"https:\/\/klinger.pt\/category\/instrumentacao\/\"><\/a><\/td><\/tr><\/tbody><\/table><\/figure>\n<\/div>\n\n\n\n<div class=\"wp-block-column is-layout-flow wp-block-column-is-layout-flow\">\n<figure class=\"wp-block-table\"><table><tbody><tr><td><img loading=\"lazy\" decoding=\"async\" width=\"270\" height=\"270\" class=\"wp-image-41442\" style=\"width: 270px;\" src=\"https:\/\/klinger.pt\/wp-content\/uploads\/2023\/04\/Valvulas-Especiais-Aplicacoes-em-Aguas-mini.webp\" alt=\"\" srcset=\"https:\/\/klinger.pt\/wp-content\/uploads\/2023\/04\/Valvulas-Especiais-Aplicacoes-em-Aguas-mini.webp 270w, https:\/\/klinger.pt\/wp-content\/uploads\/2023\/04\/Valvulas-Especiais-Aplicacoes-em-Aguas-mini-150x150.webp 150w\" sizes=\"(max-width: 270px) 100vw, 270px\" \/><\/td><td><strong><a href=\"https:\/\/klinger.pt\/klinger-water-solutions\/equipamentos-liberaqua\/\" title=\"\">V\u00c1LVULAS ESPECIAIS APLICA\u00c7\u00d5ES EM \u00c1GUAS<\/a><\/strong><br><br><a href=\"https:\/\/klinger.pt\/produtos\/valvulas\/valvulas-especiais-aplicacoes-em-aguas\/\" title=\"\ufffc\"><img decoding=\"async\" class=\"wp-image-2704\" style=\"width: 18px;\" src=\"https:\/\/www.klinger.es\/wp-content\/uploads\/2019\/11\/icon-arrow-blue-double.png\" alt=\"\"><\/a><br><a href=\"https:\/\/klinger.pt\/category\/instrumentacao\/\"><\/a><\/td><\/tr><\/tbody><\/table><\/figure>\n<\/div>\n<\/div>\n\n\n\n<div class=\"wp-block-columns is-layout-flex wp-container-core-columns-is-layout-9d6595d7 wp-block-columns-is-layout-flex\">\n<div class=\"wp-block-column is-layout-flow wp-block-column-is-layout-flow\" style=\"flex-basis:100%\"><\/div>\n<\/div>\n\n\n\n<p><\/p>\n","protected":false},"excerpt":{"rendered":"<p>Liberaqua Tratamento de \u00c1guas da KLINGER Portugal LiberAqua, Consultoria Ambiental da KLINGER Portugal foi constitu\u00edda para criar um novo paradigma na rela\u00e7\u00e3o triangular &#8211; CLIENTE\/Ambiente\/Fornecedor. O objetivo de obter solu\u00e7\u00f5es integradas para a gest\u00e3o e tratamento de efluentes, espec\u00edficas para cada CLIENTE, n\u00e3o passa por solu\u00e7\u00f5es gen\u00e9ricas, mas sim \u00fanicas e espec\u00edficas para cada caso. [&hellip;]<\/p>\n","protected":false},"author":4,"featured_media":0,"parent":0,"menu_order":0,"comment_status":"closed","ping_status":"closed","template":"page-templates\/secciones-principales.php","meta":{"_eb_attr":"","footnotes":""},"class_list":["post-43881","page","type-page","status-publish","hentry"],"aioseo_notices":[],"_links":{"self":[{"href":"https:\/\/klinger.pt\/es\/wp-json\/wp\/v2\/pages\/43881","targetHints":{"allow":["GET"]}}],"collection":[{"href":"https:\/\/klinger.pt\/es\/wp-json\/wp\/v2\/pages"}],"about":[{"href":"https:\/\/klinger.pt\/es\/wp-json\/wp\/v2\/types\/page"}],"author":[{"embeddable":true,"href":"https:\/\/klinger.pt\/es\/wp-json\/wp\/v2\/users\/4"}],"replies":[{"embeddable":true,"href":"https:\/\/klinger.pt\/es\/wp-json\/wp\/v2\/comments?post=43881"}],"version-history":[{"count":101,"href":"https:\/\/klinger.pt\/es\/wp-json\/wp\/v2\/pages\/43881\/revisions"}],"predecessor-version":[{"id":48317,"href":"https:\/\/klinger.pt\/es\/wp-json\/wp\/v2\/pages\/43881\/revisions\/48317"}],"wp:attachment":[{"href":"https:\/\/klinger.pt\/es\/wp-json\/wp\/v2\/media?parent=43881"}],"curies":[{"name":"wp","href":"https:\/\/api.w.org\/{rel}","templated":true}]}}