{"id":43736,"date":"2023-07-05T09:03:10","date_gmt":"2023-07-05T08:03:10","guid":{"rendered":"https:\/\/m5j0n6nk9p.onrocket.site\/?page_id=43736"},"modified":"2026-02-02T11:03:04","modified_gmt":"2026-02-02T11:03:04","slug":"espessador-de-discos-rotativos","status":"publish","type":"page","link":"https:\/\/klinger.pt\/es\/klinger-water-solutions\/equipamentos\/desidratacao-e-espessamento-de-lamas\/espessador-de-discos-rotativos\/","title":{"rendered":"ESPESSADOR DE DISCOS OVAIS"},"content":{"rendered":"\n<h1 class=\"wp-block-heading\">ESPESSADOR DE DISCOS OVAIS<\/h1>\n\n\n\n<div style=\"height:50px\" aria-hidden=\"true\" class=\"wp-block-spacer\"><\/div>\n\n\n\n<div class=\"wp-block-columns is-layout-flex wp-container-core-columns-is-layout-9d6595d7 wp-block-columns-is-layout-flex\">\n<div class=\"wp-block-column is-layout-flow wp-block-column-is-layout-flow\" style=\"flex-basis:33.33%\">\n<figure class=\"wp-block-image size-medium\"><img decoding=\"async\" width=\"300\" height=\"87\" src=\"https:\/\/klinger.pt\/wp-content\/uploads\/2023\/08\/Liberaqua_site_esquerda-300x87.webp\" alt=\"\" class=\"wp-image-45023\" srcset=\"https:\/\/klinger.pt\/wp-content\/uploads\/2023\/08\/Liberaqua_site_esquerda-300x87.webp 300w, https:\/\/klinger.pt\/wp-content\/uploads\/2023\/08\/Liberaqua_site_esquerda.webp 556w\" sizes=\"(max-width: 300px) 100vw, 300px\" \/><\/figure>\n\n\n\n<figure class=\"wp-block-image size-full\"><img fetchpriority=\"high\" decoding=\"async\" width=\"1920\" height=\"1242\" src=\"https:\/\/klinger.pt\/wp-content\/uploads\/2026\/02\/Wave-Separator.jpg\" alt=\"\" class=\"wp-image-48124\" srcset=\"https:\/\/klinger.pt\/wp-content\/uploads\/2026\/02\/Wave-Separator.jpg 1920w, https:\/\/klinger.pt\/wp-content\/uploads\/2026\/02\/Wave-Separator-300x194.jpg 300w, https:\/\/klinger.pt\/wp-content\/uploads\/2026\/02\/Wave-Separator-1024x662.jpg 1024w, https:\/\/klinger.pt\/wp-content\/uploads\/2026\/02\/Wave-Separator-768x497.jpg 768w, https:\/\/klinger.pt\/wp-content\/uploads\/2026\/02\/Wave-Separator-1536x994.jpg 1536w, https:\/\/klinger.pt\/wp-content\/uploads\/2026\/02\/Wave-Separator-1400x906.jpg 1400w\" sizes=\"(max-width: 1920px) 100vw, 1920px\" \/><\/figure>\n<\/div>\n\n\n\n<div class=\"wp-block-column is-layout-flow wp-block-column-is-layout-flow\" style=\"flex-basis:66.66%\">\n<p>As principais vantagens deste equipamento s\u00e3o as seguintes:<\/p>\n\n\n\n<ul class=\"wp-block-list\">\n<li>Baixo consumo energ\u00e9tico;<\/li>\n\n\n\n<li>Baixos custos de manuten\u00e7\u00e3o;<\/li>\n\n\n\n<li>N\u00e3o colmata e por conseguinte n\u00e3o necessita de lavagem<\/li>\n\n\n\n<li>Tratamento muito est\u00e1vel, sem grande necessidade de supervis\u00e3o;<\/li>\n\n\n\n<li>Grande capacidade de transporte de s\u00f3lidos;<\/li>\n\n\n\n<li>Boa performance com lamas oleosas, praticamente o \u00fanico equipamento de filtra\u00e7\u00e3o habilitado para lidar com \u00f3leos e gorduras, sem lavagem cont\u00ednua;<\/li>\n\n\n\n<li>Baixo n\u00edvel de ru\u00eddo<\/li>\n<\/ul>\n\n\n\n<div style=\"height:100px\" aria-hidden=\"true\" class=\"wp-block-spacer\"><\/div>\n\n\n<div class=\"wp-block-image\">\n<figure class=\"alignleft size-full is-resized\"><img decoding=\"async\" width=\"1920\" height=\"1357\" src=\"https:\/\/klinger.pt\/wp-content\/uploads\/2026\/02\/Fig.4-PT.jpg\" alt=\"\" class=\"wp-image-48126\" style=\"width:536px;height:407px\" srcset=\"https:\/\/klinger.pt\/wp-content\/uploads\/2026\/02\/Fig.4-PT.jpg 1920w, https:\/\/klinger.pt\/wp-content\/uploads\/2026\/02\/Fig.4-PT-300x212.jpg 300w, https:\/\/klinger.pt\/wp-content\/uploads\/2026\/02\/Fig.4-PT-1024x724.jpg 1024w, https:\/\/klinger.pt\/wp-content\/uploads\/2026\/02\/Fig.4-PT-768x543.jpg 768w, https:\/\/klinger.pt\/wp-content\/uploads\/2026\/02\/Fig.4-PT-1536x1086.jpg 1536w, https:\/\/klinger.pt\/wp-content\/uploads\/2026\/02\/Fig.4-PT-1400x989.jpg 1400w\" sizes=\"(max-width: 1920px) 100vw, 1920px\" \/><figcaption class=\"wp-element-caption\">Esquema simplificado de funcionamento<\/figcaption><\/figure>\n<\/div>\n\n\n<div style=\"height:100px\" aria-hidden=\"true\" class=\"wp-block-spacer\"><\/div>\n\n\n\n<figure class=\"wp-block-image size-large is-resized\"><img loading=\"lazy\" decoding=\"async\" width=\"1024\" height=\"724\" src=\"https:\/\/klinger.pt\/wp-content\/uploads\/2026\/02\/Fig.3-PT-1024x724.jpg\" alt=\"\" class=\"wp-image-48130\" style=\"aspect-ratio:1.4143928514440722;width:468px;height:auto\" srcset=\"https:\/\/klinger.pt\/wp-content\/uploads\/2026\/02\/Fig.3-PT-1024x724.jpg 1024w, https:\/\/klinger.pt\/wp-content\/uploads\/2026\/02\/Fig.3-PT-300x212.jpg 300w, https:\/\/klinger.pt\/wp-content\/uploads\/2026\/02\/Fig.3-PT-768x543.jpg 768w, https:\/\/klinger.pt\/wp-content\/uploads\/2026\/02\/Fig.3-PT-1536x1086.jpg 1536w, https:\/\/klinger.pt\/wp-content\/uploads\/2026\/02\/Fig.3-PT-1400x989.jpg 1400w, https:\/\/klinger.pt\/wp-content\/uploads\/2026\/02\/Fig.3-PT.jpg 1920w\" sizes=\"(max-width: 1024px) 100vw, 1024px\" \/><\/figure>\n\n\n<div class=\"wp-block-image\">\n<figure class=\"alignleft size-full is-resized\"><img loading=\"lazy\" decoding=\"async\" width=\"1920\" height=\"1357\" src=\"https:\/\/klinger.pt\/wp-content\/uploads\/2026\/02\/Fig.2-PT.jpg\" alt=\"\" class=\"wp-image-48128\" style=\"aspect-ratio:1.4149480283781555;width:503px;height:auto\" srcset=\"https:\/\/klinger.pt\/wp-content\/uploads\/2026\/02\/Fig.2-PT.jpg 1920w, https:\/\/klinger.pt\/wp-content\/uploads\/2026\/02\/Fig.2-PT-300x212.jpg 300w, https:\/\/klinger.pt\/wp-content\/uploads\/2026\/02\/Fig.2-PT-1024x724.jpg 1024w, https:\/\/klinger.pt\/wp-content\/uploads\/2026\/02\/Fig.2-PT-768x543.jpg 768w, https:\/\/klinger.pt\/wp-content\/uploads\/2026\/02\/Fig.2-PT-1536x1086.jpg 1536w, https:\/\/klinger.pt\/wp-content\/uploads\/2026\/02\/Fig.2-PT-1400x989.jpg 1400w\" sizes=\"(max-width: 1920px) 100vw, 1920px\" \/><figcaption class=\"wp-element-caption\">Estrutura do produto<\/figcaption><\/figure>\n<\/div>\n\n<div class=\"wp-block-image\">\n<figure class=\"alignleft size-full is-resized\"><img loading=\"lazy\" decoding=\"async\" width=\"1920\" height=\"1357\" src=\"https:\/\/klinger.pt\/wp-content\/uploads\/2026\/02\/Fig.1-PT.jpg\" alt=\"\" class=\"wp-image-48132\" style=\"aspect-ratio:1.4149480283781555;width:480px;height:auto\" srcset=\"https:\/\/klinger.pt\/wp-content\/uploads\/2026\/02\/Fig.1-PT.jpg 1920w, https:\/\/klinger.pt\/wp-content\/uploads\/2026\/02\/Fig.1-PT-300x212.jpg 300w, https:\/\/klinger.pt\/wp-content\/uploads\/2026\/02\/Fig.1-PT-1024x724.jpg 1024w, https:\/\/klinger.pt\/wp-content\/uploads\/2026\/02\/Fig.1-PT-768x543.jpg 768w, https:\/\/klinger.pt\/wp-content\/uploads\/2026\/02\/Fig.1-PT-1536x1086.jpg 1536w, https:\/\/klinger.pt\/wp-content\/uploads\/2026\/02\/Fig.1-PT-1400x989.jpg 1400w\" sizes=\"(max-width: 1920px) 100vw, 1920px\" \/><figcaption class=\"wp-element-caption\">Princ\u00edpio de opera\u00e7\u00e3o<\/figcaption><\/figure>\n<\/div><\/div>\n<\/div>\n\n\n\n<p><\/p>\n","protected":false},"excerpt":{"rendered":"<p>ESPESSADOR DE DISCOS OVAIS As principais vantagens deste equipamento s\u00e3o as seguintes:<\/p>\n","protected":false},"author":4,"featured_media":0,"parent":44296,"menu_order":0,"comment_status":"closed","ping_status":"closed","template":"page-templates\/servicios.php","meta":{"_eb_attr":"","footnotes":""},"class_list":["post-43736","page","type-page","status-publish","hentry"],"aioseo_notices":[],"_links":{"self":[{"href":"https:\/\/klinger.pt\/es\/wp-json\/wp\/v2\/pages\/43736","targetHints":{"allow":["GET"]}}],"collection":[{"href":"https:\/\/klinger.pt\/es\/wp-json\/wp\/v2\/pages"}],"about":[{"href":"https:\/\/klinger.pt\/es\/wp-json\/wp\/v2\/types\/page"}],"author":[{"embeddable":true,"href":"https:\/\/klinger.pt\/es\/wp-json\/wp\/v2\/users\/4"}],"replies":[{"embeddable":true,"href":"https:\/\/klinger.pt\/es\/wp-json\/wp\/v2\/comments?post=43736"}],"version-history":[{"count":16,"href":"https:\/\/klinger.pt\/es\/wp-json\/wp\/v2\/pages\/43736\/revisions"}],"predecessor-version":[{"id":48137,"href":"https:\/\/klinger.pt\/es\/wp-json\/wp\/v2\/pages\/43736\/revisions\/48137"}],"up":[{"embeddable":true,"href":"https:\/\/klinger.pt\/es\/wp-json\/wp\/v2\/pages\/44296"}],"wp:attachment":[{"href":"https:\/\/klinger.pt\/es\/wp-json\/wp\/v2\/media?parent=43736"}],"curies":[{"name":"wp","href":"https:\/\/api.w.org\/{rel}","templated":true}]}}