{"id":43733,"date":"2023-07-05T09:00:56","date_gmt":"2023-07-05T08:00:56","guid":{"rendered":"https:\/\/m5j0n6nk9p.onrocket.site\/?page_id=43733"},"modified":"2025-06-12T16:53:53","modified_gmt":"2025-06-12T15:53:53","slug":"prensa-multi-disco-desidratacao-de-lamas","status":"publish","type":"page","link":"https:\/\/klinger.pt\/es\/klinger-water-solutions\/equipamentos\/desidratacao-e-espessamento-de-lamas\/prensa-multi-disco-desidratacao-de-lamas\/","title":{"rendered":"PRENSA DE PARAFUSO MULTIDISCOS LDP DESIDRATA\u00c7\u00c3O DE LAMAS"},"content":{"rendered":"\n<h1 class=\"wp-block-heading\" id=\"aioseo-prensa-multi-disco-desidratacao-de-lamas\">PRENSA DE PARAFUSO MULTIDISCOS LDP DESIDRATA\u00c7\u00c3O DE LAMAS<\/h1>\n\n\n\n<div style=\"height:50px\" aria-hidden=\"true\" class=\"wp-block-spacer\"><\/div>\n\n\n\n<div class=\"wp-block-columns is-layout-flex wp-container-core-columns-is-layout-9d6595d7 wp-block-columns-is-layout-flex\">\n<div class=\"wp-block-column is-layout-flow wp-block-column-is-layout-flow\" style=\"flex-basis:33.33%\">\n<figure class=\"wp-block-image size-medium\"><img decoding=\"async\" width=\"300\" height=\"87\" src=\"https:\/\/klinger.pt\/wp-content\/uploads\/2023\/08\/Liberaqua_site_esquerda-300x87.webp\" alt=\"\" class=\"wp-image-45023\" srcset=\"https:\/\/klinger.pt\/wp-content\/uploads\/2023\/08\/Liberaqua_site_esquerda-300x87.webp 300w, https:\/\/klinger.pt\/wp-content\/uploads\/2023\/08\/Liberaqua_site_esquerda.webp 556w\" sizes=\"(max-width: 300px) 100vw, 300px\" \/><\/figure>\n\n\n\n<figure class=\"wp-block-image size-full\"><img fetchpriority=\"high\" decoding=\"async\" width=\"840\" height=\"610\" src=\"https:\/\/klinger.pt\/wp-content\/uploads\/2023\/08\/Screw-Press-Sludge-Liberaqua-28.08.23.webp\" alt=\"Prensa de Parafuso Multidiscos\" class=\"wp-image-45106\" srcset=\"https:\/\/klinger.pt\/wp-content\/uploads\/2023\/08\/Screw-Press-Sludge-Liberaqua-28.08.23.webp 840w, https:\/\/klinger.pt\/wp-content\/uploads\/2023\/08\/Screw-Press-Sludge-Liberaqua-28.08.23-300x218.webp 300w, https:\/\/klinger.pt\/wp-content\/uploads\/2023\/08\/Screw-Press-Sludge-Liberaqua-28.08.23-768x558.webp 768w\" sizes=\"(max-width: 840px) 100vw, 840px\" \/><\/figure>\n<\/div>\n\n\n\n<div class=\"wp-block-column is-layout-flow wp-block-column-is-layout-flow\" style=\"flex-basis:66.66%\">\n<p>As principais vantagens da Prensa de Parafuso Multidiscos s\u00e3o as seguintes:<\/p>\n\n\n\n<ul class=\"wp-block-list\">\n<li>Baixo consumo energ\u00e9tico \u2013 10 vezes menos que uma centr\u00edfuga para mesma capacidade;<\/li>\n\n\n\n<li>Baixos custos de manuten\u00e7\u00e3o \u2013 Mais de dois anos sem necessidade de substitui\u00e7\u00e3o de qualquer pe\u00e7a de desgaste;<\/li>\n\n\n\n<li>Baixos consumos de \u00e1gua a baixa press\u00e3o (&lt; 1000 l\/h a 2 \u2013 3 bar);<\/li>\n\n\n\n<li>Boa performance em lamas oleosas- praticamente a \u00fanica m\u00e1quina capaz de desidratar, em funcionamento cont\u00ednuo, lamas com O&amp;G.<\/li>\n\n\n\n<li>Baixo n\u00edvel de ru\u00eddo<\/li>\n\n\n\n<li>Baixa emiss\u00e3o de aeross\u00f3is (odores)\u2026<\/li>\n<\/ul>\n\n\n<div class=\"wp-block-image\">\n<figure class=\"aligncenter size-full\"><img decoding=\"async\" width=\"603\" height=\"458\" src=\"https:\/\/klinger.pt\/wp-content\/uploads\/2023\/07\/Screw-Press-Sludge-infografico.webp\" alt=\"Prensa de Parafuso Multidiscos\" class=\"wp-image-44064\" srcset=\"https:\/\/klinger.pt\/wp-content\/uploads\/2023\/07\/Screw-Press-Sludge-infografico.webp 603w, https:\/\/klinger.pt\/wp-content\/uploads\/2023\/07\/Screw-Press-Sludge-infografico-300x228.webp 300w\" sizes=\"(max-width: 603px) 100vw, 603px\" \/><figcaption class=\"wp-element-caption\">Esquema simplificado de funcionamento<\/figcaption><\/figure>\n<\/div>\n\n\n<h2 class=\"wp-block-heading\" id=\"aioseo-principio-da-estrutura-de-uma-prensa-de-parafusos-multidiscos\">Princ\u00edpio da Estrutura de uma Prensa de Parafusos Multidiscos:<\/h2>\n\n\n\n<p>Toda a estrutura filtrante da Prensa de Parafusos Multidiscos \u00e9 constitu\u00edda por discos fixos, anilhas espa\u00e7adoras e discos m\u00f3veis, em a\u00e7o inoxid\u00e1vel.<\/p>\n\n\n\n<p>O di\u00e2metro interno dos discos m\u00f3veis \u00e9 ligeiramente inferior ao di\u00e2metro exterior do parafuso, fazendo com que o movimento deste os fa\u00e7a subir e descer continuamente, promovendo a autolimpeza da superf\u00edcie filtrante da prensa.<\/p>\n\n\n<div class=\"wp-block-image\">\n<figure class=\"aligncenter size-full is-resized\"><img loading=\"lazy\" decoding=\"async\" width=\"993\" height=\"472\" src=\"https:\/\/klinger.pt\/wp-content\/uploads\/2023\/07\/image-5-1.jpg\" alt=\"Prensa de Parafuso Multidiscos\" class=\"wp-image-44054\" style=\"width:426px;height:202px\" srcset=\"https:\/\/klinger.pt\/wp-content\/uploads\/2023\/07\/image-5-1.jpg 993w, https:\/\/klinger.pt\/wp-content\/uploads\/2023\/07\/image-5-1-300x143.jpg 300w, https:\/\/klinger.pt\/wp-content\/uploads\/2023\/07\/image-5-1-768x365.jpg 768w\" sizes=\"(max-width: 993px) 100vw, 993px\" \/><\/figure>\n<\/div>\n\n\n<h2 class=\"wp-block-heading\" id=\"aioseo-estrutura-anti-colmatacao\">Estrutura anti colmata\u00e7\u00e3o:<\/h2>\n\n\n\n<p>\u00c9 este movimento cont\u00ednuo dos Discos M\u00f3veis que previne a obstru\u00e7\u00e3o do meio filtrante.<\/p>\n\n\n\n<h2 class=\"wp-block-heading\" id=\"aioseo-principio-da-desidratacao-das-lamas\">Princ\u00edpio da desidrata\u00e7\u00e3o das lamas:<\/h2>\n\n\n\n<p>Quer o passo do parafuso, quer o di\u00e2metro interior do veio do parafuso, v\u00e3o-se tornando menores por forma a aumentar a press\u00e3o no \u201cbolo\u201d desidratado em dire\u00e7\u00e3o \u00e0 placa de press\u00e3o final da prensa.<\/p>\n\n\n\n<h2 class=\"wp-block-heading\" id=\"aioseo-zonas-de-espessamento-e-desidratacao-da-lama\">Zonas de espessamento e desidrata\u00e7\u00e3o da lama:<\/h2>\n\n\n\n<p>A MDS combina o espessamento e a desidrata\u00e7\u00e3o de lama, num \u00fanico equipamento, permitindo desidratar lamas a partir de 2 g\/L (0,2%) de concentra\u00e7\u00e3o.<\/p>\n\n\n<div class=\"wp-block-image\">\n<figure class=\"aligncenter size-large is-resized\"><img loading=\"lazy\" decoding=\"async\" width=\"1024\" height=\"583\" src=\"https:\/\/klinger.pt\/wp-content\/uploads\/2023\/07\/image-5-2-1024x583.jpg\" alt=\"Prensa de Parafuso Multidiscos\" class=\"wp-image-44056\" style=\"width:417px;height:237px\" srcset=\"https:\/\/klinger.pt\/wp-content\/uploads\/2023\/07\/image-5-2-1024x583.jpg 1024w, https:\/\/klinger.pt\/wp-content\/uploads\/2023\/07\/image-5-2-300x171.jpg 300w, https:\/\/klinger.pt\/wp-content\/uploads\/2023\/07\/image-5-2-768x437.jpg 768w, https:\/\/klinger.pt\/wp-content\/uploads\/2023\/07\/image-5-2.jpg 1095w\" sizes=\"(max-width: 1024px) 100vw, 1024px\" \/><\/figure>\n<\/div>\n\n\n<h2 class=\"wp-block-heading\" id=\"aioseo-quadro-comparativo\">Quadro comparativo:<\/h2>\n\n\n\n<figure class=\"wp-block-image size-large\"><img loading=\"lazy\" decoding=\"async\" width=\"1024\" height=\"605\" src=\"https:\/\/klinger.pt\/wp-content\/uploads\/2025\/06\/Edicao_v1_Prancheta-1-1024x605.jpg\" alt=\"\" class=\"wp-image-46987\" srcset=\"https:\/\/klinger.pt\/wp-content\/uploads\/2025\/06\/Edicao_v1_Prancheta-1-1024x605.jpg 1024w, https:\/\/klinger.pt\/wp-content\/uploads\/2025\/06\/Edicao_v1_Prancheta-1-300x177.jpg 300w, https:\/\/klinger.pt\/wp-content\/uploads\/2025\/06\/Edicao_v1_Prancheta-1-768x454.jpg 768w, https:\/\/klinger.pt\/wp-content\/uploads\/2025\/06\/Edicao_v1_Prancheta-1-1536x908.jpg 1536w, https:\/\/klinger.pt\/wp-content\/uploads\/2025\/06\/Edicao_v1_Prancheta-1-1400x828.jpg 1400w, https:\/\/klinger.pt\/wp-content\/uploads\/2025\/06\/Edicao_v1_Prancheta-1.jpg 1920w\" sizes=\"(max-width: 1024px) 100vw, 1024px\" \/><\/figure>\n\n\n\n<h2 class=\"wp-block-heading\" id=\"aioseo-especificacoes\">Especifica\u00e7\u00f5es:<\/h2>\n\n\n\n<figure class=\"wp-block-image size-large\"><img loading=\"lazy\" decoding=\"async\" width=\"1024\" height=\"419\" src=\"https:\/\/klinger.pt\/wp-content\/uploads\/2025\/06\/LDP-1024x419.png\" alt=\"LDP General\" class=\"wp-image-46971\" srcset=\"https:\/\/klinger.pt\/wp-content\/uploads\/2025\/06\/LDP-1024x419.png 1024w, https:\/\/klinger.pt\/wp-content\/uploads\/2025\/06\/LDP-300x123.png 300w, https:\/\/klinger.pt\/wp-content\/uploads\/2025\/06\/LDP-768x314.png 768w, https:\/\/klinger.pt\/wp-content\/uploads\/2025\/06\/LDP.png 1071w\" sizes=\"(max-width: 1024px) 100vw, 1024px\" \/><\/figure>\n<\/div>\n<\/div>\n\n\n\n<h5 class=\"wp-block-heading\"><a href=\"https:\/\/klinger.pt\/wp-content\/uploads\/2025\/06\/FT-LDP-Geral_PT_14.02.2025.pdf\" target=\"_blank\" rel=\"noopener\" title=\"\">CAT\u00c1LOGO PRENSA DE PARAFUSO MULTIDISCOS LDP (PT)<\/a><\/h5>\n\n\n\n<div class=\"wp-block-buttons is-layout-flex wp-block-buttons-is-layout-flex\"><\/div>\n","protected":false},"excerpt":{"rendered":"<p>PRENSA DE PARAFUSO MULTIDISCOS LDP DESIDRATA\u00c7\u00c3O DE LAMAS As principais vantagens da Prensa de Parafuso Multidiscos s\u00e3o as seguintes: Princ\u00edpio da Estrutura de uma Prensa de Parafusos Multidiscos: Toda a estrutura filtrante da Prensa de Parafusos Multidiscos \u00e9 constitu\u00edda por discos fixos, anilhas espa\u00e7adoras e discos m\u00f3veis, em a\u00e7o inoxid\u00e1vel. O di\u00e2metro interno dos discos [&hellip;]<\/p>\n","protected":false},"author":4,"featured_media":0,"parent":44296,"menu_order":0,"comment_status":"closed","ping_status":"closed","template":"page-templates\/servicios.php","meta":{"_eb_attr":"","footnotes":""},"class_list":["post-43733","page","type-page","status-publish","hentry"],"aioseo_notices":[],"_links":{"self":[{"href":"https:\/\/klinger.pt\/es\/wp-json\/wp\/v2\/pages\/43733","targetHints":{"allow":["GET"]}}],"collection":[{"href":"https:\/\/klinger.pt\/es\/wp-json\/wp\/v2\/pages"}],"about":[{"href":"https:\/\/klinger.pt\/es\/wp-json\/wp\/v2\/types\/page"}],"author":[{"embeddable":true,"href":"https:\/\/klinger.pt\/es\/wp-json\/wp\/v2\/users\/4"}],"replies":[{"embeddable":true,"href":"https:\/\/klinger.pt\/es\/wp-json\/wp\/v2\/comments?post=43733"}],"version-history":[{"count":26,"href":"https:\/\/klinger.pt\/es\/wp-json\/wp\/v2\/pages\/43733\/revisions"}],"predecessor-version":[{"id":46989,"href":"https:\/\/klinger.pt\/es\/wp-json\/wp\/v2\/pages\/43733\/revisions\/46989"}],"up":[{"embeddable":true,"href":"https:\/\/klinger.pt\/es\/wp-json\/wp\/v2\/pages\/44296"}],"wp:attachment":[{"href":"https:\/\/klinger.pt\/es\/wp-json\/wp\/v2\/media?parent=43733"}],"curies":[{"name":"wp","href":"https:\/\/api.w.org\/{rel}","templated":true}]}}