{"id":43722,"date":"2023-07-05T08:57:00","date_gmt":"2023-07-05T07:57:00","guid":{"rendered":"https:\/\/m5j0n6nk9p.onrocket.site\/?page_id=43722"},"modified":"2025-05-09T10:15:25","modified_gmt":"2025-05-09T09:15:25","slug":"sistemas-daf","status":"publish","type":"page","link":"https:\/\/klinger.pt\/es\/klinger-water-solutions\/equipamentos\/sistemas-daf\/","title":{"rendered":"SISTEMAS DAF"},"content":{"rendered":"\n<h1 class=\"wp-block-heading\">SISTEMAS DAF<\/h1>\n\n\n\n<div style=\"height:60px\" aria-hidden=\"true\" class=\"wp-block-spacer\"><\/div>\n\n\n\n<div class=\"wp-block-columns is-layout-flex wp-container-core-columns-is-layout-9d6595d7 wp-block-columns-is-layout-flex\">\n<div class=\"wp-block-column is-layout-flow wp-block-column-is-layout-flow\" style=\"flex-basis:33.33%\">\n<figure class=\"wp-block-image size-medium\"><img decoding=\"async\" width=\"300\" height=\"87\" src=\"https:\/\/klinger.pt\/wp-content\/uploads\/2023\/08\/Liberaqua_site_esquerda-300x87.webp\" alt=\"\" class=\"wp-image-45023\" srcset=\"https:\/\/klinger.pt\/wp-content\/uploads\/2023\/08\/Liberaqua_site_esquerda-300x87.webp 300w, https:\/\/klinger.pt\/wp-content\/uploads\/2023\/08\/Liberaqua_site_esquerda.webp 556w\" sizes=\"(max-width: 300px) 100vw, 300px\" \/><\/figure>\n\n\n\n<div style=\"height:40px\" aria-hidden=\"true\" class=\"wp-block-spacer\"><\/div>\n\n\n\n<figure class=\"wp-block-image size-large\"><img fetchpriority=\"high\" decoding=\"async\" width=\"1024\" height=\"874\" src=\"https:\/\/klinger.pt\/wp-content\/uploads\/2023\/08\/Flotadores-DAF-site-1024x874.webp\" alt=\"\" class=\"wp-image-45100\" srcset=\"https:\/\/klinger.pt\/wp-content\/uploads\/2023\/08\/Flotadores-DAF-site-1024x874.webp 1024w, https:\/\/klinger.pt\/wp-content\/uploads\/2023\/08\/Flotadores-DAF-site-300x256.webp 300w, https:\/\/klinger.pt\/wp-content\/uploads\/2023\/08\/Flotadores-DAF-site-768x656.webp 768w, https:\/\/klinger.pt\/wp-content\/uploads\/2023\/08\/Flotadores-DAF-site.webp 1277w\" sizes=\"(max-width: 1024px) 100vw, 1024px\" \/><\/figure>\n<\/div>\n\n\n\n<div class=\"wp-block-column is-layout-flow wp-block-column-is-layout-flow\" style=\"flex-basis:66.66%\">\n<p class=\"intro-text\">A KLINGER desenha, projeta, fabrica e instala sistemas de flota\u00e7\u00e3o por ar dissolvido &#8211; DAF.<\/p>\n\n\n\n<p>Nossos DAF s\u00e3o dimensionados para maximizar a efici\u00eancia na separa\u00e7\u00e3o s\u00f3lido\/l\u00edquido, minimizar o consumo energ\u00e9tico e proporcionar uma opera\u00e7\u00e3o simples para o utilizador.<\/p>\n\n\n\n<p>A nossa tecnologia faz com que o DAF opere em contracorrente, ou seja, descarregando as lamas do mesmo lado da entrada da \u00e1gua residual ou da lama a espessar, minimizando assim o arraste de s\u00f3lidos com a \u00e1gua tratada. Do mesmo modo, garante uma maior concentra\u00e7\u00e3o de ar na zona de maior concentra\u00e7\u00e3o das lamas, prevenindo a sua decanta\u00e7\u00e3o.<\/p>\n\n\n\n<figure class=\"wp-block-image size-large\"><img decoding=\"async\" width=\"1024\" height=\"276\" src=\"https:\/\/klinger.pt\/wp-content\/uploads\/2023\/07\/Flotadores-DAF-conteudo-1024x276.webp\" alt=\"\" class=\"wp-image-44017\" srcset=\"https:\/\/klinger.pt\/wp-content\/uploads\/2023\/07\/Flotadores-DAF-conteudo-1024x276.webp 1024w, https:\/\/klinger.pt\/wp-content\/uploads\/2023\/07\/Flotadores-DAF-conteudo-300x81.webp 300w, https:\/\/klinger.pt\/wp-content\/uploads\/2023\/07\/Flotadores-DAF-conteudo-768x207.webp 768w, https:\/\/klinger.pt\/wp-content\/uploads\/2023\/07\/Flotadores-DAF-conteudo-1536x414.webp 1536w, https:\/\/klinger.pt\/wp-content\/uploads\/2023\/07\/Flotadores-DAF-conteudo-1400x377.webp 1400w, https:\/\/klinger.pt\/wp-content\/uploads\/2023\/07\/Flotadores-DAF-conteudo.webp 1800w\" sizes=\"(max-width: 1024px) 100vw, 1024px\" \/><figcaption class=\"wp-element-caption\">Flotador DAF100 &#8211; espessamento lama ativada numa Ind\u00fastria de lactic\u00ednios. Foto da esquerda: lado sa\u00edda da \u00e1gua. Foto da direita: lado sa\u00edda lamas flotadas.<\/figcaption><\/figure>\n\n\n\n<p>O nosso sistema de pressuriza\u00e7\u00e3o, aproveita a totalidade do ar comprimido fornecido, reduzindo em cerca de 50% o consumo, quando comparados com flotadores alimentados com um fluxo cont\u00ednuo de ar, e para a mesma capacidade de tratamento.<\/p>\n\n\n\n<p>Utilizamos bombas de recircula\u00e7\u00e3o\/pressuriza\u00e7\u00e3o com impulsores abertos que permitem a passagem de corpos s\u00f3lidos ou lamas at\u00e9 20 mm de di\u00e2metro, evitando colmata\u00e7\u00f5es e paragens, ao inv\u00e9s, de bombas multiest\u00e1gio utilizadas por alguns fabricantes, que s\u00e3o muito suscet\u00edveis de entupir e requerem assist\u00eancia t\u00e9cnica especializada, frequente.<\/p>\n\n\n\n<p>Os nossos vasos de pressuriza\u00e7\u00e3o s\u00e3o certificados, alvo de inspe\u00e7\u00e3o por organismo certificado, com radiografias \u00e0s soldaduras e an\u00e1lise com l\u00edquidos penetrantes.<\/p>\n\n\n\n<p>Os nossos flotadores, permitem o acesso a ambos os lados, da parte superior da m\u00e1quina, por interm\u00e9dio de uma escada de acesso e passarela com corrim\u00e3o, em a\u00e7o inox e gradil. As correntes e os raspadores est\u00e3o protegidos contra acessos acidentais, mediante chapas de prote\u00e7\u00e3o em inox e o n\u00edvel superior da m\u00e1quina disp\u00f5e de um cord\u00e3o de seguran\u00e7a em todo o per\u00edmetro acess\u00edvel.<\/p>\n\n\n\n<p>O quadro el\u00e9trico&nbsp; permite, o acesso remoto \u00e0 HMI para opera\u00e7\u00e3o e supervis\u00e3o e ao PLC e HMI para assist\u00eancia remota. Sob pedido, pode tamb\u00e9m enviar SMS de aviso\/informa\u00e7\u00e3o.<\/p>\n\n\n\n<p>O quadro el\u00e9trico do flotador,&nbsp; est\u00e1 preparado para comandar alguns equipamentos perif\u00e9ricos, como a bomba de alimenta\u00e7\u00e3o a caudal pr\u00e9-definido, as bombas dos reagentes (ex. coagulante, floculante), a bomba de eleva\u00e7\u00e3o de lamas flotada, se necess\u00e1rio, etc.. Sob pedido, tamb\u00e9m pode ir equipada com uma sonda de turva\u00e7\u00e3o que permite o desvio da \u00e1gua tratada no caso de a mesma n\u00e3o ter a qualidade desejada.<\/p>\n\n\n\n<p>As aplica\u00e7\u00f5es mais comuns s\u00e3o as seguintes:<\/p>\n\n\n\n<ul class=\"wp-block-list\">\n<li>Tratamento f\u00edsico-qu\u00edmico de efluentes (ex. redu\u00e7\u00e3o de carga org\u00e2nica afluente ao tratamento biol\u00f3gico);<\/li>\n\n\n\n<li>Separa\u00e7\u00e3o avan\u00e7ada s\u00f3lido \u2013 l\u00edquido (ex. ultrapassar cen\u00e1rios de bulking ou sobrecarga m\u00e1ssica em decantadores secund\u00e1rios);<\/li>\n\n\n\n<li>Espessamento de lamas biol\u00f3gicas para envio \u00e0 digest\u00e3o anaer\u00f3bica convencional.<\/li>\n<\/ul>\n\n\n\n<figure class=\"wp-block-gallery has-nested-images columns-4 is-cropped wp-block-gallery-1 is-layout-flex wp-block-gallery-is-layout-flex\">\n<figure class=\"wp-block-image size-thumbnail\"><a href=\"https:\/\/klinger.pt\/wp-content\/uploads\/2023\/08\/Galeria-Flotador-DAF-1.jpg\" target=\"_blank\" rel=\"noopener\"><img loading=\"lazy\" decoding=\"async\" width=\"150\" height=\"150\" data-id=\"45176\" src=\"https:\/\/klinger.pt\/wp-content\/uploads\/2023\/08\/Galeria-Flotador-DAF-1-150x150.jpg\" alt=\"\" class=\"wp-image-45176\"\/><\/a><figcaption class=\"wp-element-caption\">Flotador DAF060 para 60 m3\/h de licor biol\u00f3gico a 4 g\/L<\/figcaption><\/figure>\n\n\n\n<figure class=\"wp-block-image size-thumbnail\"><a href=\"https:\/\/klinger.pt\/wp-content\/uploads\/2023\/08\/Galeria-Flotador-DAF-2-1.jpg\" target=\"_blank\" rel=\"noopener\"><img loading=\"lazy\" decoding=\"async\" width=\"150\" height=\"150\" data-id=\"45178\" src=\"https:\/\/klinger.pt\/wp-content\/uploads\/2023\/08\/Galeria-Flotador-DAF-2-1-150x150.jpg\" alt=\"\" class=\"wp-image-45178\"\/><\/a><figcaption class=\"wp-element-caption\">Flotador DAF060 para 60 m3\/h de licor biol\u00f3gico a 4 g\/L<\/figcaption><\/figure>\n\n\n\n<figure class=\"wp-block-image size-thumbnail\"><a href=\"https:\/\/klinger.pt\/wp-content\/uploads\/2023\/08\/Galeria-Flotador-DAF-3-1.jpg\" target=\"_blank\" rel=\"noopener\"><img loading=\"lazy\" decoding=\"async\" width=\"150\" height=\"150\" data-id=\"45180\" src=\"https:\/\/klinger.pt\/wp-content\/uploads\/2023\/08\/Galeria-Flotador-DAF-3-1-150x150.jpg\" alt=\"\" class=\"wp-image-45180\"\/><\/a><figcaption class=\"wp-element-caption\">Flotador DAF060 para 60 m3\/h de licor biol\u00f3gico a 4 g\/L<\/figcaption><\/figure>\n\n\n\n<figure class=\"wp-block-image size-thumbnail\"><a href=\"https:\/\/klinger.pt\/wp-content\/uploads\/2023\/08\/Galeria-Flotador-DAF-4-1.jpg\" target=\"_blank\" rel=\"noopener\"><img loading=\"lazy\" decoding=\"async\" width=\"150\" height=\"150\" data-id=\"45182\" src=\"https:\/\/klinger.pt\/wp-content\/uploads\/2023\/08\/Galeria-Flotador-DAF-4-1-150x150.jpg\" alt=\"\" class=\"wp-image-45182\"\/><\/a><figcaption class=\"wp-element-caption\">Flotador DAF060 para 60 m3\/h de licor biol\u00f3gico a 4 g\/L<\/figcaption><\/figure>\n\n\n\n<figure class=\"wp-block-image size-thumbnail\"><a href=\"https:\/\/klinger.pt\/wp-content\/uploads\/2025\/05\/DAF.png\" target=\"_blank\" rel=\"noopener\"><img loading=\"lazy\" decoding=\"async\" width=\"150\" height=\"150\" data-id=\"46912\" src=\"https:\/\/klinger.pt\/wp-content\/uploads\/2025\/05\/DAF-150x150.png\" alt=\"\" class=\"wp-image-46912\"\/><\/a><figcaption class=\"wp-element-caption\">HMI do Flotador DAF060 para 60 m3\/h de licor biol\u00f3gico a 4 g\/L<\/figcaption><\/figure>\n\n\n\n<figure class=\"wp-block-image size-thumbnail\"><a href=\"https:\/\/klinger.pt\/wp-content\/uploads\/2023\/08\/Galeria-Flotador-DAF-6-1.jpg\" target=\"_blank\" rel=\"noopener\"><img loading=\"lazy\" decoding=\"async\" width=\"150\" height=\"150\" data-id=\"45170\" src=\"https:\/\/klinger.pt\/wp-content\/uploads\/2023\/08\/Galeria-Flotador-DAF-6-1-150x150.jpg\" alt=\"\" class=\"wp-image-45170\"\/><\/a><figcaption class=\"wp-element-caption\">Flotador DAF100 para 100 m3\/h de licor biol\u00f3gico a 4 g\/L<\/figcaption><\/figure>\n\n\n\n<figure class=\"wp-block-image size-thumbnail\"><a href=\"https:\/\/klinger.pt\/wp-content\/uploads\/2023\/08\/Galeria-Flotador-DAF-7-1.jpg\" target=\"_blank\" rel=\"noopener\"><img loading=\"lazy\" decoding=\"async\" width=\"150\" height=\"150\" data-id=\"45172\" src=\"https:\/\/klinger.pt\/wp-content\/uploads\/2023\/08\/Galeria-Flotador-DAF-7-1-150x150.jpg\" alt=\"\" class=\"wp-image-45172\"\/><\/a><figcaption class=\"wp-element-caption\">Flotador DAF100<\/figcaption><\/figure>\n\n\n\n<figure class=\"wp-block-image size-thumbnail\"><a href=\"https:\/\/klinger.pt\/wp-content\/uploads\/2023\/08\/Galeria-Flotador-DAF-8-1.jpg\" target=\"_blank\" rel=\"noopener\"><img loading=\"lazy\" decoding=\"async\" width=\"150\" height=\"150\" data-id=\"45174\" src=\"https:\/\/klinger.pt\/wp-content\/uploads\/2023\/08\/Galeria-Flotador-DAF-8-1-150x150.jpg\" alt=\"\" class=\"wp-image-45174\"\/><\/a><figcaption class=\"wp-element-caption\">Flotador 160 m3\/h instalado numa t\u00eaxtil<\/figcaption><\/figure>\n<\/figure>\n<\/div>\n<\/div>\n\n\n\n<p><\/p>\n","protected":false},"excerpt":{"rendered":"<p>SISTEMAS DAF A KLINGER desenha, projeta, fabrica e instala sistemas de flota\u00e7\u00e3o por ar dissolvido &#8211; DAF. Nossos DAF s\u00e3o dimensionados para maximizar a efici\u00eancia na separa\u00e7\u00e3o s\u00f3lido\/l\u00edquido, minimizar o consumo energ\u00e9tico e proporcionar uma opera\u00e7\u00e3o simples para o utilizador. A nossa tecnologia faz com que o DAF opere em contracorrente, ou seja, descarregando as [&hellip;]<\/p>\n","protected":false},"author":4,"featured_media":0,"parent":43898,"menu_order":0,"comment_status":"closed","ping_status":"closed","template":"page-templates\/servicios.php","meta":{"_eb_attr":"","footnotes":""},"class_list":["post-43722","page","type-page","status-publish","hentry"],"aioseo_notices":[],"_links":{"self":[{"href":"https:\/\/klinger.pt\/es\/wp-json\/wp\/v2\/pages\/43722","targetHints":{"allow":["GET"]}}],"collection":[{"href":"https:\/\/klinger.pt\/es\/wp-json\/wp\/v2\/pages"}],"about":[{"href":"https:\/\/klinger.pt\/es\/wp-json\/wp\/v2\/types\/page"}],"author":[{"embeddable":true,"href":"https:\/\/klinger.pt\/es\/wp-json\/wp\/v2\/users\/4"}],"replies":[{"embeddable":true,"href":"https:\/\/klinger.pt\/es\/wp-json\/wp\/v2\/comments?post=43722"}],"version-history":[{"count":61,"href":"https:\/\/klinger.pt\/es\/wp-json\/wp\/v2\/pages\/43722\/revisions"}],"predecessor-version":[{"id":46915,"href":"https:\/\/klinger.pt\/es\/wp-json\/wp\/v2\/pages\/43722\/revisions\/46915"}],"up":[{"embeddable":true,"href":"https:\/\/klinger.pt\/es\/wp-json\/wp\/v2\/pages\/43898"}],"wp:attachment":[{"href":"https:\/\/klinger.pt\/es\/wp-json\/wp\/v2\/media?parent=43722"}],"curies":[{"name":"wp","href":"https:\/\/api.w.org\/{rel}","templated":true}]}}