{"id":4147,"date":"2020-07-02T07:24:12","date_gmt":"2020-07-02T07:24:12","guid":{"rendered":"https:\/\/m5j0n6nk9p.onrocket.site\/?p=4147"},"modified":"2025-09-01T11:22:29","modified_gmt":"2025-09-01T10:22:29","slug":"tamisador-tambor-de-alimentacao-interna","status":"publish","type":"page","link":"https:\/\/klinger.pt\/es\/water-solutions\/tamisadores\/tamisador-rotativo\/tamisador-tambor-de-alimentacao-interna\/","title":{"rendered":"TAMISADOR TAMBOR ALIMENTA\u00c7\u00c3O INTERNA"},"content":{"rendered":"\t\t<div data-elementor-type=\"wp-post\" data-elementor-id=\"4147\" class=\"elementor elementor-4147\">\n\t\t\t\t\t\t<section class=\"elementor-section elementor-top-section elementor-element elementor-element-67cfbf1 elementor-section-boxed elementor-section-height-default elementor-section-height-default\" data-id=\"67cfbf1\" data-element_type=\"section\" data-e-type=\"section\">\n\t\t\t\t\t\t<div class=\"elementor-container elementor-column-gap-default\">\n\t\t\t\t\t<div class=\"elementor-column elementor-col-100 elementor-top-column elementor-element elementor-element-6aedc27\" data-id=\"6aedc27\" data-element_type=\"column\" data-e-type=\"column\">\n\t\t\t<div class=\"elementor-widget-wrap elementor-element-populated\">\n\t\t\t\t\t\t<div class=\"elementor-element elementor-element-4ffac68 elementor-widget elementor-widget-breadcrumbs\" data-id=\"4ffac68\" data-element_type=\"widget\" data-e-type=\"widget\" data-widget_type=\"breadcrumbs.default\">\n\t\t\t\t<div class=\"elementor-widget-container\">\n\t\t\t\t\t \t\t\t\t<\/div>\n\t\t\t\t<\/div>\n\t\t\t\t\t<\/div>\n\t\t<\/div>\n\t\t\t\t\t<\/div>\n\t\t<\/section>\n\t\t\t\t<section class=\"elementor-section elementor-top-section elementor-element elementor-element-215b724 elementor-section-stretched elementor-section-boxed elementor-section-height-default elementor-section-height-default\" data-id=\"215b724\" data-element_type=\"section\" data-e-type=\"section\" data-settings=\"{&quot;stretch_section&quot;:&quot;section-stretched&quot;}\">\n\t\t\t\t\t\t<div class=\"elementor-container elementor-column-gap-default\">\n\t\t\t\t\t<div class=\"elementor-column elementor-col-50 elementor-top-column elementor-element elementor-element-3a6beb6\" data-id=\"3a6beb6\" data-element_type=\"column\" data-e-type=\"column\">\n\t\t\t<div class=\"elementor-widget-wrap elementor-element-populated\">\n\t\t\t\t\t\t<div class=\"elementor-element elementor-element-6a2a876 elementor-widget elementor-widget-heading\" data-id=\"6a2a876\" data-element_type=\"widget\" data-e-type=\"widget\" data-widget_type=\"heading.default\">\n\t\t\t\t<div class=\"elementor-widget-container\">\n\t\t\t\t\t<h1 class=\"elementor-heading-title elementor-size-default\">Tamisador Tambor de Alimenta\u00e7\u00e3o Interna<\/h1>\t\t\t\t<\/div>\n\t\t\t\t<\/div>\n\t\t\t\t<div class=\"elementor-element elementor-element-f0a0a2e elementor-widget elementor-widget-text-editor\" data-id=\"f0a0a2e\" data-element_type=\"widget\" data-e-type=\"widget\" data-widget_type=\"text-editor.default\">\n\t\t\t\t<div class=\"elementor-widget-container\">\n\t\t\t\t\t\t\t\t\t<p>O tamisador de tambor de alimenta\u00e7\u00e3o interna \u00e9 uma m\u00e1quina para tratamento de \u00e1guas residuais com tambor de filtra\u00e7\u00e3o intermut\u00e1vel, o tambor em chapa perfurada filtra a \u00e1gua, e ret\u00e9m os res\u00edduos s\u00f3lidos.<\/p>\t\t\t\t\t\t\t\t<\/div>\n\t\t\t\t<\/div>\n\t\t\t\t<div class=\"elementor-element elementor-element-aaef817 elementor-widget elementor-widget-text-editor\" data-id=\"aaef817\" data-element_type=\"widget\" data-e-type=\"widget\" data-widget_type=\"text-editor.default\">\n\t\t\t\t<div class=\"elementor-widget-container\">\n\t\t\t\t\t\t\t\t\t<h3>Aplica\u00e7\u00f5es<\/h3>\t\t\t\t\t\t\t\t<\/div>\n\t\t\t\t<\/div>\n\t\t\t\t<div class=\"elementor-element elementor-element-1a12029 elementor-align-start elementor-icon-list--layout-traditional elementor-list-item-link-full_width elementor-widget elementor-widget-icon-list\" data-id=\"1a12029\" data-element_type=\"widget\" data-e-type=\"widget\" data-widget_type=\"icon-list.default\">\n\t\t\t\t<div class=\"elementor-widget-container\">\n\t\t\t\t\t\t\t<ul class=\"elementor-icon-list-items\">\n\t\t\t\t\t\t\t<li class=\"elementor-icon-list-item\">\n\t\t\t\t\t\t\t\t\t\t\t<span class=\"elementor-icon-list-icon\">\n\t\t\t\t\t\t\t<svg xmlns=\"http:\/\/www.w3.org\/2000\/svg\" width=\"41.293\" height=\"42.117\" viewBox=\"0 0 41.293 42.117\"><g id=\"Group_639\" data-name=\"Group 639\" transform=\"translate(0 0)\"><path id=\"Path_695\" data-name=\"Path 695\" d=\"M0,0,13.176,21.058,0,42.117H8.236L21.411,21.058,8.237,0Z\" fill=\"#002847\"><\/path><path id=\"Path_696\" data-name=\"Path 696\" d=\"M19.882,0,33.058,21.058,19.881,42.117h8.236L41.293,21.058,28.118,0Z\" fill=\"#002847\"><\/path><\/g><\/svg>\t\t\t\t\t\t<\/span>\n\t\t\t\t\t\t\t\t\t\t<span class=\"elementor-icon-list-text\">Esta\u00e7\u00f5es de tratamento de \u00e1guas residuais civis<\/span>\n\t\t\t\t\t\t\t\t\t<\/li>\n\t\t\t\t\t\t\t\t<li class=\"elementor-icon-list-item\">\n\t\t\t\t\t\t\t\t\t\t\t<span class=\"elementor-icon-list-icon\">\n\t\t\t\t\t\t\t<svg xmlns=\"http:\/\/www.w3.org\/2000\/svg\" width=\"41.293\" height=\"42.117\" viewBox=\"0 0 41.293 42.117\"><g id=\"Group_639\" data-name=\"Group 639\" transform=\"translate(0 0)\"><path id=\"Path_695\" data-name=\"Path 695\" d=\"M0,0,13.176,21.058,0,42.117H8.236L21.411,21.058,8.237,0Z\" fill=\"#002847\"><\/path><path id=\"Path_696\" data-name=\"Path 696\" d=\"M19.882,0,33.058,21.058,19.881,42.117h8.236L41.293,21.058,28.118,0Z\" fill=\"#002847\"><\/path><\/g><\/svg>\t\t\t\t\t\t<\/span>\n\t\t\t\t\t\t\t\t\t\t<span class=\"elementor-icon-list-text\">Esta\u00e7\u00f5es de tratamento de \u00e1guas residuais industriais<\/span>\n\t\t\t\t\t\t\t\t\t<\/li>\n\t\t\t\t\t\t\t\t<li class=\"elementor-icon-list-item\">\n\t\t\t\t\t\t\t\t\t\t\t<span class=\"elementor-icon-list-icon\">\n\t\t\t\t\t\t\t<svg xmlns=\"http:\/\/www.w3.org\/2000\/svg\" width=\"41.293\" height=\"42.117\" viewBox=\"0 0 41.293 42.117\"><g id=\"Group_639\" data-name=\"Group 639\" transform=\"translate(0 0)\"><path id=\"Path_695\" data-name=\"Path 695\" d=\"M0,0,13.176,21.058,0,42.117H8.236L21.411,21.058,8.237,0Z\" fill=\"#002847\"><\/path><path id=\"Path_696\" data-name=\"Path 696\" d=\"M19.882,0,33.058,21.058,19.881,42.117h8.236L41.293,21.058,28.118,0Z\" fill=\"#002847\"><\/path><\/g><\/svg>\t\t\t\t\t\t<\/span>\n\t\t\t\t\t\t\t\t\t\t<span class=\"elementor-icon-list-text\">Curtumes<\/span>\n\t\t\t\t\t\t\t\t\t<\/li>\n\t\t\t\t\t\t\t\t<li class=\"elementor-icon-list-item\">\n\t\t\t\t\t\t\t\t\t\t\t<span class=\"elementor-icon-list-icon\">\n\t\t\t\t\t\t\t<svg xmlns=\"http:\/\/www.w3.org\/2000\/svg\" width=\"41.293\" height=\"42.117\" viewBox=\"0 0 41.293 42.117\"><g id=\"Group_639\" data-name=\"Group 639\" transform=\"translate(0 0)\"><path id=\"Path_695\" data-name=\"Path 695\" d=\"M0,0,13.176,21.058,0,42.117H8.236L21.411,21.058,8.237,0Z\" fill=\"#002847\"><\/path><path id=\"Path_696\" data-name=\"Path 696\" d=\"M19.882,0,33.058,21.058,19.881,42.117h8.236L41.293,21.058,28.118,0Z\" fill=\"#002847\"><\/path><\/g><\/svg>\t\t\t\t\t\t<\/span>\n\t\t\t\t\t\t\t\t\t\t<span class=\"elementor-icon-list-text\">Lavandarias industriais<\/span>\n\t\t\t\t\t\t\t\t\t<\/li>\n\t\t\t\t\t\t\t\t<li class=\"elementor-icon-list-item\">\n\t\t\t\t\t\t\t\t\t\t\t<span class=\"elementor-icon-list-icon\">\n\t\t\t\t\t\t\t<svg xmlns=\"http:\/\/www.w3.org\/2000\/svg\" width=\"41.293\" height=\"42.117\" viewBox=\"0 0 41.293 42.117\"><g id=\"Group_639\" data-name=\"Group 639\" transform=\"translate(0 0)\"><path id=\"Path_695\" data-name=\"Path 695\" d=\"M0,0,13.176,21.058,0,42.117H8.236L21.411,21.058,8.237,0Z\" fill=\"#002847\"><\/path><path id=\"Path_696\" data-name=\"Path 696\" d=\"M19.882,0,33.058,21.058,19.881,42.117h8.236L41.293,21.058,28.118,0Z\" fill=\"#002847\"><\/path><\/g><\/svg>\t\t\t\t\t\t<\/span>\n\t\t\t\t\t\t\t\t\t\t<span class=\"elementor-icon-list-text\">F\u00e1bricas de papel<\/span>\n\t\t\t\t\t\t\t\t\t<\/li>\n\t\t\t\t\t\t\t\t<li class=\"elementor-icon-list-item\">\n\t\t\t\t\t\t\t\t\t\t\t<span class=\"elementor-icon-list-icon\">\n\t\t\t\t\t\t\t<svg xmlns=\"http:\/\/www.w3.org\/2000\/svg\" width=\"41.293\" height=\"42.117\" viewBox=\"0 0 41.293 42.117\"><g id=\"Group_639\" data-name=\"Group 639\" transform=\"translate(0 0)\"><path id=\"Path_695\" data-name=\"Path 695\" d=\"M0,0,13.176,21.058,0,42.117H8.236L21.411,21.058,8.237,0Z\" fill=\"#002847\"><\/path><path id=\"Path_696\" data-name=\"Path 696\" d=\"M19.882,0,33.058,21.058,19.881,42.117h8.236L41.293,21.058,28.118,0Z\" fill=\"#002847\"><\/path><\/g><\/svg>\t\t\t\t\t\t<\/span>\n\t\t\t\t\t\t\t\t\t\t<span class=\"elementor-icon-list-text\">Ind\u00fastria t\u00eaxtil<\/span>\n\t\t\t\t\t\t\t\t\t<\/li>\n\t\t\t\t\t\t\t\t<li class=\"elementor-icon-list-item\">\n\t\t\t\t\t\t\t\t\t\t\t<span class=\"elementor-icon-list-icon\">\n\t\t\t\t\t\t\t<svg xmlns=\"http:\/\/www.w3.org\/2000\/svg\" width=\"41.293\" height=\"42.117\" viewBox=\"0 0 41.293 42.117\"><g id=\"Group_639\" data-name=\"Group 639\" transform=\"translate(0 0)\"><path id=\"Path_695\" data-name=\"Path 695\" d=\"M0,0,13.176,21.058,0,42.117H8.236L21.411,21.058,8.237,0Z\" fill=\"#002847\"><\/path><path id=\"Path_696\" data-name=\"Path 696\" d=\"M19.882,0,33.058,21.058,19.881,42.117h8.236L41.293,21.058,28.118,0Z\" fill=\"#002847\"><\/path><\/g><\/svg>\t\t\t\t\t\t<\/span>\n\t\t\t\t\t\t\t\t\t\t<span class=\"elementor-icon-list-text\">Ind\u00fastria alimentar<\/span>\n\t\t\t\t\t\t\t\t\t<\/li>\n\t\t\t\t\t\t<\/ul>\n\t\t\t\t\t\t<\/div>\n\t\t\t\t<\/div>\n\t\t\t\t\t<\/div>\n\t\t<\/div>\n\t\t\t\t<div class=\"elementor-column elementor-col-50 elementor-top-column elementor-element elementor-element-b87d2f4\" data-id=\"b87d2f4\" data-element_type=\"column\" data-e-type=\"column\">\n\t\t\t<div class=\"elementor-widget-wrap elementor-element-populated\">\n\t\t\t\t\t\t<div class=\"elementor-element elementor-element-b3545df elementor-widget elementor-widget-image\" data-id=\"b3545df\" data-element_type=\"widget\" data-e-type=\"widget\" data-widget_type=\"image.default\">\n\t\t\t\t<div class=\"elementor-widget-container\">\n\t\t\t\t\t\t\t\t\t\t\t\t\t\t\t<img fetchpriority=\"high\" decoding=\"async\" width=\"1091\" height=\"1050\" src=\"https:\/\/klinger.pt\/wp-content\/uploads\/2025\/09\/PCTRAI-2999-n.jpg\" class=\"attachment-full size-full wp-image-47179\" alt=\"\" srcset=\"https:\/\/klinger.pt\/wp-content\/uploads\/2025\/09\/PCTRAI-2999-n.jpg 1091w, https:\/\/klinger.pt\/wp-content\/uploads\/2025\/09\/PCTRAI-2999-n-300x289.jpg 300w, https:\/\/klinger.pt\/wp-content\/uploads\/2025\/09\/PCTRAI-2999-n-1024x986.jpg 1024w, https:\/\/klinger.pt\/wp-content\/uploads\/2025\/09\/PCTRAI-2999-n-768x739.jpg 768w\" sizes=\"(max-width: 1091px) 100vw, 1091px\" \/>\t\t\t\t\t\t\t\t\t\t\t\t\t\t\t<\/div>\n\t\t\t\t<\/div>\n\t\t\t\t\t<\/div>\n\t\t<\/div>\n\t\t\t\t\t<\/div>\n\t\t<\/section>\n\t\t\t\t<\/div>\n\t\t","protected":false},"excerpt":{"rendered":"<p>Tamisador Tambor de Alimenta\u00e7\u00e3o Interna O tamisador de tambor de alimenta\u00e7\u00e3o interna \u00e9 uma m\u00e1quina para tratamento de \u00e1guas residuais com tambor de filtra\u00e7\u00e3o intermut\u00e1vel, o tambor em chapa perfurada filtra a \u00e1gua, e ret\u00e9m os res\u00edduos s\u00f3lidos. Aplica\u00e7\u00f5es Esta\u00e7\u00f5es de tratamento de \u00e1guas residuais civis Esta\u00e7\u00f5es de tratamento de \u00e1guas residuais industriais Curtumes Lavandarias [&hellip;]<\/p>\n","protected":false},"author":1,"featured_media":0,"parent":16373,"menu_order":239,"comment_status":"closed","ping_status":"closed","template":"page-templates\/servicios.php","meta":{"_eb_attr":"","footnotes":""},"class_list":["post-4147","page","type-page","status-publish","hentry"],"aioseo_notices":[],"_links":{"self":[{"href":"https:\/\/klinger.pt\/es\/wp-json\/wp\/v2\/pages\/4147","targetHints":{"allow":["GET"]}}],"collection":[{"href":"https:\/\/klinger.pt\/es\/wp-json\/wp\/v2\/pages"}],"about":[{"href":"https:\/\/klinger.pt\/es\/wp-json\/wp\/v2\/types\/page"}],"author":[{"embeddable":true,"href":"https:\/\/klinger.pt\/es\/wp-json\/wp\/v2\/users\/1"}],"replies":[{"embeddable":true,"href":"https:\/\/klinger.pt\/es\/wp-json\/wp\/v2\/comments?post=4147"}],"version-history":[{"count":9,"href":"https:\/\/klinger.pt\/es\/wp-json\/wp\/v2\/pages\/4147\/revisions"}],"predecessor-version":[{"id":47183,"href":"https:\/\/klinger.pt\/es\/wp-json\/wp\/v2\/pages\/4147\/revisions\/47183"}],"up":[{"embeddable":true,"href":"https:\/\/klinger.pt\/es\/wp-json\/wp\/v2\/pages\/16373"}],"wp:attachment":[{"href":"https:\/\/klinger.pt\/es\/wp-json\/wp\/v2\/media?parent=4147"}],"curies":[{"name":"wp","href":"https:\/\/api.w.org\/{rel}","templated":true}]}}