{"id":41325,"date":"2023-04-18T14:13:57","date_gmt":"2023-04-18T13:13:57","guid":{"rendered":"https:\/\/m5j0n6nk9p.onrocket.site\/?page_id=41325"},"modified":"2023-04-18T16:54:51","modified_gmt":"2023-04-18T15:54:51","slug":"modulo-de-rega","status":"publish","type":"page","link":"https:\/\/klinger.pt\/es\/produtos\/valvulas\/valvulas-especiais-aplicacoes-em-aguas\/modulo-de-rega\/","title":{"rendered":"M\u00d3DULO DE REGA"},"content":{"rendered":"\n<div class=\"wp-block-columns is-layout-flex wp-container-core-columns-is-layout-9d6595d7 wp-block-columns-is-layout-flex\">\n<div class=\"wp-block-column is-layout-flow wp-block-column-is-layout-flow\" style=\"flex-basis:400px\">\n<figure class=\"wp-block-image size-full\"><img fetchpriority=\"high\" decoding=\"async\" width=\"350\" height=\"483\" src=\"https:\/\/klinger.pt\/wp-content\/uploads\/2023\/04\/Baffle-distributors-pag.webp\" alt=\"M\u00d3DULO DE REGA\" class=\"wp-image-41295\" srcset=\"https:\/\/klinger.pt\/wp-content\/uploads\/2023\/04\/Baffle-distributors-pag.webp 350w, https:\/\/klinger.pt\/wp-content\/uploads\/2023\/04\/Baffle-distributors-pag-217x300.webp 217w\" sizes=\"(max-width: 350px) 100vw, 350px\" \/><\/figure>\n<\/div>\n\n\n\n<div class=\"wp-block-column is-layout-flow wp-block-column-is-layout-flow\" style=\"flex-basis:700px\">\n<h1 class=\"wp-block-heading\">M\u00d3DULO DE REGA<\/h1>\n\n\n\n<p>O M\u00f3dulo de Rega \u00e9 uma v\u00e1lvula com regulador de caudal est\u00e1tico fi\u00e1vel. O caudal \u00e9 independente do n\u00edvel da \u00e1gua abaixo. Bloqueio central de todas as portadas em posi\u00e7\u00e3o aberta ou fechada.<\/p>\n\n\n\n<h2 class=\"wp-block-heading\">Aplica\u00e7\u00f5es gerais:<\/h2>\n\n\n\n<ul class=\"wp-block-list\">\n<li>Estes dispositivos s\u00e3o concebidos para segmentar o caudal inicial num grupo de caudais pr\u00e9-determinados com incrementos de 5, 10, 20, 50, 100, l\/ s, de acordo com o tipo de modelo requerido.<\/li>\n\n\n\n<li>O ajuste do caudal \u00e9 conseguido abrindo ou fechando completamente obturadores de diferentes larguras. Em posi\u00e7\u00e3o aberta, o equipamento mant\u00e9m o fluxo fixo, mesmo quando o O n\u00edvel da \u00e1gua a montante ou a jusante varia sensivelmente.<\/li>\n\n\n\n<li>Regula\u00e7\u00e3o do caudal de entrada de \u00e1gua de esgoto em esgotos esta\u00e7\u00f5es de tratamento de \u00e1gua.<\/li>\n<\/ul>\n\n\n\n<h2 class=\"wp-block-heading\">Princ\u00edpios de opera\u00e7\u00e3o:<\/h2>\n\n\n\n<p>O fluxo constante \u00e9 garantido por uma soleira de forma especial, e um ou dois deflectores colocados a uma altura definida a fim de corrigir o n\u00edvel da \u00e1gua a montante. Quando o n\u00edvel a montante \u00e9 baixo, o fluxo passa livremente sobre a soleira. Quando aumenta, o jacto maior \u00e9 aparado pelo deflector. Quanto mais o n\u00edvel aumenta, mais o fluxo \u00e9 aparado, permitindo um fluxo constante a jusante. Assim, o fluxo mais constante poss\u00edvel \u00e9 mantido por meios completamente est\u00e1ticos.<br>Portanto, o aumento segue o valor nominal do fluxo: (ver HPL 620-5) para uma taxa de fluxo vari\u00e1vel \u00b15% | para uma taxa de fluxo vari\u00e1vel \u00b110%.<br>A adi\u00e7\u00e3o de um segundo deflector a jusante do primeiro aumenta sensivelmente o valor da subida. O jacto, j\u00e1 reduzido pelo primeiro deflector, permite uma coloca\u00e7\u00e3o ainda mais pr\u00f3xima da soleira do segundo deflector e, assim, forma um orif\u00edcio de sec\u00e7\u00e3o reduzida. Para al\u00e9m de um determinado n\u00edvel a montante, a primeira m\u00e1scara \u00e9 completamente imersa e a segunda m\u00e1scara activa-se ent\u00e3o e reduz novamente o fluxo. Estes deflectores s\u00e3o cuidadosamente concebidos para assegurar um corte \u00f3ptimo. O valor de aumento admiss\u00edvel para um dispositivo com dois deflectores aumenta 190% para uma varia\u00e7\u00e3o de caudal de 5% e atinge 150% no caso de uma varia\u00e7\u00e3o de caudal de 10%, em compara\u00e7\u00e3o com um modelo com um \u00fanico deflector. (Ver HPL 620-5).<br>As varia\u00e7\u00f5es do n\u00edvel de \u00e1gua a jusante n\u00e3o t\u00eam influ\u00eancia no caudal devido \u00e0 inclina\u00e7\u00e3o da soleira, calculada para provocar um caudal torrencial e, assim, realizar um corte hidr\u00e1ulico na sa\u00edda. A forma\u00e7\u00e3o de uma soleira permite a recupera\u00e7\u00e3o de energia do jacto e a manuten\u00e7\u00e3o de n\u00edveis de ligeiras perdas de carga. Esta perda de cabe\u00e7a varia de acordo com o n\u00edvel do peitoril em rela\u00e7\u00e3o ao deflector.<\/p>\n\n\n\n<h2 class=\"wp-block-heading\">Concep\u00e7\u00e3o:<\/h2>\n\n\n\n<p>Estes dispositivos s\u00e3o fabricados em a\u00e7o soldado, para serem embutidos no bet\u00e3o onde se anteciparam recessos (perdas).<br>Cada distribuidor de deflectores \u00e9 composto por aberturas de diferentes tamanhos em correla\u00e7\u00e3o com o fluxo requerido.<br>Existem quatro tipos de dispositivos que se distinguem pelo seu caudal nominal:<\/p>\n\n\n\n<ul class=\"wp-block-list\">\n<li>Tipo A: 10 l\/ s\/dm<\/li>\n\n\n\n<li>Tipo B: 20 l\/ s\/dm<\/li>\n\n\n\n<li>Tipo C: 50 l\/ s\/dm<\/li>\n\n\n\n<li>Tipo D: 100 l\/ s\/dm<\/li>\n<\/ul>\n\n\n\n<p>A cada tipo \u00e9 dado um \u00edndice de 1 ou 2 de acordo com o n\u00famero de deflectores.<br>O fluxo \u00e9 segment\u00e1vel:<\/p>\n\n\n\n<ul class=\"wp-block-list\">\n<li>Tipo A: os incrementos s\u00e3o de 5 l\/s<\/li>\n\n\n\n<li>Tipo B: os incrementos s\u00e3o de 10 l\/ s<\/li>\n\n\n\n<li>Tipo C: os incrementos s\u00e3o de 50 l\/s<\/li>\n\n\n\n<li>Tipo D: os incrementos s\u00e3o de 100 l\/s<\/li>\n<\/ul>\n\n\n\n<p>Por uma quest\u00e3o de uniformidade, as portadas pequenas s\u00e3o sempre colocadas na margem esquerda. As persianas s\u00e3o abertas ou fechadas por um sistema de fecho, que \u00e9 controlado por uma \u00fanica alavanca. Uma vez determinada a sele\u00e7\u00e3o das persianas abertas para alcan\u00e7ar o fluxo desejado, o equipamento \u00e9 aparafusado na posi\u00e7\u00e3o. Este sistema de persianas \u00e9 manipulado, ou modifica\u00e7\u00e3o do fluxo por pessoas n\u00e3o familiarizadas com o sistema. Especificamente concebido para ser indiferente a flutua\u00e7\u00f5es do n\u00edvel de \u00e1gua a montante ou a jusante, o equipamento fornece um meio eficiente de controlo do fluxo.<\/p>\n\n\n\n<h2 class=\"wp-block-heading\">Constru\u00e7\u00e3o padr\u00e3o:<\/h2>\n\n\n\n<p>Os Distribuidores de Baffle s\u00e3o feitos de chapas de a\u00e7o soldadas especialmente moldadas. As persianas para os modelos A e B s\u00e3o planas e deslizam em ranhuras. Os modelos C e D de persianas s\u00e3o em forma de sector, e sobem e para baixo enquanto giram em torno do seu eixo como resultado de esfor\u00e7os de manobra extra causados pelo aumento da altura da \u00e1gua. O aperto \u00e9 obtido por juntas de neopreno especialmente moldadas. Op\u00e7\u00e3o : fabrico em a\u00e7o inoxid\u00e1vel AISI 304L ou 316L.<\/p>\n\n\n\n<h2 class=\"wp-block-heading\">Revestimento:<\/h2>\n\n\n\n<p>Para pe\u00e7as em A283 Gr D : galvaniza\u00e7\u00e3o (n\u00e3o pintadas)<br>Para pe\u00e7as em AISI 304L ou 316L : passiva\u00e7\u00e3o<\/p>\n<\/div>\n<\/div>\n\n\n\n<h5 class=\"wp-block-heading\"><a href=\"https:\/\/klinger.pt\/wp-content\/uploads\/2023\/04\/Datasheet-Baffle-Distributors_compressed.pdf\" target=\"_blank\" rel=\"noopener\" title=\"\">FICHA T\u00c9CNICA M\u00d3DULO DE REGA (EN)<\/a><\/h5>\n","protected":false},"excerpt":{"rendered":"<p>M\u00d3DULO DE REGA O M\u00f3dulo de Rega \u00e9 uma v\u00e1lvula com regulador de caudal est\u00e1tico fi\u00e1vel. O caudal \u00e9 independente do n\u00edvel da \u00e1gua abaixo. Bloqueio central de todas as portadas em posi\u00e7\u00e3o aberta ou fechada. Aplica\u00e7\u00f5es gerais: Princ\u00edpios de opera\u00e7\u00e3o: O fluxo constante \u00e9 garantido por uma soleira de forma especial, e um ou [&hellip;]<\/p>\n","protected":false},"author":4,"featured_media":0,"parent":41275,"menu_order":0,"comment_status":"closed","ping_status":"closed","template":"page-templates\/servicios.php","meta":{"_eb_attr":"","footnotes":""},"class_list":["post-41325","page","type-page","status-publish","hentry"],"aioseo_notices":[],"_links":{"self":[{"href":"https:\/\/klinger.pt\/es\/wp-json\/wp\/v2\/pages\/41325","targetHints":{"allow":["GET"]}}],"collection":[{"href":"https:\/\/klinger.pt\/es\/wp-json\/wp\/v2\/pages"}],"about":[{"href":"https:\/\/klinger.pt\/es\/wp-json\/wp\/v2\/types\/page"}],"author":[{"embeddable":true,"href":"https:\/\/klinger.pt\/es\/wp-json\/wp\/v2\/users\/4"}],"replies":[{"embeddable":true,"href":"https:\/\/klinger.pt\/es\/wp-json\/wp\/v2\/comments?post=41325"}],"version-history":[{"count":2,"href":"https:\/\/klinger.pt\/es\/wp-json\/wp\/v2\/pages\/41325\/revisions"}],"predecessor-version":[{"id":41399,"href":"https:\/\/klinger.pt\/es\/wp-json\/wp\/v2\/pages\/41325\/revisions\/41399"}],"up":[{"embeddable":true,"href":"https:\/\/klinger.pt\/es\/wp-json\/wp\/v2\/pages\/41275"}],"wp:attachment":[{"href":"https:\/\/klinger.pt\/es\/wp-json\/wp\/v2\/media?parent=41325"}],"curies":[{"name":"wp","href":"https:\/\/api.w.org\/{rel}","templated":true}]}}