{"id":41279,"date":"2023-04-18T10:15:32","date_gmt":"2023-04-18T09:15:32","guid":{"rendered":"https:\/\/m5j0n6nk9p.onrocket.site\/?page_id=41279"},"modified":"2023-04-18T10:15:34","modified_gmt":"2023-04-18T09:15:34","slug":"valvula-telescopica","status":"publish","type":"page","link":"https:\/\/klinger.pt\/es\/produtos\/valvulas\/valvulas-especiais-aplicacoes-em-aguas\/valvula-telescopica\/","title":{"rendered":"V\u00c1LVULA TELESC\u00d3PICA"},"content":{"rendered":"\n<div class=\"wp-block-columns is-layout-flex wp-container-core-columns-is-layout-9d6595d7 wp-block-columns-is-layout-flex\">\n<div class=\"wp-block-column is-layout-flow wp-block-column-is-layout-flow\" style=\"flex-basis:400px\"><div class=\"wp-block-image\">\n<figure class=\"aligncenter size-full is-resized\"><img fetchpriority=\"high\" decoding=\"async\" src=\"https:\/\/klinger.pt\/wp-content\/uploads\/2023\/04\/Valvula-telescopica-pag.webp\" alt=\"V\u00c1LVULA TELESC\u00d3PICA\" class=\"wp-image-41281\" width=\"216\" height=\"696\" srcset=\"https:\/\/klinger.pt\/wp-content\/uploads\/2023\/04\/Valvula-telescopica-pag.webp 150w, https:\/\/klinger.pt\/wp-content\/uploads\/2023\/04\/Valvula-telescopica-pag-93x300.webp 93w\" sizes=\"(max-width: 216px) 100vw, 216px\" \/><\/figure>\n<\/div><\/div>\n\n\n\n<div class=\"wp-block-column is-layout-flow wp-block-column-is-layout-flow\" style=\"flex-basis:700px\">\n<h1 class=\"wp-block-heading\">V\u00c1LVULA TELESC\u00d3PICA<\/h1>\n\n\n\n<p>V\u00e1lvula telesc\u00f3pica para a capta\u00e7\u00e3o de camadas de \u00e1gua superiores. Corpo e obturador de design circular, muito funcional e de pouca manuten\u00e7\u00e3o. M\u00faltiplos materiais de constru\u00e7\u00e3o dispon\u00edveis. M\u00faltiplos materiais de fecho dispon\u00edveis. Concebida para a instala\u00e7\u00e3o na posi\u00e7\u00e3o vertical e sobre o flange do tubo de descarga existente no dep\u00f3sito.<\/p>\n\n\n\n<h2 class=\"wp-block-heading\">Aplica\u00e7\u00f5es gerais:<\/h2>\n\n\n\n<p>As v\u00e1lvulas telesc\u00f3picas VT foram concebidas para a instala\u00e7\u00e3o em dep\u00f3sitos ou c\u00e2maras, nos quais seja necess\u00e1rio um n\u00edvel de fluido regular. \u00c9 adequada para trabalhar com l\u00edquidos limpos ou carregados com s\u00f3lidos. \u00c9 sobretudo utilizada em:<\/p>\n\n\n\n<ul class=\"wp-block-list\">\n<li>Esta\u00e7\u00f5es de tratamento de \u00e1gua<\/li>\n\n\n\n<li>Tanques<\/li>\n\n\n\n<li>Centrais hidroel\u00e9ctricas<\/li>\n<\/ul>\n\n\n\n<h2 class=\"wp-block-heading\">Materiais de constru\u00e7\u00e3o:<\/h2>\n\n\n\n<ul class=\"wp-block-list\">\n<li>Corpo da v\u00e1lvula: A\u00e7o inoxid\u00e1vel AISI-304\/ AISI-316 (outros materiais sob consulta)<\/li>\n\n\n\n<li>Coluna e Acess\u00f3rios: a\u00e7o de carbono ; A\u00e7o inoxid\u00e1vel AISI-304\/ AISI-316 (outros materiais sob<br>consulta)<\/li>\n\n\n\n<li>Veda\u00e7\u00e3o: EPDM \/ NBR (outros materiais sob consulta)<\/li>\n<\/ul>\n\n\n\n<h2 class=\"wp-block-heading\">Dimens\u00f5es:<\/h2>\n\n\n\n<p>DN100 a DN500 (fabrico segundo as dimens\u00f5es da instala\u00e7\u00e3o)<\/p>\n<\/div>\n<\/div>\n\n\n\n<h5 class=\"wp-block-heading\"><a href=\"https:\/\/klinger.pt\/wp-content\/uploads\/2023\/04\/Ficha-Tecnica-Valvula-Telescopica-VT_PT.pdf\" target=\"_blank\" rel=\"noopener\" title=\"\">FICHA T\u00c9CNICA V\u00c1LVULA TELESC\u00d3PICA (PT)<\/a><\/h5>\n","protected":false},"excerpt":{"rendered":"<p>V\u00c1LVULA TELESC\u00d3PICA V\u00e1lvula telesc\u00f3pica para a capta\u00e7\u00e3o de camadas de \u00e1gua superiores. Corpo e obturador de design circular, muito funcional e de pouca manuten\u00e7\u00e3o. M\u00faltiplos materiais de constru\u00e7\u00e3o dispon\u00edveis. M\u00faltiplos materiais de fecho dispon\u00edveis. Concebida para a instala\u00e7\u00e3o na posi\u00e7\u00e3o vertical e sobre o flange do tubo de descarga existente no dep\u00f3sito. Aplica\u00e7\u00f5es gerais: As [&hellip;]<\/p>\n","protected":false},"author":4,"featured_media":0,"parent":41275,"menu_order":0,"comment_status":"closed","ping_status":"closed","template":"page-templates\/servicios.php","meta":{"_eb_attr":"","footnotes":""},"class_list":["post-41279","page","type-page","status-publish","hentry"],"aioseo_notices":[],"_links":{"self":[{"href":"https:\/\/klinger.pt\/es\/wp-json\/wp\/v2\/pages\/41279","targetHints":{"allow":["GET"]}}],"collection":[{"href":"https:\/\/klinger.pt\/es\/wp-json\/wp\/v2\/pages"}],"about":[{"href":"https:\/\/klinger.pt\/es\/wp-json\/wp\/v2\/types\/page"}],"author":[{"embeddable":true,"href":"https:\/\/klinger.pt\/es\/wp-json\/wp\/v2\/users\/4"}],"replies":[{"embeddable":true,"href":"https:\/\/klinger.pt\/es\/wp-json\/wp\/v2\/comments?post=41279"}],"version-history":[{"count":6,"href":"https:\/\/klinger.pt\/es\/wp-json\/wp\/v2\/pages\/41279\/revisions"}],"predecessor-version":[{"id":41289,"href":"https:\/\/klinger.pt\/es\/wp-json\/wp\/v2\/pages\/41279\/revisions\/41289"}],"up":[{"embeddable":true,"href":"https:\/\/klinger.pt\/es\/wp-json\/wp\/v2\/pages\/41275"}],"wp:attachment":[{"href":"https:\/\/klinger.pt\/es\/wp-json\/wp\/v2\/media?parent=41279"}],"curies":[{"name":"wp","href":"https:\/\/api.w.org\/{rel}","templated":true}]}}