{"id":41275,"date":"2023-04-18T09:55:38","date_gmt":"2023-04-18T08:55:38","guid":{"rendered":"https:\/\/m5j0n6nk9p.onrocket.site\/?page_id=41275"},"modified":"2023-07-13T08:28:57","modified_gmt":"2023-07-13T07:28:57","slug":"valvulas-especiais-aplicacoes-em-aguas","status":"publish","type":"page","link":"https:\/\/klinger.pt\/es\/produtos\/valvulas\/valvulas-especiais-aplicacoes-em-aguas\/","title":{"rendered":"V\u00c1LVULAS ESPECIAIS APLICA\u00c7\u00d5ES EM \u00c1GUAS"},"content":{"rendered":"\n<h1 class=\"wp-block-heading\">V\u00c1LVULAS ESPECIAIS APLICA\u00c7\u00d5ES EM \u00c1GUAS<\/h1>\n\n\n\n<div style=\"height:25px\" aria-hidden=\"true\" class=\"wp-block-spacer\"><\/div>\n\n\n\n<div class=\"wp-block-columns is-layout-flex wp-container-core-columns-is-layout-9d6595d7 wp-block-columns-is-layout-flex\">\n<div class=\"wp-block-column is-layout-flow wp-block-column-is-layout-flow\">\n<figure class=\"wp-block-table\"><table><tbody><tr><td class=\"has-text-align-center\" data-align=\"center\"><img fetchpriority=\"high\" decoding=\"async\" width=\"270\" height=\"270\" class=\"wp-image-36510\" style=\"width: 270px;\" src=\"https:\/\/klinger.pt\/wp-content\/uploads\/2023\/02\/Comportas-1.webp\" alt=\"Comportas\" srcset=\"https:\/\/klinger.pt\/wp-content\/uploads\/2023\/02\/Comportas-1.webp 270w, https:\/\/klinger.pt\/wp-content\/uploads\/2023\/02\/Comportas-1-150x150.webp 150w\" sizes=\"(max-width: 270px) 100vw, 270px\" \/><\/td><td><strong><a href=\"https:\/\/klinger.pt\/produtos\/valvulas\/valvulas-especiais-aplicacoes-em-aguas\/comportas\/\" title=\"\">COMPORTAS<\/a><\/strong><br><br><a href=\"https:\/\/klinger.pt\/produtos\/valvulas\/valvulas-especiais-aplicacoes-em-aguas\/comportas\/\" title=\"\ufffc\"><img decoding=\"async\" width=\"18\" height=\"18\" class=\"wp-image-16262\" style=\"width: 18px;\" src=\"https:\/\/klinger.pt\/wp-content\/uploads\/2022\/06\/icon-arrow-blue-double.png\" alt=\"\"><\/a><\/td><\/tr><\/tbody><\/table><\/figure>\n<\/div>\n\n\n\n<div class=\"wp-block-column is-layout-flow wp-block-column-is-layout-flow\">\n<figure class=\"wp-block-table\"><table><tbody><tr><td class=\"has-text-align-center\" data-align=\"center\"><img decoding=\"async\" width=\"270\" height=\"270\" class=\"wp-image-36516\" style=\"width: 270px;\" src=\"https:\/\/klinger.pt\/wp-content\/uploads\/2023\/02\/Jato-oco.webp\" alt=\"Jato oco\" srcset=\"https:\/\/klinger.pt\/wp-content\/uploads\/2023\/02\/Jato-oco.webp 270w, https:\/\/klinger.pt\/wp-content\/uploads\/2023\/02\/Jato-oco-150x150.webp 150w\" sizes=\"(max-width: 270px) 100vw, 270px\" \/><\/td><td><strong><a href=\"https:\/\/klinger.pt\/produtos\/valvulas\/valvulas-especiais-aplicacoes-em-aguas\/valvula-jato-oco\/\" title=\"\">JATO OCO<\/a><\/strong><br><br><a href=\"https:\/\/klinger.pt\/produtos\/valvulas\/valvulas-especiais-aplicacoes-em-aguas\/valvula-jato-oco\/\" title=\"\ufffc\"><img decoding=\"async\" width=\"18\" height=\"18\" class=\"wp-image-16262\" style=\"width: 18px;\" src=\"https:\/\/klinger.pt\/wp-content\/uploads\/2022\/06\/icon-arrow-blue-double.png\" alt=\"\"><\/a><\/td><\/tr><\/tbody><\/table><\/figure>\n<\/div>\n<\/div>\n\n\n\n<div class=\"wp-block-columns is-layout-flex wp-container-core-columns-is-layout-9d6595d7 wp-block-columns-is-layout-flex\">\n<div class=\"wp-block-column is-layout-flow wp-block-column-is-layout-flow\">\n<figure class=\"wp-block-table\"><table><tbody><tr><td class=\"has-text-align-center\" data-align=\"center\"><img loading=\"lazy\" decoding=\"async\" width=\"270\" height=\"270\" class=\"wp-image-36534\" style=\"width: 270px;\" src=\"https:\/\/klinger.pt\/wp-content\/uploads\/2022\/11\/Comportasmares.png\" alt=\"TYDE BACKFLOW PREVENTION\" srcset=\"https:\/\/klinger.pt\/wp-content\/uploads\/2022\/11\/Comportasmares.png 500w, https:\/\/klinger.pt\/wp-content\/uploads\/2022\/11\/Comportasmares-300x300.png 300w, https:\/\/klinger.pt\/wp-content\/uploads\/2022\/11\/Comportasmares-150x150.png 150w\" sizes=\"(max-width: 270px) 100vw, 270px\" \/><\/td><td><strong><a href=\"https:\/\/klinger.pt\/produtos\/valvulas\/valvulas-especiais-aplicacoes-em-aguas\/retencoes-de-mare\/\" title=\"\">RETEN\u00c7\u00c3O DE MAR\u00c9<\/a><\/strong><br><br><a href=\"https:\/\/klinger.pt\/produtos\/valvulas\/valvulas-especiais-aplicacoes-em-aguas\/retencoes-de-mare\/\" title=\"\ufffc\"><img decoding=\"async\" width=\"18\" height=\"18\" class=\"wp-image-16262\" style=\"width: 18px;\" src=\"https:\/\/klinger.pt\/wp-content\/uploads\/2022\/06\/icon-arrow-blue-double.png\" alt=\"\"><\/a><\/td><\/tr><\/tbody><\/table><\/figure>\n<\/div>\n\n\n\n<div class=\"wp-block-column is-layout-flow wp-block-column-is-layout-flow\">\n<figure class=\"wp-block-table\"><table><tbody><tr><td class=\"has-text-align-center\" data-align=\"center\"><img loading=\"lazy\" decoding=\"async\" width=\"270\" height=\"270\" class=\"wp-image-41415\" style=\"width: 270px;\" src=\"https:\/\/klinger.pt\/wp-content\/uploads\/2023\/04\/Baffle-distributors-mini.webp\" alt=\"\" srcset=\"https:\/\/klinger.pt\/wp-content\/uploads\/2023\/04\/Baffle-distributors-mini.webp 270w, https:\/\/klinger.pt\/wp-content\/uploads\/2023\/04\/Baffle-distributors-mini-150x150.webp 150w\" sizes=\"(max-width: 270px) 100vw, 270px\" \/><\/td><td><br><a href=\"https:\/\/klinger.pt\/produtos\/valvulas\/valvulas-especiais-aplicacoes-em-aguas\/modulo-de-rega\/\" title=\"S\u00c9RIE INTEC\"><strong>M\u00d3DULO DE REGA<\/strong><\/a><br><a href=\"https:\/\/klinger.pt\/produtos\/valvulas\/valvulas-de-macho-conico\/valvulas-de-esfera\/serie-intec\/\"><br><\/a><a href=\"https:\/\/klinger.pt\/produtos\/valvulas\/valvulas-especiais-aplicacoes-em-aguas\/modulo-de-rega\/\" title=\"\ufffc\"><img decoding=\"async\" width=\"18\" height=\"18\" class=\"wp-image-16262\" style=\"width: 18px;\" src=\"https:\/\/klinger.pt\/wp-content\/uploads\/2022\/06\/icon-arrow-blue-double.png\" alt=\"\"><\/a><\/td><\/tr><\/tbody><\/table><\/figure>\n<\/div>\n<\/div>\n\n\n\n<div class=\"wp-block-columns is-layout-flex wp-container-core-columns-is-layout-9d6595d7 wp-block-columns-is-layout-flex\">\n<div class=\"wp-block-column is-layout-flow wp-block-column-is-layout-flow\">\n<figure class=\"wp-block-table\"><table><tbody><tr><td class=\"has-text-align-center\" data-align=\"center\"><img loading=\"lazy\" decoding=\"async\" width=\"270\" height=\"270\" class=\"wp-image-41439\" style=\"width: 270px;\" src=\"https:\/\/klinger.pt\/wp-content\/uploads\/2023\/04\/Valvula-telescopica-mini2.webp\" alt=\"\" srcset=\"https:\/\/klinger.pt\/wp-content\/uploads\/2023\/04\/Valvula-telescopica-mini2.webp 270w, https:\/\/klinger.pt\/wp-content\/uploads\/2023\/04\/Valvula-telescopica-mini2-150x150.webp 150w\" sizes=\"(max-width: 270px) 100vw, 270px\" \/><\/td><td><strong><a href=\"https:\/\/klinger.pt\/produtos\/valvulas\/valvulas-especiais-aplicacoes-em-aguas\/valvula-telescopica\/\" title=\"\">TELESC\u00d3PICA<\/a><\/strong><br><br><a href=\"https:\/\/klinger.pt\/produtos\/valvulas\/valvulas-especiais-aplicacoes-em-aguas\/valvula-telescopica\/\" title=\"\ufffc\"><img decoding=\"async\" width=\"18\" height=\"18\" class=\"wp-image-16262\" style=\"width: 18px;\" src=\"https:\/\/klinger.pt\/wp-content\/uploads\/2022\/06\/icon-arrow-blue-double.png\" alt=\"\"><\/a><\/td><\/tr><\/tbody><\/table><\/figure>\n<\/div>\n\n\n\n<div class=\"wp-block-column is-layout-flow wp-block-column-is-layout-flow\">\n<figure class=\"wp-block-table\"><table><tbody><tr><td><img loading=\"lazy\" decoding=\"async\" width=\"270\" height=\"270\" class=\"wp-image-37095\" style=\"width: 270px;\" src=\"https:\/\/klinger.pt\/wp-content\/uploads\/2023\/02\/Valvula-de-Cunha-Elastica-Flangeada-mini.webp\" alt=\"Valvula de Cunha Elastica Flangeada\" srcset=\"https:\/\/klinger.pt\/wp-content\/uploads\/2023\/02\/Valvula-de-Cunha-Elastica-Flangeada-mini.webp 270w, https:\/\/klinger.pt\/wp-content\/uploads\/2023\/02\/Valvula-de-Cunha-Elastica-Flangeada-mini-150x150.webp 150w\" sizes=\"(max-width: 270px) 100vw, 270px\" \/><\/td><td><strong><a href=\"https:\/\/klinger.pt\/produtos\/valvulas\/valvulas-de-cunha-e-globo\/valvulas-de-cunha-e-globo-aguas\/\" title=\"\">V\u00c1LVULAS DE CUNHA E GLOBO<\/a><\/strong><br><a href=\"https:\/\/klinger.pt\/produtos\/valvulas\/valvulas-de-cunha-e-globo\/valvulas-de-cunha-e-globo-aguas\/\" title=\"\ufffc\"><img decoding=\"async\" width=\"18\" height=\"18\" class=\"wp-image-16262\" style=\"width: 18px;\" src=\"https:\/\/klinger.pt\/wp-content\/uploads\/2022\/06\/icon-arrow-blue-double.png\" alt=\"\"><\/a><\/td><\/tr><\/tbody><\/table><\/figure>\n<\/div>\n<\/div>\n\n\n\n<div class=\"wp-block-columns is-layout-flex wp-container-core-columns-is-layout-9d6595d7 wp-block-columns-is-layout-flex\">\n<div class=\"wp-block-column is-layout-flow wp-block-column-is-layout-flow\">\n<figure class=\"wp-block-table\"><table><tbody><tr><td class=\"has-text-align-center\" data-align=\"center\"><img loading=\"lazy\" decoding=\"async\" width=\"270\" height=\"270\" class=\"wp-image-41489\" style=\"width: 270px;\" src=\"https:\/\/klinger.pt\/wp-content\/uploads\/2023\/04\/Valvulas-Borboleta-Serie-Aguas.webp\" alt=\"\" srcset=\"https:\/\/klinger.pt\/wp-content\/uploads\/2023\/04\/Valvulas-Borboleta-Serie-Aguas.webp 270w, https:\/\/klinger.pt\/wp-content\/uploads\/2023\/04\/Valvulas-Borboleta-Serie-Aguas-150x150.webp 150w\" sizes=\"(max-width: 270px) 100vw, 270px\" \/><\/td><td><a data-type=\"page\" data-id=\"22685\" href=\"https:\/\/klinger.pt\/produtos\/valvulas\/valvulas-de-borboleta\/serie-aguas\/\"><strong>V\u00c1LVULAS DE BORBOLETAS<\/strong><\/a><br><a data-type=\"page\" data-id=\"22685\" href=\"https:\/\/klinger.pt\/produtos\/valvulas\/valvulas-de-borboleta\/serie-aguas\/\"><img decoding=\"async\" width=\"18\" height=\"18\" class=\"wp-image-16262\" style=\"width: 18px;\" src=\"https:\/\/klinger.pt\/wp-content\/uploads\/2022\/06\/icon-arrow-blue-double.png\" alt=\"\"><\/a><\/td><\/tr><\/tbody><\/table><\/figure>\n<\/div>\n\n\n\n<div class=\"wp-block-column transparente is-layout-flow wp-block-column-is-layout-flow\"><\/div>\n<\/div>\n","protected":false},"excerpt":{"rendered":"<p>V\u00c1LVULAS ESPECIAIS APLICA\u00c7\u00d5ES EM \u00c1GUAS COMPORTAS JATO OCO RETEN\u00c7\u00c3O DE MAR\u00c9 M\u00d3DULO DE REGA TELESC\u00d3PICA V\u00c1LVULAS DE CUNHA E GLOBO V\u00c1LVULAS DE BORBOLETAS<\/p>\n","protected":false},"author":4,"featured_media":0,"parent":22559,"menu_order":0,"comment_status":"closed","ping_status":"closed","template":"page-templates\/secciones-principales.php","meta":{"_eb_attr":"","footnotes":""},"class_list":["post-41275","page","type-page","status-publish","hentry"],"aioseo_notices":[],"_links":{"self":[{"href":"https:\/\/klinger.pt\/es\/wp-json\/wp\/v2\/pages\/41275","targetHints":{"allow":["GET"]}}],"collection":[{"href":"https:\/\/klinger.pt\/es\/wp-json\/wp\/v2\/pages"}],"about":[{"href":"https:\/\/klinger.pt\/es\/wp-json\/wp\/v2\/types\/page"}],"author":[{"embeddable":true,"href":"https:\/\/klinger.pt\/es\/wp-json\/wp\/v2\/users\/4"}],"replies":[{"embeddable":true,"href":"https:\/\/klinger.pt\/es\/wp-json\/wp\/v2\/comments?post=41275"}],"version-history":[{"count":10,"href":"https:\/\/klinger.pt\/es\/wp-json\/wp\/v2\/pages\/41275\/revisions"}],"predecessor-version":[{"id":44223,"href":"https:\/\/klinger.pt\/es\/wp-json\/wp\/v2\/pages\/41275\/revisions\/44223"}],"up":[{"embeddable":true,"href":"https:\/\/klinger.pt\/es\/wp-json\/wp\/v2\/pages\/22559"}],"wp:attachment":[{"href":"https:\/\/klinger.pt\/es\/wp-json\/wp\/v2\/media?parent=41275"}],"curies":[{"name":"wp","href":"https:\/\/api.w.org\/{rel}","templated":true}]}}