{"id":40111,"date":"2023-03-29T11:48:26","date_gmt":"2023-03-29T10:48:26","guid":{"rendered":"https:\/\/m5j0n6nk9p.onrocket.site\/?page_id=40111"},"modified":"2023-03-30T11:49:57","modified_gmt":"2023-03-30T10:49:57","slug":"caudalimetro-de-massa-coriolis","status":"publish","type":"page","link":"https:\/\/klinger.pt\/es\/produtos\/instrumentacao\/medicao-de-caudal\/caudalimetro-de-massa-coriolis\/","title":{"rendered":"CAUDAL\u00cdMETRO DE MASSA CORIOLIS"},"content":{"rendered":"\n<div class=\"wp-block-columns is-layout-flex wp-container-core-columns-is-layout-9d6595d7 wp-block-columns-is-layout-flex\">\n<div class=\"wp-block-column is-layout-flow wp-block-column-is-layout-flow\" style=\"flex-basis:300px\"><div class=\"wp-block-image\">\n<figure class=\"aligncenter size-full\"><img fetchpriority=\"high\" decoding=\"async\" width=\"400\" height=\"483\" src=\"https:\/\/klinger.pt\/wp-content\/uploads\/2023\/03\/KLINGER-Coriolis-pag.webp\" alt=\"CAUDAL\u00cdMETRO DE MASSA CORIOLIS\" class=\"wp-image-40104\" srcset=\"https:\/\/klinger.pt\/wp-content\/uploads\/2023\/03\/KLINGER-Coriolis-pag.webp 400w, https:\/\/klinger.pt\/wp-content\/uploads\/2023\/03\/KLINGER-Coriolis-pag-248x300.webp 248w\" sizes=\"(max-width: 400px) 100vw, 400px\" \/><\/figure>\n<\/div><\/div>\n\n\n\n<div class=\"wp-block-column is-layout-flow wp-block-column-is-layout-flow\" style=\"flex-basis:700px\">\n<h1 class=\"wp-block-heading\">CAUDAL\u00cdMETRO DE MASSA CORIOLIS<\/h1>\n\n\n\n<p>O Caudal\u00edmetro de Massa Coriolis \u00e9 um tipo bastante avan\u00e7ado de instrumento de medi\u00e7\u00e3o de fluxo, concebido de acordo com o Princ\u00edpio de Coriolis. Pode ser amplamente utilizado para o processo de detec\u00e7\u00e3o e cust\u00f3dia de transfer\u00eancia\/fiscal em muitas ind\u00fastrias tais como petr\u00f3leo, ind\u00fastria qu\u00edmica, farmac\u00eautica, papel e celulose, alimenta\u00e7\u00e3o, energia, e assim por diante. <\/p>\n\n\n\n<h2 class=\"wp-block-heading\">Princ\u00edpio<\/h2>\n\n\n\n<p>Sob o efeito da corrente alternada, o \u00edman e a bobina instalada no tubo de medi\u00e7\u00e3o far\u00e1 vibrar dois tubos de medi\u00e7\u00e3o paralelos de acordo com alguma frequ\u00eancia fixa. Uma vez que h\u00e1 fluxo que passa atrav\u00e9s das tubagens, a for\u00e7a de Coriolis dar\u00e1 origem a deflex\u00e3o (mudan\u00e7a de fase) na vibra\u00e7\u00e3o de duas tubagens e a deflex\u00e3o da vibra\u00e7\u00e3o \u00e9 directamente proporcional ao fluxo de massa do fluido. Apanha-os e o fluxo de massa pode ser calculado.<br>A frequ\u00eancia de vibra\u00e7\u00e3o do tubo de medi\u00e7\u00e3o \u00e9 determinada pela massa total do tubo de medi\u00e7\u00e3o e do fluido interno. Quando a densidade do fluido muda, a frequ\u00eancia de vibra\u00e7\u00e3o do tubo de medi\u00e7\u00e3o tamb\u00e9m muda, como resultado, a densidade do fluido pode ser calculado.<br>O sensor de temperatura instalado na tubagem pode captar a temperatura do fluido a tempo, sob a coordena\u00e7\u00e3o de circuito de medi\u00e7\u00e3o.<\/p>\n\n\n\n<h2 class=\"wp-block-heading\">Caracter\u00edsticas<\/h2>\n\n\n\n<p>Em compara\u00e7\u00e3o com o m\u00e9todo tradicional de medi\u00e7\u00e3o de caudal, o Caudal\u00edmetro de Massa Coriolis tem os seguintes m\u00e9ritos \u00f3bvios:<\/p>\n\n\n\n<ul class=\"wp-block-list\">\n<li>Permitir medir directamente o caudal de massa do fluido na tubagem sem alterar quaisquer par\u00e2metros, o que evita algum erro de medi\u00e7\u00e3o das liga\u00e7\u00f5es interm\u00e9dias. O seu caudal de massa pode ser de alta precis\u00e3o e boa repetibilidade dentro de uma gama maior de rela\u00e7\u00e3o de turndown.<\/li>\n\n\n\n<li>O fluido medido pode ser mais extenso, tal como o fluxo uniforme constante do fluido de viscosidade comum, o fluido de alta viscosidade, o fluido n\u00e3o Newtoniano, a lama contendo alguns componentes s\u00f3lidos e o l\u00edquido contendo alguns vest\u00edgios de g\u00e1s.<\/li>\n\n\n\n<li>Devido \u00e0 pequena vibra\u00e7\u00e3o, o tubo de medi\u00e7\u00e3o do caudal\u00edmetro de massa pode ser considerado como pe\u00e7as n\u00e3o m\u00f3veis, o que reduzir\u00e1 a manuten\u00e7\u00e3o do caudal\u00edmetro, aumentar\u00e1 a  estabilidade e a vida \u00fatil.<\/li>\n\n\n\n<li>Para al\u00e9m da medi\u00e7\u00e3o do fluxo de massa, a densidade e temperatura e mesmo a consist\u00eancia podem tamb\u00e9m ser captadas e produzidas.<\/li>\n<\/ul>\n\n\n\n<h2 class=\"wp-block-heading\">Sistema de medi\u00e7\u00e3o<\/h2>\n\n\n\n<p>O sistema de medi\u00e7\u00e3o consiste de um transmissor e um sensor. Est\u00e3o dispon\u00edveis duas vers\u00f5es:<\/p>\n\n\n\n<ul class=\"wp-block-list\">\n<li>Vers\u00e3o compacta: o transmissor e o sensor formam uma unidade mec\u00e2nica<\/li>\n\n\n\n<li>Vers\u00e3o remota: transmissor e sensor s\u00e3o montados fisicamente \u00e0 dist\u00e2ncia um do outro<\/li>\n<\/ul>\n\n\n\n<h2 class=\"wp-block-heading\">Especifica\u00e7\u00f5es t\u00e9cnicas<\/h2>\n\n\n\n<ul class=\"wp-block-list\">\n<li>DN (mm): 8 ~ 250<\/li>\n\n\n\n<li>Fluidos: L\u00edquido, g\u00e1s, lama<\/li>\n\n\n\n<li>Tipo\/temperatura dos fluidos:<br>Tipo integrado: ( -50 ~ 125)\u00baC<br>Tipo remoto: ( -50 ~ 200)\u00baC<br>Tipo remoto com alta temperatura: ( -50 ~ 300)\u00baC <br>Tipo remoto com baixa temperatura: ( -150 ~ 125)\u00baC<\/li>\n\n\n\n<li>Sensor: Tipo tri\u00e2ngulo, Tipo U, Tipo micro-curva<\/li>\n\n\n\n<li>Transmissor: DSP<\/li>\n\n\n\n<li>Certifica\u00e7\u00e3o: Ex-proof<\/li>\n\n\n\n<li>Fornecimento de energia: DC24V AC220V<\/li>\n\n\n\n<li>Porta de sa\u00edda: RS485<\/li>\n\n\n\n<li>Press\u00e3o (MPa): 1.6, 2.5, 4.0, 6.3. Customizado para alta press\u00e3o: 10.0, 16.0, 26.0<\/li>\n\n\n\n<li>Sinal de sa\u00edda: 4~20mA, pulse<\/li>\n\n\n\n<li>Precis\u00e3o: 0.1%, 0.15%, 0.2%, 0.5%<\/li>\n\n\n\n<li>Tipo higi\u00eanico: customizado<\/li>\n\n\n\n<li>Conex\u00e3o de processo: customizado<br><\/li>\n<\/ul>\n<\/div>\n<\/div>\n\n\n\n<h5 class=\"wp-block-heading\"><a href=\"https:\/\/klinger.pt\/wp-content\/uploads\/2023\/03\/Manual-Caudalimero-KLINGER-Coriolis-EN_compressed.pdf\" target=\"_blank\" rel=\"noopener\" title=\"\">MANUAL DE USO CAUDAL\u00cdMETRO DE MASSA CORIOLIS (EN)<\/a><\/h5>\n","protected":false},"excerpt":{"rendered":"<p>CAUDAL\u00cdMETRO DE MASSA CORIOLIS O Caudal\u00edmetro de Massa Coriolis \u00e9 um tipo bastante avan\u00e7ado de instrumento de medi\u00e7\u00e3o de fluxo, concebido de acordo com o Princ\u00edpio de Coriolis. Pode ser amplamente utilizado para o processo de detec\u00e7\u00e3o e cust\u00f3dia de transfer\u00eancia\/fiscal em muitas ind\u00fastrias tais como petr\u00f3leo, ind\u00fastria qu\u00edmica, farmac\u00eautica, papel e celulose, alimenta\u00e7\u00e3o, energia, [&hellip;]<\/p>\n","protected":false},"author":4,"featured_media":0,"parent":28322,"menu_order":0,"comment_status":"closed","ping_status":"closed","template":"page-templates\/servicios.php","meta":{"_eb_attr":"","footnotes":""},"class_list":["post-40111","page","type-page","status-publish","hentry"],"aioseo_notices":[],"_links":{"self":[{"href":"https:\/\/klinger.pt\/es\/wp-json\/wp\/v2\/pages\/40111","targetHints":{"allow":["GET"]}}],"collection":[{"href":"https:\/\/klinger.pt\/es\/wp-json\/wp\/v2\/pages"}],"about":[{"href":"https:\/\/klinger.pt\/es\/wp-json\/wp\/v2\/types\/page"}],"author":[{"embeddable":true,"href":"https:\/\/klinger.pt\/es\/wp-json\/wp\/v2\/users\/4"}],"replies":[{"embeddable":true,"href":"https:\/\/klinger.pt\/es\/wp-json\/wp\/v2\/comments?post=40111"}],"version-history":[{"count":6,"href":"https:\/\/klinger.pt\/es\/wp-json\/wp\/v2\/pages\/40111\/revisions"}],"predecessor-version":[{"id":40271,"href":"https:\/\/klinger.pt\/es\/wp-json\/wp\/v2\/pages\/40111\/revisions\/40271"}],"up":[{"embeddable":true,"href":"https:\/\/klinger.pt\/es\/wp-json\/wp\/v2\/pages\/28322"}],"wp:attachment":[{"href":"https:\/\/klinger.pt\/es\/wp-json\/wp\/v2\/media?parent=40111"}],"curies":[{"name":"wp","href":"https:\/\/api.w.org\/{rel}","templated":true}]}}