{"id":40002,"date":"2023-03-27T16:31:19","date_gmt":"2023-03-27T15:31:19","guid":{"rendered":"https:\/\/m5j0n6nk9p.onrocket.site\/?page_id=40002"},"modified":"2023-03-30T09:55:51","modified_gmt":"2023-03-30T08:55:51","slug":"valvulas-globo-on-off","status":"publish","type":"page","link":"https:\/\/klinger.pt\/es\/produtos\/valvulas\/valvulas-de-controlo-on-off\/valvulas-globo\/valvulas-globo-on-off\/","title":{"rendered":"V\u00c1LVULAS GLOBO ON-OFF"},"content":{"rendered":"\n<h1 class=\"wp-block-heading\">V\u00c1LVULAS GLOBO ON-OFF<\/h1>\n\n\n\n<div class=\"wp-block-columns is-layout-flex wp-container-core-columns-is-layout-9d6595d7 wp-block-columns-is-layout-flex\">\n<div class=\"wp-block-column is-layout-flow wp-block-column-is-layout-flow\"><div class=\"wp-block-image\">\n<figure class=\"aligncenter size-full\"><img fetchpriority=\"high\" decoding=\"async\" width=\"550\" height=\"483\" src=\"https:\/\/klinger.pt\/wp-content\/uploads\/2023\/03\/ON-OFF-VALVES-pag.webp\" alt=\"V\u00c1LVULAS GLOBO ON-OFF\" class=\"wp-image-40008\" srcset=\"https:\/\/klinger.pt\/wp-content\/uploads\/2023\/03\/ON-OFF-VALVES-pag.webp 550w, https:\/\/klinger.pt\/wp-content\/uploads\/2023\/03\/ON-OFF-VALVES-pag-300x263.webp 300w\" sizes=\"(max-width: 550px) 100vw, 550px\" \/><\/figure>\n<\/div><\/div>\n<\/div>\n\n\n\n<p style=\"font-size:15px\"><\/p>\n\n\n\n<div class=\"wp-block-columns is-layout-flex wp-container-core-columns-is-layout-9d6595d7 wp-block-columns-is-layout-flex\">\n<div class=\"wp-block-column is-layout-flow wp-block-column-is-layout-flow\" style=\"font-size:14px\">\n<h2 class=\"wp-block-heading\">S\u00e9rie VPFA<\/h2>\n\n\n\n<p>V\u00e1lvula de servi\u00e7o geral de 2 vias<\/p>\n\n\n\n<p><strong>Materiais:<\/strong> Ferro fundido nodular GS400-12 (GGG40)<br><strong>Tamanho:<\/strong>&nbsp;DN 15 \u2014 65<br><strong>Classifica\u00e7\u00e3o de press\u00e3o:<\/strong>&nbsp;PN16<br><strong>Temperatura:<\/strong>&nbsp;-5\u00b0C\/+180\u00b0C<\/p>\n\n\n\n<div class=\"wp-block-buttons has-custom-font-size has-small-font-size is-content-justification-left is-layout-flex wp-container-core-buttons-is-layout-fdcfc74e wp-block-buttons-is-layout-flex\">\n<div class=\"wp-block-button has-custom-width wp-block-button__width-25 is-style-fill\"><a class=\"wp-block-button__link has-white-color has-text-color has-background wp-element-button\" href=\"https:\/\/klinger.pt\/wp-content\/uploads\/2023\/03\/On-Off-Valve-series-VPFA_compressed-1.pdf\" style=\"border-radius:0px;background-color:#003a68\" target=\"_blank\" rel=\"noreferrer noopener\">\u00bb Ficha T\u00e9cnica (EN)<\/a><\/div>\n<\/div>\n<\/div>\n\n\n\n<div class=\"wp-block-column is-layout-flow wp-block-column-is-layout-flow\" style=\"font-size:14px\">\n<h2 class=\"wp-block-heading\">S\u00e9rie VPFA\/3<\/h2>\n\n\n\n<p>V\u00e1lvula de servi\u00e7o geral de desvio de 3 vias<\/p>\n\n\n\n<p><strong>Materiais:<\/strong>&nbsp;Ferro fundido nodular  GS400-12 (GGG40)<br><strong>Tamanho:<\/strong>&nbsp;DN 15 \u2014 65<br><strong>Classifica\u00e7\u00e3o de press\u00e3o:<\/strong>&nbsp;PN16<br><strong>Temperatura:<\/strong>&nbsp;-5\u00b0C \/+180\u00b0C<\/p>\n\n\n\n<div class=\"wp-block-buttons has-custom-font-size has-small-font-size is-content-justification-left is-layout-flex wp-container-core-buttons-is-layout-fdcfc74e wp-block-buttons-is-layout-flex\">\n<div class=\"wp-block-button has-custom-width wp-block-button__width-25 is-style-fill\"><a class=\"wp-block-button__link has-white-color has-text-color has-background wp-element-button\" href=\"https:\/\/klinger.pt\/wp-content\/uploads\/2023\/03\/On-Off-Valves-Series-VPFA-3_compressed-1.pdf\" style=\"border-radius:0px;background-color:#003a68\" target=\"_blank\" rel=\"noreferrer noopener\">\u00bb Ficha T\u00e9cnica(EN)<\/a><\/div>\n<\/div>\n<\/div>\n<\/div>\n\n\n\n<div class=\"wp-block-columns is-layout-flex wp-container-core-columns-is-layout-9d6595d7 wp-block-columns-is-layout-flex\">\n<div class=\"wp-block-column is-layout-flow wp-block-column-is-layout-flow\" style=\"font-size:14px\">\n<h2 class=\"wp-block-heading\">S\u00e9rie VPOO EURO<\/h2>\n\n\n\n<p>V\u00e1lvula 2 vias<\/p>\n\n\n\n<p><strong>Materiais:<\/strong>&nbsp;Ferro fundido nodular  GS400-12 (GGG40)<br><strong>Tamanho:<\/strong>&nbsp;DN 15 \u2014 100<br><strong>Classifica\u00e7\u00e3o de press\u00e3o:<\/strong>&nbsp;PN16<br><strong>Temperatura:<\/strong>&nbsp;-5\u00b0C \/+205\u00b0C<\/p>\n\n\n\n<div class=\"wp-block-buttons has-custom-font-size has-small-font-size is-content-justification-left is-layout-flex wp-container-core-buttons-is-layout-fdcfc74e wp-block-buttons-is-layout-flex\">\n<div class=\"wp-block-button has-custom-width wp-block-button__width-25 is-style-fill\"><a class=\"wp-block-button__link has-white-color has-text-color has-background wp-element-button\" href=\"https:\/\/klinger.pt\/wp-content\/uploads\/2023\/03\/On-Off-Valves-Series-VPOO-E_compressed-1.pdf\" style=\"border-radius:0px;background-color:#003a68\" target=\"_blank\" rel=\"noreferrer noopener\">\u00bb Ficha T\u00e9cnica (EN)<\/a><\/div>\n<\/div>\n<\/div>\n\n\n\n<div class=\"wp-block-column is-layout-flow wp-block-column-is-layout-flow\" style=\"font-size:14px\">\n<h2 class=\"wp-block-heading\">S\u00e9rie VPOO<\/h2>\n\n\n\n<p>V\u00e1lvula 2 vias<\/p>\n\n\n\n<p><strong>Materiais:<\/strong>&nbsp;Ferro fundido nodular  GS400-12 (GGG40), a\u00e7o-carbono A216 WCB, a\u00e7o inoxid\u00e1vel AISI 316 (CF8M)<br><strong>Tamanho:<\/strong>&nbsp;DN 15 \u2014 100<br><strong>Classifica\u00e7\u00e3o de press\u00e3o:<\/strong>&nbsp;PN16, PN40<br><strong>Temperatura:<\/strong>&nbsp;-20\u00b0C \/+205\u00b0C<\/p>\n\n\n\n<div class=\"wp-block-buttons has-custom-font-size has-small-font-size is-content-justification-left is-layout-flex wp-container-core-buttons-is-layout-fdcfc74e wp-block-buttons-is-layout-flex\">\n<div class=\"wp-block-button has-custom-width wp-block-button__width-25 is-style-fill\"><a class=\"wp-block-button__link has-white-color has-text-color has-background wp-element-button\" href=\"https:\/\/klinger.pt\/wp-content\/uploads\/2023\/03\/On-Off-Valves-Series-VPOO_compressed-1.pdf\" style=\"border-radius:0px;background-color:#003a68\" target=\"_blank\" rel=\"noreferrer noopener\">\u00bb Ficha T\u00e9cnica(EN)<\/a><\/div>\n<\/div>\n<\/div>\n<\/div>\n\n\n\n<div class=\"wp-block-columns is-layout-flex wp-container-core-columns-is-layout-9d6595d7 wp-block-columns-is-layout-flex\">\n<div class=\"wp-block-column is-layout-flow wp-block-column-is-layout-flow\" style=\"font-size:14px\">\n<h2 class=\"wp-block-heading\">S\u00e9rie VPOO-2000<\/h2>\n\n\n\n<p>V\u00e1lvula de 2 vias Heavy Duty<\/p>\n\n\n\n<p><strong>Materiais:<\/strong>&nbsp;Ferro fundido nodular  GS400-12 (GGG40), a\u00e7o-carbono A216 WCB, a\u00e7o inoxid\u00e1vel AISI 316 (CF8M)<br><strong>Tamanho:<\/strong>&nbsp;DN 15 \u2014 150<br><strong>Classifica\u00e7\u00e3o de press\u00e3o:<\/strong>&nbsp;PN16\/40, ANSI150\/ANSI300<br><strong>Temperatura:<\/strong>&nbsp;-196\u00b0C \/+350\u00b0C<\/p>\n\n\n\n<div class=\"wp-block-buttons has-custom-font-size has-small-font-size is-content-justification-left is-layout-flex wp-container-core-buttons-is-layout-fdcfc74e wp-block-buttons-is-layout-flex\">\n<div class=\"wp-block-button has-custom-width wp-block-button__width-25 is-style-fill\"><a class=\"wp-block-button__link has-white-color has-text-color has-background wp-element-button\" href=\"https:\/\/klinger.pt\/wp-content\/uploads\/2023\/03\/On-Off-Valves-Series-VPOO-S2000_compressed-1.pdf\" style=\"border-radius:0px;background-color:#003a68\" target=\"_blank\" rel=\"noreferrer noopener\">\u00bb Ficha T\u00e9cnica(EN)<\/a><\/div>\n<\/div>\n<\/div>\n\n\n\n<div class=\"wp-block-column is-layout-flow wp-block-column-is-layout-flow\" style=\"font-size:14px\">\n<h2 class=\"wp-block-heading\">S\u00e9rie VPOO\/3<\/h2>\n\n\n\n<p>V\u00e1lvula de desvio de 3 vias<\/p>\n\n\n\n<p><strong>Materiais:<\/strong>&nbsp;Ferro fundido nodular  GS400-12 (GGG40),a\u00e7o-carbono A216 WCB, a\u00e7o inoxid\u00e1vel AISI 316 (CF8M)<br><strong>Tamanho:<\/strong>&nbsp;DN 15 \u2014 100<br><strong>Classifica\u00e7\u00e3o de press\u00e3o:<\/strong>&nbsp;PN16, PN40<br><strong>Temperatura:<\/strong>&nbsp;-20\u00b0C \/+205\u00b0C<\/p>\n\n\n\n<div class=\"wp-block-buttons has-custom-font-size has-small-font-size is-content-justification-left is-layout-flex wp-container-core-buttons-is-layout-fdcfc74e wp-block-buttons-is-layout-flex\">\n<div class=\"wp-block-button has-custom-width wp-block-button__width-25 is-style-fill\"><a class=\"wp-block-button__link has-white-color has-text-color has-background wp-element-button\" href=\"https:\/\/klinger.pt\/wp-content\/uploads\/2023\/03\/On-Off-Valves-Series-VPOO3_compressed-1.pdf\" style=\"border-radius:0px;background-color:#003a68\" target=\"_blank\" rel=\"noreferrer noopener\">\u00bb Ficha T\u00e9cnica (EN)<\/a><\/div>\n<\/div>\n<\/div>\n<\/div>\n\n\n\n<div class=\"wp-block-columns is-layout-flex wp-container-core-columns-is-layout-9d6595d7 wp-block-columns-is-layout-flex\">\n<div class=\"wp-block-column is-layout-flow wp-block-column-is-layout-flow\" style=\"font-size:14px\">\n<h2 class=\"wp-block-heading\">S\u00e9rie VPOO\/3 tipo 2003<\/h2>\n\n\n\n<p>V\u00e1lvula de desvio de 3 vias<\/p>\n\n\n\n<p><strong>Materiais:<\/strong>&nbsp;A\u00e7o inoxid\u00e1vel AISI 316L (1.4404)<br><strong>Tamanho:<\/strong>&nbsp;DN 15 \u2014 150<br><strong>Classifica\u00e7\u00e3o de press\u00e3o:<\/strong>&nbsp;PN16, PN40, ANSI 300<br><strong>Temperatura:<\/strong>&nbsp;-196\u00b0C \/+350\u00b0C<\/p>\n\n\n\n<div class=\"wp-block-buttons has-custom-font-size has-small-font-size is-content-justification-left is-layout-flex wp-container-core-buttons-is-layout-fdcfc74e wp-block-buttons-is-layout-flex\">\n<div class=\"wp-block-button has-custom-width wp-block-button__width-25 is-style-fill\"><a class=\"wp-block-button__link has-white-color has-text-color has-background wp-element-button\" href=\"https:\/\/klinger.pt\/wp-content\/uploads\/2023\/03\/On-Off-Valves-Series-VPOO3-S2003_compressed-1.pdf\" style=\"border-radius:0px;background-color:#003a68\" target=\"_blank\" rel=\"noreferrer noopener\">\u00bb Ficha T\u00e9cnica (EN)<\/a><\/div>\n<\/div>\n<\/div>\n\n\n\n<div class=\"wp-block-column is-layout-flow wp-block-column-is-layout-flow\" style=\"font-size:14px\">\n<h2 class=\"wp-block-heading\">S\u00e9rie VPFL\/BW<\/h2>\n\n\n\n<p>V\u00e1lvulas de fluxo livre ON-OFF<\/p>\n\n\n\n<p><strong>Materiais:<\/strong>&nbsp;A\u00e7o inoxid\u00e1vel AISI 316\/316L (1.4408\/1.4409)<br><strong>Tamanho:<\/strong>&nbsp;DN 15 \u2013 200<br><strong>Classifica\u00e7\u00e3o de press\u00e3o:<\/strong>&nbsp;PN 16 (15-150) \u2013 PN 10 (200)<br><strong>Temperatura:<\/strong>&nbsp;-30\u00b0C \/+150\u00b0C<\/p>\n\n\n\n<div class=\"wp-block-buttons has-custom-font-size has-small-font-size is-content-justification-left is-layout-flex wp-container-core-buttons-is-layout-fdcfc74e wp-block-buttons-is-layout-flex\">\n<div class=\"wp-block-button has-custom-width wp-block-button__width-25 is-style-fill\"><a class=\"wp-block-button__link has-white-color has-text-color has-background wp-element-button\" href=\"https:\/\/klinger.pt\/wp-content\/uploads\/2023\/03\/On-Off-Free-Flow-Valves-Series-VPFL-BW_compressed-1.pdf\" style=\"border-radius:0px;background-color:#003a68\" target=\"_blank\" rel=\"noreferrer noopener\">\u00bb Ficha T\u00e9cnica(EN)<\/a><\/div>\n<\/div>\n<\/div>\n<\/div>\n\n\n\n<div class=\"wp-block-columns is-layout-flex wp-container-core-columns-is-layout-9d6595d7 wp-block-columns-is-layout-flex\">\n<div class=\"wp-block-column is-layout-flow wp-block-column-is-layout-flow\" style=\"font-size:14px\">\n<h2 class=\"wp-block-heading\">S\u00e9rie VPFL \u2013 FL UNI PN 10\/16<\/h2>\n\n\n\n<p>V\u00e1lvulas de fluxo livre ON-OFF<\/p>\n\n\n\n<p><strong>Materiais:<\/strong>&nbsp;A\u00e7o inoxid\u00e1vel AISI 316\/316L (1.4408\/1.4409)<br><strong>Tamanho:<\/strong>&nbsp;DN 15 \u2013 200<br><strong>Classifica\u00e7\u00e3o de press\u00e3o:<\/strong>&nbsp;PN 16 (15-150) \u2013 PN 10 (200)<br><strong>Temperatura:<\/strong>&nbsp;-30\u00b0C \/+150\u00b0C<\/p>\n\n\n\n<div class=\"wp-block-buttons has-custom-font-size has-small-font-size is-content-justification-left is-layout-flex wp-container-core-buttons-is-layout-fdcfc74e wp-block-buttons-is-layout-flex\">\n<div class=\"wp-block-button has-custom-width wp-block-button__width-25 is-style-fill\"><a class=\"wp-block-button__link has-white-color has-text-color has-background wp-element-button\" href=\"https:\/\/klinger.pt\/wp-content\/uploads\/2023\/03\/On-Off-Free-Flow-Valves-Series-VPFL-FL-UNI-PN-10-16_compressed-1.pdf\" style=\"border-radius:0px;background-color:#003a68\" target=\"_blank\" rel=\"noreferrer noopener\">\u00bb Ficha T\u00e9cnica(EN)<\/a><\/div>\n<\/div>\n<\/div>\n\n\n\n<div class=\"wp-block-column is-layout-flow wp-block-column-is-layout-flow\" style=\"font-size:14px\">\n<h2 class=\"wp-block-heading\">S\u00e9rie VPFL-FF-SW<\/h2>\n\n\n\n<p>V\u00e1lvulas de fluxo livre ON-OFF<\/p>\n\n\n\n<p><strong>Materiais:<\/strong>&nbsp;A\u00e7o inoxid\u00e1vel AISI 316\/316L (1.4408\/1.4409)<br><strong>Tamanho:<\/strong>&nbsp;DN 15 \u2014 50<br><strong>Classifica\u00e7\u00e3o de press\u00e3o:<\/strong>&nbsp;PN 25<br><strong>Temperatura:<\/strong>&nbsp;-30\u00b0C \/+150\u00b0C<\/p>\n\n\n\n<div class=\"wp-block-buttons has-custom-font-size has-small-font-size is-content-justification-left is-layout-flex wp-container-core-buttons-is-layout-fdcfc74e wp-block-buttons-is-layout-flex\">\n<div class=\"wp-block-button has-custom-width wp-block-button__width-25 is-style-fill\"><a class=\"wp-block-button__link has-white-color has-text-color has-background wp-element-button\" href=\"https:\/\/klinger.pt\/wp-content\/uploads\/2023\/03\/On-Off-Free-Flow-Valves-Series-VPFL-FF-SW_compressed-1.pdf\" style=\"border-radius:0px;background-color:#003a68\" target=\"_blank\" rel=\"noreferrer noopener\">\u00bb Ficha T\u00e9cnica(EN)<\/a><\/div>\n<\/div>\n<\/div>\n<\/div>\n\n\n\n<div class=\"wp-block-columns is-layout-flex wp-container-core-columns-is-layout-9d6595d7 wp-block-columns-is-layout-flex\">\n<div class=\"wp-block-column is-layout-flow wp-block-column-is-layout-flow\" style=\"font-size:14px\">\n<h2 class=\"wp-block-heading\">S\u00e9rie NPFL\/BW<\/h2>\n\n\n\n<p>V\u00e1lvulas de fluxo livre ON-OFF<\/p>\n\n\n\n<p><strong>Materiais:<\/strong>&nbsp;A\u00e7o inoxid\u00e1vel AISI 316\/316L (1.4408\/1.4409)<br><strong>Tamanho:<\/strong>&nbsp;DN 15 \u2013 100<br><strong>Classifica\u00e7\u00e3o de press\u00e3o:<\/strong>&nbsp;PN 16<br><strong>Temperatura:<\/strong>&nbsp;-30\u00b0C \/+200\u00b0C<\/p>\n\n\n\n<div class=\"wp-block-buttons has-custom-font-size has-small-font-size is-content-justification-left is-layout-flex wp-container-core-buttons-is-layout-fdcfc74e wp-block-buttons-is-layout-flex\">\n<div class=\"wp-block-button has-custom-width wp-block-button__width-25 is-style-fill\"><a class=\"wp-block-button__link has-white-color has-text-color has-background wp-element-button\" href=\"https:\/\/klinger.pt\/wp-content\/uploads\/2023\/03\/On-Off-Free-Flow-Valves-Series-NPFL-BW_compressed-1.pdf\" style=\"border-radius:0px;background-color:#003a68\" target=\"_blank\" rel=\"noreferrer noopener\">\u00bb Ficha T\u00e9cnica (EN)<\/a><\/div>\n<\/div>\n<\/div>\n\n\n\n<div class=\"wp-block-column is-layout-flow wp-block-column-is-layout-flow\" style=\"font-size:14px\">\n<h2 class=\"wp-block-heading\">S\u00e9rie NPFL \u2013 FL UNI PN 10\/16<\/h2>\n\n\n\n<p>V\u00e1lvulas de fluxo livre ON-OFF<\/p>\n\n\n\n<p><strong>Materiais:<\/strong>&nbsp;A\u00e7o inoxid\u00e1vel AISI 316\/316L (1.4408\/1.4409)<br><strong>Tamanho:<\/strong>&nbsp;DN 15 \u2013 100<br><strong>Classifica\u00e7\u00e3o de press\u00e3o:<\/strong>&nbsp;PN 16<br><strong>Temperatura:<\/strong>&nbsp;-30\u00b0C \/+200\u00b0C<\/p>\n\n\n\n<div class=\"wp-block-buttons has-custom-font-size has-small-font-size is-content-justification-left is-layout-flex wp-container-core-buttons-is-layout-fdcfc74e wp-block-buttons-is-layout-flex\">\n<div class=\"wp-block-button has-custom-width wp-block-button__width-25 is-style-fill\"><a class=\"wp-block-button__link has-white-color has-text-color has-background wp-element-button\" href=\"https:\/\/klinger.pt\/wp-content\/uploads\/2023\/03\/On-Off-Free-Flow-Valves-Series-NPFL-FL-UNI-PN-10-16_compressed.pdf\" style=\"border-radius:0px;background-color:#003a68\" target=\"_blank\" rel=\"noreferrer noopener\">\u00bb Ficha T\u00e9cnica(EN)<\/a><\/div>\n<\/div>\n<\/div>\n<\/div>\n\n\n\n<div class=\"wp-block-columns is-layout-flex wp-container-core-columns-is-layout-9d6595d7 wp-block-columns-is-layout-flex\">\n<div class=\"wp-block-column is-layout-flow wp-block-column-is-layout-flow\" style=\"font-size:14px\">\n<h2 class=\"wp-block-heading\">S\u00e9rie NPFL\/FF \u2013 SW<\/h2>\n\n\n\n<p>V\u00e1lvulas de fluxo livre ON-OFF<\/p>\n\n\n\n<p><strong>Materiais:<\/strong> A\u00e7o inoxid\u00e1vel&nbsp;AISI 316\/316L (1.4408\/1.4409)<br><strong>Tamanho:<\/strong>&nbsp;DN 15 \u2013 50<br><strong>Classifica\u00e7\u00e3o de press\u00e3o:<\/strong>&nbsp;PN 25<br><strong>Temperatura:<\/strong>&nbsp;-30\u00b0C \/+200\u00b0C<\/p>\n\n\n\n<div class=\"wp-block-buttons has-custom-font-size has-small-font-size is-content-justification-left is-layout-flex wp-container-core-buttons-is-layout-fdcfc74e wp-block-buttons-is-layout-flex\">\n<div class=\"wp-block-button has-custom-width wp-block-button__width-25 is-style-fill\"><a class=\"wp-block-button__link has-white-color has-text-color has-background wp-element-button\" href=\"https:\/\/klinger.pt\/wp-content\/uploads\/2023\/03\/On-Off-Free-Flow-Valves-Series-NPFL-FF-SW_compressed-1.pdf\" style=\"border-radius:0px;background-color:#003a68\" target=\"_blank\" rel=\"noreferrer noopener\">\u00bb Ficha T\u00e9cnica(EN)<\/a><\/div>\n<\/div>\n<\/div>\n\n\n\n<div class=\"wp-block-column is-layout-flow wp-block-column-is-layout-flow\" style=\"font-size:14px\">\n<h2 class=\"wp-block-heading\">S\u00e9rie SBS\/S \u2013 BW<\/h2>\n\n\n\n<p>V\u00e1lvulas angulares ON-OFF<\/p>\n\n\n\n<p><strong>Materiais:<\/strong>&nbsp;A\u00e7o inoxid\u00e1vel AISI 316\/316L (1.4408\/1.4409)<br><strong>Tamanho:<\/strong>&nbsp;DN 15 \u2013 150<br><strong>Classifica\u00e7\u00e3o de press\u00e3o:<\/strong>&nbsp;PN 16 (15-125) \u2013 PN 10 (150)<br><strong>Temperatura:<\/strong>&nbsp;-30\u00b0C \/+150\u00b0C<\/p>\n\n\n\n<div class=\"wp-block-buttons has-custom-font-size has-small-font-size is-content-justification-left is-layout-flex wp-container-core-buttons-is-layout-fdcfc74e wp-block-buttons-is-layout-flex\">\n<div class=\"wp-block-button has-custom-width wp-block-button__width-25 is-style-fill\"><a class=\"wp-block-button__link has-white-color has-text-color has-background wp-element-button\" href=\"https:\/\/klinger.pt\/wp-content\/uploads\/2023\/03\/On-Off-Angle-Valves-Series-SBS-S-BW_compressed-1.pdf\" style=\"border-radius:0px;background-color:#003a68\" target=\"_blank\" rel=\"noreferrer noopener\">\u00bb Ficha T\u00e9cnica(EN)<\/a><\/div>\n<\/div>\n<\/div>\n<\/div>\n\n\n\n<div class=\"wp-block-columns is-layout-flex wp-container-core-columns-is-layout-9d6595d7 wp-block-columns-is-layout-flex\">\n<div class=\"wp-block-column is-layout-flow wp-block-column-is-layout-flow\" style=\"font-size:14px\">\n<h2 class=\"wp-block-heading\">S\u00e9rie SBS\/S \u2013 FL UNI PN 10\/16<\/h2>\n\n\n\n<p>V\u00e1lvulas angulares ON-OFF<\/p>\n\n\n\n<p><strong>Materiais:<\/strong>&nbsp;A\u00e7o inoxid\u00e1vel AISI 316\/316L (1.4408\/1.4409)<br><strong>Tamanho:<\/strong>&nbsp;DN 15 \u2013 150<br><strong>Classifica\u00e7\u00e3o de press\u00e3o:<\/strong>&nbsp;PN 16 (15-125) \u2013 PN 10 (150)<br><strong>Temperatura:<\/strong>&nbsp;-30\u00b0C \/+150\u00b0C.<\/p>\n\n\n\n<div class=\"wp-block-buttons has-custom-font-size has-small-font-size is-content-justification-left is-layout-flex wp-container-core-buttons-is-layout-fdcfc74e wp-block-buttons-is-layout-flex\">\n<div class=\"wp-block-button has-custom-width wp-block-button__width-25 is-style-fill\"><a class=\"wp-block-button__link has-white-color has-text-color has-background wp-element-button\" href=\"https:\/\/klinger.pt\/wp-content\/uploads\/2023\/03\/On-Off-Angle-Valves-Series-SBS-S-FL-UNI-PN-10-16_compressed-1.pdf\" style=\"border-radius:0px;background-color:#003a68\" target=\"_blank\" rel=\"noreferrer noopener\">\u00bb Ficha T\u00e9cnica(EN)<\/a><\/div>\n<\/div>\n<\/div>\n\n\n\n<div class=\"wp-block-column is-layout-flow wp-block-column-is-layout-flow\" style=\"font-size:14px\">\n<h2 class=\"wp-block-heading\">S\u00e9rie MVPFL\/BW<\/h2>\n\n\n\n<p>V\u00e1lvulas de fluxo livre ON-OFF<\/p>\n\n\n\n<p><strong>Materiais:<\/strong>\u00a0A\u00e7o inoxid\u00e1vel AISI 316L (1.4409)<br><strong>Tamanho:<\/strong>\u00a0DN 8 \u2013 25<br><strong>Classifica\u00e7\u00e3o de press\u00e3o:<\/strong>\u00a0PN 16<br><strong>Temperatura:\u00a0<\/strong>from -30 to +150 \u00b0C \u2013 ( m\u00e1x 180 \u00b0C )<\/p>\n\n\n\n<div class=\"wp-block-buttons has-custom-font-size has-small-font-size is-content-justification-left is-layout-flex wp-container-core-buttons-is-layout-fdcfc74e wp-block-buttons-is-layout-flex\">\n<div class=\"wp-block-button has-custom-width wp-block-button__width-25 is-style-fill\"><a class=\"wp-block-button__link has-white-color has-text-color has-background wp-element-button\" href=\"https:\/\/klinger.pt\/wp-content\/uploads\/2023\/03\/On-Off-Free-Flow-Valves-Series-MVPFL-BW_compressed-1.pdf\" style=\"border-radius:0px;background-color:#003a68\" target=\"_blank\" rel=\"noreferrer noopener\">\u00bb Ficha T\u00e9cnica (EN)<\/a><\/div>\n<\/div>\n<\/div>\n<\/div>\n\n\n\n<div class=\"wp-block-columns is-layout-flex wp-container-core-columns-is-layout-9d6595d7 wp-block-columns-is-layout-flex\">\n<div class=\"wp-block-column is-layout-flow wp-block-column-is-layout-flow\" style=\"font-size:14px\">\n<h2 class=\"wp-block-heading\">S\u00e9rie MVPFL \u2013 FL UNI PN 10\/16<\/h2>\n\n\n\n<p>V\u00e1lvulas de fluxo livre ON-OFF<\/p>\n\n\n\n<p><strong>Materiais:<\/strong> A\u00e7o inoxid\u00e1vel AISI 316L (1.4409)<br><strong>Tamanho:<\/strong>\u00a0DN 8 \u2013 25<br><strong>Classifica\u00e7\u00e3o de press\u00e3o:<\/strong>\u00a0PN 16<br><strong>Temperatura:\u00a0<\/strong>from -30 to +150 \u00b0C \u2013 (m\u00e1x 180 \u00b0C )<\/p>\n\n\n\n<div class=\"wp-block-buttons has-custom-font-size has-small-font-size is-content-justification-left is-layout-flex wp-container-core-buttons-is-layout-fdcfc74e wp-block-buttons-is-layout-flex\">\n<div class=\"wp-block-button has-custom-width wp-block-button__width-25 is-style-fill\"><a class=\"wp-block-button__link has-white-color has-text-color has-background wp-element-button\" href=\"https:\/\/klinger.pt\/wp-content\/uploads\/2023\/03\/On-Off-Free-Flow-Valves-Series-MVPFL-FL-UNI-PN-10-16_compressed-1.pdf\" style=\"border-radius:0px;background-color:#003a68\" target=\"_blank\" rel=\"noreferrer noopener\">\u00bb Ficha T\u00e9cnica(EN)<\/a><\/div>\n<\/div>\n<\/div>\n\n\n\n<div class=\"wp-block-column is-layout-flow wp-block-column-is-layout-flow\" style=\"font-size:14px\">\n<h2 class=\"wp-block-heading\">S\u00e9rie MVPFL\/FF \u2013 SW<\/h2>\n\n\n\n<p>V\u00e1lvulas de fluxo livre ON-OFF<\/p>\n\n\n\n<p><strong>Materiais:<\/strong>\u00a0A\u00e7o inoxid\u00e1vel AISI 316\/316L (1.4408\/1.4409)<br><strong>Tamanho:<\/strong>\u00a0DN 8 \u2013 25<br><strong>Classifica\u00e7\u00e3o de press\u00e3o:<\/strong>\u00a0PN 25<br><strong>Temperatura:\u00a0<\/strong>\u00a0-30 \/ +150 \u00b0C \u2013 (m\u00e1x 180 \u00b0C)<\/p>\n\n\n\n<div class=\"wp-block-buttons has-custom-font-size has-small-font-size is-content-justification-left is-layout-flex wp-container-core-buttons-is-layout-fdcfc74e wp-block-buttons-is-layout-flex\">\n<div class=\"wp-block-button has-custom-width wp-block-button__width-25 is-style-fill\"><a class=\"wp-block-button__link has-white-color has-text-color has-background wp-element-button\" href=\"https:\/\/klinger.pt\/wp-content\/uploads\/2023\/03\/On-Off-Free-Flow-Valves-Series-MVPFL-FF-SW_compressed-1.pdf\" style=\"border-radius:0px;background-color:#003a68\" target=\"_blank\" rel=\"noreferrer noopener\">\u00bb Ficha T\u00e9cnica(EN)<\/a><\/div>\n<\/div>\n<\/div>\n<\/div>\n\n\n\n<div class=\"wp-block-columns is-layout-flex wp-container-core-columns-is-layout-9d6595d7 wp-block-columns-is-layout-flex\">\n<div class=\"wp-block-column is-layout-flow wp-block-column-is-layout-flow\" style=\"font-size:14px\">\n<h2 class=\"wp-block-heading\">S\u00e9rie MVPS\/BW<\/h2>\n\n\n\n<p>V\u00e1lvulas de fluxo livre ON-OFF<\/p>\n\n\n\n<p><strong>Materiais:<\/strong>\u00a0A\u00e7o inoxid\u00e1vel AISI 316\/316L (1.4408\/1.4409)<br><strong>Tamanho:<\/strong>\u00a0DN 8 \u2013 25<br><strong>Classifica\u00e7\u00e3o de press\u00e3o:<\/strong>\u00a0PN 16<br><strong>Temperatura:\u00a0<\/strong>-30 \/ +150 \u00b0C \u2013 (m\u00e1x 180 \u00b0C)<\/p>\n\n\n\n<div class=\"wp-block-buttons has-custom-font-size has-small-font-size is-content-justification-left is-layout-flex wp-container-core-buttons-is-layout-fdcfc74e wp-block-buttons-is-layout-flex\">\n<div class=\"wp-block-button has-custom-width wp-block-button__width-25 is-style-fill\"><a class=\"wp-block-button__link has-white-color has-text-color has-background wp-element-button\" href=\"https:\/\/klinger.pt\/wp-content\/uploads\/2023\/03\/On-Off-Square-Valves-Series-MVPS-BW_compressed-1.pdf\" style=\"border-radius:0px;background-color:#003a68\" target=\"_blank\" rel=\"noreferrer noopener\">\u00bb Ficha T\u00e9cnica(EN)<\/a><\/div>\n<\/div>\n<\/div>\n\n\n\n<div class=\"wp-block-column transparente is-layout-flow wp-block-column-is-layout-flow\" style=\"font-size:14px\">\n<p><\/p>\n\n\n\n<div class=\"wp-block-buttons has-custom-font-size has-small-font-size is-content-justification-left is-layout-flex wp-container-core-buttons-is-layout-fdcfc74e wp-block-buttons-is-layout-flex\"><\/div>\n<\/div>\n<\/div>\n","protected":false},"excerpt":{"rendered":"<p>V\u00c1LVULAS GLOBO ON-OFF S\u00e9rie VPFA V\u00e1lvula de servi\u00e7o geral de 2 vias Materiais: Ferro fundido nodular GS400-12 (GGG40)Tamanho:&nbsp;DN 15 \u2014 65Classifica\u00e7\u00e3o de press\u00e3o:&nbsp;PN16Temperatura:&nbsp;-5\u00b0C\/+180\u00b0C S\u00e9rie VPFA\/3 V\u00e1lvula de servi\u00e7o geral de desvio de 3 vias Materiais:&nbsp;Ferro fundido nodular GS400-12 (GGG40)Tamanho:&nbsp;DN 15 \u2014 65Classifica\u00e7\u00e3o de press\u00e3o:&nbsp;PN16Temperatura:&nbsp;-5\u00b0C \/+180\u00b0C S\u00e9rie VPOO EURO V\u00e1lvula 2 vias Materiais:&nbsp;Ferro fundido nodular GS400-12 [&hellip;]<\/p>\n","protected":false},"author":4,"featured_media":0,"parent":40026,"menu_order":0,"comment_status":"closed","ping_status":"closed","template":"page-templates\/servicios.php","meta":{"_eb_attr":"","footnotes":""},"class_list":["post-40002","page","type-page","status-publish","hentry"],"aioseo_notices":[],"_links":{"self":[{"href":"https:\/\/klinger.pt\/es\/wp-json\/wp\/v2\/pages\/40002","targetHints":{"allow":["GET"]}}],"collection":[{"href":"https:\/\/klinger.pt\/es\/wp-json\/wp\/v2\/pages"}],"about":[{"href":"https:\/\/klinger.pt\/es\/wp-json\/wp\/v2\/types\/page"}],"author":[{"embeddable":true,"href":"https:\/\/klinger.pt\/es\/wp-json\/wp\/v2\/users\/4"}],"replies":[{"embeddable":true,"href":"https:\/\/klinger.pt\/es\/wp-json\/wp\/v2\/comments?post=40002"}],"version-history":[{"count":13,"href":"https:\/\/klinger.pt\/es\/wp-json\/wp\/v2\/pages\/40002\/revisions"}],"predecessor-version":[{"id":40260,"href":"https:\/\/klinger.pt\/es\/wp-json\/wp\/v2\/pages\/40002\/revisions\/40260"}],"up":[{"embeddable":true,"href":"https:\/\/klinger.pt\/es\/wp-json\/wp\/v2\/pages\/40026"}],"wp:attachment":[{"href":"https:\/\/klinger.pt\/es\/wp-json\/wp\/v2\/media?parent=40002"}],"curies":[{"name":"wp","href":"https:\/\/api.w.org\/{rel}","templated":true}]}}