{"id":3997,"date":"2020-07-01T13:18:52","date_gmt":"2020-07-01T12:18:52","guid":{"rendered":"https:\/\/m5j0n6nk9p.onrocket.site\/?p=3997"},"modified":"2025-01-21T15:40:19","modified_gmt":"2025-01-21T15:40:19","slug":"concentradores-de-gorduras","status":"publish","type":"page","link":"https:\/\/klinger.pt\/es\/water-solutions\/equipamentos-compactos-pre-tratamento\/concentradores-de-gorduras\/","title":{"rendered":"CONCENTRADORES DE GORDURAS"},"content":{"rendered":"\n<div class=\"wp-block-columns is-layout-flex wp-container-core-columns-is-layout-9d6595d7 wp-block-columns-is-layout-flex\">\n<div class=\"wp-block-column is-layout-flow wp-block-column-is-layout-flow\" style=\"flex-basis:300px\">\n<figure class=\"wp-block-image is-resized\"><img decoding=\"async\" src=\"https:\/\/klinger.pt\/wp-content\/uploads\/2022\/01\/Concentrador-de-Gorduras-copy.webp\" alt=\"Concentrador de Gorduras KLINGER\" width=\"197\" height=\"220\"\/><\/figure>\n<\/div>\n\n\n\n<div class=\"wp-block-column is-layout-flow wp-block-column-is-layout-flow\" style=\"flex-basis:700px\">\n<h1 class=\"wp-block-heading\">CONCENTRADORES DE GORDURAS<\/h1>\n\n\n\n<p>O concentrador de gorduras tem a fun\u00e7\u00e3o de separar a \u00e1gua das gorduras, \u00f3leos, etc. A \u00e1gua \u00e9 introduzida pela liga\u00e7\u00e3o flangeada de entrada onde \u00e9 distribu\u00edda uniformemente favorecendo que as<br>gorduras se separem e subam \u00e0 superf\u00edcie da \u00e1gua.<br>Por meio de um sistema de raspadores montados num mecanismo de rodas dentadas e correntes de acetileno (ou a\u00e7o inox, a pedido) s\u00e3o evacuadas pela rampa de descarga. Enquanto este processo \u00e9 realizado, a \u00e1gua limpa e sem gordura da parte inferior \u00e9 encaminhada atrav\u00e9s de um sistema de sif\u00e3o para a liga\u00e7\u00e3o flangeada de sa\u00edda.<\/p>\n\n\n\n<h2 class=\"wp-block-heading\">CARACTER\u00cdSTICAS<\/h2>\n\n\n\n<ul class=\"wp-block-list\">\n<li>Estrutura executada em A\u00e7o Inox AISI316 ou AISI304<\/li>\n\n\n\n<li>Design compacto<\/li>\n\n\n\n<li>Nenhum mecanismo ou partes m\u00f3veis submersas<\/li>\n\n\n\n<li>Manuten\u00e7\u00e3o de f\u00e1cil acesso.<\/li>\n\n\n\n<li>Raspadores desmont\u00e1veis<\/li>\n\n\n\n<li>Descarga de res\u00edduos em contentor<\/li>\n<\/ul>\n<\/div>\n<\/div>\n\n\n\n<h5 class=\"wp-block-heading\"><a href=\"https:\/\/klinger.pt\/wp-content\/uploads\/2022\/09\/Data-Sheet-Concentrador-de-Gorduras_EN.pdf\" data-type=\"URL\" data-id=\"https:\/\/klinger.pt\/wp-content\/uploads\/2022\/09\/Data-Sheet-Concentrador-de-Gorduras_EN.pdf\" target=\"_blank\" rel=\"noreferrer noopener\">FICHA T\u00c9CNICA_EN (pdf)<\/a><\/h5>\n\n\n\n<h5 class=\"wp-block-heading\"><a href=\"https:\/\/klinger.pt\/wp-content\/uploads\/2022\/09\/Ficha-Tecnica-Concentrador-de-Gorduras_PT.pdf\" data-type=\"URL\" data-id=\"https:\/\/klinger.pt\/wp-content\/uploads\/2022\/09\/Ficha-Tecnica-Concentrador-de-Gorduras_PT.pdf\" target=\"_blank\" rel=\"noreferrer noopener\">FICHA T\u00c9CNICA_PT (pdf)<\/a><\/h5>\n","protected":false},"excerpt":{"rendered":"<p>CONCENTRADORES DE GORDURAS O concentrador de gorduras tem a fun\u00e7\u00e3o de separar a \u00e1gua das gorduras, \u00f3leos, etc. A \u00e1gua \u00e9 introduzida pela liga\u00e7\u00e3o flangeada de entrada onde \u00e9 distribu\u00edda uniformemente favorecendo que asgorduras se separem e subam \u00e0 superf\u00edcie da \u00e1gua.Por meio de um sistema de raspadores montados num mecanismo de rodas dentadas e [&hellip;]<\/p>\n","protected":false},"author":1,"featured_media":0,"parent":16414,"menu_order":228,"comment_status":"closed","ping_status":"closed","template":"page-templates\/servicios.php","meta":{"_eb_attr":"","footnotes":""},"class_list":["post-3997","page","type-page","status-publish","hentry"],"aioseo_notices":[],"_links":{"self":[{"href":"https:\/\/klinger.pt\/es\/wp-json\/wp\/v2\/pages\/3997","targetHints":{"allow":["GET"]}}],"collection":[{"href":"https:\/\/klinger.pt\/es\/wp-json\/wp\/v2\/pages"}],"about":[{"href":"https:\/\/klinger.pt\/es\/wp-json\/wp\/v2\/types\/page"}],"author":[{"embeddable":true,"href":"https:\/\/klinger.pt\/es\/wp-json\/wp\/v2\/users\/1"}],"replies":[{"embeddable":true,"href":"https:\/\/klinger.pt\/es\/wp-json\/wp\/v2\/comments?post=3997"}],"version-history":[{"count":1,"href":"https:\/\/klinger.pt\/es\/wp-json\/wp\/v2\/pages\/3997\/revisions"}],"predecessor-version":[{"id":38214,"href":"https:\/\/klinger.pt\/es\/wp-json\/wp\/v2\/pages\/3997\/revisions\/38214"}],"up":[{"embeddable":true,"href":"https:\/\/klinger.pt\/es\/wp-json\/wp\/v2\/pages\/16414"}],"wp:attachment":[{"href":"https:\/\/klinger.pt\/es\/wp-json\/wp\/v2\/media?parent=3997"}],"curies":[{"name":"wp","href":"https:\/\/api.w.org\/{rel}","templated":true}]}}