{"id":39958,"date":"2023-03-27T15:20:54","date_gmt":"2023-03-27T14:20:54","guid":{"rendered":"https:\/\/m5j0n6nk9p.onrocket.site\/?page_id=39958"},"modified":"2023-03-29T16:22:34","modified_gmt":"2023-03-29T15:22:34","slug":"valvulas-de-controlo-globo","status":"publish","type":"page","link":"https:\/\/klinger.pt\/es\/produtos\/valvulas\/valvulas-de-controlo-on-off\/valvulas-globo\/valvulas-de-controlo-globo\/","title":{"rendered":"V\u00c1LVULAS DE CONTROLO GLOBO"},"content":{"rendered":"\n<h1 class=\"wp-block-heading\">V\u00c1LVULAS DE CONTROLO GLOBO<\/h1>\n\n\n\n<div class=\"wp-block-columns is-layout-flex wp-container-core-columns-is-layout-9d6595d7 wp-block-columns-is-layout-flex\">\n<div class=\"wp-block-column is-layout-flow wp-block-column-is-layout-flow\"><div class=\"wp-block-image\">\n<figure class=\"aligncenter size-full\"><img fetchpriority=\"high\" decoding=\"async\" width=\"550\" height=\"483\" src=\"https:\/\/klinger.pt\/wp-content\/uploads\/2023\/03\/Valvulas-de-controlo-globo-pag.webp\" alt=\"\" class=\"wp-image-39961\" srcset=\"https:\/\/klinger.pt\/wp-content\/uploads\/2023\/03\/Valvulas-de-controlo-globo-pag.webp 550w, https:\/\/klinger.pt\/wp-content\/uploads\/2023\/03\/Valvulas-de-controlo-globo-pag-300x263.webp 300w\" sizes=\"(max-width: 550px) 100vw, 550px\" \/><\/figure>\n<\/div><\/div>\n<\/div>\n\n\n\n<p style=\"font-size:15px\"><\/p>\n\n\n\n<div class=\"wp-block-columns is-layout-flex wp-container-core-columns-is-layout-9d6595d7 wp-block-columns-is-layout-flex\">\n<div class=\"wp-block-column is-layout-flow wp-block-column-is-layout-flow\" style=\"font-size:14px\">\n<h2 class=\"wp-block-heading\">S\u00e9rie EURO<\/h2>\n\n\n\n<p><strong>Material:<\/strong> Ferro fundido nodular GS400-12 (GGG40), a\u00e7o carbono&nbsp;1.0619, a\u00e7o inoxid\u00e1vel AISI 316 (CF8M)<br><strong>Tamanho:<\/strong>&nbsp;DN15-100<br><strong>Valor de press\u00e3o:<\/strong>&nbsp;PN16<br><strong>Temperatura:<\/strong>&nbsp;-5\u00b0C\/+205\u00b0C<\/p>\n\n\n\n<div class=\"wp-block-buttons has-custom-font-size has-small-font-size is-content-justification-left is-layout-flex wp-container-core-buttons-is-layout-fdcfc74e wp-block-buttons-is-layout-flex\">\n<div class=\"wp-block-button has-custom-width wp-block-button__width-25 is-style-fill\"><a class=\"wp-block-button__link has-white-color has-text-color has-background wp-element-button\" href=\"https:\/\/klinger.pt\/wp-content\/uploads\/2023\/03\/Control-Valve-Series-EURO_compressed.pdf\" style=\"border-radius:0px;background-color:#003a68\" target=\"_blank\" rel=\"noreferrer noopener\">\u00bb Ficha T\u00e9cnica (EN)<\/a><\/div>\n<\/div>\n<\/div>\n\n\n\n<div class=\"wp-block-column is-layout-flow wp-block-column-is-layout-flow\" style=\"font-size:14px\">\n<h2 class=\"wp-block-heading\">S\u00e9rie 800<\/h2>\n\n\n\n<p>V\u00e1lvula globo de 2 vias para utiliza\u00e7\u00e3o m\u00e9dia-leve<\/p>\n\n\n\n<p><strong>Material:<\/strong>&nbsp;Ferro fundido nodular GS400-12 (GGG40), a\u00e7o carbono A216 WCB, a\u00e7o inoxid\u00e1vel AISI 316 (CF8M)<br><strong>Tamanho:<\/strong>&nbsp;DN15-100<br><strong>Valor de press\u00e3o:<\/strong>&nbsp;PN16, PN40<br><strong>Temperatura:<\/strong>&nbsp;-20\u00b0C \/+205\u00b0C<\/p>\n\n\n\n<div class=\"wp-block-buttons has-custom-font-size has-small-font-size is-content-justification-left is-layout-flex wp-container-core-buttons-is-layout-fdcfc74e wp-block-buttons-is-layout-flex\">\n<div class=\"wp-block-button has-custom-width wp-block-button__width-25 is-style-fill\"><a class=\"wp-block-button__link has-white-color has-text-color has-background wp-element-button\" href=\"https:\/\/klinger.pt\/wp-content\/uploads\/2023\/03\/Control-Valve-Series-800_compressed.pdf\" style=\"border-radius:0px;background-color:#003a68\" target=\"_blank\" rel=\"noreferrer noopener\">\u00bb Ficha T\u00e9cnica (EN)<\/a><\/div>\n<\/div>\n<\/div>\n<\/div>\n\n\n\n<div class=\"wp-block-columns is-layout-flex wp-container-core-columns-is-layout-9d6595d7 wp-block-columns-is-layout-flex\">\n<div class=\"wp-block-column is-layout-flow wp-block-column-is-layout-flow\" style=\"font-size:14px\">\n<h2 class=\"wp-block-heading\">S\u00e9rie 2000<\/h2>\n\n\n\n<p>V\u00e1lvula de 2 vias para uso industrial pesado<\/p>\n\n\n\n<p><strong>Material:<\/strong>&nbsp;Ferro fundido nodular GS400-12 (GGG40)<br>a\u00e7o carbono A216 WCB, a\u00e7o inoxid\u00e1vel AISI 316 (CF8M)<br><strong>Tamanho:<\/strong>&nbsp;DN 15 \u2014 150<br><strong>Valor de press\u00e3o:<\/strong>&nbsp;PN16, PN40 ANSI 300<br><strong>Temperatura:<\/strong>&nbsp;-196\u00b0C \/+350\u00b0C<\/p>\n\n\n\n<div class=\"wp-block-buttons has-custom-font-size has-small-font-size is-content-justification-left is-layout-flex wp-container-core-buttons-is-layout-fdcfc74e wp-block-buttons-is-layout-flex\">\n<div class=\"wp-block-button has-custom-width wp-block-button__width-25 is-style-fill\"><a class=\"wp-block-button__link has-white-color has-text-color has-background wp-element-button\" href=\"https:\/\/klinger.pt\/wp-content\/uploads\/2023\/03\/Control-Valve-Series-2000_compressed.pdf\" style=\"border-radius:0px;background-color:#003a68\" target=\"_blank\" rel=\"noreferrer noopener\">\u00bb Ficha T\u00e9cnica (EN)<\/a><\/div>\n<\/div>\n<\/div>\n\n\n\n<div class=\"wp-block-column is-layout-flow wp-block-column-is-layout-flow\" style=\"font-size:14px\">\n<h2 class=\"wp-block-heading\">S\u00e9rie 803<\/h2>\n\n\n\n<p>V\u00e1lvulas misturadoras \/ desviadoras de 3 vias<\/p>\n\n\n\n<p><strong>Material:<\/strong>&nbsp;Ferro fundido nodular GS400-12 (GGG40)<br>a\u00e7o carbono A216 WCB, a\u00e7o inoxid\u00e1vel AISI 316 (CF8M)<br><strong>Tamanho:<\/strong>&nbsp;DN 15 \u2014 100<br><strong>Valor de press\u00e3o:<\/strong>&nbsp;PN16, PN40<br><strong>Temperatura:<\/strong>&nbsp;-20\u00b0C \/+205\u00b0C<\/p>\n\n\n\n<div class=\"wp-block-buttons has-custom-font-size has-small-font-size is-content-justification-left is-layout-flex wp-container-core-buttons-is-layout-fdcfc74e wp-block-buttons-is-layout-flex\">\n<div class=\"wp-block-button has-custom-width wp-block-button__width-25 is-style-fill\"><a class=\"wp-block-button__link has-white-color has-text-color has-background wp-element-button\" href=\"https:\/\/klinger.pt\/wp-content\/uploads\/2023\/03\/Control-Valve-Series-803_compressed.pdf\" style=\"border-radius:0px;background-color:#003a68\" target=\"_blank\" rel=\"noreferrer noopener\">\u00bb Ficha T\u00e9cnica (EN)<\/a><\/div>\n<\/div>\n<\/div>\n<\/div>\n\n\n\n<div class=\"wp-block-columns is-layout-flex wp-container-core-columns-is-layout-9d6595d7 wp-block-columns-is-layout-flex\">\n<div class=\"wp-block-column is-layout-flow wp-block-column-is-layout-flow\" style=\"font-size:14px\">\n<h2 class=\"wp-block-heading\">S\u00e9rie 2003<\/h2>\n\n\n\n<p>V\u00e1lvula de desvio\/mistura de 3 vias<\/p>\n\n\n\n<p><strong>Material:<\/strong>&nbsp;Ferro fundido nodular GS400-12 (GGG40)<br>a\u00e7o carbono A216 WCB, a\u00e7o inoxid\u00e1vel AISI 316 (CF8M)<br><strong>Tamanho:<\/strong>&nbsp;DN 15 \u2014 100<br><strong>Valor de press\u00e3o:<\/strong>&nbsp;PN16, PN40<br><strong>Temperatura:<\/strong>&nbsp;-20\u00b0C \/+205\u00b0C<\/p>\n\n\n\n<div class=\"wp-block-buttons has-custom-font-size has-small-font-size is-content-justification-left is-layout-flex wp-container-core-buttons-is-layout-fdcfc74e wp-block-buttons-is-layout-flex\">\n<div class=\"wp-block-button has-custom-width wp-block-button__width-25 is-style-fill\"><a class=\"wp-block-button__link has-white-color has-text-color has-background wp-element-button\" href=\"https:\/\/klinger.pt\/wp-content\/uploads\/2023\/03\/Control-Valve-Series-2003_compressed.pdf\" style=\"border-radius:0px;background-color:#003a68\" target=\"_blank\" rel=\"noreferrer noopener\">\u00bb Ficha T\u00e9cnica (EN)<\/a><\/div>\n<\/div>\n<\/div>\n\n\n\n<div class=\"wp-block-column is-layout-flow wp-block-column-is-layout-flow\" style=\"font-size:14px\">\n<h2 class=\"wp-block-heading\">S\u00e9rie 3500<\/h2>\n\n\n\n<p>V\u00e1lvulas de baixo caudal<\/p>\n\n\n\n<p><strong>Material:<\/strong>&nbsp;A\u00e7o inoxid\u00e1vel AISI 316L (1.4404)<br><strong>Tamanho:<\/strong>&nbsp;DN 4\u201410 (1\/4\u201d)<br><strong>Valor de press\u00e3o:<\/strong>&nbsp;UNI\/DIN PN40, ANSI300<br><strong>Temperatura:<\/strong>&nbsp;-30\u00b0C \/+180\u00b0C<\/p>\n\n\n\n<div class=\"wp-block-buttons has-custom-font-size has-small-font-size is-content-justification-left is-layout-flex wp-container-core-buttons-is-layout-fdcfc74e wp-block-buttons-is-layout-flex\">\n<div class=\"wp-block-button has-custom-width wp-block-button__width-25 is-style-fill\"><a class=\"wp-block-button__link has-white-color has-text-color has-background wp-element-button\" href=\"https:\/\/klinger.pt\/wp-content\/uploads\/2023\/03\/Control-Valve-Series-3500_compressed.pdf\" style=\"border-radius:0px;background-color:#003a68\" target=\"_blank\" rel=\"noreferrer noopener\">\u00bb Ficha T\u00e9cnica (EN)<\/a><\/div>\n<\/div>\n<\/div>\n<\/div>\n\n\n\n<div class=\"wp-block-columns is-layout-flex wp-container-core-columns-is-layout-9d6595d7 wp-block-columns-is-layout-flex\">\n<div class=\"wp-block-column is-layout-flow wp-block-column-is-layout-flow\" style=\"font-size:14px\">\n<h2 class=\"wp-block-heading\">S\u00e9rie 3000<\/h2>\n\n\n\n<p>V\u00e1lvulas de baixo caudal<\/p>\n\n\n\n<p><strong>Material:<\/strong>&nbsp;A\u00e7o inoxid\u00e1vel AISI 316L (1.4404)<br><strong>Tamanho:<\/strong>&nbsp;DN 10\u201450 (1\/4\u201d \u2013 2\u201d)<br><strong>Valor de press\u00e3o:<\/strong>&nbsp;UNI\/DIN PN16-100, ANSI 150-600#<br><strong>Temperatura:<\/strong>&nbsp;-196\u00b0C \/+350\u00b0C<\/p>\n\n\n\n<div class=\"wp-block-buttons has-custom-font-size has-small-font-size is-content-justification-left is-layout-flex wp-container-core-buttons-is-layout-fdcfc74e wp-block-buttons-is-layout-flex\">\n<div class=\"wp-block-button has-custom-width wp-block-button__width-25 is-style-fill\"><a class=\"wp-block-button__link has-white-color has-text-color has-background wp-element-button\" href=\"https:\/\/klinger.pt\/wp-content\/uploads\/2023\/03\/Control-Valve-Series-3000_compressed.pdf\" style=\"border-radius:0px;background-color:#003a68\" target=\"_blank\" rel=\"noreferrer noopener\">\u00bb Ficha T\u00e9cnica (EN)<\/a><\/div>\n<\/div>\n<\/div>\n\n\n\n<div class=\"wp-block-column is-layout-flow wp-block-column-is-layout-flow\" style=\"font-size:14px\">\n<h2 class=\"wp-block-heading\">S\u00e9rie 3003<\/h2>\n\n\n\n<p>V\u00e1lvula de desvio\/mistura de 3 vias<\/p>\n\n\n\n<p><strong>Material:<\/strong>&nbsp;A\u00e7o inoxid\u00e1vel AISI 316L (1.4404)<br><strong>Tamanho:<\/strong>&nbsp;DN 15\u201450 (\u00bd\u201d \u2013 2\u201d)<br><strong>Valor de press\u00e3o:<\/strong>&nbsp;UNI\/DIN PN16-100, ANSI 150-600#<br><strong>Temperatura:<\/strong>&nbsp;-196\u00b0C \/+350\u00b0C<\/p>\n\n\n\n<div class=\"wp-block-buttons has-custom-font-size has-small-font-size is-content-justification-left is-layout-flex wp-container-core-buttons-is-layout-fdcfc74e wp-block-buttons-is-layout-flex\">\n<div class=\"wp-block-button has-custom-width wp-block-button__width-25 is-style-fill\"><a class=\"wp-block-button__link has-white-color has-text-color has-background wp-element-button\" href=\"https:\/\/klinger.pt\/wp-content\/uploads\/2023\/03\/Control-Valve-Series-3003_compressed.pdf\" style=\"border-radius:0px;background-color:#003a68\" target=\"_blank\" rel=\"noreferrer noopener\">\u00bb Ficha T\u00e9cnica (EN)<\/a><\/div>\n<\/div>\n<\/div>\n<\/div>\n\n\n\n<div class=\"wp-block-columns is-layout-flex wp-container-core-columns-is-layout-9d6595d7 wp-block-columns-is-layout-flex\">\n<div class=\"wp-block-column is-layout-flow wp-block-column-is-layout-flow\" style=\"font-size:14px\">\n<h2 class=\"wp-block-heading\">S\u00e9rie 4000<\/h2>\n\n\n\n<p>V\u00e1lvulas reguladoras para sistemas criog\u00e9nicos<\/p>\n\n\n\n<p><strong>Material:<\/strong>&nbsp;A\u00e7o inoxid\u00e1vel AISI 316L (1.4404)<br><strong>Tamanho:<\/strong>&nbsp;DN 15\u201440<br><strong>Valor de press\u00e3o:<\/strong>&nbsp;PN16 (DN32\/40); PN16\/40 (DN10\/25)<br><strong>Temperatura:<\/strong>&nbsp;-196\u00b0C \/+100\u00b0C<\/p>\n\n\n\n<div class=\"wp-block-buttons has-custom-font-size has-small-font-size is-content-justification-left is-layout-flex wp-container-core-buttons-is-layout-fdcfc74e wp-block-buttons-is-layout-flex\">\n<div class=\"wp-block-button has-custom-width wp-block-button__width-25 is-style-fill\"><a class=\"wp-block-button__link has-white-color has-text-color has-background wp-element-button\" href=\"https:\/\/klinger.pt\/wp-content\/uploads\/2023\/03\/Control-Valve-Series-4000_compressed.pdf\" style=\"border-radius:0px;background-color:#003a68\" target=\"_blank\" rel=\"noreferrer noopener\">\u00bb Ficha T\u00e9cnica (EN)<\/a><\/div>\n<\/div>\n<\/div>\n\n\n\n<div class=\"wp-block-column is-layout-flow wp-block-column-is-layout-flow\" style=\"font-size:14px\">\n<h2 class=\"wp-block-heading\">S\u00e9rie 1000<\/h2>\n\n\n\n<p>V\u00e1lvula de 2 vias flanges<\/p>\n\n\n\n<p><strong>Material:<\/strong>&nbsp;A\u00e7o inoxid\u00e1vel AISI 316\/316L (1.4408\/1.4409)<br><strong>Tamanho:<\/strong> DN 15 \u2014 100 (1\/2\u201d \u2013 4\u201d)<br><strong>Valor de press\u00e3o:<\/strong>&nbsp;PN16<br><strong>Temperatura:<\/strong>&nbsp;-30\u00b0C \/+200\u00b0C<\/p>\n\n\n\n<div class=\"wp-block-buttons has-custom-font-size has-small-font-size is-content-justification-left is-layout-flex wp-container-core-buttons-is-layout-fdcfc74e wp-block-buttons-is-layout-flex\">\n<div class=\"wp-block-button has-custom-width wp-block-button__width-25 is-style-fill\"><a class=\"wp-block-button__link has-white-color has-text-color has-background wp-element-button\" href=\"https:\/\/klinger.pt\/wp-content\/uploads\/2023\/03\/Control-Valve-Series-1000_compressed.pdf\" style=\"border-radius:0px;background-color:#003a68\" target=\"_blank\" rel=\"noreferrer noopener\">\u00bb Ficha T\u00e9cnica (EN)<\/a><\/div>\n<\/div>\n<\/div>\n<\/div>\n\n\n\n<div class=\"wp-block-columns is-layout-flex wp-container-core-columns-is-layout-9d6595d7 wp-block-columns-is-layout-flex\">\n<div class=\"wp-block-column is-layout-flow wp-block-column-is-layout-flow\" style=\"font-size:14px\">\n<h2 class=\"wp-block-heading\">S\u00e9rie 600<\/h2>\n\n\n\n<p>V\u00e1lvulas de Controlo Sanit\u00e1rio<\/p>\n\n\n\n<p><strong>Material:<\/strong>&nbsp;A\u00e7o inoxid\u00e1vel AISI 316L (1.4404) para uso sanit\u00e1rio<br><strong>Tamanho:<\/strong>&nbsp;DN 15 \u2014 100<br><strong>Valor de press\u00e3o:<\/strong>&nbsp;PN10<br><strong>Temperatura:<\/strong>&nbsp;-15\u00b0C \/+160\u00b0C<\/p>\n\n\n\n<div class=\"wp-block-buttons has-custom-font-size has-small-font-size is-content-justification-left is-layout-flex wp-container-core-buttons-is-layout-fdcfc74e wp-block-buttons-is-layout-flex\">\n<div class=\"wp-block-button has-custom-width wp-block-button__width-25 is-style-fill\"><a class=\"wp-block-button__link has-white-color has-text-color has-background wp-element-button\" href=\"https:\/\/klinger.pt\/wp-content\/uploads\/2023\/03\/Control-Valve-Series-600.zip\" style=\"border-radius:0px;background-color:#003a68\" target=\"_blank\" rel=\"noreferrer noopener\">\u00bb Ficha T\u00e9cnica (EN)<\/a><\/div>\n<\/div>\n<\/div>\n\n\n\n<div class=\"wp-block-column transparente is-layout-flow wp-block-column-is-layout-flow\" style=\"font-size:14px\">\n<p><\/p>\n<\/div>\n<\/div>\n","protected":false},"excerpt":{"rendered":"<p>V\u00c1LVULAS DE CONTROLO GLOBO S\u00e9rie EURO Material: Ferro fundido nodular GS400-12 (GGG40), a\u00e7o carbono&nbsp;1.0619, a\u00e7o inoxid\u00e1vel AISI 316 (CF8M)Tamanho:&nbsp;DN15-100Valor de press\u00e3o:&nbsp;PN16Temperatura:&nbsp;-5\u00b0C\/+205\u00b0C S\u00e9rie 800 V\u00e1lvula globo de 2 vias para utiliza\u00e7\u00e3o m\u00e9dia-leve Material:&nbsp;Ferro fundido nodular GS400-12 (GGG40), a\u00e7o carbono A216 WCB, a\u00e7o inoxid\u00e1vel AISI 316 (CF8M)Tamanho:&nbsp;DN15-100Valor de press\u00e3o:&nbsp;PN16, PN40Temperatura:&nbsp;-20\u00b0C \/+205\u00b0C S\u00e9rie 2000 V\u00e1lvula de 2 vias [&hellip;]<\/p>\n","protected":false},"author":4,"featured_media":0,"parent":40026,"menu_order":0,"comment_status":"closed","ping_status":"closed","template":"page-templates\/servicios.php","meta":{"_eb_attr":"","footnotes":""},"class_list":["post-39958","page","type-page","status-publish","hentry"],"aioseo_notices":[],"_links":{"self":[{"href":"https:\/\/klinger.pt\/es\/wp-json\/wp\/v2\/pages\/39958","targetHints":{"allow":["GET"]}}],"collection":[{"href":"https:\/\/klinger.pt\/es\/wp-json\/wp\/v2\/pages"}],"about":[{"href":"https:\/\/klinger.pt\/es\/wp-json\/wp\/v2\/types\/page"}],"author":[{"embeddable":true,"href":"https:\/\/klinger.pt\/es\/wp-json\/wp\/v2\/users\/4"}],"replies":[{"embeddable":true,"href":"https:\/\/klinger.pt\/es\/wp-json\/wp\/v2\/comments?post=39958"}],"version-history":[{"count":10,"href":"https:\/\/klinger.pt\/es\/wp-json\/wp\/v2\/pages\/39958\/revisions"}],"predecessor-version":[{"id":40156,"href":"https:\/\/klinger.pt\/es\/wp-json\/wp\/v2\/pages\/39958\/revisions\/40156"}],"up":[{"embeddable":true,"href":"https:\/\/klinger.pt\/es\/wp-json\/wp\/v2\/pages\/40026"}],"wp:attachment":[{"href":"https:\/\/klinger.pt\/es\/wp-json\/wp\/v2\/media?parent=39958"}],"curies":[{"name":"wp","href":"https:\/\/api.w.org\/{rel}","templated":true}]}}