{"id":3992,"date":"2020-07-01T13:18:38","date_gmt":"2020-07-01T12:18:38","guid":{"rendered":"https:\/\/m5j0n6nk9p.onrocket.site\/?p=3992"},"modified":"2023-02-28T11:24:18","modified_gmt":"2023-02-28T11:24:18","slug":"unidade-compacta-fossa-septica","status":"publish","type":"page","link":"https:\/\/klinger.pt\/es\/water-solutions\/equipamentos-compactos-pre-tratamento\/unidade-compacta-fossa-septica\/","title":{"rendered":"UNIDADE COMPACTA FOSSA S\u00c9PTICA"},"content":{"rendered":"\t\t<div data-elementor-type=\"wp-post\" data-elementor-id=\"3992\" class=\"elementor elementor-3992\">\n\t\t\t\t\t\t<section class=\"elementor-section elementor-top-section elementor-element elementor-element-215b724 elementor-section-stretched elementor-section-boxed elementor-section-height-default elementor-section-height-default\" data-id=\"215b724\" data-element_type=\"section\" data-e-type=\"section\" data-settings=\"{&quot;stretch_section&quot;:&quot;section-stretched&quot;}\">\n\t\t\t\t\t\t<div class=\"elementor-container elementor-column-gap-default\">\n\t\t\t\t\t<div class=\"elementor-column elementor-col-50 elementor-top-column elementor-element elementor-element-3a6beb6\" data-id=\"3a6beb6\" data-element_type=\"column\" data-e-type=\"column\">\n\t\t\t<div class=\"elementor-widget-wrap elementor-element-populated\">\n\t\t\t\t\t\t<div class=\"elementor-element elementor-element-70482d4 elementor-widget elementor-widget-heading\" data-id=\"70482d4\" data-element_type=\"widget\" data-e-type=\"widget\" data-widget_type=\"heading.default\">\n\t\t\t\t<div class=\"elementor-widget-container\">\n\t\t\t\t\t<h1 class=\"elementor-heading-title elementor-size-default\">Unidade Compacta Fossa S\u00e9ptica<\/h1>\t\t\t\t<\/div>\n\t\t\t\t<\/div>\n\t\t\t\t<div class=\"elementor-element elementor-element-f0a0a2e elementor-widget elementor-widget-text-editor\" data-id=\"f0a0a2e\" data-element_type=\"widget\" data-e-type=\"widget\" data-widget_type=\"text-editor.default\">\n\t\t\t\t<div class=\"elementor-widget-container\">\n\t\t\t\t\t\t\t\t\t<p>A unidade compacta fossa s\u00e9ptica \u00e9 uma unidade combinada composta por: Separador de Areias modelo CA + Tamisador Compactador TP-CT, utilizada para recep\u00e7\u00e3o e tratamento das aguas residuais dom\u00e9sticas.<\/p>\t\t\t\t\t\t\t\t<\/div>\n\t\t\t\t<\/div>\n\t\t\t\t<div class=\"elementor-element elementor-element-aaef817 elementor-widget elementor-widget-text-editor\" data-id=\"aaef817\" data-element_type=\"widget\" data-e-type=\"widget\" data-widget_type=\"text-editor.default\">\n\t\t\t\t<div class=\"elementor-widget-container\">\n\t\t\t\t\t\t\t\t\t<h3>Caracter\u00edsticas<\/h3>\t\t\t\t\t\t\t\t<\/div>\n\t\t\t\t<\/div>\n\t\t\t\t<div class=\"elementor-element elementor-element-1a12029 elementor-align-start elementor-icon-list--layout-traditional elementor-list-item-link-full_width elementor-widget elementor-widget-icon-list\" data-id=\"1a12029\" data-element_type=\"widget\" data-e-type=\"widget\" data-widget_type=\"icon-list.default\">\n\t\t\t\t<div class=\"elementor-widget-container\">\n\t\t\t\t\t\t\t<ul class=\"elementor-icon-list-items\">\n\t\t\t\t\t\t\t<li class=\"elementor-icon-list-item\">\n\t\t\t\t\t\t\t\t\t\t\t<span class=\"elementor-icon-list-icon\">\n\t\t\t\t\t\t\t<svg xmlns=\"http:\/\/www.w3.org\/2000\/svg\" width=\"41.293\" height=\"42.117\" viewBox=\"0 0 41.293 42.117\"><g id=\"Group_639\" data-name=\"Group 639\" transform=\"translate(0 0)\"><path id=\"Path_695\" data-name=\"Path 695\" d=\"M0,0,13.176,21.058,0,42.117H8.236L21.411,21.058,8.237,0Z\" fill=\"#002847\"><\/path><path id=\"Path_696\" data-name=\"Path 696\" d=\"M19.882,0,33.058,21.058,19.881,42.117h8.236L41.293,21.058,28.118,0Z\" fill=\"#002847\"><\/path><\/g><\/svg>\t\t\t\t\t\t<\/span>\n\t\t\t\t\t\t\t\t\t\t<span class=\"elementor-icon-list-text\">Material de constru\u00e7\u00e3o Estrutura externa: a\u00e7o inoxid\u00e1vel AISI304L \/ AISI316L<\/span>\n\t\t\t\t\t\t\t\t\t<\/li>\n\t\t\t\t\t\t\t\t<li class=\"elementor-icon-list-item\">\n\t\t\t\t\t\t\t\t\t\t\t<span class=\"elementor-icon-list-icon\">\n\t\t\t\t\t\t\t<svg xmlns=\"http:\/\/www.w3.org\/2000\/svg\" width=\"41.293\" height=\"42.117\" viewBox=\"0 0 41.293 42.117\"><g id=\"Group_639\" data-name=\"Group 639\" transform=\"translate(0 0)\"><path id=\"Path_695\" data-name=\"Path 695\" d=\"M0,0,13.176,21.058,0,42.117H8.236L21.411,21.058,8.237,0Z\" fill=\"#002847\"><\/path><path id=\"Path_696\" data-name=\"Path 696\" d=\"M19.882,0,33.058,21.058,19.881,42.117h8.236L41.293,21.058,28.118,0Z\" fill=\"#002847\"><\/path><\/g><\/svg>\t\t\t\t\t\t<\/span>\n\t\t\t\t\t\t\t\t\t\t<span class=\"elementor-icon-list-text\">Parafuso: a\u00e7o carbono HSS ou ss AISI 304L \/ AISI316L<\/span>\n\t\t\t\t\t\t\t\t\t<\/li>\n\t\t\t\t\t\t\t\t<li class=\"elementor-icon-list-item\">\n\t\t\t\t\t\t\t\t\t\t\t<span class=\"elementor-icon-list-icon\">\n\t\t\t\t\t\t\t<svg xmlns=\"http:\/\/www.w3.org\/2000\/svg\" width=\"41.293\" height=\"42.117\" viewBox=\"0 0 41.293 42.117\"><g id=\"Group_639\" data-name=\"Group 639\" transform=\"translate(0 0)\"><path id=\"Path_695\" data-name=\"Path 695\" d=\"M0,0,13.176,21.058,0,42.117H8.236L21.411,21.058,8.237,0Z\" fill=\"#002847\"><\/path><path id=\"Path_696\" data-name=\"Path 696\" d=\"M19.882,0,33.058,21.058,19.881,42.117h8.236L41.293,21.058,28.118,0Z\" fill=\"#002847\"><\/path><\/g><\/svg>\t\t\t\t\t\t<\/span>\n\t\t\t\t\t\t\t\t\t\t<span class=\"elementor-icon-list-text\">Tubo de entrada com flange<\/span>\n\t\t\t\t\t\t\t\t\t<\/li>\n\t\t\t\t\t\t<\/ul>\n\t\t\t\t\t\t<\/div>\n\t\t\t\t<\/div>\n\t\t\t\t<div class=\"elementor-element elementor-element-4408913 elementor-widget elementor-widget-text-editor\" data-id=\"4408913\" data-element_type=\"widget\" data-e-type=\"widget\" data-widget_type=\"text-editor.default\">\n\t\t\t\t<div class=\"elementor-widget-container\">\n\t\t\t\t\t\t\t\t\t<h3>Vantagens<\/h3>\t\t\t\t\t\t\t\t<\/div>\n\t\t\t\t<\/div>\n\t\t\t\t<div class=\"elementor-element elementor-element-998f09c elementor-icon-list--layout-traditional elementor-list-item-link-full_width elementor-widget elementor-widget-icon-list\" data-id=\"998f09c\" data-element_type=\"widget\" data-e-type=\"widget\" data-widget_type=\"icon-list.default\">\n\t\t\t\t<div class=\"elementor-widget-container\">\n\t\t\t\t\t\t\t<ul class=\"elementor-icon-list-items\">\n\t\t\t\t\t\t\t<li class=\"elementor-icon-list-item\">\n\t\t\t\t\t\t\t\t\t\t\t<span class=\"elementor-icon-list-icon\">\n\t\t\t\t\t\t\t<svg xmlns=\"http:\/\/www.w3.org\/2000\/svg\" width=\"41.293\" height=\"42.117\" viewBox=\"0 0 41.293 42.117\"><g id=\"Group_639\" data-name=\"Group 639\" transform=\"translate(0 0)\"><path id=\"Path_695\" data-name=\"Path 695\" d=\"M0,0,13.176,21.058,0,42.117H8.236L21.411,21.058,8.237,0Z\" fill=\"#002847\"><\/path><path id=\"Path_696\" data-name=\"Path 696\" d=\"M19.882,0,33.058,21.058,19.881,42.117h8.236L41.293,21.058,28.118,0Z\" fill=\"#002847\"><\/path><\/g><\/svg>\t\t\t\t\t\t<\/span>\n\t\t\t\t\t\t\t\t\t\t<span class=\"elementor-icon-list-text\">Sem odor<\/span>\n\t\t\t\t\t\t\t\t\t<\/li>\n\t\t\t\t\t\t\t\t<li class=\"elementor-icon-list-item\">\n\t\t\t\t\t\t\t\t\t\t\t<span class=\"elementor-icon-list-icon\">\n\t\t\t\t\t\t\t<svg xmlns=\"http:\/\/www.w3.org\/2000\/svg\" width=\"41.293\" height=\"42.117\" viewBox=\"0 0 41.293 42.117\"><g id=\"Group_639\" data-name=\"Group 639\" transform=\"translate(0 0)\"><path id=\"Path_695\" data-name=\"Path 695\" d=\"M0,0,13.176,21.058,0,42.117H8.236L21.411,21.058,8.237,0Z\" fill=\"#002847\"><\/path><path id=\"Path_696\" data-name=\"Path 696\" d=\"M19.882,0,33.058,21.058,19.881,42.117h8.236L41.293,21.058,28.118,0Z\" fill=\"#002847\"><\/path><\/g><\/svg>\t\t\t\t\t\t<\/span>\n\t\t\t\t\t\t\t\t\t\t<span class=\"elementor-icon-list-text\">Sem entupimento<\/span>\n\t\t\t\t\t\t\t\t\t<\/li>\n\t\t\t\t\t\t\t\t<li class=\"elementor-icon-list-item\">\n\t\t\t\t\t\t\t\t\t\t\t<span class=\"elementor-icon-list-icon\">\n\t\t\t\t\t\t\t<svg xmlns=\"http:\/\/www.w3.org\/2000\/svg\" width=\"41.293\" height=\"42.117\" viewBox=\"0 0 41.293 42.117\"><g id=\"Group_639\" data-name=\"Group 639\" transform=\"translate(0 0)\"><path id=\"Path_695\" data-name=\"Path 695\" d=\"M0,0,13.176,21.058,0,42.117H8.236L21.411,21.058,8.237,0Z\" fill=\"#002847\"><\/path><path id=\"Path_696\" data-name=\"Path 696\" d=\"M19.882,0,33.058,21.058,19.881,42.117h8.236L41.293,21.058,28.118,0Z\" fill=\"#002847\"><\/path><\/g><\/svg>\t\t\t\t\t\t<\/span>\n\t\t\t\t\t\t\t\t\t\t<span class=\"elementor-icon-list-text\">Baixos custos de manuten\u00e7\u00e3o e opera\u00e7\u00e3o<\/span>\n\t\t\t\t\t\t\t\t\t<\/li>\n\t\t\t\t\t\t\t\t<li class=\"elementor-icon-list-item\">\n\t\t\t\t\t\t\t\t\t\t\t<span class=\"elementor-icon-list-icon\">\n\t\t\t\t\t\t\t<svg xmlns=\"http:\/\/www.w3.org\/2000\/svg\" width=\"41.293\" height=\"42.117\" viewBox=\"0 0 41.293 42.117\"><g id=\"Group_639\" data-name=\"Group 639\" transform=\"translate(0 0)\"><path id=\"Path_695\" data-name=\"Path 695\" d=\"M0,0,13.176,21.058,0,42.117H8.236L21.411,21.058,8.237,0Z\" fill=\"#002847\"><\/path><path id=\"Path_696\" data-name=\"Path 696\" d=\"M19.882,0,33.058,21.058,19.881,42.117h8.236L41.293,21.058,28.118,0Z\" fill=\"#002847\"><\/path><\/g><\/svg>\t\t\t\t\t\t<\/span>\n\t\t\t\t\t\t\t\t\t\t<span class=\"elementor-icon-list-text\">Requer pouco espa\u00e7o<\/span>\n\t\t\t\t\t\t\t\t\t<\/li>\n\t\t\t\t\t\t\t\t<li class=\"elementor-icon-list-item\">\n\t\t\t\t\t\t\t\t\t\t\t<span class=\"elementor-icon-list-icon\">\n\t\t\t\t\t\t\t<svg xmlns=\"http:\/\/www.w3.org\/2000\/svg\" width=\"41.293\" height=\"42.117\" viewBox=\"0 0 41.293 42.117\"><g id=\"Group_639\" data-name=\"Group 639\" transform=\"translate(0 0)\"><path id=\"Path_695\" data-name=\"Path 695\" d=\"M0,0,13.176,21.058,0,42.117H8.236L21.411,21.058,8.237,0Z\" fill=\"#002847\"><\/path><path id=\"Path_696\" data-name=\"Path 696\" d=\"M19.882,0,33.058,21.058,19.881,42.117h8.236L41.293,21.058,28.118,0Z\" fill=\"#002847\"><\/path><\/g><\/svg>\t\t\t\t\t\t<\/span>\n\t\t\t\t\t\t\t\t\t\t<span class=\"elementor-icon-list-text\">N\u00e3o s\u00e3o necess\u00e1rias obras<\/span>\n\t\t\t\t\t\t\t\t\t<\/li>\n\t\t\t\t\t\t\t\t<li class=\"elementor-icon-list-item\">\n\t\t\t\t\t\t\t\t\t\t\t<span class=\"elementor-icon-list-icon\">\n\t\t\t\t\t\t\t<svg xmlns=\"http:\/\/www.w3.org\/2000\/svg\" width=\"41.293\" height=\"42.117\" viewBox=\"0 0 41.293 42.117\"><g id=\"Group_639\" data-name=\"Group 639\" transform=\"translate(0 0)\"><path id=\"Path_695\" data-name=\"Path 695\" d=\"M0,0,13.176,21.058,0,42.117H8.236L21.411,21.058,8.237,0Z\" fill=\"#002847\"><\/path><path id=\"Path_696\" data-name=\"Path 696\" d=\"M19.882,0,33.058,21.058,19.881,42.117h8.236L41.293,21.058,28.118,0Z\" fill=\"#002847\"><\/path><\/g><\/svg>\t\t\t\t\t\t<\/span>\n\t\t\t\t\t\t\t\t\t\t<span class=\"elementor-icon-list-text\">F\u00e1cil de instalar e operar<\/span>\n\t\t\t\t\t\t\t\t\t<\/li>\n\t\t\t\t\t\t\t\t<li class=\"elementor-icon-list-item\">\n\t\t\t\t\t\t\t\t\t\t\t<span class=\"elementor-icon-list-icon\">\n\t\t\t\t\t\t\t<svg xmlns=\"http:\/\/www.w3.org\/2000\/svg\" width=\"41.293\" height=\"42.117\" viewBox=\"0 0 41.293 42.117\"><g id=\"Group_639\" data-name=\"Group 639\" transform=\"translate(0 0)\"><path id=\"Path_695\" data-name=\"Path 695\" d=\"M0,0,13.176,21.058,0,42.117H8.236L21.411,21.058,8.237,0Z\" fill=\"#002847\"><\/path><path id=\"Path_696\" data-name=\"Path 696\" d=\"M19.882,0,33.058,21.058,19.881,42.117h8.236L41.293,21.058,28.118,0Z\" fill=\"#002847\"><\/path><\/g><\/svg>\t\t\t\t\t\t<\/span>\n\t\t\t\t\t\t\t\t\t\t<span class=\"elementor-icon-list-text\">Conte\u00fado org\u00e2nico residual muito baixo no s\u00f3lido desbotado<\/span>\n\t\t\t\t\t\t\t\t\t<\/li>\n\t\t\t\t\t\t\t\t<li class=\"elementor-icon-list-item\">\n\t\t\t\t\t\t\t\t\t\t\t<span class=\"elementor-icon-list-icon\">\n\t\t\t\t\t\t\t<svg xmlns=\"http:\/\/www.w3.org\/2000\/svg\" width=\"41.293\" height=\"42.117\" viewBox=\"0 0 41.293 42.117\"><g id=\"Group_639\" data-name=\"Group 639\" transform=\"translate(0 0)\"><path id=\"Path_695\" data-name=\"Path 695\" d=\"M0,0,13.176,21.058,0,42.117H8.236L21.411,21.058,8.237,0Z\" fill=\"#002847\"><\/path><path id=\"Path_696\" data-name=\"Path 696\" d=\"M19.882,0,33.058,21.058,19.881,42.117h8.236L41.293,21.058,28.118,0Z\" fill=\"#002847\"><\/path><\/g><\/svg>\t\t\t\t\t\t<\/span>\n\t\t\t\t\t\t\t\t\t\t<span class=\"elementor-icon-list-text\">Redu\u00e7\u00e3o de volume (at\u00e9 40%) de s\u00f3lidos<\/span>\n\t\t\t\t\t\t\t\t\t<\/li>\n\t\t\t\t\t\t\t\t<li class=\"elementor-icon-list-item\">\n\t\t\t\t\t\t\t\t\t\t\t<span class=\"elementor-icon-list-icon\">\n\t\t\t\t\t\t\t<svg xmlns=\"http:\/\/www.w3.org\/2000\/svg\" width=\"41.293\" height=\"42.117\" viewBox=\"0 0 41.293 42.117\"><g id=\"Group_639\" data-name=\"Group 639\" transform=\"translate(0 0)\"><path id=\"Path_695\" data-name=\"Path 695\" d=\"M0,0,13.176,21.058,0,42.117H8.236L21.411,21.058,8.237,0Z\" fill=\"#002847\"><\/path><path id=\"Path_696\" data-name=\"Path 696\" d=\"M19.882,0,33.058,21.058,19.881,42.117h8.236L41.293,21.058,28.118,0Z\" fill=\"#002847\"><\/path><\/g><\/svg>\t\t\t\t\t\t<\/span>\n\t\t\t\t\t\t\t\t\t\t<span class=\"elementor-icon-list-text\">Remo\u00e7\u00e3o de areia:&gt; = 90% de part\u00edculas at\u00e9 200 \u03bc<\/span>\n\t\t\t\t\t\t\t\t\t<\/li>\n\t\t\t\t\t\t<\/ul>\n\t\t\t\t\t\t<\/div>\n\t\t\t\t<\/div>\n\t\t\t\t<div class=\"elementor-element elementor-element-697b8e0 elementor-widget elementor-widget-text-editor\" data-id=\"697b8e0\" data-element_type=\"widget\" data-e-type=\"widget\" data-widget_type=\"text-editor.default\">\n\t\t\t\t<div class=\"elementor-widget-container\">\n\t\t\t\t\t\t\t\t\t<h3>Downloads<\/h3><div><span style=\"color: #3d3d3d; font-family: 'Open Sans', sans-serif;\">Abaixo, pode encontrar mais informa\u00e7\u00f5es relacionadas com o produto.<\/span><\/div>\t\t\t\t\t\t\t\t<\/div>\n\t\t\t\t<\/div>\n\t\t\t\t<div class=\"elementor-element elementor-element-4089b53 elementor-widget elementor-widget-text-editor\" data-id=\"4089b53\" data-element_type=\"widget\" data-e-type=\"widget\" data-widget_type=\"text-editor.default\">\n\t\t\t\t<div class=\"elementor-widget-container\">\n\t\t\t\t\t\t\t\t\t<div class=\"ce_download block\"><a class=\"gtm-download\" href=\"https:\/\/klinger.pt\/wp-content\/uploads\/2021\/05\/Catalogo-Unidades-Combinadas-MINIUCP-UFS.pdf\" target=\"_blank\" rel=\"noopener\">[PT] Cat\u00e1logo Unidades Combinadas MINIUCP-UFS (pdf)<\/a><\/div>\t\t\t\t\t\t\t\t<\/div>\n\t\t\t\t<\/div>\n\t\t\t\t<div class=\"elementor-element elementor-element-57d305b elementor-widget elementor-widget-text-editor\" data-id=\"57d305b\" data-element_type=\"widget\" data-e-type=\"widget\" data-widget_type=\"text-editor.default\">\n\t\t\t\t<div class=\"elementor-widget-container\">\n\t\t\t\t\t\t\t\t\t<div class=\"ce_download block\"><a class=\"gtm-download\" href=\"https:\/\/klinger.pt\/wp-content\/uploads\/2020\/09\/Fossa-Septica.pdf\" target=\"_blank\" rel=\"noopener\">[ES] Cat\u00e1logo Unidad Combinada 2 Funciones (pdf)<\/a><\/div>\t\t\t\t\t\t\t\t<\/div>\n\t\t\t\t<\/div>\n\t\t\t\t\t<\/div>\n\t\t<\/div>\n\t\t\t\t<div class=\"elementor-column elementor-col-50 elementor-top-column elementor-element elementor-element-b87d2f4\" data-id=\"b87d2f4\" data-element_type=\"column\" data-e-type=\"column\">\n\t\t\t<div class=\"elementor-widget-wrap elementor-element-populated\">\n\t\t\t\t\t\t<div class=\"elementor-element elementor-element-b3545df elementor-widget elementor-widget-image\" data-id=\"b3545df\" data-element_type=\"widget\" data-e-type=\"widget\" data-widget_type=\"image.default\">\n\t\t\t\t<div class=\"elementor-widget-container\">\n\t\t\t\t\t\t\t\t\t\t\t\t\t\t\t<img fetchpriority=\"high\" decoding=\"async\" width=\"252\" height=\"252\" src=\"https:\/\/klinger.pt\/wp-content\/uploads\/2020\/07\/tamisador-fossa-septica-thumbail.jpg\" class=\"attachment-medium size-medium wp-image-3995\" alt=\"\" srcset=\"https:\/\/klinger.pt\/wp-content\/uploads\/2020\/07\/tamisador-fossa-septica-thumbail.jpg 252w, https:\/\/klinger.pt\/wp-content\/uploads\/2020\/07\/tamisador-fossa-septica-thumbail-150x150.jpg 150w\" sizes=\"(max-width: 252px) 100vw, 252px\" \/>\t\t\t\t\t\t\t\t\t\t\t\t\t\t\t<\/div>\n\t\t\t\t<\/div>\n\t\t\t\t\t<\/div>\n\t\t<\/div>\n\t\t\t\t\t<\/div>\n\t\t<\/section>\n\t\t\t\t<\/div>\n\t\t","protected":false},"excerpt":{"rendered":"<p>UNIDADE COMPACTA FOSSA S\u00c9PTICA A unidade compacta fossa s\u00e9ptica \u00e9 uma unidade combinada composta por: Separador de Areias modelo CA + Tamisador Compactador TP-CT, utilizada para rece\u00e7\u00e3o e tratamento das aguas residuais dom\u00e9sticas. CARACTER\u00cdSTICAS VANTAGENS<\/p>\n","protected":false},"author":1,"featured_media":0,"parent":16414,"menu_order":230,"comment_status":"closed","ping_status":"closed","template":"page-templates\/servicios.php","meta":{"_eb_attr":"","footnotes":""},"class_list":["post-3992","page","type-page","status-publish","hentry"],"aioseo_notices":[],"_links":{"self":[{"href":"https:\/\/klinger.pt\/es\/wp-json\/wp\/v2\/pages\/3992","targetHints":{"allow":["GET"]}}],"collection":[{"href":"https:\/\/klinger.pt\/es\/wp-json\/wp\/v2\/pages"}],"about":[{"href":"https:\/\/klinger.pt\/es\/wp-json\/wp\/v2\/types\/page"}],"author":[{"embeddable":true,"href":"https:\/\/klinger.pt\/es\/wp-json\/wp\/v2\/users\/1"}],"replies":[{"embeddable":true,"href":"https:\/\/klinger.pt\/es\/wp-json\/wp\/v2\/comments?post=3992"}],"version-history":[{"count":3,"href":"https:\/\/klinger.pt\/es\/wp-json\/wp\/v2\/pages\/3992\/revisions"}],"predecessor-version":[{"id":38619,"href":"https:\/\/klinger.pt\/es\/wp-json\/wp\/v2\/pages\/3992\/revisions\/38619"}],"up":[{"embeddable":true,"href":"https:\/\/klinger.pt\/es\/wp-json\/wp\/v2\/pages\/16414"}],"wp:attachment":[{"href":"https:\/\/klinger.pt\/es\/wp-json\/wp\/v2\/media?parent=3992"}],"curies":[{"name":"wp","href":"https:\/\/api.w.org\/{rel}","templated":true}]}}