{"id":39906,"date":"2023-03-27T11:21:39","date_gmt":"2023-03-27T10:21:39","guid":{"rendered":"https:\/\/m5j0n6nk9p.onrocket.site\/?page_id=39906"},"modified":"2023-05-11T11:47:05","modified_gmt":"2023-05-11T10:47:05","slug":"valvula-macho-conico-kpy","status":"publish","type":"page","link":"https:\/\/klinger.pt\/es\/produtos\/valvulas\/valvulas-revestidas\/valvula-macho-conico-kpy\/","title":{"rendered":"V\u00c1LVULA MACHO C\u00d3NICO KPY-LPV | LPV3W"},"content":{"rendered":"\n<div class=\"wp-block-columns is-layout-flex wp-container-core-columns-is-layout-9d6595d7 wp-block-columns-is-layout-flex\">\n<div class=\"wp-block-column is-layout-flow wp-block-column-is-layout-flow\" style=\"flex-basis:400px\"><div class=\"wp-block-image\">\n<figure class=\"aligncenter size-full\"><img fetchpriority=\"high\" decoding=\"async\" width=\"700\" height=\"483\" src=\"https:\/\/klinger.pt\/wp-content\/uploads\/2023\/03\/KPY-pag.webp\" alt=\"V\u00c1LVULA MACHO C\u00d3NICO KPY-LPV | LPV3W\" class=\"wp-image-39869\" srcset=\"https:\/\/klinger.pt\/wp-content\/uploads\/2023\/03\/KPY-pag.webp 700w, https:\/\/klinger.pt\/wp-content\/uploads\/2023\/03\/KPY-pag-300x207.webp 300w\" sizes=\"(max-width: 700px) 100vw, 700px\" \/><\/figure>\n<\/div><\/div>\n\n\n\n<div class=\"wp-block-column is-layout-flow wp-block-column-is-layout-flow\" style=\"flex-basis:700px\">\n<h1 class=\"wp-block-heading\">V\u00c1LVULA MACHO C\u00d3NICO KPY-LPV | LPV3W<\/h1>\n\n\n\n<p>A V\u00e1lvula Macho C\u00f3nico KPY-LPV | LPV3W apresenta uma constru\u00e7\u00e3o robusta com materiais de corpo feitos de ASTM CF8M, CF8, e WCB. A sua gama de tamanhos abrange DN 15 a 250 e NPS 1\/2&#8243; a 10&#8243;, tornando-o adequado para v\u00e1rias aplica\u00e7\u00f5es industriais. A press\u00e3o nominal deste produto pode atingir PN10 e PN16 para conex\u00f5es flangeadas, enquanto que as op\u00e7\u00f5es CL150 e CL300 tamb\u00e9m est\u00e3o dispon\u00edveis. A liga\u00e7\u00e3o da extremidade \u00e9 flangeada, garantindo uma fixa\u00e7\u00e3o segura e fi\u00e1vel a outros componentes. Al\u00e9m disso, o material de revestimento utilizado para este produto \u00e9 PFA, FEP, e PO, o que proporciona excelente resist\u00eancia qu\u00edmica e durabilidade, tornando-o ideal para utiliza\u00e7\u00e3o em ambientes agressivos.<\/p>\n\n\n\n<h2 class=\"wp-block-heading\">Meios<\/h2>\n\n\n\n<ul class=\"wp-block-list\">\n<li>Meio corrosivo forte, ou seja, \u00e1cido clor\u00eddrico<\/li>\n\n\n\n<li>\u00c1cido n\u00edtrico<\/li>\n\n\n\n<li>\u00c1cido fluor\u00eddrico<\/li>\n\n\n\n<li>Cloro l\u00edquido<\/li>\n\n\n\n<li>\u00c1cido sulf\u00farico<\/li>\n\n\n\n<li>Aqua regia, etc.<\/li>\n<\/ul>\n<\/div>\n<\/div>\n\n\n\n<h5 class=\"wp-block-heading\"><a href=\"https:\/\/klinger.pt\/wp-content\/uploads\/2023\/03\/KPY_Lined-Plug-Valve_v1.0_compressed_compressed.pdf\" target=\"_blank\" rel=\"noopener\" title=\"\">FICHA T\u00c9CNICA V\u00c1LVULA MACHO C\u00d3NICO REVESTIDA KPY-LPV | LPV3W (EN)<\/a><\/h5>\n\n\n\n<h5 class=\"wp-block-heading\"><a href=\"https:\/\/klinger.pt\/wp-content\/uploads\/2023\/05\/Catalogo-Valvulas-Revestidas-PT-11.05.23_compressed.pdf\" target=\"_blank\" rel=\"noopener\" title=\"\">CAT\u00c1LOGO V\u00c1LVULAS REVESTIDAS (PT)<\/a><\/h5>\n","protected":false},"excerpt":{"rendered":"<p>V\u00c1LVULA MACHO C\u00d3NICO KPY-LPV | LPV3W A V\u00e1lvula Macho C\u00f3nico KPY-LPV | LPV3W apresenta uma constru\u00e7\u00e3o robusta com materiais de corpo feitos de ASTM CF8M, CF8, e WCB. A sua gama de tamanhos abrange DN 15 a 250 e NPS 1\/2&#8243; a 10&#8243;, tornando-o adequado para v\u00e1rias aplica\u00e7\u00f5es industriais. A press\u00e3o nominal deste produto pode [&hellip;]<\/p>\n","protected":false},"author":4,"featured_media":0,"parent":37015,"menu_order":0,"comment_status":"closed","ping_status":"closed","template":"page-templates\/servicios.php","meta":{"_eb_attr":"","footnotes":""},"class_list":["post-39906","page","type-page","status-publish","hentry"],"aioseo_notices":[],"_links":{"self":[{"href":"https:\/\/klinger.pt\/es\/wp-json\/wp\/v2\/pages\/39906","targetHints":{"allow":["GET"]}}],"collection":[{"href":"https:\/\/klinger.pt\/es\/wp-json\/wp\/v2\/pages"}],"about":[{"href":"https:\/\/klinger.pt\/es\/wp-json\/wp\/v2\/types\/page"}],"author":[{"embeddable":true,"href":"https:\/\/klinger.pt\/es\/wp-json\/wp\/v2\/users\/4"}],"replies":[{"embeddable":true,"href":"https:\/\/klinger.pt\/es\/wp-json\/wp\/v2\/comments?post=39906"}],"version-history":[{"count":6,"href":"https:\/\/klinger.pt\/es\/wp-json\/wp\/v2\/pages\/39906\/revisions"}],"predecessor-version":[{"id":42514,"href":"https:\/\/klinger.pt\/es\/wp-json\/wp\/v2\/pages\/39906\/revisions\/42514"}],"up":[{"embeddable":true,"href":"https:\/\/klinger.pt\/es\/wp-json\/wp\/v2\/pages\/37015"}],"wp:attachment":[{"href":"https:\/\/klinger.pt\/es\/wp-json\/wp\/v2\/media?parent=39906"}],"curies":[{"name":"wp","href":"https:\/\/api.w.org\/{rel}","templated":true}]}}