{"id":39832,"date":"2023-03-31T12:24:39","date_gmt":"2023-03-31T11:24:39","guid":{"rendered":"https:\/\/m5j0n6nk9p.onrocket.site\/?page_id=39832"},"modified":"2023-04-03T12:01:03","modified_gmt":"2023-04-03T11:01:03","slug":"valvulas-de-retencao-alta-pressao","status":"publish","type":"page","link":"https:\/\/klinger.pt\/es\/produtos\/valvulas\/valvulas-de-retencao\/valvulas-de-retencao-alta-pressao\/","title":{"rendered":"V\u00c1LVULAS DE RETEN\u00c7\u00c3O ALTA PRESS\u00c3O"},"content":{"rendered":"\n<div class=\"wp-block-columns is-layout-flex wp-container-core-columns-is-layout-9d6595d7 wp-block-columns-is-layout-flex\">\n<div class=\"wp-block-column is-layout-flow wp-block-column-is-layout-flow\" style=\"flex-basis:400px\"><div class=\"wp-block-image\">\n<figure class=\"aligncenter size-full\"><img fetchpriority=\"high\" decoding=\"async\" width=\"620\" height=\"483\" src=\"https:\/\/klinger.pt\/wp-content\/uploads\/2023\/03\/Valvula-Retencao-AP-pag.webp\" alt=\"V\u00c1LVULAS DE RETEN\u00c7\u00c3O ALTA PRESS\u00c3O\" class=\"wp-image-39833\" srcset=\"https:\/\/klinger.pt\/wp-content\/uploads\/2023\/03\/Valvula-Retencao-AP-pag.webp 620w, https:\/\/klinger.pt\/wp-content\/uploads\/2023\/03\/Valvula-Retencao-AP-pag-300x234.webp 300w\" sizes=\"(max-width: 620px) 100vw, 620px\" \/><\/figure>\n<\/div><\/div>\n\n\n\n<div class=\"wp-block-column is-layout-flow wp-block-column-is-layout-flow\" style=\"flex-basis:700px\">\n<h1 class=\"wp-block-heading\">V\u00c1LVULAS DE RETEN\u00c7\u00c3O ALTA PRESS\u00c3O<\/h1>\n\n\n\n<p>As v\u00e1lvulas de reten\u00e7\u00e3o alta press\u00e3o s\u00e3o comumente colocadas em tubula\u00e7\u00f5es para impedir que o fluido retorne. Essas v\u00e1lvulas geralmente permitem o fluxo em apenas uma dire\u00e7\u00e3o e, se houver uma invers\u00e3o no fluxo, elas fecham para proteger a tubula\u00e7\u00e3o, outras v\u00e1lvulas, bombas e equipamentos que possam estar conectados na tubula\u00e7\u00e3o.<\/p>\n\n\n\n<p><\/p>\n<\/div>\n<\/div>\n\n\n\n<h5 class=\"wp-block-heading\"><a href=\"https:\/\/klinger.pt\/wp-content\/uploads\/2023\/03\/KSA100-KKA100_PN100_00_compressed.pdf\" target=\"_blank\" rel=\"noopener\" title=\"SWING CHECK VALVE ACID PROOF KKA100 KKB100 PN100\"><\/a><a href=\"https:\/\/klinger.pt\/wp-content\/uploads\/2023\/03\/KSA100-KKA100_PN100_00_compressed.pdf\" target=\"_blank\" rel=\"noopener\" title=\"\">FICHA T\u00c9CNICA V\u00c1LVULA DE RETEN\u00c7\u00c3O SWING ACID PROOF KKA100 KKB100 PN100 (EN)<\/a><\/h5>\n\n\n\n<h5 class=\"wp-block-heading\"><a href=\"https:\/\/klinger.pt\/wp-content\/uploads\/2023\/03\/464_Check-Valve_PN100_00_compressed.pdf\" target=\"_blank\" rel=\"noopener\" title=\"CHECK VALVE 464 PN100\"><\/a><a href=\"https:\/\/klinger.pt\/wp-content\/uploads\/2023\/03\/464_Check-Valve_PN100_00_compressed.pdf\" target=\"_blank\" rel=\"noopener\" title=\"\">FICHA T\u00c9CNICA V\u00c1LVULA DE RETEN\u00c7\u00c3O 464 PN100 (EN)<\/a><\/h5>\n\n\n\n<h5 class=\"wp-block-heading\"><a href=\"https:\/\/klinger.pt\/wp-content\/uploads\/2023\/03\/564_ZZA160_Check-Valve_PN160_01_compressed.pdf\" target=\"_blank\" rel=\"noopener\" title=\"CHECK VALVE ANGULAR 293 PN40\">FICHA T\u00c9CNICA V\u00c1LVULA DE RETEN\u00c7\u00c3O ZZA 160 PN160 (EN)<\/a><\/h5>\n\n\n\n<h5 class=\"wp-block-heading\"><a href=\"https:\/\/klinger.pt\/wp-content\/uploads\/2023\/03\/564_Check-Valve_-PN160_00_compressed.pdf\" target=\"_blank\" rel=\"noopener\" title=\"CHECK VALVE 564 PN160\">FICHA T\u00c9CNICA V\u00c1LVULA DE RETEN\u00c7\u00c3O 564 PN160 (EN)<\/a><\/h5>\n\n\n\n<h5 class=\"wp-block-heading\"><a href=\"https:\/\/klinger.pt\/wp-content\/uploads\/2023\/03\/481_ZZA250_Check-Valve_PN250_01_compressed.pdf\" target=\"_blank\" rel=\"noopener\" title=\"CHECK VALVE ACID PROOF ZZA250 PN250\">FICHA T\u00c9CNICA V\u00c1LVULA DE RETEN\u00c7\u00c3O ACID PROOF ZZA250 PN250 (EN)<\/a><\/h5>\n\n\n\n<h5 class=\"wp-block-heading\"><a href=\"https:\/\/klinger.pt\/wp-content\/uploads\/2023\/03\/481_Check-Valve_PN250_00_compressed.pdf\" target=\"_blank\" rel=\"noopener\" title=\"CHECK VALVE 481 PN250\">FICHA T\u00c9CNICA V\u00c1LVULA DE RETEN\u00c7\u00c3O 481 PN250 (EN)<\/a><\/h5>\n\n\n\n<h5 class=\"wp-block-heading\"><a href=\"https:\/\/klinger.pt\/wp-content\/uploads\/2023\/03\/482_ZZA320_Check-Valve_PN320_01_compressed.pdf\" target=\"_blank\" rel=\"noopener\" title=\"CHECK VALVE ACID PROOF ZZA320 PN320\">FICHA T\u00c9CNICA V\u00c1LVULA DE RETEN\u00c7\u00c3O ACID PROOF ZZA320 PN320 (EN)<\/a><\/h5>\n\n\n\n<h5 class=\"wp-block-heading\"><a href=\"https:\/\/klinger.pt\/wp-content\/uploads\/2023\/03\/482_Check-Valve_PN320_00_compressed.pdf\" target=\"_blank\" rel=\"noopener\" title=\"CHECK VALVE 482 PN320\">FICHA T\u00c9CNICA V\u00c1LVULA DE RETEN\u00c7\u00c3O 482 PN320 (EN)<\/a><\/h5>\n\n\n\n<h5 class=\"wp-block-heading\"><a href=\"https:\/\/klinger.pt\/wp-content\/uploads\/2023\/03\/483_Check-Valve_PN400_00_compressed.pdf\" target=\"_blank\" rel=\"noopener\" title=\"CHECK VALVE 483 PN400\">FICHA T\u00c9CNICA V\u00c1LVULA DE RETEN\u00c7\u00c3O 483 PN400 (EN)<\/a><\/h5>\n","protected":false},"excerpt":{"rendered":"<p>V\u00c1LVULAS DE RETEN\u00c7\u00c3O ALTA PRESS\u00c3O As v\u00e1lvulas de reten\u00e7\u00e3o alta press\u00e3o s\u00e3o comumente colocadas em tubula\u00e7\u00f5es para impedir que o fluido retorne. Essas v\u00e1lvulas geralmente permitem o fluxo em apenas uma dire\u00e7\u00e3o e, se houver uma invers\u00e3o no fluxo, elas fecham para proteger a tubula\u00e7\u00e3o, outras v\u00e1lvulas, bombas e equipamentos que possam estar conectados na [&hellip;]<\/p>\n","protected":false},"author":4,"featured_media":0,"parent":39799,"menu_order":0,"comment_status":"closed","ping_status":"closed","template":"page-templates\/servicios.php","meta":{"_eb_attr":"","footnotes":""},"class_list":["post-39832","page","type-page","status-publish","hentry"],"aioseo_notices":[],"_links":{"self":[{"href":"https:\/\/klinger.pt\/es\/wp-json\/wp\/v2\/pages\/39832","targetHints":{"allow":["GET"]}}],"collection":[{"href":"https:\/\/klinger.pt\/es\/wp-json\/wp\/v2\/pages"}],"about":[{"href":"https:\/\/klinger.pt\/es\/wp-json\/wp\/v2\/types\/page"}],"author":[{"embeddable":true,"href":"https:\/\/klinger.pt\/es\/wp-json\/wp\/v2\/users\/4"}],"replies":[{"embeddable":true,"href":"https:\/\/klinger.pt\/es\/wp-json\/wp\/v2\/comments?post=39832"}],"version-history":[{"count":10,"href":"https:\/\/klinger.pt\/es\/wp-json\/wp\/v2\/pages\/39832\/revisions"}],"predecessor-version":[{"id":40675,"href":"https:\/\/klinger.pt\/es\/wp-json\/wp\/v2\/pages\/39832\/revisions\/40675"}],"up":[{"embeddable":true,"href":"https:\/\/klinger.pt\/es\/wp-json\/wp\/v2\/pages\/39799"}],"wp:attachment":[{"href":"https:\/\/klinger.pt\/es\/wp-json\/wp\/v2\/media?parent=39832"}],"curies":[{"name":"wp","href":"https:\/\/api.w.org\/{rel}","templated":true}]}}