{"id":39799,"date":"2023-03-24T16:13:38","date_gmt":"2023-03-24T16:13:38","guid":{"rendered":"https:\/\/m5j0n6nk9p.onrocket.site\/?page_id=39799"},"modified":"2023-03-31T13:33:48","modified_gmt":"2023-03-31T12:33:48","slug":"valvulas-de-retencao","status":"publish","type":"page","link":"https:\/\/klinger.pt\/es\/produtos\/valvulas\/valvulas-de-retencao\/","title":{"rendered":"V\u00c1LVULAS DE RETEN\u00c7\u00c3O"},"content":{"rendered":"\n<h1 class=\"wp-block-heading\">V\u00c1LVULAS DE RETEN\u00c7\u00c3O<\/h1>\n\n\n\n<p>As v\u00e1lvulas de reten\u00e7\u00e3o s\u00e3o utilizadas principalmente para fechar completamente a passagem de um meio em circula\u00e7\u00e3o (gasoso ou fluido) num sentido e para permitir simultaneamente a passagem livre no outro sentido.<\/p>\n\n\n\n<div class=\"wp-block-columns is-layout-flex wp-container-core-columns-is-layout-9d6595d7 wp-block-columns-is-layout-flex\">\n<div class=\"wp-block-column is-layout-flow wp-block-column-is-layout-flow\">\n<figure class=\"wp-block-table\"><table><tbody><tr><td><img fetchpriority=\"high\" decoding=\"async\" width=\"270\" height=\"270\" class=\"wp-image-39800\" style=\"width: 270px;\" src=\"https:\/\/klinger.pt\/wp-content\/uploads\/2023\/03\/Valvula-Retencao-AP-mini.webp\" alt=\"\" srcset=\"https:\/\/klinger.pt\/wp-content\/uploads\/2023\/03\/Valvula-Retencao-AP-mini.webp 270w, https:\/\/klinger.pt\/wp-content\/uploads\/2023\/03\/Valvula-Retencao-AP-mini-150x150.webp 150w\" sizes=\"(max-width: 270px) 100vw, 270px\" \/><\/td><td><strong><a href=\"https:\/\/klinger.pt\/produtos\/valvulas\/valvulas-de-retencao\/valvulas-de-retencao-alta-pressao\/\" title=\"\">ALTA PRESS\u00c3O<\/a><\/strong><br><br><a href=\"https:\/\/klinger.pt\/produtos\/valvulas\/valvulas-de-retencao\/valvulas-de-retencao-alta-pressao\/\" title=\"\ufffc\"><img decoding=\"async\" width=\"18\" height=\"18\" class=\"wp-image-16262\" style=\"width: 18px;\" src=\"https:\/\/klinger.pt\/wp-content\/uploads\/2022\/06\/icon-arrow-blue-double.png\" alt=\"\"><\/a><\/td><\/tr><\/tbody><\/table><\/figure>\n<\/div>\n\n\n\n<div class=\"wp-block-column is-layout-flow wp-block-column-is-layout-flow\">\n<figure class=\"wp-block-table\"><table><tbody><tr><td class=\"has-text-align-center\" data-align=\"center\"><img decoding=\"async\" width=\"270\" height=\"270\" class=\"wp-image-39802\" style=\"width: 270px;\" src=\"https:\/\/klinger.pt\/wp-content\/uploads\/2023\/03\/Valvulas-Retencao-mini-copiar-1.webp\" alt=\"\" srcset=\"https:\/\/klinger.pt\/wp-content\/uploads\/2023\/03\/Valvulas-Retencao-mini-copiar-1.webp 270w, https:\/\/klinger.pt\/wp-content\/uploads\/2023\/03\/Valvulas-Retencao-mini-copiar-1-150x150.webp 150w\" sizes=\"(max-width: 270px) 100vw, 270px\" \/><\/td><td><strong><a href=\"https:\/\/klinger.pt\/produtos\/valvulas\/valvulas-de-retencao\/valvulas-de-retencao-baixa-pressao\/\" title=\"\">BAIXA PRESS\u00c3O<\/a><\/strong><br><br><a href=\"https:\/\/klinger.pt\/produtos\/valvulas\/valvulas-de-retencao\/valvulas-de-retencao-baixa-pressao\/\" title=\"\ufffc\"><img decoding=\"async\" width=\"18\" height=\"18\" class=\"wp-image-16262\" style=\"width: 18px;\" src=\"https:\/\/klinger.pt\/wp-content\/uploads\/2022\/06\/icon-arrow-blue-double.png\" alt=\"\"><\/a><\/td><\/tr><\/tbody><\/table><\/figure>\n<\/div>\n<\/div>\n","protected":false},"excerpt":{"rendered":"<p>V\u00c1LVULAS DE RETEN\u00c7\u00c3O As v\u00e1lvulas de reten\u00e7\u00e3o s\u00e3o utilizadas principalmente para fechar completamente a passagem de um meio em circula\u00e7\u00e3o (gasoso ou fluido) num sentido e para permitir simultaneamente a passagem livre no outro sentido. ALTA PRESS\u00c3O BAIXA PRESS\u00c3O<\/p>\n","protected":false},"author":4,"featured_media":0,"parent":22559,"menu_order":0,"comment_status":"closed","ping_status":"closed","template":"page-templates\/secciones-principales.php","meta":{"_eb_attr":"","footnotes":""},"class_list":["post-39799","page","type-page","status-publish","hentry"],"aioseo_notices":[],"_links":{"self":[{"href":"https:\/\/klinger.pt\/es\/wp-json\/wp\/v2\/pages\/39799","targetHints":{"allow":["GET"]}}],"collection":[{"href":"https:\/\/klinger.pt\/es\/wp-json\/wp\/v2\/pages"}],"about":[{"href":"https:\/\/klinger.pt\/es\/wp-json\/wp\/v2\/types\/page"}],"author":[{"embeddable":true,"href":"https:\/\/klinger.pt\/es\/wp-json\/wp\/v2\/users\/4"}],"replies":[{"embeddable":true,"href":"https:\/\/klinger.pt\/es\/wp-json\/wp\/v2\/comments?post=39799"}],"version-history":[{"count":6,"href":"https:\/\/klinger.pt\/es\/wp-json\/wp\/v2\/pages\/39799\/revisions"}],"predecessor-version":[{"id":40507,"href":"https:\/\/klinger.pt\/es\/wp-json\/wp\/v2\/pages\/39799\/revisions\/40507"}],"up":[{"embeddable":true,"href":"https:\/\/klinger.pt\/es\/wp-json\/wp\/v2\/pages\/22559"}],"wp:attachment":[{"href":"https:\/\/klinger.pt\/es\/wp-json\/wp\/v2\/media?parent=39799"}],"curies":[{"name":"wp","href":"https:\/\/api.w.org\/{rel}","templated":true}]}}