{"id":39641,"date":"2023-03-23T07:58:32","date_gmt":"2023-03-23T07:58:32","guid":{"rendered":"https:\/\/m5j0n6nk9p.onrocket.site\/?page_id=39641"},"modified":"2023-04-03T16:02:22","modified_gmt":"2023-04-03T15:02:22","slug":"valvula-de-globo-alta-pressao","status":"publish","type":"page","link":"https:\/\/klinger.pt\/es\/produtos\/valvulas\/valvulas-de-cunha-e-globo\/valvulas-de-cunha-e-globo-industrial\/valvula-de-globo-alta-pressao\/","title":{"rendered":"V\u00c1LVULA DE GLOBO ALTA PRESS\u00c3O"},"content":{"rendered":"\n<div class=\"wp-block-columns is-layout-flex wp-container-core-columns-is-layout-9d6595d7 wp-block-columns-is-layout-flex\">\n<div class=\"wp-block-column is-layout-flow wp-block-column-is-layout-flow\" style=\"flex-basis:400px\"><div class=\"wp-block-image\">\n<figure class=\"aligncenter size-full\"><img fetchpriority=\"high\" decoding=\"async\" width=\"300\" height=\"483\" src=\"https:\/\/klinger.pt\/wp-content\/uploads\/2023\/03\/Valvula-de-Globo-AP-pag-1.webp\" alt=\"\" class=\"wp-image-39695\" srcset=\"https:\/\/klinger.pt\/wp-content\/uploads\/2023\/03\/Valvula-de-Globo-AP-pag-1.webp 300w, https:\/\/klinger.pt\/wp-content\/uploads\/2023\/03\/Valvula-de-Globo-AP-pag-1-186x300.webp 186w\" sizes=\"(max-width: 300px) 100vw, 300px\" \/><\/figure>\n<\/div><\/div>\n\n\n\n<div class=\"wp-block-column is-layout-flow wp-block-column-is-layout-flow\" style=\"flex-basis:700px\">\n<h1 class=\"wp-block-heading\">V\u00c1LVULA DE GLOBO ALTA PRESS\u00c3O<\/h1>\n\n\n\n<p>A V\u00e1lvula de Globo Alta Press\u00e3o foi concebida para instala\u00e7\u00f5es industrias em que o meio \u00e9 \u00e1gua, \u00f3leo, vapor e outros factores sob a forma de l\u00edquidos e gases.<\/p>\n\n\n\n<p>Al\u00e9m disso, s\u00e3o \u00f3ptimas para trabalhar com agentes quimicamente agressivos.<\/p>\n\n\n\n<p>A tarefa destas v\u00e1lvulas consiste em cortar o meio em instala\u00e7\u00f5es industriais. Oferecemos tamb\u00e9m v\u00e1lvulas de corte e de n\u00e3o-retorno, que s\u00e3o utilizadas para fechar e abrir o fluxo, bem como para proteger a instala\u00e7\u00e3o contra refluxo, e v\u00e1lvulas com obturador de estrangulamento, cujo obturador pode funcionar em posi\u00e7\u00f5es interm\u00e9dias entre a abertura e o fecho completos, o que permite o estrangulamento do fluxo.<\/p>\n\n\n\n<p>Este \u00e9 o grupo mais universal de v\u00e1lvulas. Isto deve-se \u00e0 variedade de materiais utilizados para as pe\u00e7as estruturais b\u00e1sicas e ao m\u00e9todo de montagem nas instala\u00e7\u00f5es (liga\u00e7\u00f5es roscadas, flangeadas e soldadas, bem como a forma reta ou angular).<\/p>\n\n\n\n<h2 class=\"wp-block-heading\">PN<\/h2>\n\n\n\n<ul class=\"wp-block-list\">\n<li>PN100 a PN800<\/li>\n<\/ul>\n\n\n\n<h2 class=\"wp-block-heading\">DN<\/h2>\n\n\n\n<ul class=\"wp-block-list\">\n<li>DN10 a DN300<\/li>\n<\/ul>\n\n\n\n<h2 class=\"wp-block-heading\">Temperatura<\/h2>\n\n\n\n<ul class=\"wp-block-list\">\n<li>-196\u2103 a 670\u2103<\/li>\n<\/ul>\n<\/div>\n<\/div>\n\n\n\n<h5 class=\"wp-block-heading\"><a href=\"https:\/\/klinger.pt\/wp-content\/uploads\/2023\/03\/Globe-Valve-422_compressed-1.pdf\" target=\"_blank\" rel=\"noopener\" title=\"\">GLOBE VALVE 422 PN100 DATA SHEET (EN)<\/a><\/h5>\n\n\n\n<h5 class=\"wp-block-heading\"><a href=\"https:\/\/klinger.pt\/wp-content\/uploads\/2023\/03\/Globe-Valve-422R_compressed-1.pdf\" target=\"_blank\" rel=\"noopener\" title=\"\">GLOBE VALVE 422R PN100 DATA SHEET (EN)<\/a><\/h5>\n\n\n\n<h5 class=\"wp-block-heading\"><a href=\"https:\/\/klinger.pt\/wp-content\/uploads\/2023\/03\/Globe-Valve-455_compressed-1.pdf\" target=\"_blank\" rel=\"noopener\" title=\"\">GLOBE VALVE 455 PN100 ANGULAR DATA SHEET (EN)<\/a><\/h5>\n\n\n\n<h5 class=\"wp-block-heading\"><a href=\"https:\/\/klinger.pt\/wp-content\/uploads\/2023\/03\/Globe-Valve-ZKA100_compressed-1.pdf\" target=\"_blank\" rel=\"noopener\" title=\"\">GLOBE VALVE ZKA100 PN100 DATA SHEET (EN)<\/a><\/h5>\n\n\n\n<h5 class=\"wp-block-heading\"><a href=\"https:\/\/klinger.pt\/wp-content\/uploads\/2023\/03\/Globe-Valve-422R_compressed-2.pdf\" target=\"_blank\" rel=\"noopener\" title=\"\">GLOBE VALVE 422R PN160 DATA SHEET (EN)<\/a><\/h5>\n\n\n\n<h5 class=\"wp-block-heading\"><a href=\"https:\/\/klinger.pt\/wp-content\/uploads\/2023\/03\/Globe-Valve-530_compressed-1.pdf\" target=\"_blank\" rel=\"noopener\" title=\"GATE VALVE ZS100 ZK100 DATA SHEET (EN)\">GLOBE VALVE 530 PN160 DATA SHEET (EN)<\/a><\/h5>\n\n\n\n<h5 class=\"wp-block-heading\"><a href=\"https:\/\/klinger.pt\/wp-content\/uploads\/2023\/03\/Globe-Valve-530R_compressed-1.pdf\" target=\"_blank\" rel=\"noopener\" title=\"GATE VALVE ZS160 ZK160 DATA SHEET (EN)\">GLOBE VALVE 530R PN160 DATA SHEET (EN)<\/a><\/h5>\n\n\n\n<h5 class=\"wp-block-heading\"><a href=\"https:\/\/klinger.pt\/wp-content\/uploads\/2023\/03\/Globe-Valve-555_compressed-1.pdf\" target=\"_blank\" rel=\"noopener\" title=\"GATE VALVE ZS250 ZK250 DATA SHEET (EN)\">GLOBE VALVE 555 PN160 ANGULAR DATA SHEET (EN)<\/a><\/h5>\n\n\n\n<h5 class=\"wp-block-heading\"><a href=\"https:\/\/klinger.pt\/wp-content\/uploads\/2023\/03\/Globe-Valve-ZKA160_compressed-1.pdf\" target=\"_blank\" rel=\"noopener\" title=\"\">GLOBE VALVE ZKA160 PN160 DATA SHEET (EN)<\/a><\/h5>\n\n\n\n<h5 class=\"wp-block-heading\"><a href=\"https:\/\/klinger.pt\/wp-content\/uploads\/2023\/03\/Globe-Valve-648_compressed-1.pdf\" target=\"_blank\" rel=\"noopener\" title=\"\">GLOBE VALVE 648 PN250 DATA SHEET (EN)<\/a><\/h5>\n\n\n\n<h5 class=\"wp-block-heading\"><a href=\"https:\/\/klinger.pt\/wp-content\/uploads\/2023\/03\/Globe-Valve-648T_compressed-1.pdf\" target=\"_blank\" rel=\"noopener\" title=\"GATE VALVE ZS400 DATA SHEET (EN)\">GLOBE VALVE 648T PN250 DATA SHEET (EN)<\/a><\/h5>\n\n\n\n<h5 class=\"wp-block-heading\"><a href=\"https:\/\/klinger.pt\/wp-content\/uploads\/2023\/03\/Globe-Valve-673_compressed-1.pdf\" target=\"_blank\" rel=\"noopener\" title=\"GATE VALVE ZST400 DATA SHEET (EN)\">GLOBE VALVE 673 PN250 DATA SHEET (EN)<\/a><\/h5>\n\n\n\n<h5 class=\"wp-block-heading\"><a href=\"https:\/\/klinger.pt\/wp-content\/uploads\/2023\/03\/Globe-Valve-ZSA250_compressed-1.pdf\" target=\"_blank\" rel=\"noopener\" title=\"\">GLOBE VALVE ZSA250 PN250 DATA SHEET (EN)<\/a><\/h5>\n\n\n\n<h5 class=\"wp-block-heading\"><a href=\"https:\/\/klinger.pt\/wp-content\/uploads\/2023\/03\/Globe-Valve-649_compressed-1.pdf\" target=\"_blank\" rel=\"noopener\" title=\"\">GLOBE VALVE 649 PN320 DATA SHEET (EN)<\/a><\/h5>\n\n\n\n<h5 class=\"wp-block-heading\"><a href=\"https:\/\/klinger.pt\/wp-content\/uploads\/2023\/03\/Globe-Valve-649T_compressed-1.pdf\" target=\"_blank\" rel=\"noopener\" title=\"GATE VALVE ZST160 ZKT160 DATA SHEET (EN)\">GLOBE VALVE 649T PN320 DATA SHEET (EN)<\/a><\/h5>\n\n\n\n<h5 class=\"wp-block-heading\"><a href=\"https:\/\/klinger.pt\/wp-content\/uploads\/2023\/03\/Globe-Valve-674_compressed-1.pdf\" target=\"_blank\" rel=\"noopener\" title=\"GATE VALVE ZS100 ZK100 DATA SHEET (EN)\">GLOBE VALVE 674 PN320 DATA SHEET (EN)<\/a><\/h5>\n\n\n\n<h5 class=\"wp-block-heading\"><a href=\"https:\/\/klinger.pt\/wp-content\/uploads\/2023\/03\/Globe-Valve-674T_compressed-1.pdf\" target=\"_blank\" rel=\"noopener\" title=\"\">GLOBE VALVE 674T PN320 DATA SHEET (EN)<\/a><\/h5>\n\n\n\n<h5 class=\"wp-block-heading\"><a href=\"https:\/\/klinger.pt\/wp-content\/uploads\/2023\/03\/Globe-Valve-675_compressed-1.pdf\" target=\"_blank\" rel=\"noopener\" title=\"\">GLOBE VALVE 675 PN320 DATA SHEET (EN)<\/a><\/h5>\n\n\n\n<h5 class=\"wp-block-heading\"><a href=\"https:\/\/klinger.pt\/wp-content\/uploads\/2023\/03\/Globe-Valve-ZSA320_compressed-1.pdf\" target=\"_blank\" rel=\"noopener\" title=\"\">GLOBE VALVE ZSA320 PN320 DATA SHEET (EN)<\/a><\/h5>\n\n\n\n<h5 class=\"wp-block-heading\"><a href=\"https:\/\/klinger.pt\/wp-content\/uploads\/2023\/03\/Globe-Valve-659T_compressed-1.pdf\" target=\"_blank\" rel=\"noopener\" title=\"\">GLOBE VALVE 659T PN400 DATA SHEET (EN)<\/a><\/h5>\n\n\n\n<h5 class=\"wp-block-heading\"><a href=\"https:\/\/klinger.pt\/wp-content\/uploads\/2023\/03\/Globe-Valve-684_compressed-1.pdf\" target=\"_blank\" rel=\"noopener\" title=\"GATE VALVE ZS320 ZK320 DATA SHEET (EN)\">GLOBE VALVE 684R PN400 DATA SHEET (EN)<\/a><\/h5>\n\n\n\n<h5 class=\"wp-block-heading\"><a href=\"https:\/\/klinger.pt\/wp-content\/uploads\/2023\/03\/Globe-Valve-669_compressed-1.pdf\" target=\"_blank\" rel=\"noopener\" title=\"\">GLOBE VALVE 669 PN500 DATA SHEET (EN)<\/a><\/h5>\n","protected":false},"excerpt":{"rendered":"<p>V\u00c1LVULA DE GLOBO ALTA PRESS\u00c3O A V\u00e1lvula de Globo Alta Press\u00e3o foi concebida para instala\u00e7\u00f5es industrias em que o meio \u00e9 \u00e1gua, \u00f3leo, vapor e outros factores sob a forma de l\u00edquidos e gases. Al\u00e9m disso, s\u00e3o \u00f3ptimas para trabalhar com agentes quimicamente agressivos. A tarefa destas v\u00e1lvulas consiste em cortar o meio em instala\u00e7\u00f5es [&hellip;]<\/p>\n","protected":false},"author":4,"featured_media":0,"parent":39526,"menu_order":0,"comment_status":"closed","ping_status":"closed","template":"page-templates\/servicios.php","meta":{"_eb_attr":"","footnotes":""},"class_list":["post-39641","page","type-page","status-publish","hentry"],"aioseo_notices":[],"_links":{"self":[{"href":"https:\/\/klinger.pt\/es\/wp-json\/wp\/v2\/pages\/39641","targetHints":{"allow":["GET"]}}],"collection":[{"href":"https:\/\/klinger.pt\/es\/wp-json\/wp\/v2\/pages"}],"about":[{"href":"https:\/\/klinger.pt\/es\/wp-json\/wp\/v2\/types\/page"}],"author":[{"embeddable":true,"href":"https:\/\/klinger.pt\/es\/wp-json\/wp\/v2\/users\/4"}],"replies":[{"embeddable":true,"href":"https:\/\/klinger.pt\/es\/wp-json\/wp\/v2\/comments?post=39641"}],"version-history":[{"count":18,"href":"https:\/\/klinger.pt\/es\/wp-json\/wp\/v2\/pages\/39641\/revisions"}],"predecessor-version":[{"id":40748,"href":"https:\/\/klinger.pt\/es\/wp-json\/wp\/v2\/pages\/39641\/revisions\/40748"}],"up":[{"embeddable":true,"href":"https:\/\/klinger.pt\/es\/wp-json\/wp\/v2\/pages\/39526"}],"wp:attachment":[{"href":"https:\/\/klinger.pt\/es\/wp-json\/wp\/v2\/media?parent=39641"}],"curies":[{"name":"wp","href":"https:\/\/api.w.org\/{rel}","templated":true}]}}