{"id":39607,"date":"2023-03-21T11:16:08","date_gmt":"2023-03-21T11:16:08","guid":{"rendered":"https:\/\/m5j0n6nk9p.onrocket.site\/?page_id=39607"},"modified":"2023-04-03T16:05:11","modified_gmt":"2023-04-03T15:05:11","slug":"valvula-de-cunha-alta-pressao","status":"publish","type":"page","link":"https:\/\/klinger.pt\/es\/produtos\/valvulas\/valvulas-de-cunha-e-globo\/valvulas-de-cunha-e-globo-industrial\/valvula-de-cunha-alta-pressao\/","title":{"rendered":"V\u00c1LVULA DE CUNHA ALTA PRESS\u00c3O"},"content":{"rendered":"\n<div class=\"wp-block-columns is-layout-flex wp-container-core-columns-is-layout-9d6595d7 wp-block-columns-is-layout-flex\">\n<div class=\"wp-block-column is-layout-flow wp-block-column-is-layout-flow\" style=\"flex-basis:400px\"><div class=\"wp-block-image\">\n<figure class=\"aligncenter size-full\"><img fetchpriority=\"high\" decoding=\"async\" width=\"350\" height=\"483\" src=\"https:\/\/klinger.pt\/wp-content\/uploads\/2023\/03\/Valvula-de-Cunha-AP-pag.webp\" alt=\"V\u00c1LVULA DE CUNHA ALTA PRESS\u00c3O\" class=\"wp-image-39608\" srcset=\"https:\/\/klinger.pt\/wp-content\/uploads\/2023\/03\/Valvula-de-Cunha-AP-pag.webp 350w, https:\/\/klinger.pt\/wp-content\/uploads\/2023\/03\/Valvula-de-Cunha-AP-pag-217x300.webp 217w\" sizes=\"(max-width: 350px) 100vw, 350px\" \/><\/figure>\n<\/div><\/div>\n\n\n\n<div class=\"wp-block-column is-layout-flow wp-block-column-is-layout-flow\" style=\"flex-basis:700px\">\n<h1 class=\"wp-block-heading\">V\u00c1LVULA DE CUNHA ALTA PRESS\u00c3O<\/h1>\n\n\n\n<p>A V\u00e1lvula de Cunha Alta Press\u00e3o \u00e9 concebida para abrir e interromper o fluxo do meio e n\u00e3o deve ser utilizada para estrangular o fluxo. <\/p>\n\n\n\n<p>A instala\u00e7\u00e3o da V\u00e1lvulas de Cunha Alta Press\u00e3o pode ser feita em qualquer posi\u00e7\u00e3o e deve funcionar na posi\u00e7\u00e3o aberta ou fechada.<\/p>\n\n\n\n<h2 class=\"wp-block-heading\">Meios<\/h2>\n\n\n\n<ul class=\"wp-block-list\">\n<li>\u00c1cidos e \u00e1lcalis<\/li>\n\n\n\n<li>\u00c1gua<\/li>\n\n\n\n<li>Vapor<\/li>\n\n\n\n<li>Outras subst\u00e2ncias l\u00edquidas e gasosas neutras, bem como combust\u00edveis \u00e0 base de petr\u00f3leo.<\/li>\n<\/ul>\n\n\n\n<h2 class=\"wp-block-heading\">PN<\/h2>\n\n\n\n<ul class=\"wp-block-list\">\n<li>PN100 a PN400<\/li>\n<\/ul>\n\n\n\n<h2 class=\"wp-block-heading\">DN<\/h2>\n\n\n\n<ul class=\"wp-block-list\">\n<li>DN50 a DN350<\/li>\n<\/ul>\n\n\n\n<h2 class=\"wp-block-heading\">Materiais<\/h2>\n\n\n\n<ul class=\"wp-block-list\">\n<li>Padr\u00e3o com pino de tit\u00e2nio, resistente aos \u00e1cidos<\/li>\n<\/ul>\n\n\n\n<h2 class=\"wp-block-heading\">Temperatura<\/h2>\n\n\n\n<ul class=\"wp-block-list\">\n<li>At\u00e9 250\u00b0C para \u00e1cidos e \u00e1lcalis<\/li>\n\n\n\n<li>At\u00e9 550\u00b0C para subst\u00e2ncias neutras (para um selo macio \u2264200\u00b0C).<\/li>\n<\/ul>\n<\/div>\n<\/div>\n\n\n\n<h5 class=\"wp-block-heading\"><a href=\"https:\/\/klinger.pt\/wp-content\/uploads\/2023\/03\/GATE-VALVE-TYPE-GKA100_compressed-1.pdf\" target=\"_blank\" rel=\"noopener\" title=\"\">GATE VALVE GKA100 PN100 DATA SHEET (EN)<\/a><\/h5>\n\n\n\n<h5 class=\"wp-block-heading\"><a href=\"https:\/\/klinger.pt\/wp-content\/uploads\/2023\/03\/GATE-VALVE-TYPE-ZS100-ZK100_compressed-1.pdf\" target=\"_blank\" rel=\"noopener\" title=\"\">GATE VALVE ZS100 ZK100 PN100 DATA SHEET (EN)<\/a><\/h5>\n\n\n\n<h5 class=\"wp-block-heading\"><a href=\"https:\/\/klinger.pt\/wp-content\/uploads\/2023\/03\/GATE-VALVE-TYPE-ZST100-ZKT100_compressed-1.pdf\" target=\"_blank\" rel=\"noopener\" title=\"\">GATE VALVE ZST100 ZKT100 PN100 DATA SHEET (EN)<\/a><\/h5>\n\n\n\n<h5 class=\"wp-block-heading\"><a href=\"https:\/\/klinger.pt\/wp-content\/uploads\/2023\/03\/GATE-VALVE-TYPE-GSA160-GKA160_compressed-1.pdf\" target=\"_blank\" rel=\"noopener\" title=\"\">GATE VALVE GSA160 GKA160 PN160 DATA SHEET (EN)<\/a><\/h5>\n\n\n\n<h5 class=\"wp-block-heading\"><a href=\"https:\/\/klinger.pt\/wp-content\/uploads\/2023\/03\/GATE-VALVE-TYPE-ZS160-ZK160_compressed-1.pdf\" target=\"_blank\" rel=\"noopener\" title=\"\">GATE VALVE ZS160 ZK160 PN160 DATA SHEET (EN)<\/a><\/h5>\n\n\n\n<h5 class=\"wp-block-heading\"><a href=\"https:\/\/klinger.pt\/wp-content\/uploads\/2023\/03\/GATE-VALVE-TYPE-ZST160-ZKT160_compressed-1.pdf\" target=\"_blank\" rel=\"noopener\" title=\"GATE VALVE ZST160 ZKT160 DATA SHEET (EN)\">GATE VALVE ZST160 ZKT160 PN160 DATA SHEET (EN)<\/a><\/h5>\n\n\n\n<h5 class=\"wp-block-heading\"><a href=\"https:\/\/klinger.pt\/wp-content\/uploads\/2023\/03\/GATE-VALVE-TYPE-GS250_compressed-1.pdf\" target=\"_blank\" rel=\"noopener\" title=\"GATE VALVE GS250 DATA SHEET (EN)\">GATE VALVE GS250 PN250 DATA SHEET (EN)<\/a><\/h5>\n\n\n\n<h5 class=\"wp-block-heading\"><a href=\"https:\/\/klinger.pt\/wp-content\/uploads\/2023\/03\/GATE-VALVE-TYPE-ZS250-ZK250_compressed-1.pdf\" target=\"_blank\" rel=\"noopener\" title=\"\">GATE VALVE ZS250 ZK250 PN250 DATA SHEET (EN)<\/a><\/h5>\n\n\n\n<h5 class=\"wp-block-heading\"><a href=\"https:\/\/klinger.pt\/wp-content\/uploads\/2023\/03\/GATE-VALVE-TYPE-ZST250-ZKT250_compressed-1.pdf\" target=\"_blank\" rel=\"noopener\" title=\"\">GATE VALVE ZST250 ZKT250 PN250 DATA SHEET (EN)<\/a><\/h5>\n\n\n\n<h5 class=\"wp-block-heading\"><a href=\"https:\/\/klinger.pt\/wp-content\/uploads\/2023\/03\/GATE-VALVE-TYPE-ZS320-ZK320_compressed-1.pdf\" target=\"_blank\" rel=\"noopener\" title=\"\">GATE VALVE ZS320 ZK320 PN320 DATA SHEET (EN)<\/a><\/h5>\n\n\n\n<h5 class=\"wp-block-heading\"><a href=\"https:\/\/klinger.pt\/wp-content\/uploads\/2023\/03\/GATE-VALVE-TYPE-ZST320_compressed-1.pdf\" target=\"_blank\" rel=\"noopener\" title=\"\">GATE VALVE ZST320 PN320 DATA SHEET (EN)<\/a><\/h5>\n\n\n\n<h5 class=\"wp-block-heading\"><a href=\"https:\/\/klinger.pt\/wp-content\/uploads\/2023\/03\/GATE-VALVE-TYPE-ZS400_compressed-1.pdf\" target=\"_blank\" rel=\"noopener\" title=\"GATE VALVE ZS400 DATA SHEET (EN)\">GATE VALVE ZS400 PN400 DATA SHEET (EN)<\/a><\/h5>\n\n\n\n<h5 class=\"wp-block-heading\"><a href=\"https:\/\/klinger.pt\/wp-content\/uploads\/2023\/03\/GATE-VALVE-TYPE-ZST400_compressed-1.pdf\" target=\"_blank\" rel=\"noopener\" title=\"\">GATE VALVE ZST400 PN400 DATA SHEET (EN)<\/a><\/h5>\n\n\n\n<p><\/p>\n","protected":false},"excerpt":{"rendered":"<p>V\u00c1LVULA DE CUNHA ALTA PRESS\u00c3O A V\u00e1lvula de Cunha Alta Press\u00e3o \u00e9 concebida para abrir e interromper o fluxo do meio e n\u00e3o deve ser utilizada para estrangular o fluxo. A instala\u00e7\u00e3o da V\u00e1lvulas de Cunha Alta Press\u00e3o pode ser feita em qualquer posi\u00e7\u00e3o e deve funcionar na posi\u00e7\u00e3o aberta ou fechada. Meios PN DN [&hellip;]<\/p>\n","protected":false},"author":4,"featured_media":0,"parent":39526,"menu_order":0,"comment_status":"closed","ping_status":"closed","template":"page-templates\/servicios.php","meta":{"_eb_attr":"","footnotes":""},"class_list":["post-39607","page","type-page","status-publish","hentry"],"aioseo_notices":[],"_links":{"self":[{"href":"https:\/\/klinger.pt\/es\/wp-json\/wp\/v2\/pages\/39607","targetHints":{"allow":["GET"]}}],"collection":[{"href":"https:\/\/klinger.pt\/es\/wp-json\/wp\/v2\/pages"}],"about":[{"href":"https:\/\/klinger.pt\/es\/wp-json\/wp\/v2\/types\/page"}],"author":[{"embeddable":true,"href":"https:\/\/klinger.pt\/es\/wp-json\/wp\/v2\/users\/4"}],"replies":[{"embeddable":true,"href":"https:\/\/klinger.pt\/es\/wp-json\/wp\/v2\/comments?post=39607"}],"version-history":[{"count":10,"href":"https:\/\/klinger.pt\/es\/wp-json\/wp\/v2\/pages\/39607\/revisions"}],"predecessor-version":[{"id":40752,"href":"https:\/\/klinger.pt\/es\/wp-json\/wp\/v2\/pages\/39607\/revisions\/40752"}],"up":[{"embeddable":true,"href":"https:\/\/klinger.pt\/es\/wp-json\/wp\/v2\/pages\/39526"}],"wp:attachment":[{"href":"https:\/\/klinger.pt\/es\/wp-json\/wp\/v2\/media?parent=39607"}],"curies":[{"name":"wp","href":"https:\/\/api.w.org\/{rel}","templated":true}]}}