{"id":39593,"date":"2023-03-21T10:10:41","date_gmt":"2023-03-21T10:10:41","guid":{"rendered":"https:\/\/m5j0n6nk9p.onrocket.site\/?page_id=39593"},"modified":"2023-05-12T11:41:45","modified_gmt":"2023-05-12T10:41:45","slug":"valvula-de-globo-baixa-pressao","status":"publish","type":"page","link":"https:\/\/klinger.pt\/es\/produtos\/valvulas\/valvulas-de-cunha-e-globo\/valvulas-de-cunha-e-globo-industrial\/valvula-de-globo-baixa-pressao\/","title":{"rendered":"V\u00c1LVULA DE GLOBO BAIXA PRESS\u00c3O"},"content":{"rendered":"\n<div class=\"wp-block-columns is-layout-flex wp-container-core-columns-is-layout-9d6595d7 wp-block-columns-is-layout-flex\">\n<div class=\"wp-block-column is-layout-flow wp-block-column-is-layout-flow\" style=\"flex-basis:400px\"><div class=\"wp-block-image\">\n<figure class=\"aligncenter size-full\"><img fetchpriority=\"high\" decoding=\"async\" width=\"350\" height=\"483\" src=\"https:\/\/klinger.pt\/wp-content\/uploads\/2023\/03\/Valvula-de-Globo-BP-pag.webp\" alt=\"V\u00c1LVULA DE GLOBO BAIXA PRESS\u00c3O\" class=\"wp-image-39594\" srcset=\"https:\/\/klinger.pt\/wp-content\/uploads\/2023\/03\/Valvula-de-Globo-BP-pag.webp 350w, https:\/\/klinger.pt\/wp-content\/uploads\/2023\/03\/Valvula-de-Globo-BP-pag-217x300.webp 217w\" sizes=\"(max-width: 350px) 100vw, 350px\" \/><\/figure>\n<\/div><\/div>\n\n\n\n<div class=\"wp-block-column is-layout-flow wp-block-column-is-layout-flow\" style=\"flex-basis:700px\">\n<h1 class=\"wp-block-heading\">V\u00c1LVULA DE GLOBO BAIXA PRESS\u00c3O<\/h1>\n\n\n\n<h3 class=\"wp-block-heading\">MODELO KAD-GBF<\/h3>\n\n\n\n<p>A V\u00e1lvula de Globo Baixa Press\u00e3o para uso geral \u00e9 utilizada principalmente para estrangulamento do processo.<br>Pode tamb\u00e9m ser consideradas uma v\u00e1lvula de controlo de caudal de uso geral, utilizada em aplica\u00e7\u00f5es a altas temperaturas.<br>As V\u00e1lvulas Globo recebem o seu nome devido ao seu corpo esf\u00e9rico, que \u00e9 como um globo. As duas metades do corpo s\u00e3o separadas por um deflector interno.<\/p>\n\n\n\n<h2 class=\"wp-block-heading\">Caracter\u00edsticas<\/h2>\n\n\n\n<ul class=\"wp-block-list\">\n<li>Constru\u00e7\u00e3o do corpo em a\u00e7o fundido que oferece resist\u00eancia para satisfazer a maioria das condi\u00e7\u00f5es<\/li>\n\n\n\n<li>Junta e capacete integrados; Parafuso e capacete exterior, capacete aparafusado<\/li>\n\n\n\n<li>O anel de selagem do assento soldado elimina o caminho de fuga atr\u00e1s dos an\u00e9is e para um servi\u00e7o longo e sem problemas<\/li>\n\n\n\n<li>Dispon\u00edvel em conex\u00e3o de extremidade flangeada; extremidade de solda de topo tamb\u00e9m dispon\u00edvel<\/li>\n\n\n\n<li>EN10204-3.1 Certificado de material dispon\u00edvel<\/li>\n<\/ul>\n\n\n\n<h2 class=\"wp-block-heading\">Material<\/h2>\n\n\n\n<p>DIN 17245 GS-C25<\/p>\n\n\n\n<h2 class=\"wp-block-heading\">Temperatura<\/h2>\n\n\n\n<p>-20\u00b0C a 425\u00b0C (-4\u00b0F at\u00e9 800\u00b0F)<\/p>\n\n\n\n<h2 class=\"wp-block-heading\">PN<\/h2>\n\n\n\n<p>PN16 at\u00e9 PN63<\/p>\n\n\n\n<h2 class=\"wp-block-heading\">Standards<\/h2>\n\n\n\n<ul class=\"wp-block-list\">\n<li>Desenho padr\u00e3o de acordo com DIN 3356<\/li>\n\n\n\n<li>Face-a-Face de acordo com DIN 3202-F2<\/li>\n\n\n\n<li>Dimens\u00f5es da flange de acordo com a EN 1092-1<\/li>\n\n\n\n<li>Inspe\u00e7\u00e3o e teste de acordo com a norma EN 12266-1<\/li>\n<\/ul>\n\n\n\n<p>*Para instala\u00e7\u00f5es n\u00e3o-horizontais, por favor assegure-se de consultar-nos separadamente, uma vez que deve ser gerado um pedido especial para assegurar o funcionamento adequado.<\/p>\n<\/div>\n<\/div>\n\n\n\n<h5 class=\"wp-block-heading\"><a href=\"https:\/\/klinger.pt\/wp-content\/uploads\/2023\/03\/Globe-Valve_KAD-GBF-PN16-F1_Data-Sheet-1.pdf\" target=\"_blank\" rel=\"noopener\" title=\"\">KAD-GBF PN16-F1 DATA SHEET (EN<\/a>)<\/h5>\n\n\n\n<h5 class=\"wp-block-heading\"><a href=\"https:\/\/klinger.pt\/wp-content\/uploads\/2023\/03\/Globe-Valve_KAD-GBF-PN25-F1_Data-Sheet-1.pdf\" target=\"_blank\" rel=\"noopener\" title=\"\">KAD-GBF PN25-F1&nbsp;DATA SHEET (EN)<\/a><\/h5>\n\n\n\n<h5 class=\"wp-block-heading\"><a href=\"https:\/\/klinger.pt\/wp-content\/uploads\/2023\/03\/Globe-Valve_KAD-GBF-PN40-F1_Data-Sheet-1.pdf\" target=\"_blank\" rel=\"noopener\" title=\"\">KAD-GBF PN40-F1&nbsp;DATA SHEET (EN)<\/a><\/h5>\n\n\n\n<h5 class=\"wp-block-heading\"><a href=\"https:\/\/klinger.pt\/wp-content\/uploads\/2023\/03\/Globe-Valve_KAD-GBF-PN63-F2_Data-Sheet-1.pdf\" target=\"_blank\" rel=\"noopener\" title=\"\">KAD-GBF PN63-F2&nbsp;DATA SHEET (EN)<\/a><\/h5>\n\n\n\n<h5 class=\"wp-block-heading\"><a href=\"https:\/\/klinger.pt\/wp-content\/uploads\/2023\/03\/Globe-Valve-ZFA63_compressed-1.pdf\" target=\"_blank\" rel=\"noreferrer noopener\">GLOBE VALVE ZFA63 PN63 ANGULAR DATA SHEET (EN)<\/a><\/h5>\n","protected":false},"excerpt":{"rendered":"<p>V\u00c1LVULA DE GLOBO BAIXA PRESS\u00c3O MODELO KAD-GBF A V\u00e1lvula de Globo Baixa Press\u00e3o para uso geral \u00e9 utilizada principalmente para estrangulamento do processo.Pode tamb\u00e9m ser consideradas uma v\u00e1lvula de controlo de caudal de uso geral, utilizada em aplica\u00e7\u00f5es a altas temperaturas.As V\u00e1lvulas Globo recebem o seu nome devido ao seu corpo esf\u00e9rico, que \u00e9 como [&hellip;]<\/p>\n","protected":false},"author":4,"featured_media":42535,"parent":39526,"menu_order":0,"comment_status":"closed","ping_status":"closed","template":"page-templates\/servicios.php","meta":{"_eb_attr":"","footnotes":""},"class_list":["post-39593","page","type-page","status-publish","has-post-thumbnail","hentry"],"aioseo_notices":[],"_links":{"self":[{"href":"https:\/\/klinger.pt\/es\/wp-json\/wp\/v2\/pages\/39593","targetHints":{"allow":["GET"]}}],"collection":[{"href":"https:\/\/klinger.pt\/es\/wp-json\/wp\/v2\/pages"}],"about":[{"href":"https:\/\/klinger.pt\/es\/wp-json\/wp\/v2\/types\/page"}],"author":[{"embeddable":true,"href":"https:\/\/klinger.pt\/es\/wp-json\/wp\/v2\/users\/4"}],"replies":[{"embeddable":true,"href":"https:\/\/klinger.pt\/es\/wp-json\/wp\/v2\/comments?post=39593"}],"version-history":[{"count":6,"href":"https:\/\/klinger.pt\/es\/wp-json\/wp\/v2\/pages\/39593\/revisions"}],"predecessor-version":[{"id":42477,"href":"https:\/\/klinger.pt\/es\/wp-json\/wp\/v2\/pages\/39593\/revisions\/42477"}],"up":[{"embeddable":true,"href":"https:\/\/klinger.pt\/es\/wp-json\/wp\/v2\/pages\/39526"}],"wp:featuredmedia":[{"embeddable":true,"href":"https:\/\/klinger.pt\/es\/wp-json\/wp\/v2\/media\/42535"}],"wp:attachment":[{"href":"https:\/\/klinger.pt\/es\/wp-json\/wp\/v2\/media?parent=39593"}],"curies":[{"name":"wp","href":"https:\/\/api.w.org\/{rel}","templated":true}]}}