{"id":39570,"date":"2023-03-21T09:48:54","date_gmt":"2023-03-21T09:48:54","guid":{"rendered":"https:\/\/m5j0n6nk9p.onrocket.site\/?page_id=39570"},"modified":"2023-05-12T11:54:45","modified_gmt":"2023-05-12T10:54:45","slug":"valvula-de-cunha-baixa-pressao","status":"publish","type":"page","link":"https:\/\/klinger.pt\/es\/produtos\/valvulas\/valvulas-de-cunha-e-globo\/valvulas-de-cunha-e-globo-industrial\/valvula-de-cunha-baixa-pressao\/","title":{"rendered":"V\u00c1LVULA DE CUNHA BAIXA PRESS\u00c3O"},"content":{"rendered":"\n<div class=\"wp-block-columns is-layout-flex wp-container-core-columns-is-layout-9d6595d7 wp-block-columns-is-layout-flex\">\n<div class=\"wp-block-column is-layout-flow wp-block-column-is-layout-flow\" style=\"flex-basis:400px\"><div class=\"wp-block-image\">\n<figure class=\"aligncenter size-full\"><img fetchpriority=\"high\" decoding=\"async\" width=\"350\" height=\"483\" src=\"https:\/\/klinger.pt\/wp-content\/uploads\/2023\/03\/Valvula-de-cunha-BP-pag.webp\" alt=\"V\u00e1lvula de cunha Baixa Press\u00e3o\" class=\"wp-image-39571\" srcset=\"https:\/\/klinger.pt\/wp-content\/uploads\/2023\/03\/Valvula-de-cunha-BP-pag.webp 350w, https:\/\/klinger.pt\/wp-content\/uploads\/2023\/03\/Valvula-de-cunha-BP-pag-217x300.webp 217w\" sizes=\"(max-width: 350px) 100vw, 350px\" \/><\/figure>\n<\/div><\/div>\n\n\n\n<div class=\"wp-block-column is-layout-flow wp-block-column-is-layout-flow\" style=\"flex-basis:700px\">\n<h1 class=\"wp-block-heading\">V\u00c1LVULA DE CUNHA BAIXA PRESS\u00c3O<\/h1>\n\n\n\n<h3 class=\"wp-block-heading\">MODELO KSD-GTF<\/h3>\n\n\n\n<p>Na V\u00e1lvula de Cunha Baixa Press\u00e3o, o capacete protege as partes internas da v\u00e1lvula, fornecendo uma veda\u00e7\u00e3o \u00e0 prova de fugas. Equipadas com capacetes aparafusados, de uni\u00e3o, ou de selagem por press\u00e3o, dependendo da aplica\u00e7\u00e3o. Podem ser removidos para repara\u00e7\u00e3o ou manuten\u00e7\u00e3o.<\/p>\n\n\n\n<p>Numa V\u00e1lvula de Cunha de Baixa Press\u00e3o aparafusada, o corpo de v\u00e1lvula e o capacete s\u00e3o aparafusados e flangeados juntos.<br>Utilizadas principalmente em sistemas de tubagem de vapor pois asseguram uma veda\u00e7\u00e3o suficiente em aplica\u00e7\u00f5es de baixa press\u00e3o.<br>Ao contr\u00e1rio das v\u00e1lvulas de capacete roscadas e de uni\u00e3o, a liga\u00e7\u00e3o aparafusada do capacete requer uma junta de veda\u00e7\u00e3o.<\/p>\n\n\n\n<h2 class=\"wp-block-heading\">Caracter\u00edsticas<\/h2>\n\n\n\n<ul class=\"wp-block-list\">\n<li>Constru\u00e7\u00e3o do corpo em a\u00e7o fundido que oferece resist\u00eancia liberal para satisfazer a maioria das condi\u00e7\u00f5es<\/li>\n\n\n\n<li>Junta e capacete integral; Parafuso e capacete exterior, capacete aparafusado<\/li>\n\n\n\n<li>Um \u00fanico disco de cunha flex\u00edvel compensa a deforma\u00e7\u00e3o do corpo devido a tens\u00f5es nos tubos<\/li>\n\n\n\n<li>O anel de selagem do assento soldado elimina o caminho de fuga atr\u00e1s dos an\u00e9is e para um servi\u00e7o longo e sem problemas<\/li>\n\n\n\n<li>Dispon\u00edvel em conex\u00e3o de extremidade flangeada; extremidade de solda de topo tamb\u00e9m dispon\u00edvel<\/li>\n<\/ul>\n\n\n\n<h2 class=\"wp-block-heading\">Material<\/h2>\n\n\n\n<p>DIN 17245 GS-C25<\/p>\n\n\n\n<h2 class=\"wp-block-heading\">Temperatura<\/h2>\n\n\n\n<p>-20\u00b0C at\u00e9 425\u00b0C (-4\u00b0F at\u00e9 800\u00b0F)<\/p>\n\n\n\n<h2 class=\"wp-block-heading\">PN<\/h2>\n\n\n\n<p>PN16 at\u00e9 PN63<\/p>\n\n\n\n<h2 class=\"wp-block-heading\">Standards<\/h2>\n\n\n\n<ul class=\"wp-block-list\">\n<li>Desenho padr\u00e3o de acordo com DIN 3352<\/li>\n\n\n\n<li>Face-a-Face de acordo com DIN 3202-F4<\/li>\n\n\n\n<li>Dimens\u00f5es da flange de acordo com DIN 2543<\/li>\n\n\n\n<li>Inspec\u00e7\u00e3o e testes de acordo com a norma EN 12266-1<\/li>\n<\/ul>\n\n\n\n<p>*Para instala\u00e7\u00f5es n\u00e3o-horizontais, por favor assegure-se de consultar-nos separadamente, uma vez que deve ser gerado um pedido especial para assegurar o funcionamento adequado.<\/p>\n<\/div>\n<\/div>\n\n\n\n<h5 class=\"wp-block-heading\"><a href=\"https:\/\/klinger.pt\/wp-content\/uploads\/2023\/03\/Gate-Valve_KSD-GTF-PN16-F4_Data-Sheet-1.pdf\" target=\"_blank\" rel=\"noopener\" title=\"\">KSD-GTF PN16-F4&nbsp;DATA SHEET (EN)<\/a><\/h5>\n\n\n\n<h5 class=\"wp-block-heading\"><a href=\"https:\/\/klinger.pt\/wp-content\/uploads\/2023\/03\/Gate-Valve_KSD-GTF-PN16-F5_Data-Sheet-1.pdf\" target=\"_blank\" rel=\"noopener\" title=\"\">KSD-GTF PN16-F5 DATA SHEET (EN<\/a>)<\/h5>\n\n\n\n<h5 class=\"wp-block-heading\"><a href=\"https:\/\/klinger.pt\/wp-content\/uploads\/2023\/03\/Gate-Valve_KSD-GTF-PN25-F5_Data-Sheet-1.pdf\" target=\"_blank\" rel=\"noopener\" title=\"\">KSD-GTF PN25-F5 DATA SHEET (EN)<\/a><\/h5>\n\n\n\n<h5 class=\"wp-block-heading\"><a href=\"https:\/\/klinger.pt\/wp-content\/uploads\/2023\/03\/Gate-Valve_KSD-GTF-PN40-F7_Data-Sheet-1.pdf\" target=\"_blank\" rel=\"noopener\" title=\"KSD-GTF PN40-F7 DATA SHEET (EN)\">KSD-GTF PN40-F7 DATA SHEET (EN)<\/a><\/h5>\n\n\n\n<h5 class=\"wp-block-heading\"><a href=\"https:\/\/klinger.pt\/wp-content\/uploads\/2023\/03\/Gate-Valve_KSD-GTF-PN63-F7_Data-Sheet-1.pdf\" target=\"_blank\" rel=\"noopener\" title=\"KSD-GTF PN63-F7 DATA SHEET (EN)\">KSD-GTF PN63-F7 DATA SHEET (EN)<\/a><\/h5>\n","protected":false},"excerpt":{"rendered":"<p>V\u00c1LVULA DE CUNHA BAIXA PRESS\u00c3O MODELO KSD-GTF Na V\u00e1lvula de Cunha Baixa Press\u00e3o, o capacete protege as partes internas da v\u00e1lvula, fornecendo uma veda\u00e7\u00e3o \u00e0 prova de fugas. Equipadas com capacetes aparafusados, de uni\u00e3o, ou de selagem por press\u00e3o, dependendo da aplica\u00e7\u00e3o. Podem ser removidos para repara\u00e7\u00e3o ou manuten\u00e7\u00e3o. Numa V\u00e1lvula de Cunha de Baixa [&hellip;]<\/p>\n","protected":false},"author":4,"featured_media":42536,"parent":39526,"menu_order":0,"comment_status":"closed","ping_status":"closed","template":"page-templates\/servicios.php","meta":{"_eb_attr":"","footnotes":""},"class_list":["post-39570","page","type-page","status-publish","has-post-thumbnail","hentry"],"aioseo_notices":[],"_links":{"self":[{"href":"https:\/\/klinger.pt\/es\/wp-json\/wp\/v2\/pages\/39570","targetHints":{"allow":["GET"]}}],"collection":[{"href":"https:\/\/klinger.pt\/es\/wp-json\/wp\/v2\/pages"}],"about":[{"href":"https:\/\/klinger.pt\/es\/wp-json\/wp\/v2\/types\/page"}],"author":[{"embeddable":true,"href":"https:\/\/klinger.pt\/es\/wp-json\/wp\/v2\/users\/4"}],"replies":[{"embeddable":true,"href":"https:\/\/klinger.pt\/es\/wp-json\/wp\/v2\/comments?post=39570"}],"version-history":[{"count":15,"href":"https:\/\/klinger.pt\/es\/wp-json\/wp\/v2\/pages\/39570\/revisions"}],"predecessor-version":[{"id":40461,"href":"https:\/\/klinger.pt\/es\/wp-json\/wp\/v2\/pages\/39570\/revisions\/40461"}],"up":[{"embeddable":true,"href":"https:\/\/klinger.pt\/es\/wp-json\/wp\/v2\/pages\/39526"}],"wp:featuredmedia":[{"embeddable":true,"href":"https:\/\/klinger.pt\/es\/wp-json\/wp\/v2\/media\/42536"}],"wp:attachment":[{"href":"https:\/\/klinger.pt\/es\/wp-json\/wp\/v2\/media?parent=39570"}],"curies":[{"name":"wp","href":"https:\/\/api.w.org\/{rel}","templated":true}]}}