{"id":39526,"date":"2023-03-20T16:25:26","date_gmt":"2023-03-20T16:25:26","guid":{"rendered":"https:\/\/m5j0n6nk9p.onrocket.site\/?page_id=39526"},"modified":"2023-03-28T16:53:08","modified_gmt":"2023-03-28T15:53:08","slug":"valvulas-de-cunha-e-globo-industrial","status":"publish","type":"page","link":"https:\/\/klinger.pt\/es\/produtos\/valvulas\/valvulas-de-cunha-e-globo\/valvulas-de-cunha-e-globo-industrial\/","title":{"rendered":"V\u00c1LVULAS DE CUNHA E GLOBO INDUSTRIAL"},"content":{"rendered":"\n<h1 class=\"wp-block-heading\">V\u00c1LVULAS DE CUNHA E GLOBO INDUSTRIAL<\/h1>\n\n\n\n<div style=\"height:30px\" aria-hidden=\"true\" class=\"wp-block-spacer\"><\/div>\n\n\n\n<div class=\"wp-block-columns is-layout-flex wp-container-core-columns-is-layout-9d6595d7 wp-block-columns-is-layout-flex\">\n<div class=\"wp-block-column is-layout-flow wp-block-column-is-layout-flow\">\n<figure class=\"wp-block-table\"><table><tbody><tr><td><img fetchpriority=\"high\" decoding=\"async\" width=\"270\" height=\"270\" class=\"wp-image-39558\" style=\"width: 270px;\" src=\"https:\/\/klinger.pt\/wp-content\/uploads\/2023\/03\/Valvula-de-cunha-BP-mini.webp\" alt=\"Valvula de cunha\" srcset=\"https:\/\/klinger.pt\/wp-content\/uploads\/2023\/03\/Valvula-de-cunha-BP-mini.webp 270w, https:\/\/klinger.pt\/wp-content\/uploads\/2023\/03\/Valvula-de-cunha-BP-mini-150x150.webp 150w\" sizes=\"(max-width: 270px) 100vw, 270px\" \/><\/td><td><strong><a href=\"https:\/\/klinger.pt\/produtos\/valvulas\/valvulas-de-cunha-e-globo\/valvulas-de-cunha-e-globo-industrial\/valvula-de-cunha-baixa-pressao\/\" title=\"\">V\u00c1LVULAS DE CUNHA BAIXA PRESS\u00c3O<\/a><\/strong><br><a href=\"https:\/\/klinger.pt\/produtos\/valvulas\/valvulas-de-cunha-e-globo\/valvulas-de-cunha-e-globo-industrial\/valvula-de-cunha-baixa-pressao\/\" title=\"\ufffc\"><img decoding=\"async\" width=\"18\" height=\"18\" class=\"wp-image-16262\" style=\"width: 18px;\" src=\"https:\/\/klinger.pt\/wp-content\/uploads\/2022\/06\/icon-arrow-blue-double.png\" alt=\"\"><\/a><\/td><\/tr><\/tbody><\/table><\/figure>\n<\/div>\n\n\n\n<div class=\"wp-block-column is-layout-flow wp-block-column-is-layout-flow\">\n<figure class=\"wp-block-table\"><table><tbody><tr><td><img decoding=\"async\" width=\"270\" height=\"270\" class=\"wp-image-39560\" style=\"width: 270px;\" src=\"https:\/\/klinger.pt\/wp-content\/uploads\/2023\/03\/Valvula-de-cunha-AP-mini.webp\" alt=\"Valvula de cunha\" srcset=\"https:\/\/klinger.pt\/wp-content\/uploads\/2023\/03\/Valvula-de-cunha-AP-mini.webp 270w, https:\/\/klinger.pt\/wp-content\/uploads\/2023\/03\/Valvula-de-cunha-AP-mini-150x150.webp 150w\" sizes=\"(max-width: 270px) 100vw, 270px\" \/><\/td><td><strong><a href=\"https:\/\/klinger.pt\/produtos\/valvulas\/valvulas-de-cunha-e-globo\/valvulas-de-cunha-e-globo-industrial\/valvula-de-cunha-alta-pressao\/\" title=\"\">V\u00c1LVULAS DE CUNHA ALTA PRESS\u00c3O<\/a><\/strong><br><a href=\"https:\/\/klinger.pt\/produtos\/valvulas\/valvulas-de-cunha-e-globo\/valvulas-de-cunha-e-globo-industrial\/valvula-de-cunha-alta-pressao\/\" title=\"\ufffc\"><img decoding=\"async\" width=\"18\" height=\"18\" class=\"wp-image-16262\" style=\"width: 18px;\" src=\"https:\/\/klinger.pt\/wp-content\/uploads\/2022\/06\/icon-arrow-blue-double.png\" alt=\"\"><\/a><\/td><\/tr><\/tbody><\/table><\/figure>\n<\/div>\n<\/div>\n\n\n\n<div class=\"wp-block-columns is-layout-flex wp-container-core-columns-is-layout-9d6595d7 wp-block-columns-is-layout-flex\">\n<div class=\"wp-block-column is-layout-flow wp-block-column-is-layout-flow\">\n<figure class=\"wp-block-table\"><table><tbody><tr><td><img loading=\"lazy\" decoding=\"async\" width=\"270\" height=\"270\" class=\"wp-image-39566\" style=\"width: 270px;\" src=\"https:\/\/klinger.pt\/wp-content\/uploads\/2023\/03\/Valvula-de-globo-BP-mini.webp\" alt=\"\" srcset=\"https:\/\/klinger.pt\/wp-content\/uploads\/2023\/03\/Valvula-de-globo-BP-mini.webp 270w, https:\/\/klinger.pt\/wp-content\/uploads\/2023\/03\/Valvula-de-globo-BP-mini-150x150.webp 150w\" sizes=\"(max-width: 270px) 100vw, 270px\" \/><\/td><td><strong><a href=\"https:\/\/klinger.pt\/produtos\/valvulas\/valvulas-de-cunha-e-globo\/valvulas-de-cunha-e-globo-industrial\/valvula-de-globo-baixa-pressao\/\" title=\"\">V\u00c1LVULAS DE GLOBO BAIXA PRESS\u00c3O<\/a><\/strong><br><a href=\"https:\/\/klinger.pt\/produtos\/valvulas\/valvulas-de-cunha-e-globo\/valvulas-de-cunha-e-globo-industrial\/valvula-de-globo-baixa-pressao\/\" title=\"\ufffc\"><img decoding=\"async\" width=\"18\" height=\"18\" class=\"wp-image-16262\" style=\"width: 18px;\" src=\"https:\/\/klinger.pt\/wp-content\/uploads\/2022\/06\/icon-arrow-blue-double.png\" alt=\"\"><\/a><\/td><\/tr><\/tbody><\/table><\/figure>\n<\/div>\n\n\n\n<div class=\"wp-block-column is-layout-flow wp-block-column-is-layout-flow\">\n<figure class=\"wp-block-table\"><table><tbody><tr><td><img loading=\"lazy\" decoding=\"async\" width=\"270\" height=\"270\" class=\"wp-image-39693\" style=\"width: 270px;\" src=\"https:\/\/klinger.pt\/wp-content\/uploads\/2023\/03\/Valvula-de-Globo-AP-mini.webp\" alt=\"\" srcset=\"https:\/\/klinger.pt\/wp-content\/uploads\/2023\/03\/Valvula-de-Globo-AP-mini.webp 270w, https:\/\/klinger.pt\/wp-content\/uploads\/2023\/03\/Valvula-de-Globo-AP-mini-150x150.webp 150w\" sizes=\"(max-width: 270px) 100vw, 270px\" \/><\/td><td><strong><a href=\"https:\/\/klinger.pt\/produtos\/valvulas\/valvulas-de-cunha-e-globo\/valvulas-de-cunha-e-globo-industrial\/valvula-de-globo-alta-pressao\/\" title=\"\">V\u00c1LVULAS DE GLOBO ALTA PRESS\u00c3O<\/a><\/strong><br><a href=\"https:\/\/klinger.pt\/produtos\/valvulas\/valvulas-de-cunha-e-globo\/valvulas-de-cunha-e-globo-industrial\/valvula-de-globo-alta-pressao\/\" target=\"_blank\" rel=\"noopener\" title=\"\ufffc\"><img decoding=\"async\" width=\"18\" height=\"18\" class=\"wp-image-16262\" style=\"width: 18px;\" src=\"https:\/\/klinger.pt\/wp-content\/uploads\/2022\/06\/icon-arrow-blue-double.png\" alt=\"\"><\/a><\/td><\/tr><\/tbody><\/table><\/figure>\n<\/div>\n<\/div>\n","protected":false},"excerpt":{"rendered":"<p>V\u00c1LVULAS DE CUNHA E GLOBO INDUSTRIAL V\u00c1LVULAS DE CUNHA BAIXA PRESS\u00c3O V\u00c1LVULAS DE CUNHA ALTA PRESS\u00c3O V\u00c1LVULAS DE GLOBO BAIXA PRESS\u00c3O V\u00c1LVULAS DE GLOBO ALTA PRESS\u00c3O<\/p>\n","protected":false},"author":4,"featured_media":0,"parent":39513,"menu_order":0,"comment_status":"closed","ping_status":"closed","template":"page-templates\/secciones-principales.php","meta":{"_eb_attr":"","footnotes":""},"class_list":["post-39526","page","type-page","status-publish","hentry"],"aioseo_notices":[],"_links":{"self":[{"href":"https:\/\/klinger.pt\/es\/wp-json\/wp\/v2\/pages\/39526","targetHints":{"allow":["GET"]}}],"collection":[{"href":"https:\/\/klinger.pt\/es\/wp-json\/wp\/v2\/pages"}],"about":[{"href":"https:\/\/klinger.pt\/es\/wp-json\/wp\/v2\/types\/page"}],"author":[{"embeddable":true,"href":"https:\/\/klinger.pt\/es\/wp-json\/wp\/v2\/users\/4"}],"replies":[{"embeddable":true,"href":"https:\/\/klinger.pt\/es\/wp-json\/wp\/v2\/comments?post=39526"}],"version-history":[{"count":13,"href":"https:\/\/klinger.pt\/es\/wp-json\/wp\/v2\/pages\/39526\/revisions"}],"predecessor-version":[{"id":40039,"href":"https:\/\/klinger.pt\/es\/wp-json\/wp\/v2\/pages\/39526\/revisions\/40039"}],"up":[{"embeddable":true,"href":"https:\/\/klinger.pt\/es\/wp-json\/wp\/v2\/pages\/39513"}],"wp:attachment":[{"href":"https:\/\/klinger.pt\/es\/wp-json\/wp\/v2\/media?parent=39526"}],"curies":[{"name":"wp","href":"https:\/\/api.w.org\/{rel}","templated":true}]}}