{"id":39277,"date":"2023-03-14T16:53:51","date_gmt":"2023-03-14T16:53:51","guid":{"rendered":"https:\/\/m5j0n6nk9p.onrocket.site\/?page_id=39277"},"modified":"2023-03-15T15:53:44","modified_gmt":"2023-03-15T15:53:44","slug":"corta-chamas-de-deflagracao-em-linha","status":"publish","type":"page","link":"https:\/\/klinger.pt\/es\/produtos\/outros-equipamentos-tecnicos\/corta-chamas\/corta-chamas-de-deflagracao-em-linha\/","title":{"rendered":"CORTA-CHAMAS DE DEFLAGRA\u00c7\u00c3O EM LINHA"},"content":{"rendered":"\n<h1 class=\"wp-block-heading\">CORTA-CHAMAS DE DEFLAGRA\u00c7\u00c3O EM LINHA<\/h1>\n\n\n\n<p>A s\u00e9rie de Corta-Chamas de Deflagra\u00e7\u00e3o em Linha foi projetada para evitar a propaga\u00e7\u00e3o de chamas em sistemas de tubula\u00e7\u00e3o.&nbsp;Ao localizar o corta-chamas bem pr\u00f3ximo \u00e0 fonte potencial de igni\u00e7\u00e3o, qualquer chama ou explos\u00e3o fica confinada \u00e0 \u00e1rea imediata.&nbsp;Os Corta-Chamas de Deflagra\u00e7\u00e3o em Linha possuem v\u00e1rios recursos operacionais, incluindo alta press\u00e3o, alta temperatura e combust\u00e3o de curta dura\u00e7\u00e3o.<\/p>\n\n\n\n<div style=\"height:25px\" aria-hidden=\"true\" class=\"wp-block-spacer\"><\/div>\n\n\n\n<div class=\"wp-block-columns has-2-columns is-layout-flex wp-container-core-columns-is-layout-9d6595d7 wp-block-columns-is-layout-flex\">\n<div class=\"wp-block-column is-layout-flow wp-block-column-is-layout-flow\">\n<figure class=\"wp-block-table alignleft flecha\"><table><tbody><tr><td class=\"has-text-align-center\" data-align=\"center\"><img fetchpriority=\"high\" decoding=\"async\" width=\"270\" height=\"270\" class=\"wp-image-39299\" style=\"width: 270px;\" src=\"https:\/\/klinger.pt\/wp-content\/uploads\/2023\/03\/LCA-mini.webp\" alt=\"\" srcset=\"https:\/\/klinger.pt\/wp-content\/uploads\/2023\/03\/LCA-mini.webp 270w, https:\/\/klinger.pt\/wp-content\/uploads\/2023\/03\/LCA-mini-150x150.webp 150w\" sizes=\"(max-width: 270px) 100vw, 270px\" \/><\/td><td><strong><a href=\"https:\/\/klinger.pt\/produtos\/outros-equipamentos-tecnicos\/corta-chamas\/corta-chamas-de-deflagracao-em-linha\/corta-chamas-serie-lca\/\" title=\"\">CORTA-CHAMAS S\u00c9RIE LCA<\/a><\/strong><br><br><a href=\"https:\/\/klinger.pt\/produtos\/outros-equipamentos-tecnicos\/corta-chamas\/corta-chamas-de-deflagracao-em-linha\/corta-chamas-serie-lca\/\" title=\"\ufffc\"><img decoding=\"async\" class=\"wp-image-2704\" style=\"width: 18px;\" src=\"https:\/\/www.klinger.es\/wp-content\/uploads\/2019\/11\/icon-arrow-blue-double.png\" alt=\"\"><\/a><\/td><\/tr><\/tbody><\/table><\/figure>\n<\/div>\n\n\n\n<div class=\"wp-block-column is-layout-flow wp-block-column-is-layout-flow\">\n<figure class=\"wp-block-table alignleft flecha\"><table><tbody><tr><td><img decoding=\"async\" width=\"270\" height=\"270\" class=\"wp-image-39303\" style=\"width: 270px;\" src=\"https:\/\/klinger.pt\/wp-content\/uploads\/2023\/03\/LCB-mini.webp\" alt=\"\" srcset=\"https:\/\/klinger.pt\/wp-content\/uploads\/2023\/03\/LCB-mini.webp 270w, https:\/\/klinger.pt\/wp-content\/uploads\/2023\/03\/LCB-mini-150x150.webp 150w\" sizes=\"(max-width: 270px) 100vw, 270px\" \/><\/td><td><strong><a href=\"https:\/\/klinger.pt\/produtos\/outros-equipamentos-tecnicos\/corta-chamas\/corta-chamas-de-deflagracao-em-linha\/corta-chamas-serie-lcb\/\" title=\"\">CORTA-CHAMAS S\u00c9RIE LCB<\/a><\/strong><br><br><a href=\"https:\/\/klinger.pt\/produtos\/outros-equipamentos-tecnicos\/corta-chamas\/corta-chamas-de-deflagracao-em-linha\/corta-chamas-serie-lcb\/\" title=\"\ufffc\"><img decoding=\"async\" class=\"wp-image-2704\" style=\"width: 18px;\" src=\"https:\/\/www.klinger.es\/wp-content\/uploads\/2019\/11\/icon-arrow-blue-double.png\" alt=\"\"><\/a><\/td><\/tr><\/tbody><\/table><\/figure>\n<\/div>\n<\/div>\n\n\n\n<div class=\"wp-block-columns has-2-columns is-layout-flex wp-container-core-columns-is-layout-9d6595d7 wp-block-columns-is-layout-flex\">\n<div class=\"wp-block-column is-layout-flow wp-block-column-is-layout-flow\">\n<figure class=\"wp-block-table alignleft flecha\"><table><tbody><tr><td class=\"has-text-align-center\" data-align=\"center\"><img decoding=\"async\" width=\"270\" height=\"270\" class=\"wp-image-39295\" style=\"width: 270px;\" src=\"https:\/\/klinger.pt\/wp-content\/uploads\/2023\/03\/DFC-mini-1.webp\" alt=\"\" srcset=\"https:\/\/klinger.pt\/wp-content\/uploads\/2023\/03\/DFC-mini-1.webp 270w, https:\/\/klinger.pt\/wp-content\/uploads\/2023\/03\/DFC-mini-1-150x150.webp 150w\" sizes=\"(max-width: 270px) 100vw, 270px\" \/><\/td><td><strong><a href=\"https:\/\/klinger.pt\/produtos\/outros-equipamentos-tecnicos\/corta-chamas\/corta-chamas-de-deflagracao-em-linha\/corta-chamas-serie-dfc\/\" title=\"\">CORTA-CHAMAS S\u00c9RIE DFC<\/a><\/strong><br><br><a href=\"https:\/\/klinger.pt\/produtos\/outros-equipamentos-tecnicos\/corta-chamas\/corta-chamas-de-deflagracao-em-linha\/corta-chamas-serie-dfc\/\" title=\"\ufffc\"><img decoding=\"async\" class=\"wp-image-2704\" style=\"width: 18px;\" src=\"https:\/\/www.klinger.es\/wp-content\/uploads\/2019\/11\/icon-arrow-blue-double.png\" alt=\"\"><\/a><\/td><\/tr><\/tbody><\/table><\/figure>\n<\/div>\n\n\n\n<div class=\"wp-block-column is-layout-flow wp-block-column-is-layout-flow\">\n<figure class=\"wp-block-table alignleft flecha\"><table><tbody><tr><td class=\"has-text-align-center\" data-align=\"center\"><img loading=\"lazy\" decoding=\"async\" width=\"270\" height=\"270\" class=\"wp-image-39307\" style=\"width: 270px;\" src=\"https:\/\/klinger.pt\/wp-content\/uploads\/2023\/03\/LEA-mini.webp\" alt=\"\" srcset=\"https:\/\/klinger.pt\/wp-content\/uploads\/2023\/03\/LEA-mini.webp 270w, https:\/\/klinger.pt\/wp-content\/uploads\/2023\/03\/LEA-mini-150x150.webp 150w\" sizes=\"(max-width: 270px) 100vw, 270px\" \/><\/td><td><strong><a href=\"https:\/\/klinger.pt\/produtos\/outros-equipamentos-tecnicos\/corta-chamas\/corta-chamas-de-deflagracao-em-linha\/corta-chamas-serie-lea\/\" title=\"\">CORTA-CHAMAS S\u00c9RIE LEA<\/a><\/strong><br><br><a href=\"https:\/\/klinger.pt\/produtos\/outros-equipamentos-tecnicos\/corta-chamas\/corta-chamas-de-deflagracao-em-linha\/corta-chamas-serie-lea\/\" title=\"\ufffc\"><img decoding=\"async\" class=\"wp-image-2704\" style=\"width: 18px;\" src=\"https:\/\/www.klinger.es\/wp-content\/uploads\/2019\/11\/icon-arrow-blue-double.png\" alt=\"\"><\/a><\/td><\/tr><\/tbody><\/table><\/figure>\n<\/div>\n<\/div>\n\n\n\n<div class=\"wp-block-columns has-2-columns is-layout-flex wp-container-core-columns-is-layout-9d6595d7 wp-block-columns-is-layout-flex\">\n<div class=\"wp-block-column is-layout-flow wp-block-column-is-layout-flow\">\n<figure class=\"wp-block-table alignleft flecha\"><table><tbody><tr><td class=\"has-text-align-center\" data-align=\"center\"><img loading=\"lazy\" decoding=\"async\" width=\"270\" height=\"270\" class=\"wp-image-39311\" style=\"width: 270px;\" src=\"https:\/\/klinger.pt\/wp-content\/uploads\/2023\/03\/LEB-mini.webp\" alt=\"\" srcset=\"https:\/\/klinger.pt\/wp-content\/uploads\/2023\/03\/LEB-mini.webp 270w, https:\/\/klinger.pt\/wp-content\/uploads\/2023\/03\/LEB-mini-150x150.webp 150w\" sizes=\"(max-width: 270px) 100vw, 270px\" \/><\/td><td><strong><a href=\"https:\/\/klinger.pt\/produtos\/outros-equipamentos-tecnicos\/corta-chamas\/corta-chamas-de-deflagracao-em-linha\/corta-chamas-serie-leb\/\" title=\"\">CORTA-CHAMAS S\u00c9RIE LEB<\/a><\/strong><br><br><a href=\"https:\/\/klinger.pt\/produtos\/outros-equipamentos-tecnicos\/corta-chamas\/corta-chamas-de-deflagracao-em-linha\/corta-chamas-serie-leb\/\" title=\"\ufffc\"><img decoding=\"async\" class=\"wp-image-2704\" style=\"width: 18px;\" src=\"https:\/\/www.klinger.es\/wp-content\/uploads\/2019\/11\/icon-arrow-blue-double.png\" alt=\"\"><\/a><\/td><\/tr><\/tbody><\/table><\/figure>\n<\/div>\n\n\n\n<div class=\"wp-block-column is-layout-flow wp-block-column-is-layout-flow\">\n<figure class=\"wp-block-table alignleft flecha\"><table><tbody><tr><td class=\"has-text-align-center\" data-align=\"center\"><img loading=\"lazy\" decoding=\"async\" width=\"270\" height=\"270\" class=\"wp-image-39323\" style=\"width: 270px;\" src=\"https:\/\/klinger.pt\/wp-content\/uploads\/2023\/03\/DFB-mini.webp\" alt=\"\" srcset=\"https:\/\/klinger.pt\/wp-content\/uploads\/2023\/03\/DFB-mini.webp 270w, https:\/\/klinger.pt\/wp-content\/uploads\/2023\/03\/DFB-mini-150x150.webp 150w\" sizes=\"(max-width: 270px) 100vw, 270px\" \/><\/td><td><strong><a href=\"https:\/\/klinger.pt\/produtos\/outros-equipamentos-tecnicos\/corta-chamas\/corta-chamas-de-deflagracao-em-linha\/corta-chamas-serie-dfb\/\" title=\"\">CORTA-CHAMAS S\u00c9RIE DFB<\/a><\/strong><br><br><a href=\"https:\/\/klinger.pt\/produtos\/outros-equipamentos-tecnicos\/corta-chamas\/corta-chamas-de-deflagracao-em-linha\/corta-chamas-serie-dfb\/\" title=\"\ufffc\"><img decoding=\"async\" class=\"wp-image-2704\" style=\"width: 18px;\" src=\"https:\/\/www.klinger.es\/wp-content\/uploads\/2019\/11\/icon-arrow-blue-double.png\" alt=\"\"><\/a><\/td><\/tr><\/tbody><\/table><\/figure>\n<\/div>\n<\/div>\n\n\n\n<div class=\"wp-block-columns has-2-columns is-layout-flex wp-container-core-columns-is-layout-9d6595d7 wp-block-columns-is-layout-flex\">\n<div class=\"wp-block-column is-layout-flow wp-block-column-is-layout-flow\">\n<figure class=\"wp-block-table alignleft flecha\"><table><tbody><tr><td class=\"has-text-align-center\" data-align=\"center\"><img loading=\"lazy\" decoding=\"async\" width=\"270\" height=\"270\" class=\"wp-image-39319\" style=\"width: 270px;\" src=\"https:\/\/klinger.pt\/wp-content\/uploads\/2023\/03\/SGE-IB-mini.webp\" alt=\"\" srcset=\"https:\/\/klinger.pt\/wp-content\/uploads\/2023\/03\/SGE-IB-mini.webp 270w, https:\/\/klinger.pt\/wp-content\/uploads\/2023\/03\/SGE-IB-mini-150x150.webp 150w\" sizes=\"(max-width: 270px) 100vw, 270px\" \/><\/td><td><strong><a href=\"https:\/\/klinger.pt\/produtos\/outros-equipamentos-tecnicos\/corta-chamas\/corta-chamas-de-deflagracao-em-linha\/corta-chamas-serie-sge-ib\/\" title=\"\">CORTA-CHAMAS S\u00c9RIE SGE-IB<\/a><\/strong><br><br><a href=\"https:\/\/klinger.pt\/produtos\/outros-equipamentos-tecnicos\/corta-chamas\/corta-chamas-de-deflagracao-em-linha\/corta-chamas-serie-sge-ib\/\" title=\"\ufffc\"><img decoding=\"async\" class=\"wp-image-2704\" style=\"width: 18px;\" src=\"https:\/\/www.klinger.es\/wp-content\/uploads\/2019\/11\/icon-arrow-blue-double.png\" alt=\"\"><\/a><\/td><\/tr><\/tbody><\/table><\/figure>\n<\/div>\n\n\n\n<div class=\"wp-block-column is-layout-flow wp-block-column-is-layout-flow\">\n<figure class=\"wp-block-table alignleft flecha\"><table><tbody><tr><td class=\"has-text-align-center\" data-align=\"center\"><img loading=\"lazy\" decoding=\"async\" width=\"270\" height=\"270\" class=\"wp-image-39315\" style=\"width: 270px;\" src=\"https:\/\/klinger.pt\/wp-content\/uploads\/2023\/03\/MB-IB-mini.webp\" alt=\"\" srcset=\"https:\/\/klinger.pt\/wp-content\/uploads\/2023\/03\/MB-IB-mini.webp 270w, https:\/\/klinger.pt\/wp-content\/uploads\/2023\/03\/MB-IB-mini-150x150.webp 150w\" sizes=\"(max-width: 270px) 100vw, 270px\" \/><\/td><td><strong><a href=\"https:\/\/klinger.pt\/produtos\/outros-equipamentos-tecnicos\/corta-chamas\/corta-chamas-de-deflagracao-em-linha\/corta-chamas-serie-mb-ib\/\" title=\"\">CORTA-CHAMAS S\u00c9RIE MB-IB<\/a><\/strong><br><br><a href=\"https:\/\/klinger.pt\/produtos\/outros-equipamentos-tecnicos\/corta-chamas\/corta-chamas-de-deflagracao-em-linha\/corta-chamas-serie-mb-ib\/\" title=\"\ufffc\"><img decoding=\"async\" class=\"wp-image-2704\" style=\"width: 18px;\" src=\"https:\/\/www.klinger.es\/wp-content\/uploads\/2019\/11\/icon-arrow-blue-double.png\" alt=\"\"><\/a><\/td><\/tr><\/tbody><\/table><\/figure>\n<\/div>\n<\/div>\n","protected":false},"excerpt":{"rendered":"<p>CORTA-CHAMAS DE DEFLAGRA\u00c7\u00c3O EM LINHA A s\u00e9rie de Corta-Chamas de Deflagra\u00e7\u00e3o em Linha foi projetada para evitar a propaga\u00e7\u00e3o de chamas em sistemas de tubula\u00e7\u00e3o.&nbsp;Ao localizar o corta-chamas bem pr\u00f3ximo \u00e0 fonte potencial de igni\u00e7\u00e3o, qualquer chama ou explos\u00e3o fica confinada \u00e0 \u00e1rea imediata.&nbsp;Os Corta-Chamas de Deflagra\u00e7\u00e3o em Linha possuem v\u00e1rios recursos operacionais, incluindo alta [&hellip;]<\/p>\n","protected":false},"author":4,"featured_media":0,"parent":37164,"menu_order":0,"comment_status":"closed","ping_status":"closed","template":"page-templates\/secciones-principales.php","meta":{"_eb_attr":"","footnotes":""},"class_list":["post-39277","page","type-page","status-publish","hentry"],"aioseo_notices":[],"_links":{"self":[{"href":"https:\/\/klinger.pt\/es\/wp-json\/wp\/v2\/pages\/39277","targetHints":{"allow":["GET"]}}],"collection":[{"href":"https:\/\/klinger.pt\/es\/wp-json\/wp\/v2\/pages"}],"about":[{"href":"https:\/\/klinger.pt\/es\/wp-json\/wp\/v2\/types\/page"}],"author":[{"embeddable":true,"href":"https:\/\/klinger.pt\/es\/wp-json\/wp\/v2\/users\/4"}],"replies":[{"embeddable":true,"href":"https:\/\/klinger.pt\/es\/wp-json\/wp\/v2\/comments?post=39277"}],"version-history":[{"count":11,"href":"https:\/\/klinger.pt\/es\/wp-json\/wp\/v2\/pages\/39277\/revisions"}],"predecessor-version":[{"id":39450,"href":"https:\/\/klinger.pt\/es\/wp-json\/wp\/v2\/pages\/39277\/revisions\/39450"}],"up":[{"embeddable":true,"href":"https:\/\/klinger.pt\/es\/wp-json\/wp\/v2\/pages\/37164"}],"wp:attachment":[{"href":"https:\/\/klinger.pt\/es\/wp-json\/wp\/v2\/media?parent=39277"}],"curies":[{"name":"wp","href":"https:\/\/api.w.org\/{rel}","templated":true}]}}