{"id":3893,"date":"2020-06-30T15:31:54","date_gmt":"2020-06-30T14:31:54","guid":{"rendered":"https:\/\/m5j0n6nk9p.onrocket.site\/?p=3893"},"modified":"2023-02-28T11:14:10","modified_gmt":"2023-02-28T11:14:10","slug":"tamisador-espiral-tambor-rotativo","status":"publish","type":"page","link":"https:\/\/klinger.pt\/es\/water-solutions\/tamisadores\/tamisador-rotativo\/tamisador-espiral-tambor-rotativo\/","title":{"rendered":"TAMISADOR ESPIRAL TAMBOR ROTATIVO"},"content":{"rendered":"\t\t<div data-elementor-type=\"wp-post\" data-elementor-id=\"3893\" class=\"elementor elementor-3893\">\n\t\t\t\t\t\t<section class=\"elementor-section elementor-top-section elementor-element elementor-element-215b724 elementor-section-stretched elementor-section-boxed elementor-section-height-default elementor-section-height-default\" data-id=\"215b724\" data-element_type=\"section\" data-e-type=\"section\" data-settings=\"{&quot;stretch_section&quot;:&quot;section-stretched&quot;}\">\n\t\t\t\t\t\t<div class=\"elementor-container elementor-column-gap-default\">\n\t\t\t\t\t<div class=\"elementor-column elementor-col-50 elementor-top-column elementor-element elementor-element-3a6beb6\" data-id=\"3a6beb6\" data-element_type=\"column\" data-e-type=\"column\">\n\t\t\t<div class=\"elementor-widget-wrap elementor-element-populated\">\n\t\t\t\t\t\t<div class=\"elementor-element elementor-element-943da78 elementor-widget elementor-widget-heading\" data-id=\"943da78\" data-element_type=\"widget\" data-e-type=\"widget\" data-widget_type=\"heading.default\">\n\t\t\t\t<div class=\"elementor-widget-container\">\n\t\t\t\t\t<h1 class=\"elementor-heading-title elementor-size-default\">Tamisador Espiral de Tambor Rotativo<\/h1>\t\t\t\t<\/div>\n\t\t\t\t<\/div>\n\t\t\t\t<div class=\"elementor-element elementor-element-f0a0a2e elementor-widget elementor-widget-text-editor\" data-id=\"f0a0a2e\" data-element_type=\"widget\" data-e-type=\"widget\" data-widget_type=\"text-editor.default\">\n\t\t\t\t<div class=\"elementor-widget-container\">\n\t\t\t\t\t\t\t\t\t<p>O Tamisador Espiral de Tambor Rotativo \u00e9 usado para a separa\u00e7\u00e3o e subsequente desidrata\u00e7\u00e3o e compacta\u00e7\u00e3o do conte\u00fado s\u00f3lido nas \u00e1guas residuais provenientes de instala\u00e7\u00f5es industriais e municipais.<\/p>\t\t\t\t\t\t\t\t<\/div>\n\t\t\t\t<\/div>\n\t\t\t\t<div class=\"elementor-element elementor-element-aaef817 elementor-widget elementor-widget-text-editor\" data-id=\"aaef817\" data-element_type=\"widget\" data-e-type=\"widget\" data-widget_type=\"text-editor.default\">\n\t\t\t\t<div class=\"elementor-widget-container\">\n\t\t\t\t\t\t\t\t\t<h3>Caracter\u00edsticas<\/h3>\t\t\t\t\t\t\t\t<\/div>\n\t\t\t\t<\/div>\n\t\t\t\t<div class=\"elementor-element elementor-element-1a12029 elementor-align-start elementor-icon-list--layout-traditional elementor-list-item-link-full_width elementor-widget elementor-widget-icon-list\" data-id=\"1a12029\" data-element_type=\"widget\" data-e-type=\"widget\" data-widget_type=\"icon-list.default\">\n\t\t\t\t<div class=\"elementor-widget-container\">\n\t\t\t\t\t\t\t<ul class=\"elementor-icon-list-items\">\n\t\t\t\t\t\t\t<li class=\"elementor-icon-list-item\">\n\t\t\t\t\t\t\t\t\t\t\t<span class=\"elementor-icon-list-icon\">\n\t\t\t\t\t\t\t<svg xmlns=\"http:\/\/www.w3.org\/2000\/svg\" width=\"41.293\" height=\"42.117\" viewBox=\"0 0 41.293 42.117\"><g id=\"Group_639\" data-name=\"Group 639\" transform=\"translate(0 0)\"><path id=\"Path_695\" data-name=\"Path 695\" d=\"M0,0,13.176,21.058,0,42.117H8.236L21.411,21.058,8.237,0Z\" fill=\"#002847\"><\/path><path id=\"Path_696\" data-name=\"Path 696\" d=\"M19.882,0,33.058,21.058,19.881,42.117h8.236L41.293,21.058,28.118,0Z\" fill=\"#002847\"><\/path><\/g><\/svg>\t\t\t\t\t\t<\/span>\n\t\t\t\t\t\t\t\t\t\t<span class=\"elementor-icon-list-text\">Estrutura externa em a\u00e7o inoxid\u00e1vel AISI304 L \/ 316 L<\/span>\n\t\t\t\t\t\t\t\t\t<\/li>\n\t\t\t\t\t\t\t\t<li class=\"elementor-icon-list-item\">\n\t\t\t\t\t\t\t\t\t\t\t<span class=\"elementor-icon-list-icon\">\n\t\t\t\t\t\t\t<svg xmlns=\"http:\/\/www.w3.org\/2000\/svg\" width=\"41.293\" height=\"42.117\" viewBox=\"0 0 41.293 42.117\"><g id=\"Group_639\" data-name=\"Group 639\" transform=\"translate(0 0)\"><path id=\"Path_695\" data-name=\"Path 695\" d=\"M0,0,13.176,21.058,0,42.117H8.236L21.411,21.058,8.237,0Z\" fill=\"#002847\"><\/path><path id=\"Path_696\" data-name=\"Path 696\" d=\"M19.882,0,33.058,21.058,19.881,42.117h8.236L41.293,21.058,28.118,0Z\" fill=\"#002847\"><\/path><\/g><\/svg>\t\t\t\t\t\t<\/span>\n\t\t\t\t\t\t\t\t\t\t<span class=\"elementor-icon-list-text\">Parafuso em a\u00e7o carbono ou a\u00e7o inoxid\u00e1vel AISI304 L \/316 L<\/span>\n\t\t\t\t\t\t\t\t\t<\/li>\n\t\t\t\t\t\t\t\t<li class=\"elementor-icon-list-item\">\n\t\t\t\t\t\t\t\t\t\t\t<span class=\"elementor-icon-list-icon\">\n\t\t\t\t\t\t\t<svg xmlns=\"http:\/\/www.w3.org\/2000\/svg\" width=\"41.293\" height=\"42.117\" viewBox=\"0 0 41.293 42.117\"><g id=\"Group_639\" data-name=\"Group 639\" transform=\"translate(0 0)\"><path id=\"Path_695\" data-name=\"Path 695\" d=\"M0,0,13.176,21.058,0,42.117H8.236L21.411,21.058,8.237,0Z\" fill=\"#002847\"><\/path><path id=\"Path_696\" data-name=\"Path 696\" d=\"M19.882,0,33.058,21.058,19.881,42.117h8.236L41.293,21.058,28.118,0Z\" fill=\"#002847\"><\/path><\/g><\/svg>\t\t\t\t\t\t<\/span>\n\t\t\t\t\t\t\t\t\t\t<span class=\"elementor-icon-list-text\">Tambor de carregamento rotativo externo conc\u00eantrico ao cesto de carregamento (chapa perfurada ou fio de cunha)<\/span>\n\t\t\t\t\t\t\t\t\t<\/li>\n\t\t\t\t\t\t\t\t<li class=\"elementor-icon-list-item\">\n\t\t\t\t\t\t\t\t\t\t\t<span class=\"elementor-icon-list-icon\">\n\t\t\t\t\t\t\t<svg xmlns=\"http:\/\/www.w3.org\/2000\/svg\" width=\"41.293\" height=\"42.117\" viewBox=\"0 0 41.293 42.117\"><g id=\"Group_639\" data-name=\"Group 639\" transform=\"translate(0 0)\"><path id=\"Path_695\" data-name=\"Path 695\" d=\"M0,0,13.176,21.058,0,42.117H8.236L21.411,21.058,8.237,0Z\" fill=\"#002847\"><\/path><path id=\"Path_696\" data-name=\"Path 696\" d=\"M19.882,0,33.058,21.058,19.881,42.117h8.236L41.293,21.058,28.118,0Z\" fill=\"#002847\"><\/path><\/g><\/svg>\t\t\t\t\t\t<\/span>\n\t\t\t\t\t\t\t\t\t\t<span class=\"elementor-icon-list-text\">Cesta de carregamento<\/span>\n\t\t\t\t\t\t\t\t\t<\/li>\n\t\t\t\t\t\t\t\t<li class=\"elementor-icon-list-item\">\n\t\t\t\t\t\t\t\t\t\t\t<span class=\"elementor-icon-list-icon\">\n\t\t\t\t\t\t\t<svg xmlns=\"http:\/\/www.w3.org\/2000\/svg\" width=\"41.293\" height=\"42.117\" viewBox=\"0 0 41.293 42.117\"><g id=\"Group_639\" data-name=\"Group 639\" transform=\"translate(0 0)\"><path id=\"Path_695\" data-name=\"Path 695\" d=\"M0,0,13.176,21.058,0,42.117H8.236L21.411,21.058,8.237,0Z\" fill=\"#002847\"><\/path><path id=\"Path_696\" data-name=\"Path 696\" d=\"M19.882,0,33.058,21.058,19.881,42.117h8.236L41.293,21.058,28.118,0Z\" fill=\"#002847\"><\/path><\/g><\/svg>\t\t\t\t\t\t<\/span>\n\t\t\t\t\t\t\t\t\t\t<span class=\"elementor-icon-list-text\">Se\u00e7\u00e3o de transporte: tubo ou calha em forma de U<\/span>\n\t\t\t\t\t\t\t\t\t<\/li>\n\t\t\t\t\t\t\t\t<li class=\"elementor-icon-list-item\">\n\t\t\t\t\t\t\t\t\t\t\t<span class=\"elementor-icon-list-icon\">\n\t\t\t\t\t\t\t<svg xmlns=\"http:\/\/www.w3.org\/2000\/svg\" width=\"41.293\" height=\"42.117\" viewBox=\"0 0 41.293 42.117\"><g id=\"Group_639\" data-name=\"Group 639\" transform=\"translate(0 0)\"><path id=\"Path_695\" data-name=\"Path 695\" d=\"M0,0,13.176,21.058,0,42.117H8.236L21.411,21.058,8.237,0Z\" fill=\"#002847\"><\/path><path id=\"Path_696\" data-name=\"Path 696\" d=\"M19.882,0,33.058,21.058,19.881,42.117h8.236L41.293,21.058,28.118,0Z\" fill=\"#002847\"><\/path><\/g><\/svg>\t\t\t\t\t\t<\/span>\n\t\t\t\t\t\t\t\t\t\t<span class=\"elementor-icon-list-text\">Se\u00e7\u00e3o de descarga: com compactador<\/span>\n\t\t\t\t\t\t\t\t\t<\/li>\n\t\t\t\t\t\t\t\t<li class=\"elementor-icon-list-item\">\n\t\t\t\t\t\t\t\t\t\t\t<span class=\"elementor-icon-list-icon\">\n\t\t\t\t\t\t\t<svg xmlns=\"http:\/\/www.w3.org\/2000\/svg\" width=\"41.293\" height=\"42.117\" viewBox=\"0 0 41.293 42.117\"><g id=\"Group_639\" data-name=\"Group 639\" transform=\"translate(0 0)\"><path id=\"Path_695\" data-name=\"Path 695\" d=\"M0,0,13.176,21.058,0,42.117H8.236L21.411,21.058,8.237,0Z\" fill=\"#002847\"><\/path><path id=\"Path_696\" data-name=\"Path 696\" d=\"M19.882,0,33.058,21.058,19.881,42.117h8.236L41.293,21.058,28.118,0Z\" fill=\"#002847\"><\/path><\/g><\/svg>\t\t\t\t\t\t<\/span>\n\t\t\t\t\t\t\t\t\t\t<span class=\"elementor-icon-list-text\">Motor e redutor<\/span>\n\t\t\t\t\t\t\t\t\t<\/li>\n\t\t\t\t\t\t\t\t<li class=\"elementor-icon-list-item\">\n\t\t\t\t\t\t\t\t\t\t\t<span class=\"elementor-icon-list-icon\">\n\t\t\t\t\t\t\t<svg xmlns=\"http:\/\/www.w3.org\/2000\/svg\" width=\"41.293\" height=\"42.117\" viewBox=\"0 0 41.293 42.117\"><g id=\"Group_639\" data-name=\"Group 639\" transform=\"translate(0 0)\"><path id=\"Path_695\" data-name=\"Path 695\" d=\"M0,0,13.176,21.058,0,42.117H8.236L21.411,21.058,8.237,0Z\" fill=\"#002847\"><\/path><path id=\"Path_696\" data-name=\"Path 696\" d=\"M19.882,0,33.058,21.058,19.881,42.117h8.236L41.293,21.058,28.118,0Z\" fill=\"#002847\"><\/path><\/g><\/svg>\t\t\t\t\t\t<\/span>\n\t\t\t\t\t\t\t\t\t\t<span class=\"elementor-icon-list-text\">P\u00e9s de apoio ajust\u00e1veis<\/span>\n\t\t\t\t\t\t\t\t\t<\/li>\n\t\t\t\t\t\t<\/ul>\n\t\t\t\t\t\t<\/div>\n\t\t\t\t<\/div>\n\t\t\t\t<div class=\"elementor-element elementor-element-4408913 elementor-widget elementor-widget-text-editor\" data-id=\"4408913\" data-element_type=\"widget\" data-e-type=\"widget\" data-widget_type=\"text-editor.default\">\n\t\t\t\t<div class=\"elementor-widget-container\">\n\t\t\t\t\t\t\t\t\t<h3>Vantagens<\/h3>\t\t\t\t\t\t\t\t<\/div>\n\t\t\t\t<\/div>\n\t\t\t\t<div class=\"elementor-element elementor-element-998f09c elementor-align-start elementor-icon-list--layout-traditional elementor-list-item-link-full_width elementor-widget elementor-widget-icon-list\" data-id=\"998f09c\" data-element_type=\"widget\" data-e-type=\"widget\" data-widget_type=\"icon-list.default\">\n\t\t\t\t<div class=\"elementor-widget-container\">\n\t\t\t\t\t\t\t<ul class=\"elementor-icon-list-items\">\n\t\t\t\t\t\t\t<li class=\"elementor-icon-list-item\">\n\t\t\t\t\t\t\t\t\t\t\t<span class=\"elementor-icon-list-icon\">\n\t\t\t\t\t\t\t<svg xmlns=\"http:\/\/www.w3.org\/2000\/svg\" width=\"41.293\" height=\"42.117\" viewBox=\"0 0 41.293 42.117\"><g id=\"Group_639\" data-name=\"Group 639\" transform=\"translate(0 0)\"><path id=\"Path_695\" data-name=\"Path 695\" d=\"M0,0,13.176,21.058,0,42.117H8.236L21.411,21.058,8.237,0Z\" fill=\"#002847\"><\/path><path id=\"Path_696\" data-name=\"Path 696\" d=\"M19.882,0,33.058,21.058,19.881,42.117h8.236L41.293,21.058,28.118,0Z\" fill=\"#002847\"><\/path><\/g><\/svg>\t\t\t\t\t\t<\/span>\n\t\t\t\t\t\t\t\t\t\t<span class=\"elementor-icon-list-text\">Baixa velocidade de rota\u00e7\u00e3o e sem suportes intermedi\u00e1rios<\/span>\n\t\t\t\t\t\t\t\t\t<\/li>\n\t\t\t\t\t\t\t\t<li class=\"elementor-icon-list-item\">\n\t\t\t\t\t\t\t\t\t\t\t<span class=\"elementor-icon-list-icon\">\n\t\t\t\t\t\t\t<svg xmlns=\"http:\/\/www.w3.org\/2000\/svg\" width=\"41.293\" height=\"42.117\" viewBox=\"0 0 41.293 42.117\"><g id=\"Group_639\" data-name=\"Group 639\" transform=\"translate(0 0)\"><path id=\"Path_695\" data-name=\"Path 695\" d=\"M0,0,13.176,21.058,0,42.117H8.236L21.411,21.058,8.237,0Z\" fill=\"#002847\"><\/path><path id=\"Path_696\" data-name=\"Path 696\" d=\"M19.882,0,33.058,21.058,19.881,42.117h8.236L41.293,21.058,28.118,0Z\" fill=\"#002847\"><\/path><\/g><\/svg>\t\t\t\t\t\t<\/span>\n\t\t\t\t\t\t\t\t\t\t<span class=\"elementor-icon-list-text\">Auto-limpeza com escovas encaixadas no parafuso<\/span>\n\t\t\t\t\t\t\t\t\t<\/li>\n\t\t\t\t\t\t\t\t<li class=\"elementor-icon-list-item\">\n\t\t\t\t\t\t\t\t\t\t\t<span class=\"elementor-icon-list-icon\">\n\t\t\t\t\t\t\t<svg xmlns=\"http:\/\/www.w3.org\/2000\/svg\" width=\"41.293\" height=\"42.117\" viewBox=\"0 0 41.293 42.117\"><g id=\"Group_639\" data-name=\"Group 639\" transform=\"translate(0 0)\"><path id=\"Path_695\" data-name=\"Path 695\" d=\"M0,0,13.176,21.058,0,42.117H8.236L21.411,21.058,8.237,0Z\" fill=\"#002847\"><\/path><path id=\"Path_696\" data-name=\"Path 696\" d=\"M19.882,0,33.058,21.058,19.881,42.117h8.236L41.293,21.058,28.118,0Z\" fill=\"#002847\"><\/path><\/g><\/svg>\t\t\t\t\t\t<\/span>\n\t\t\t\t\t\t\t\t\t\t<span class=\"elementor-icon-list-text\">Baixa manuten\u00e7\u00e3o e baixo investimento inicial<\/span>\n\t\t\t\t\t\t\t\t\t<\/li>\n\t\t\t\t\t\t\t\t<li class=\"elementor-icon-list-item\">\n\t\t\t\t\t\t\t\t\t\t\t<span class=\"elementor-icon-list-icon\">\n\t\t\t\t\t\t\t<svg xmlns=\"http:\/\/www.w3.org\/2000\/svg\" width=\"41.293\" height=\"42.117\" viewBox=\"0 0 41.293 42.117\"><g id=\"Group_639\" data-name=\"Group 639\" transform=\"translate(0 0)\"><path id=\"Path_695\" data-name=\"Path 695\" d=\"M0,0,13.176,21.058,0,42.117H8.236L21.411,21.058,8.237,0Z\" fill=\"#002847\"><\/path><path id=\"Path_696\" data-name=\"Path 696\" d=\"M19.882,0,33.058,21.058,19.881,42.117h8.236L41.293,21.058,28.118,0Z\" fill=\"#002847\"><\/path><\/g><\/svg>\t\t\t\t\t\t<\/span>\n\t\t\t\t\t\t\t\t\t\t<span class=\"elementor-icon-list-text\">Redu\u00e7\u00e3o consider\u00e1vel de volume e peso no final do processamento (at\u00e9 50%)<\/span>\n\t\t\t\t\t\t\t\t\t<\/li>\n\t\t\t\t\t\t\t\t<li class=\"elementor-icon-list-item\">\n\t\t\t\t\t\t\t\t\t\t\t<span class=\"elementor-icon-list-icon\">\n\t\t\t\t\t\t\t<svg xmlns=\"http:\/\/www.w3.org\/2000\/svg\" width=\"41.293\" height=\"42.117\" viewBox=\"0 0 41.293 42.117\"><g id=\"Group_639\" data-name=\"Group 639\" transform=\"translate(0 0)\"><path id=\"Path_695\" data-name=\"Path 695\" d=\"M0,0,13.176,21.058,0,42.117H8.236L21.411,21.058,8.237,0Z\" fill=\"#002847\"><\/path><path id=\"Path_696\" data-name=\"Path 696\" d=\"M19.882,0,33.058,21.058,19.881,42.117h8.236L41.293,21.058,28.118,0Z\" fill=\"#002847\"><\/path><\/g><\/svg>\t\t\t\t\t\t<\/span>\n\t\t\t\t\t\t\t\t\t\t<span class=\"elementor-icon-list-text\">Alta percentagem de s\u00f3lidos removidos<\/span>\n\t\t\t\t\t\t\t\t\t<\/li>\n\t\t\t\t\t\t<\/ul>\n\t\t\t\t\t\t<\/div>\n\t\t\t\t<\/div>\n\t\t\t\t<div class=\"elementor-element elementor-element-697b8e0 elementor-widget elementor-widget-text-editor\" data-id=\"697b8e0\" data-element_type=\"widget\" data-e-type=\"widget\" data-widget_type=\"text-editor.default\">\n\t\t\t\t<div class=\"elementor-widget-container\">\n\t\t\t\t\t\t\t\t\t<h3>Downloads<\/h3><div><span style=\"color: #3d3d3d; font-family: 'Open Sans', sans-serif;\">Abaixo, pode encontrar mais informa\u00e7\u00f5es relacionadas com o produto.<\/span><\/div>\t\t\t\t\t\t\t\t<\/div>\n\t\t\t\t<\/div>\n\t\t\t\t<div class=\"elementor-element elementor-element-4089b53 elementor-widget elementor-widget-text-editor\" data-id=\"4089b53\" data-element_type=\"widget\" data-e-type=\"widget\" data-widget_type=\"text-editor.default\">\n\t\t\t\t<div class=\"elementor-widget-container\">\n\t\t\t\t\t\t\t\t\t<div class=\"ce_download block\"><a class=\"gtm-download\" href=\"https:\/\/klinger.pt\/wp-content\/uploads\/2020\/04\/Cat%C3%A1logo-tamisador-espiral-tambor-rotativo.pdf\" target=\"_blank\" rel=\"noopener\">[PT] Cat\u00e1logo Tamisador Espiral Tambor Rotativo (pdf)<\/a><\/div>\t\t\t\t\t\t\t\t<\/div>\n\t\t\t\t<\/div>\n\t\t\t\t<div class=\"elementor-element elementor-element-94e4081 elementor-widget elementor-widget-text-editor\" data-id=\"94e4081\" data-element_type=\"widget\" data-e-type=\"widget\" data-widget_type=\"text-editor.default\">\n\t\t\t\t<div class=\"elementor-widget-container\">\n\t\t\t\t\t\t\t\t\t<div class=\"ce_download block\"><a class=\"gtm-download\" href=\"https:\/\/klinger.pt\/wp-content\/uploads\/2020\/09\/Tamisador-Espiral-Tambor-Rotativo.pdf\" target=\"_blank\" rel=\"noopener\">[ES] Cat\u00e1logo Tamizador Espiral Tambor Rotativo (pdf)<\/a><\/div>\t\t\t\t\t\t\t\t<\/div>\n\t\t\t\t<\/div>\n\t\t\t\t\t<\/div>\n\t\t<\/div>\n\t\t\t\t<div class=\"elementor-column elementor-col-50 elementor-top-column elementor-element elementor-element-b87d2f4\" data-id=\"b87d2f4\" data-element_type=\"column\" data-e-type=\"column\">\n\t\t\t<div class=\"elementor-widget-wrap elementor-element-populated\">\n\t\t\t\t\t\t<div class=\"elementor-element elementor-element-b3545df elementor-widget elementor-widget-image\" data-id=\"b3545df\" data-element_type=\"widget\" data-e-type=\"widget\" data-widget_type=\"image.default\">\n\t\t\t\t<div class=\"elementor-widget-container\">\n\t\t\t\t\t\t\t\t\t\t\t\t\t\t\t<img fetchpriority=\"high\" decoding=\"async\" width=\"250\" height=\"250\" src=\"https:\/\/klinger.pt\/wp-content\/uploads\/2020\/06\/Tamisador-Espiral-de-Tambor-Rotativo.webp\" class=\"attachment-medium size-medium wp-image-10809\" alt=\"Tamisador Espiral Tambor Rotativo - KLINGER\" srcset=\"https:\/\/klinger.pt\/wp-content\/uploads\/2020\/06\/Tamisador-Espiral-de-Tambor-Rotativo.webp 250w, https:\/\/klinger.pt\/wp-content\/uploads\/2020\/06\/Tamisador-Espiral-de-Tambor-Rotativo-150x150.webp 150w\" sizes=\"(max-width: 250px) 100vw, 250px\" \/>\t\t\t\t\t\t\t\t\t\t\t\t\t\t\t<\/div>\n\t\t\t\t<\/div>\n\t\t\t\t\t<\/div>\n\t\t<\/div>\n\t\t\t\t\t<\/div>\n\t\t<\/section>\n\t\t\t\t<\/div>\n\t\t","protected":false},"excerpt":{"rendered":"<p>TAMISADOR ESPIRAL TAMBOR ROTATIVO Esta m\u00e1quina \u00e9 usada para a separa\u00e7\u00e3o e subsequente desidrata\u00e7\u00e3o e compacta\u00e7\u00e3o do conte\u00fado s\u00f3lido nas \u00e1guas residuais provenientes de plantas industriais e municipais.Os s\u00f3lidos no esgoto entram no cesto de oclus\u00e3o, trazendo um aumento do n\u00edvel antes do filtro. Um sensor de n\u00edvel envia um sinal para iniciar a rota\u00e7\u00e3o. [&hellip;]<\/p>\n","protected":false},"author":1,"featured_media":0,"parent":16373,"menu_order":1,"comment_status":"closed","ping_status":"closed","template":"page-templates\/servicios.php","meta":{"_eb_attr":"","footnotes":""},"class_list":["post-3893","page","type-page","status-publish","hentry"],"aioseo_notices":[],"_links":{"self":[{"href":"https:\/\/klinger.pt\/es\/wp-json\/wp\/v2\/pages\/3893","targetHints":{"allow":["GET"]}}],"collection":[{"href":"https:\/\/klinger.pt\/es\/wp-json\/wp\/v2\/pages"}],"about":[{"href":"https:\/\/klinger.pt\/es\/wp-json\/wp\/v2\/types\/page"}],"author":[{"embeddable":true,"href":"https:\/\/klinger.pt\/es\/wp-json\/wp\/v2\/users\/1"}],"replies":[{"embeddable":true,"href":"https:\/\/klinger.pt\/es\/wp-json\/wp\/v2\/comments?post=3893"}],"version-history":[{"count":2,"href":"https:\/\/klinger.pt\/es\/wp-json\/wp\/v2\/pages\/3893\/revisions"}],"predecessor-version":[{"id":38604,"href":"https:\/\/klinger.pt\/es\/wp-json\/wp\/v2\/pages\/3893\/revisions\/38604"}],"up":[{"embeddable":true,"href":"https:\/\/klinger.pt\/es\/wp-json\/wp\/v2\/pages\/16373"}],"wp:attachment":[{"href":"https:\/\/klinger.pt\/es\/wp-json\/wp\/v2\/media?parent=3893"}],"curies":[{"name":"wp","href":"https:\/\/api.w.org\/{rel}","templated":true}]}}